{"id":3569,"date":"2021-06-15T14:18:52","date_gmt":"2021-06-15T12:18:52","guid":{"rendered":"https:\/\/www.abpartners.cz\/?post_type=product&#038;p=3569"},"modified":"2021-06-15T15:15:35","modified_gmt":"2021-06-15T13:15:35","slug":"prohlaseni-o-vydedeni","status":"publish","type":"product","link":"https:\/\/www.abpartners.cz\/uk\/legalshop\/prohlaseni-o-vydedeni\/","title":{"rendered":"\u0414\u0435\u043a\u043b\u0430\u0440\u0430\u0446\u0456\u044f \u043f\u0440\u043e \u0432\u0456\u0434\u043c\u043e\u0432\u0443 \u0432\u0456\u0434 \u0441\u043f\u0430\u0434\u0449\u0438\u043d\u0438"},"content":{"rendered":"<p>K&nbsp;vyd\u011bd\u011bn\u00ed potomka je t\u0159eba projev v\u016fle z\u016fstavitele. Po\u0159\u00edzen\u00edm tohoto dokumentu z\u00edsk\u00e1te <strong>vzor<\/strong> pro seps\u00e1n\u00ed prohl\u00e1\u0161en\u00ed o vyd\u011bd\u011bn\u00ed, kter\u00fdm vylou\u010d\u00edte potomka z&nbsp;jeho pr\u00e1va na povinn\u00fd d\u00edl z&nbsp;poz\u016fstalosti. Mimo vzoru prohl\u00e1\u0161en\u00ed o vyd\u011bd\u011bn\u00ed d\u00e1le zjist\u00edte, <strong>z&nbsp;jak\u00fdch d\u016fvod\u016f m\u016f\u017eete sv\u00e9ho potomka vyd\u011bdit<\/strong>.<\/p>\n<p>Prohl\u00e1\u0161en\u00ed o vyd\u011bd\u011bn\u00ed m\u016f\u017ee b\u00fdt u\u010din\u011bno <strong>samostatn\u011b<\/strong> anebo m\u016f\u017eete vyd\u011bdit potomka <strong>v&nbsp;z\u00e1v\u011bti<\/strong>.&nbsp; Stejn\u011b jako z\u00e1v\u011b\u0165, m\u016f\u017eete i prohl\u00e1\u0161en\u00ed o vyd\u011bd\u011bn\u00ed <strong>za\u0159adit do evidence pr\u00e1vn\u00edch jedn\u00e1n\u00ed pro p\u0159\u00edpad smrti, kterou vede Not\u00e1\u0159sk\u00e1 komora \u010cesk\u00e9 republiky<\/strong>. Doporu\u010dujeme se obr\u00e1tit s&nbsp;t\u00edmto po\u017eadavkem p\u0159\u00edmo na not\u00e1\u0159e ve Va\u0161em okol\u00ed.<\/p>","protected":false},"excerpt":{"rendered":"<p>K&nbsp;vyd\u011bd\u011bn\u00ed potomka je t\u0159eba projev v\u016fle z\u016fstavitele. Po\u0159\u00edzen\u00edm tohoto dokumentu z\u00edsk\u00e1te vzor pro seps\u00e1n\u00ed prohl\u00e1\u0161en\u00ed o vyd\u011bd\u011bn\u00ed, kter\u00fdm vylou\u010d\u00edte potomka z&nbsp;jeho pr\u00e1va na povinn\u00fd d\u00edl z&nbsp;poz\u016fstalosti. Mimo vzoru prohl\u00e1\u0161en\u00ed o vyd\u011bd\u011bn\u00ed d\u00e1le zjist\u00edte, z&nbsp;jak\u00fdch d\u016fvod\u016f m\u016f\u017eete sv\u00e9ho potomka vyd\u011bdit. Prohl\u00e1\u0161en\u00ed o vyd\u011bd\u011bn\u00ed m\u016f\u017ee b\u00fdt u\u010din\u011bno samostatn\u011b anebo m\u016f\u017eete vyd\u011bdit potomka  [&#8230;]<\/p>\n","protected":false},"featured_media":3572,"template":"","meta":{"_acf_changed":false,"rs_blank_template":"","rs_page_bg_color":"","slide_template_v7":""},"product_brand":[],"product_cat":[65,62],"product_tag":[],"class_list":{"0":"post-3569","1":"product","2":"type-product","3":"status-publish","4":"has-post-thumbnail","6":"product_cat-dedictvi","7":"product_cat-rodinne-pravo","9":"first","10":"instock","11":"sale","12":"downloadable","13":"virtual","14":"sold-individually","15":"taxable","16":"purchasable","17":"product-type-simple"},"bundled_by":[],"bundle_stock_status":"instock","bundle_stock_quantity":null,"bundle_virtual":false,"bundle_layout":"","bundle_add_to_cart_form_location":"","bundle_editable_in_cart":false,"bundle_sold_individually_context":"","bundle_item_grouping":"","bundle_min_size":"","bundle_max_size":"","bundle_price":[],"bundled_items":[],"bundle_sell_ids":[],"exclude_global_add_ons":false,"addons":[{"name":"","type":"","position":0,"required":false,"title_format":"","default":"","description_enable":false,"description":"","placeholder_enable":false,"placeholder":"","display":"","restrictions_type":"","adjust_price":false,"price":"","price_type":"","restrictions":false,"min":"0","max":"0","options":[]},{"name":"\u0422\u0435\u043b\u0435\u0444\u043e\u043d\u043d\u0430 \u043a\u043e\u043d\u0441\u0443\u043b\u044c\u0442\u0430\u0446\u0456\u044f \u044e\u0440\u0438\u0441\u0442\u0430 (\u044e\u0440\u0438\u0434\u0438\u0447\u043d\u0430 \u043f\u043e\u0441\u043b\u0443\u0433\u0430)","type":"checkbox","position":1,"required":false,"title_format":"heading","default":"","description_enable":true,"description":"\u0412\u0430\u043c \u043f\u043e\u0442\u0440\u0456\u0431\u043d\u0430 \u043a\u043e\u043d\u0441\u0443\u043b\u044c\u0442\u0430\u0446\u0456\u044f \u0449\u043e\u0434\u043e \u043e\u0431\u0440\u0430\u043d\u043e\u0433\u043e \u0432\u0456\u0437\u0435\u0440\u0443\u043d\u043a\u0430? \u041c\u0438 \u043f\u0440\u043e\u043f\u043e\u043d\u0443\u0454\u043c\u043e \u0457\u0457 \u0437\u0430 \u0437\u043d\u0438\u0436\u0435\u043d\u043e\u044e \u0446\u0456\u043d\u043e\u044e. \u0417\u0430\u043f\u043e\u0432\u043d\u0456\u0442\u044c \u043a\u043e\u043d\u0442\u0430\u043a\u0442\u043d\u0456 \u0434\u0430\u043d\u0456 \u0443 \u0444\u043e\u0440\u043c\u0456 \u0437\u0430\u043c\u043e\u0432\u043b\u0435\u043d\u043d\u044f \u0456 \u043c\u0438 \u0432\u0430\u043c \u0437\u0430\u0442\u0435\u043b\u0435\u0444\u043e\u043d\u0443\u0454\u043c\u043e.","placeholder_enable":false,"placeholder":"","display":"select","restrictions_type":"any_text","adjust_price":false,"price":"","price_type":"flat_fee","restrictions":false,"min":"0","max":"0","options":[{"label":"Porada v d\u00e9lce 30 minut","price":"790","price_type":"flat_fee","image":0,"visibility":true},{"label":"Porada v d\u00e9lce 60 minut","price":"1590","price_type":"flat_fee","image":0,"visibility":true},{"label":"Porada v d\u00e9lce 90 minut","price":"2390","price_type":"flat_fee","image":0,"visibility":true}]}],"acf":[],"yoast_head":"<!-- This site is optimized with the Yoast SEO plugin v27.4 - https:\/\/yoast.com\/product\/yoast-seo-wordpress\/ -->\n<title>Prohl\u00e1\u0161en\u00ed o vyd\u011bd\u011bn\u00ed - LegalShop - AB PARTNERS advok\u00e1ti<\/title>\n<meta name=\"robots\" content=\"index, follow, max-snippet:-1, max-image-preview:large, max-video-preview:-1\" \/>\n<link rel=\"canonical\" href=\"https:\/\/www.abpartners.cz\/uk\/legalshop\/prohlaseni-o-vydedeni\/\" \/>\n<meta property=\"og:locale\" content=\"uk_UA\" \/>\n<meta property=\"og:type\" content=\"article\" \/>\n<meta property=\"og:title\" content=\"Prohl\u00e1\u0161en\u00ed o vyd\u011bd\u011bn\u00ed - LegalShop - AB PARTNERS advok\u00e1ti\" \/>\n<meta property=\"og:description\" content=\"K&nbsp;vyd\u011bd\u011bn\u00ed potomka je t\u0159eba projev v\u016fle z\u016fstavitele. Po\u0159\u00edzen\u00edm tohoto dokumentu z\u00edsk\u00e1te vzor pro seps\u00e1n\u00ed prohl\u00e1\u0161en\u00ed o vyd\u011bd\u011bn\u00ed, kter\u00fdm vylou\u010d\u00edte potomka z&nbsp;jeho pr\u00e1va na povinn\u00fd d\u00edl z&nbsp;poz\u016fstalosti. Mimo vzoru prohl\u00e1\u0161en\u00ed o vyd\u011bd\u011bn\u00ed d\u00e1le zjist\u00edte, z&nbsp;jak\u00fdch d\u016fvod\u016f m\u016f\u017eete sv\u00e9ho potomka vyd\u011bdit. Prohl\u00e1\u0161en\u00ed o vyd\u011bd\u011bn\u00ed m\u016f\u017ee b\u00fdt u\u010din\u011bno samostatn\u011b anebo m\u016f\u017eete vyd\u011bdit potomka [...]\" \/>\n<meta property=\"og:url\" content=\"https:\/\/www.abpartners.cz\/uk\/legalshop\/prohlaseni-o-vydedeni\/\" \/>\n<meta property=\"og:site_name\" content=\"AB PARTNERS advok\u00e1ti\" \/>\n<meta property=\"article:publisher\" content=\"https:\/\/www.facebook.com\/abpartners.cz\/\" \/>\n<meta property=\"article:modified_time\" content=\"2021-06-15T13:15:35+00:00\" \/>\n<meta property=\"og:image\" content=\"https:\/\/www.abpartners.cz\/wp-content\/uploads\/2021\/06\/dedictvi-1.png\" \/>\n\t<meta property=\"og:image:width\" content=\"260\" \/>\n\t<meta property=\"og:image:height\" content=\"260\" \/>\n\t<meta property=\"og:image:type\" content=\"image\/png\" \/>\n<meta name=\"twitter:card\" content=\"summary_large_image\" \/>\n<meta name=\"twitter:site\" content=\"@ABPartners_cz\" \/>\n<meta name=\"twitter:label1\" content=\"\u0426\u0456\u043d\u0430\" \/>\n\t<meta name=\"twitter:data1\" content=\"441&nbsp;&#075;&#269; v\u010detn\u011b DPH\" \/>\n\t<meta name=\"twitter:label2\" content=\"\u0414\u043e\u0441\u0442\u0443\u043f\u043d\u0456\u0441\u0442\u044c\" \/>\n\t<meta name=\"twitter:data2\" content=\"\u041d\u0430 \u0441\u043a\u043b\u0430\u0434\u0456\" \/>\n<script type=\"application\/ld+json\" class=\"yoast-schema-graph\">{\"@context\":\"https:\\\/\\\/schema.org\",\"@graph\":[{\"@type\":\"WebPage\",\"@id\":\"https:\\\/\\\/www.abpartners.cz\\\/legalshop\\\/prohlaseni-o-vydedeni\\\/\",\"url\":\"https:\\\/\\\/www.abpartners.cz\\\/legalshop\\\/prohlaseni-o-vydedeni\\\/\",\"name\":\"Prohl\u00e1\u0161en\u00ed o vyd\u011bd\u011bn\u00ed - LegalShop - AB PARTNERS advok\u00e1ti\",\"isPartOf\":{\"@id\":\"https:\\\/\\\/www.abpartners.cz\\\/#website\"},\"primaryImageOfPage\":{\"@id\":\"https:\\\/\\\/www.abpartners.cz\\\/legalshop\\\/prohlaseni-o-vydedeni\\\/#primaryimage\"},\"image\":{\"@id\":\"https:\\\/\\\/www.abpartners.cz\\\/legalshop\\\/prohlaseni-o-vydedeni\\\/#primaryimage\"},\"thumbnailUrl\":\"https:\\\/\\\/www.abpartners.cz\\\/wp-content\\\/uploads\\\/2021\\\/06\\\/dedictvi-1.png\",\"datePublished\":\"2021-06-15T12:18:52+00:00\",\"dateModified\":\"2021-06-15T13:15:35+00:00\",\"breadcrumb\":{\"@id\":\"https:\\\/\\\/www.abpartners.cz\\\/legalshop\\\/prohlaseni-o-vydedeni\\\/#breadcrumb\"},\"inLanguage\":\"uk\",\"potentialAction\":[{\"@type\":\"ReadAction\",\"target\":[\"https:\\\/\\\/www.abpartners.cz\\\/legalshop\\\/prohlaseni-o-vydedeni\\\/\"]}]},{\"@type\":\"ImageObject\",\"inLanguage\":\"uk\",\"@id\":\"https:\\\/\\\/www.abpartners.cz\\\/legalshop\\\/prohlaseni-o-vydedeni\\\/#primaryimage\",\"url\":\"https:\\\/\\\/www.abpartners.cz\\\/wp-content\\\/uploads\\\/2021\\\/06\\\/dedictvi-1.png\",\"contentUrl\":\"https:\\\/\\\/www.abpartners.cz\\\/wp-content\\\/uploads\\\/2021\\\/06\\\/dedictvi-1.png\",\"width\":260,\"height\":260},{\"@type\":\"BreadcrumbList\",\"@id\":\"https:\\\/\\\/www.abpartners.cz\\\/legalshop\\\/prohlaseni-o-vydedeni\\\/#breadcrumb\",\"itemListElement\":[{\"@type\":\"ListItem\",\"position\":1,\"name\":\"Dom\u016f\",\"item\":\"https:\\\/\\\/www.abpartners.cz\\\/\"},{\"@type\":\"ListItem\",\"position\":2,\"name\":\"LegalShop\",\"item\":\"https:\\\/\\\/www.abpartners.cz\\\/legalshop\\\/\"},{\"@type\":\"ListItem\",\"position\":3,\"name\":\"Prohl\u00e1\u0161en\u00ed o vyd\u011bd\u011bn\u00ed\"}]},{\"@type\":\"WebSite\",\"@id\":\"https:\\\/\\\/www.abpartners.cz\\\/#website\",\"url\":\"https:\\\/\\\/www.abpartners.cz\\\/\",\"name\":\"AB PARTNERS advok\u00e1ti\",\"description\":\"AB PARTNERS advok\u00e1ti\",\"publisher\":{\"@id\":\"https:\\\/\\\/www.abpartners.cz\\\/#organization\"},\"potentialAction\":[{\"@type\":\"SearchAction\",\"target\":{\"@type\":\"EntryPoint\",\"urlTemplate\":\"https:\\\/\\\/www.abpartners.cz\\\/?s={search_term_string}\"},\"query-input\":{\"@type\":\"PropertyValueSpecification\",\"valueRequired\":true,\"valueName\":\"search_term_string\"}}],\"inLanguage\":\"uk\"},{\"@type\":\"Organization\",\"@id\":\"https:\\\/\\\/www.abpartners.cz\\\/#organization\",\"name\":\"AB PARTNERS advok\u00e1ti\",\"url\":\"https:\\\/\\\/www.abpartners.cz\\\/\",\"logo\":{\"@type\":\"ImageObject\",\"inLanguage\":\"uk\",\"@id\":\"https:\\\/\\\/www.abpartners.cz\\\/#\\\/schema\\\/logo\\\/image\\\/\",\"url\":\"https:\\\/\\\/www.abpartners.cz\\\/wp-content\\\/uploads\\\/2021\\\/01\\\/abpartners_regular_rgb_dark.png\",\"contentUrl\":\"https:\\\/\\\/www.abpartners.cz\\\/wp-content\\\/uploads\\\/2021\\\/01\\\/abpartners_regular_rgb_dark.png\",\"width\":1240,\"height\":236,\"caption\":\"AB PARTNERS advok\u00e1ti\"},\"image\":{\"@id\":\"https:\\\/\\\/www.abpartners.cz\\\/#\\\/schema\\\/logo\\\/image\\\/\"},\"sameAs\":[\"https:\\\/\\\/www.facebook.com\\\/abpartners.cz\\\/\",\"https:\\\/\\\/x.com\\\/ABPartners_cz\",\"https:\\\/\\\/www.linkedin.com\\\/company\\\/abpartners\\\/\",\"https:\\\/\\\/www.instagram.com\\\/abpartners.cz\\\/\"]}]}<\/script>\n<meta property=\"product:price:amount\" content=\"441\" \/>\n<meta property=\"product:price:currency\" content=\"CZK\" \/>\n<meta property=\"og:availability\" content=\"instock\" \/>\n<meta property=\"product:availability\" content=\"instock\" \/>\n<meta property=\"product:retailer_item_id\" content=\"207001\" \/>\n<meta property=\"product:condition\" content=\"new\" \/>\n<!-- \/ Yoast SEO plugin. -->","yoast_head_json":{"title":"Prohl\u00e1\u0161en\u00ed o vyd\u011bd\u011bn\u00ed - LegalShop - AB PARTNERS advok\u00e1ti","robots":{"index":"index","follow":"follow","max-snippet":"max-snippet:-1","max-image-preview":"max-image-preview:large","max-video-preview":"max-video-preview:-1"},"canonical":"https:\/\/www.abpartners.cz\/uk\/legalshop\/prohlaseni-o-vydedeni\/","og_locale":"uk_UA","og_type":"article","og_title":"Prohl\u00e1\u0161en\u00ed o vyd\u011bd\u011bn\u00ed - LegalShop - AB PARTNERS advok\u00e1ti","og_description":"K&nbsp;vyd\u011bd\u011bn\u00ed potomka je t\u0159eba projev v\u016fle z\u016fstavitele. Po\u0159\u00edzen\u00edm tohoto dokumentu z\u00edsk\u00e1te vzor pro seps\u00e1n\u00ed prohl\u00e1\u0161en\u00ed o vyd\u011bd\u011bn\u00ed, kter\u00fdm vylou\u010d\u00edte potomka z&nbsp;jeho pr\u00e1va na povinn\u00fd d\u00edl z&nbsp;poz\u016fstalosti. Mimo vzoru prohl\u00e1\u0161en\u00ed o vyd\u011bd\u011bn\u00ed d\u00e1le zjist\u00edte, z&nbsp;jak\u00fdch d\u016fvod\u016f m\u016f\u017eete sv\u00e9ho potomka vyd\u011bdit. Prohl\u00e1\u0161en\u00ed o vyd\u011bd\u011bn\u00ed m\u016f\u017ee b\u00fdt u\u010din\u011bno samostatn\u011b anebo m\u016f\u017eete vyd\u011bdit potomka [...]","og_url":"https:\/\/www.abpartners.cz\/uk\/legalshop\/prohlaseni-o-vydedeni\/","og_site_name":"AB PARTNERS advok\u00e1ti","article_publisher":"https:\/\/www.facebook.com\/abpartners.cz\/","article_modified_time":"2021-06-15T13:15:35+00:00","og_image":[{"width":260,"height":260,"url":"https:\/\/www.abpartners.cz\/wp-content\/uploads\/2021\/06\/dedictvi-1.png","type":"image\/png"}],"twitter_card":"summary_large_image","twitter_site":"@ABPartners_cz","twitter_misc":{"\u0426\u0456\u043d\u0430":"441&nbsp;&#75;&#269; v\u010detn\u011b DPH","\u0414\u043e\u0441\u0442\u0443\u043f\u043d\u0456\u0441\u0442\u044c":"\u041d\u0430 \u0441\u043a\u043b\u0430\u0434\u0456"},"schema":{"@context":"https:\/\/schema.org","@graph":[{"@type":"WebPage","@id":"https:\/\/www.abpartners.cz\/legalshop\/prohlaseni-o-vydedeni\/","url":"https:\/\/www.abpartners.cz\/legalshop\/prohlaseni-o-vydedeni\/","name":"Prohl\u00e1\u0161en\u00ed o vyd\u011bd\u011bn\u00ed - LegalShop - AB PARTNERS advok\u00e1ti","isPartOf":{"@id":"https:\/\/www.abpartners.cz\/#website"},"primaryImageOfPage":{"@id":"https:\/\/www.abpartners.cz\/legalshop\/prohlaseni-o-vydedeni\/#primaryimage"},"image":{"@id":"https:\/\/www.abpartners.cz\/legalshop\/prohlaseni-o-vydedeni\/#primaryimage"},"thumbnailUrl":"https:\/\/www.abpartners.cz\/wp-content\/uploads\/2021\/06\/dedictvi-1.png","datePublished":"2021-06-15T12:18:52+00:00","dateModified":"2021-06-15T13:15:35+00:00","breadcrumb":{"@id":"https:\/\/www.abpartners.cz\/legalshop\/prohlaseni-o-vydedeni\/#breadcrumb"},"inLanguage":"uk","potentialAction":[{"@type":"ReadAction","target":["https:\/\/www.abpartners.cz\/legalshop\/prohlaseni-o-vydedeni\/"]}]},{"@type":"ImageObject","inLanguage":"uk","@id":"https:\/\/www.abpartners.cz\/legalshop\/prohlaseni-o-vydedeni\/#primaryimage","url":"https:\/\/www.abpartners.cz\/wp-content\/uploads\/2021\/06\/dedictvi-1.png","contentUrl":"https:\/\/www.abpartners.cz\/wp-content\/uploads\/2021\/06\/dedictvi-1.png","width":260,"height":260},{"@type":"BreadcrumbList","@id":"https:\/\/www.abpartners.cz\/legalshop\/prohlaseni-o-vydedeni\/#breadcrumb","itemListElement":[{"@type":"ListItem","position":1,"name":"Dom\u016f","item":"https:\/\/www.abpartners.cz\/"},{"@type":"ListItem","position":2,"name":"LegalShop","item":"https:\/\/www.abpartners.cz\/legalshop\/"},{"@type":"ListItem","position":3,"name":"Prohl\u00e1\u0161en\u00ed o vyd\u011bd\u011bn\u00ed"}]},{"@type":"WebSite","@id":"https:\/\/www.abpartners.cz\/#website","url":"https:\/\/www.abpartners.cz\/","name":"\u0410\u0434\u0432\u043e\u043a\u0430\u0442\u0441\u044c\u043a\u0435 \u043e\u0431'\u0454\u0434\u043d\u0430\u043d\u043d\u044f AB PARTNERS","description":"\u0410\u0434\u0432\u043e\u043a\u0430\u0442\u0441\u044c\u043a\u0435 \u043e\u0431'\u0454\u0434\u043d\u0430\u043d\u043d\u044f AB PARTNERS","publisher":{"@id":"https:\/\/www.abpartners.cz\/#organization"},"potentialAction":[{"@type":"SearchAction","target":{"@type":"EntryPoint","urlTemplate":"https:\/\/www.abpartners.cz\/?s={search_term_string}"},"query-input":{"@type":"PropertyValueSpecification","valueRequired":true,"valueName":"search_term_string"}}],"inLanguage":"uk"},{"@type":"Organization","@id":"https:\/\/www.abpartners.cz\/#organization","name":"\u0410\u0434\u0432\u043e\u043a\u0430\u0442\u0441\u044c\u043a\u0435 \u043e\u0431'\u0454\u0434\u043d\u0430\u043d\u043d\u044f AB PARTNERS","url":"https:\/\/www.abpartners.cz\/","logo":{"@type":"ImageObject","inLanguage":"uk","@id":"https:\/\/www.abpartners.cz\/#\/schema\/logo\/image\/","url":"https:\/\/www.abpartners.cz\/wp-content\/uploads\/2021\/01\/abpartners_regular_rgb_dark.png","contentUrl":"https:\/\/www.abpartners.cz\/wp-content\/uploads\/2021\/01\/abpartners_regular_rgb_dark.png","width":1240,"height":236,"caption":"AB PARTNERS advok\u00e1ti"},"image":{"@id":"https:\/\/www.abpartners.cz\/#\/schema\/logo\/image\/"},"sameAs":["https:\/\/www.facebook.com\/abpartners.cz\/","https:\/\/x.com\/ABPartners_cz","https:\/\/www.linkedin.com\/company\/abpartners\/","https:\/\/www.instagram.com\/abpartners.cz\/"]}]},"product_price_amount":"441","product_price_currency":"CZK","og_availability":"instock","product_availability":"instock","product_retailer_item_id":"207001","product_condition":"new"},"_links":{"self":[{"href":"https:\/\/www.abpartners.cz\/uk\/wp-json\/wp\/v2\/product\/3569","targetHints":{"allow":["GET"]}}],"collection":[{"href":"https:\/\/www.abpartners.cz\/uk\/wp-json\/wp\/v2\/product"}],"about":[{"href":"https:\/\/www.abpartners.cz\/uk\/wp-json\/wp\/v2\/types\/product"}],"wp:featuredmedia":[{"embeddable":true,"href":"https:\/\/www.abpartners.cz\/uk\/wp-json\/wp\/v2\/media\/3572"}],"wp:attachment":[{"href":"https:\/\/www.abpartners.cz\/uk\/wp-json\/wp\/v2\/media?parent=3569"}],"wp:term":[{"taxonomy":"product_brand","embeddable":true,"href":"https:\/\/www.abpartners.cz\/uk\/wp-json\/wp\/v2\/product_brand?post=3569"},{"taxonomy":"product_cat","embeddable":true,"href":"https:\/\/www.abpartners.cz\/uk\/wp-json\/wp\/v2\/product_cat?post=3569"},{"taxonomy":"product_tag","embeddable":true,"href":"https:\/\/www.abpartners.cz\/uk\/wp-json\/wp\/v2\/product_tag?post=3569"}],"curies":[{"name":"wp","href":"https:\/\/api.w.org\/{rel}","templated":true}]}}