{"id":3299,"date":"2021-03-28T22:15:27","date_gmt":"2021-03-28T20:15:27","guid":{"rendered":"https:\/\/www.abpartners.cz\/?post_type=product&#038;p=3299"},"modified":"2024-09-09T22:15:52","modified_gmt":"2024-09-09T20:15:52","slug":"registrace-ochranne-znamky-eu-pravni-sluzba","status":"publish","type":"product","link":"https:\/\/www.abpartners.cz\/uk\/legalshop\/registrace-ochranne-znamky-eu-pravni-sluzba\/","title":{"rendered":"\u0420\u0435\u0454\u0441\u0442\u0440\u0430\u0446\u0456\u044f \u0442\u043e\u0440\u0433\u043e\u0432\u043e\u0457 \u043c\u0430\u0440\u043a\u0438 - \u0404\u0432\u0440\u043e\u043f\u0435\u0439\u0441\u044c\u043a\u0438\u0439 \u0421\u043e\u044e\u0437 (\u042e\u0440\u0438\u0434\u0438\u0447\u043d\u0430 \u0441\u043b\u0443\u0436\u0431\u0430)"},"content":{"rendered":"<p><span style=\"color: #b61e3f;\"><strong>\u0417\u0430\u0432\u0436\u0434\u0438 \u0432\u043a\u0430\u0437\u0443\u0439\u0442\u0435 \u0441\u0432\u043e\u044e \u0435\u043b\u0435\u043a\u0442\u0440\u043e\u043d\u043d\u0443 \u0430\u0434\u0440\u0435\u0441\u0443 \u0442\u0430 \u043d\u043e\u043c\u0435\u0440 \u0442\u0435\u043b\u0435\u0444\u043e\u043d\u0443 \u0432 \u0437\u0430\u043c\u043e\u0432\u043b\u0435\u043d\u043d\u0456, \u0449\u043e\u0431 \u043c\u0438 \u043c\u043e\u0433\u043b\u0438 \u0437\u0432'\u044f\u0437\u0430\u0442\u0438\u0441\u044f \u0437 \u0432\u0430\u043c\u0438 \u0434\u043b\u044f \u043e\u0431\u0433\u043e\u0432\u043e\u0440\u0435\u043d\u043d\u044f \u0434\u0435\u0442\u0430\u043b\u0435\u0439.<\/strong><\/span><\/p>\n<p>Nev\u00edte si rady s\u00a0registrac\u00ed ochrann\u00e9 zn\u00e1mky? Nevad\u00ed, agenda ochrann\u00fdch zn\u00e1mek je jednou z\u00a0na\u0161ich specializac\u00ed. Pom\u016f\u017eeme V\u00e1m s\u00a0registrac\u00ed ochrann\u00fdch zn\u00e1mek pro \u00fazem\u00ed EU. <strong>Platnost ochrann\u00e9 zn\u00e1mky je 10 let<\/strong> a lze ji neomezen\u011b obnovovat.<\/p>\n<p>Cena slu\u017eby zahrnuje <strong>vypln\u011bn\u00ed p\u0159ihl\u00e1\u0161ky k\u00a0z\u00e1pisu ochrann\u00e9 zn\u00e1mky<\/strong>. Spolu s\u00a0p\u0159ihl\u00e1\u0161kou V\u00e1m za\u0161leme i podrobn\u00e9 <strong>instrukce k\u00a0pod\u00e1n\u00ed p\u0159ihl\u00e1\u0161ky<\/strong>. V\u00a0cen\u011b je tak\u00e9 <strong>1 hodina koordina\u010dn\u00ed \u010dinnosti<\/strong> (obvykle posta\u010d\u00ed). V\u00a0r\u00e1mci koordina\u010dn\u00ed \u010dinnosti zjist\u00edme v\u0161echny Va\u0161e po\u017eadavky, sd\u011bl\u00edme V\u00e1m podm\u00ednky na zpracov\u00e1n\u00ed loga (grafick\u00e9 podoby ochrann\u00e9 zn\u00e1mky). D\u00e1le s\u00a0V\u00e1mi probereme zat\u0159\u00edd\u011bn\u00ed ochrann\u00e9 zn\u00e1mky.<\/p>\n<p>Cena <strong>nezahrnuje spr\u00e1vn\u00ed poplatky EUIPO<\/strong> ve v\u00fd\u0161i 850 EUR za pod\u00e1n\u00ed p\u0159ihl\u00e1\u0161ky jedn\u00e9 ochrann\u00e9 zn\u00e1mky v\u00a0jedn\u00e9 t\u0159\u00edd\u011b. P\u0159i p\u0159ihl\u00e1\u0161en\u00ed druh\u00e9 t\u0159\u00eddy se poplatek navy\u0161uje o \u010d\u00e1stku ve v\u00fd\u0161i 50 EUR. A za t\u0159et\u00ed a v\u0161echny dal\u0161\u00ed t\u0159\u00eddy se poplatek navy\u0161uje o 150 EUR.<\/p>\n<p>&nbsp;<\/p>\n<p>&nbsp;<\/p>\n<p>&nbsp;<\/p>\n<p>&nbsp;<\/p>\n<div class=\"notranslate\" style=\"all: initial;\"><\/div>","protected":false},"excerpt":{"rendered":"<p>V objedn\u00e1vce v\u017edy uve\u010fte V\u00e1\u0161 email a telefonn\u00ed \u010d\u00edslo, abychom V\u00e1s mohli kontaktovat a domluvit se na podrobnostech. Nev\u00edte si rady s\u00a0registrac\u00ed ochrann\u00e9 zn\u00e1mky? Nevad\u00ed, agenda ochrann\u00fdch zn\u00e1mek je jednou z\u00a0na\u0161ich specializac\u00ed. Pom\u016f\u017eeme V\u00e1m s\u00a0registrac\u00ed ochrann\u00fdch zn\u00e1mek pro \u00fazem\u00ed EU. Platnost ochrann\u00e9 zn\u00e1mky je 10 let a lze ji neomezen\u011b  [&#8230;]<\/p>\n","protected":false},"featured_media":3296,"template":"","meta":{"_acf_changed":false,"rs_blank_template":"","rs_page_bg_color":"","slide_template_v7":""},"product_brand":[],"product_cat":[63],"product_tag":[],"class_list":{"0":"post-3299","1":"product","2":"type-product","3":"status-publish","4":"has-post-thumbnail","6":"product_cat-dusevni-vlastnictvi","8":"first","9":"instock","10":"virtual","11":"taxable","12":"purchasable","13":"product-type-simple"},"bundled_by":[],"bundle_stock_status":"instock","bundle_stock_quantity":null,"bundle_virtual":false,"bundle_layout":"","bundle_add_to_cart_form_location":"","bundle_editable_in_cart":false,"bundle_sold_individually_context":"","bundle_item_grouping":"","bundle_min_size":"","bundle_max_size":"","bundle_price":[],"bundled_items":[],"bundle_sell_ids":[],"exclude_global_add_ons":[],"addons":[],"acf":[],"yoast_head":"<!-- This site is optimized with the Yoast SEO plugin v27.4 - https:\/\/yoast.com\/product\/yoast-seo-wordpress\/ -->\n<title>Registrace ochrann\u00e9 zn\u00e1mky - Evropsk\u00e1 unie (pr\u00e1vn\u00ed slu\u017eba) - LegalShop - AB PARTNERS advok\u00e1ti<\/title>\n<meta name=\"robots\" content=\"index, follow, max-snippet:-1, max-image-preview:large, max-video-preview:-1\" \/>\n<link rel=\"canonical\" href=\"https:\/\/www.abpartners.cz\/uk\/legalshop\/registrace-ochranne-znamky-eu-pravni-sluzba\/\" \/>\n<meta property=\"og:locale\" content=\"uk_UA\" \/>\n<meta property=\"og:type\" content=\"article\" \/>\n<meta property=\"og:title\" content=\"Registrace ochrann\u00e9 zn\u00e1mky - Evropsk\u00e1 unie (pr\u00e1vn\u00ed slu\u017eba) - LegalShop - AB PARTNERS advok\u00e1ti\" \/>\n<meta property=\"og:description\" content=\"V objedn\u00e1vce v\u017edy uve\u010fte V\u00e1\u0161 email a telefonn\u00ed \u010d\u00edslo, abychom V\u00e1s mohli kontaktovat a domluvit se na podrobnostech. Nev\u00edte si rady s\u00a0registrac\u00ed ochrann\u00e9 zn\u00e1mky? Nevad\u00ed, agenda ochrann\u00fdch zn\u00e1mek je jednou z\u00a0na\u0161ich specializac\u00ed. Pom\u016f\u017eeme V\u00e1m s\u00a0registrac\u00ed ochrann\u00fdch zn\u00e1mek pro \u00fazem\u00ed EU. Platnost ochrann\u00e9 zn\u00e1mky je 10 let a lze ji neomezen\u011b [...]\" \/>\n<meta property=\"og:url\" content=\"https:\/\/www.abpartners.cz\/uk\/legalshop\/registrace-ochranne-znamky-eu-pravni-sluzba\/\" \/>\n<meta property=\"og:site_name\" content=\"AB PARTNERS advok\u00e1ti\" \/>\n<meta property=\"article:publisher\" content=\"https:\/\/www.facebook.com\/abpartners.cz\/\" \/>\n<meta property=\"article:modified_time\" content=\"2024-09-09T20:15:52+00:00\" \/>\n<meta property=\"og:image\" content=\"https:\/\/www.abpartners.cz\/wp-content\/uploads\/2021\/03\/dusevni_vlastnictvi.png\" \/>\n\t<meta property=\"og:image:width\" content=\"260\" \/>\n\t<meta property=\"og:image:height\" content=\"260\" \/>\n\t<meta property=\"og:image:type\" content=\"image\/png\" \/>\n<meta name=\"twitter:card\" content=\"summary_large_image\" \/>\n<meta name=\"twitter:site\" content=\"@ABPartners_cz\" \/>\n<meta name=\"twitter:label1\" content=\"\u0426\u0456\u043d\u0430\" \/>\n\t<meta name=\"twitter:data1\" content=\"14.990&nbsp;&#075;&#269; v\u010detn\u011b DPH\" \/>\n\t<meta name=\"twitter:label2\" content=\"\u0414\u043e\u0441\u0442\u0443\u043f\u043d\u0456\u0441\u0442\u044c\" \/>\n\t<meta name=\"twitter:data2\" content=\"\u041d\u0430 \u0441\u043a\u043b\u0430\u0434\u0456\" \/>\n<script type=\"application\/ld+json\" class=\"yoast-schema-graph\">{\"@context\":\"https:\\\/\\\/schema.org\",\"@graph\":[{\"@type\":\"WebPage\",\"@id\":\"https:\\\/\\\/www.abpartners.cz\\\/legalshop\\\/registrace-ochranne-znamky-eu-pravni-sluzba\\\/\",\"url\":\"https:\\\/\\\/www.abpartners.cz\\\/legalshop\\\/registrace-ochranne-znamky-eu-pravni-sluzba\\\/\",\"name\":\"Registrace ochrann\u00e9 zn\u00e1mky - Evropsk\u00e1 unie (pr\u00e1vn\u00ed slu\u017eba) - LegalShop - AB PARTNERS advok\u00e1ti\",\"isPartOf\":{\"@id\":\"https:\\\/\\\/www.abpartners.cz\\\/#website\"},\"primaryImageOfPage\":{\"@id\":\"https:\\\/\\\/www.abpartners.cz\\\/legalshop\\\/registrace-ochranne-znamky-eu-pravni-sluzba\\\/#primaryimage\"},\"image\":{\"@id\":\"https:\\\/\\\/www.abpartners.cz\\\/legalshop\\\/registrace-ochranne-znamky-eu-pravni-sluzba\\\/#primaryimage\"},\"thumbnailUrl\":\"https:\\\/\\\/www.abpartners.cz\\\/wp-content\\\/uploads\\\/2021\\\/03\\\/dusevni_vlastnictvi.png\",\"datePublished\":\"2021-03-28T20:15:27+00:00\",\"dateModified\":\"2024-09-09T20:15:52+00:00\",\"breadcrumb\":{\"@id\":\"https:\\\/\\\/www.abpartners.cz\\\/legalshop\\\/registrace-ochranne-znamky-eu-pravni-sluzba\\\/#breadcrumb\"},\"inLanguage\":\"uk\",\"potentialAction\":[{\"@type\":\"ReadAction\",\"target\":[\"https:\\\/\\\/www.abpartners.cz\\\/legalshop\\\/registrace-ochranne-znamky-eu-pravni-sluzba\\\/\"]}]},{\"@type\":\"ImageObject\",\"inLanguage\":\"uk\",\"@id\":\"https:\\\/\\\/www.abpartners.cz\\\/legalshop\\\/registrace-ochranne-znamky-eu-pravni-sluzba\\\/#primaryimage\",\"url\":\"https:\\\/\\\/www.abpartners.cz\\\/wp-content\\\/uploads\\\/2021\\\/03\\\/dusevni_vlastnictvi.png\",\"contentUrl\":\"https:\\\/\\\/www.abpartners.cz\\\/wp-content\\\/uploads\\\/2021\\\/03\\\/dusevni_vlastnictvi.png\",\"width\":260,\"height\":260},{\"@type\":\"BreadcrumbList\",\"@id\":\"https:\\\/\\\/www.abpartners.cz\\\/legalshop\\\/registrace-ochranne-znamky-eu-pravni-sluzba\\\/#breadcrumb\",\"itemListElement\":[{\"@type\":\"ListItem\",\"position\":1,\"name\":\"Dom\u016f\",\"item\":\"https:\\\/\\\/www.abpartners.cz\\\/\"},{\"@type\":\"ListItem\",\"position\":2,\"name\":\"LegalShop\",\"item\":\"https:\\\/\\\/www.abpartners.cz\\\/legalshop\\\/\"},{\"@type\":\"ListItem\",\"position\":3,\"name\":\"Registrace ochrann\u00e9 zn\u00e1mky &#8211; Evropsk\u00e1 unie (pr\u00e1vn\u00ed slu\u017eba)\"}]},{\"@type\":\"WebSite\",\"@id\":\"https:\\\/\\\/www.abpartners.cz\\\/#website\",\"url\":\"https:\\\/\\\/www.abpartners.cz\\\/\",\"name\":\"AB PARTNERS advok\u00e1ti\",\"description\":\"AB PARTNERS advok\u00e1ti\",\"publisher\":{\"@id\":\"https:\\\/\\\/www.abpartners.cz\\\/#organization\"},\"potentialAction\":[{\"@type\":\"SearchAction\",\"target\":{\"@type\":\"EntryPoint\",\"urlTemplate\":\"https:\\\/\\\/www.abpartners.cz\\\/?s={search_term_string}\"},\"query-input\":{\"@type\":\"PropertyValueSpecification\",\"valueRequired\":true,\"valueName\":\"search_term_string\"}}],\"inLanguage\":\"uk\"},{\"@type\":\"Organization\",\"@id\":\"https:\\\/\\\/www.abpartners.cz\\\/#organization\",\"name\":\"AB PARTNERS advok\u00e1ti\",\"url\":\"https:\\\/\\\/www.abpartners.cz\\\/\",\"logo\":{\"@type\":\"ImageObject\",\"inLanguage\":\"uk\",\"@id\":\"https:\\\/\\\/www.abpartners.cz\\\/#\\\/schema\\\/logo\\\/image\\\/\",\"url\":\"https:\\\/\\\/www.abpartners.cz\\\/wp-content\\\/uploads\\\/2021\\\/01\\\/abpartners_regular_rgb_dark.png\",\"contentUrl\":\"https:\\\/\\\/www.abpartners.cz\\\/wp-content\\\/uploads\\\/2021\\\/01\\\/abpartners_regular_rgb_dark.png\",\"width\":1240,\"height\":236,\"caption\":\"AB PARTNERS advok\u00e1ti\"},\"image\":{\"@id\":\"https:\\\/\\\/www.abpartners.cz\\\/#\\\/schema\\\/logo\\\/image\\\/\"},\"sameAs\":[\"https:\\\/\\\/www.facebook.com\\\/abpartners.cz\\\/\",\"https:\\\/\\\/x.com\\\/ABPartners_cz\",\"https:\\\/\\\/www.linkedin.com\\\/company\\\/abpartners\\\/\",\"https:\\\/\\\/www.instagram.com\\\/abpartners.cz\\\/\"]}]}<\/script>\n<meta property=\"product:price:amount\" content=\"14990\" \/>\n<meta property=\"product:price:currency\" content=\"CZK\" \/>\n<meta property=\"og:availability\" content=\"instock\" \/>\n<meta property=\"product:availability\" content=\"instock\" \/>\n<meta property=\"product:retailer_item_id\" content=\"206001-2\" \/>\n<meta property=\"product:condition\" content=\"new\" \/>\n<!-- \/ Yoast SEO plugin. -->","yoast_head_json":{"title":"Registrace ochrann\u00e9 zn\u00e1mky - Evropsk\u00e1 unie (pr\u00e1vn\u00ed slu\u017eba) - LegalShop - AB PARTNERS advok\u00e1ti","robots":{"index":"index","follow":"follow","max-snippet":"max-snippet:-1","max-image-preview":"max-image-preview:large","max-video-preview":"max-video-preview:-1"},"canonical":"https:\/\/www.abpartners.cz\/uk\/legalshop\/registrace-ochranne-znamky-eu-pravni-sluzba\/","og_locale":"uk_UA","og_type":"article","og_title":"Registrace ochrann\u00e9 zn\u00e1mky - Evropsk\u00e1 unie (pr\u00e1vn\u00ed slu\u017eba) - LegalShop - AB PARTNERS advok\u00e1ti","og_description":"V objedn\u00e1vce v\u017edy uve\u010fte V\u00e1\u0161 email a telefonn\u00ed \u010d\u00edslo, abychom V\u00e1s mohli kontaktovat a domluvit se na podrobnostech. Nev\u00edte si rady s\u00a0registrac\u00ed ochrann\u00e9 zn\u00e1mky? Nevad\u00ed, agenda ochrann\u00fdch zn\u00e1mek je jednou z\u00a0na\u0161ich specializac\u00ed. Pom\u016f\u017eeme V\u00e1m s\u00a0registrac\u00ed ochrann\u00fdch zn\u00e1mek pro \u00fazem\u00ed EU. Platnost ochrann\u00e9 zn\u00e1mky je 10 let a lze ji neomezen\u011b [...]","og_url":"https:\/\/www.abpartners.cz\/uk\/legalshop\/registrace-ochranne-znamky-eu-pravni-sluzba\/","og_site_name":"AB PARTNERS advok\u00e1ti","article_publisher":"https:\/\/www.facebook.com\/abpartners.cz\/","article_modified_time":"2024-09-09T20:15:52+00:00","og_image":[{"width":260,"height":260,"url":"https:\/\/www.abpartners.cz\/wp-content\/uploads\/2021\/03\/dusevni_vlastnictvi.png","type":"image\/png"}],"twitter_card":"summary_large_image","twitter_site":"@ABPartners_cz","twitter_misc":{"\u0426\u0456\u043d\u0430":"14.990&nbsp;&#75;&#269; v\u010detn\u011b DPH","\u0414\u043e\u0441\u0442\u0443\u043f\u043d\u0456\u0441\u0442\u044c":"\u041d\u0430 \u0441\u043a\u043b\u0430\u0434\u0456"},"schema":{"@context":"https:\/\/schema.org","@graph":[{"@type":"WebPage","@id":"https:\/\/www.abpartners.cz\/legalshop\/registrace-ochranne-znamky-eu-pravni-sluzba\/","url":"https:\/\/www.abpartners.cz\/legalshop\/registrace-ochranne-znamky-eu-pravni-sluzba\/","name":"Registrace ochrann\u00e9 zn\u00e1mky - Evropsk\u00e1 unie (pr\u00e1vn\u00ed slu\u017eba) - LegalShop - AB PARTNERS advok\u00e1ti","isPartOf":{"@id":"https:\/\/www.abpartners.cz\/#website"},"primaryImageOfPage":{"@id":"https:\/\/www.abpartners.cz\/legalshop\/registrace-ochranne-znamky-eu-pravni-sluzba\/#primaryimage"},"image":{"@id":"https:\/\/www.abpartners.cz\/legalshop\/registrace-ochranne-znamky-eu-pravni-sluzba\/#primaryimage"},"thumbnailUrl":"https:\/\/www.abpartners.cz\/wp-content\/uploads\/2021\/03\/dusevni_vlastnictvi.png","datePublished":"2021-03-28T20:15:27+00:00","dateModified":"2024-09-09T20:15:52+00:00","breadcrumb":{"@id":"https:\/\/www.abpartners.cz\/legalshop\/registrace-ochranne-znamky-eu-pravni-sluzba\/#breadcrumb"},"inLanguage":"uk","potentialAction":[{"@type":"ReadAction","target":["https:\/\/www.abpartners.cz\/legalshop\/registrace-ochranne-znamky-eu-pravni-sluzba\/"]}]},{"@type":"ImageObject","inLanguage":"uk","@id":"https:\/\/www.abpartners.cz\/legalshop\/registrace-ochranne-znamky-eu-pravni-sluzba\/#primaryimage","url":"https:\/\/www.abpartners.cz\/wp-content\/uploads\/2021\/03\/dusevni_vlastnictvi.png","contentUrl":"https:\/\/www.abpartners.cz\/wp-content\/uploads\/2021\/03\/dusevni_vlastnictvi.png","width":260,"height":260},{"@type":"BreadcrumbList","@id":"https:\/\/www.abpartners.cz\/legalshop\/registrace-ochranne-znamky-eu-pravni-sluzba\/#breadcrumb","itemListElement":[{"@type":"ListItem","position":1,"name":"Dom\u016f","item":"https:\/\/www.abpartners.cz\/"},{"@type":"ListItem","position":2,"name":"LegalShop","item":"https:\/\/www.abpartners.cz\/legalshop\/"},{"@type":"ListItem","position":3,"name":"Registrace ochrann\u00e9 zn\u00e1mky &#8211; Evropsk\u00e1 unie (pr\u00e1vn\u00ed slu\u017eba)"}]},{"@type":"WebSite","@id":"https:\/\/www.abpartners.cz\/#website","url":"https:\/\/www.abpartners.cz\/","name":"\u0410\u0434\u0432\u043e\u043a\u0430\u0442\u0441\u044c\u043a\u0435 \u043e\u0431'\u0454\u0434\u043d\u0430\u043d\u043d\u044f AB PARTNERS","description":"\u0410\u0434\u0432\u043e\u043a\u0430\u0442\u0441\u044c\u043a\u0435 \u043e\u0431'\u0454\u0434\u043d\u0430\u043d\u043d\u044f AB PARTNERS","publisher":{"@id":"https:\/\/www.abpartners.cz\/#organization"},"potentialAction":[{"@type":"SearchAction","target":{"@type":"EntryPoint","urlTemplate":"https:\/\/www.abpartners.cz\/?s={search_term_string}"},"query-input":{"@type":"PropertyValueSpecification","valueRequired":true,"valueName":"search_term_string"}}],"inLanguage":"uk"},{"@type":"Organization","@id":"https:\/\/www.abpartners.cz\/#organization","name":"\u0410\u0434\u0432\u043e\u043a\u0430\u0442\u0441\u044c\u043a\u0435 \u043e\u0431'\u0454\u0434\u043d\u0430\u043d\u043d\u044f AB PARTNERS","url":"https:\/\/www.abpartners.cz\/","logo":{"@type":"ImageObject","inLanguage":"uk","@id":"https:\/\/www.abpartners.cz\/#\/schema\/logo\/image\/","url":"https:\/\/www.abpartners.cz\/wp-content\/uploads\/2021\/01\/abpartners_regular_rgb_dark.png","contentUrl":"https:\/\/www.abpartners.cz\/wp-content\/uploads\/2021\/01\/abpartners_regular_rgb_dark.png","width":1240,"height":236,"caption":"AB PARTNERS advok\u00e1ti"},"image":{"@id":"https:\/\/www.abpartners.cz\/#\/schema\/logo\/image\/"},"sameAs":["https:\/\/www.facebook.com\/abpartners.cz\/","https:\/\/x.com\/ABPartners_cz","https:\/\/www.linkedin.com\/company\/abpartners\/","https:\/\/www.instagram.com\/abpartners.cz\/"]}]},"product_price_amount":"14990","product_price_currency":"CZK","og_availability":"instock","product_availability":"instock","product_retailer_item_id":"206001-2","product_condition":"new"},"_links":{"self":[{"href":"https:\/\/www.abpartners.cz\/uk\/wp-json\/wp\/v2\/product\/3299","targetHints":{"allow":["GET"]}}],"collection":[{"href":"https:\/\/www.abpartners.cz\/uk\/wp-json\/wp\/v2\/product"}],"about":[{"href":"https:\/\/www.abpartners.cz\/uk\/wp-json\/wp\/v2\/types\/product"}],"wp:featuredmedia":[{"embeddable":true,"href":"https:\/\/www.abpartners.cz\/uk\/wp-json\/wp\/v2\/media\/3296"}],"wp:attachment":[{"href":"https:\/\/www.abpartners.cz\/uk\/wp-json\/wp\/v2\/media?parent=3299"}],"wp:term":[{"taxonomy":"product_brand","embeddable":true,"href":"https:\/\/www.abpartners.cz\/uk\/wp-json\/wp\/v2\/product_brand?post=3299"},{"taxonomy":"product_cat","embeddable":true,"href":"https:\/\/www.abpartners.cz\/uk\/wp-json\/wp\/v2\/product_cat?post=3299"},{"taxonomy":"product_tag","embeddable":true,"href":"https:\/\/www.abpartners.cz\/uk\/wp-json\/wp\/v2\/product_tag?post=3299"}],"curies":[{"name":"wp","href":"https:\/\/api.w.org\/{rel}","templated":true}]}}