{"id":3254,"date":"2021-02-07T20:17:13","date_gmt":"2021-02-07T19:17:13","guid":{"rendered":"https:\/\/www.abpartners.cz\/?post_type=product&#038;p=3254"},"modified":"2021-04-04T15:10:08","modified_gmt":"2021-04-04T13:10:08","slug":"vnitrni-predpis-o-zakazu-koureni-na-pracovisti","status":"publish","type":"product","link":"https:\/\/www.abpartners.cz\/uk\/legalshop\/vnitrni-predpis-o-zakazu-koureni-na-pracovisti\/","title":{"rendered":"Vnit\u0159n\u00ed p\u0159edpis o z\u00e1kazu kou\u0159en\u00ed na pracovi\u0161ti"},"content":{"rendered":"<p><strong>Vnit\u0159n\u00ed p\u0159edpis je intern\u00ed jednostrann\u00fd dokument vydan\u00fd zam\u011bstnavatelem, kter\u00fd m\u016f\u017ee stanovit mzdov\u00e1 nebo platov\u00e1 a ostatn\u00ed pr\u00e1va v pracovn\u011bpr\u00e1vn\u00edch vztaz\u00edch, z nich\u017e je opr\u00e1vn\u011bn zam\u011bstnanec. <\/strong>Obsahem vnit\u0159n\u00edho p\u0159edpisu tak mohou b\u00fdt <strong>pr\u00e1va zam\u011bstnanc\u016f <\/strong>stejn\u011b jako rozveden\u00ed jejich <strong>z\u00e1konn\u00fdch povinnost\u00ed.<\/strong> Vnit\u0159n\u00ed p\u0159edpis <strong>nesm\u00ed b\u00fdt v rozporu s pr\u00e1vn\u00edmi p\u0159edpisy ani b\u00fdt vyd\u00e1n se zp\u011btnou \u00fa\u010dinnost\u00ed, jinak je zcela nebo v dot\u010den\u00e9 \u010d\u00e1sti neplatn\u00fd.<\/strong> Vnit\u0159n\u00ed p\u0159edpis se vyd\u00e1v\u00e1 na ur\u010ditou dobu, nejm\u00e9n\u011b v\u0161ak na dobu jednoho roku. By\u0165 z\u00e1kon\u00edk pr\u00e1ce stanov\u00ed \u0159adu povinnost\u00ed, kter\u00e9 mus\u00ed zam\u011bstnanec dodr\u017eovat, i p\u0159es tuto skute\u010dnost <strong>doporu\u010dujeme, aby n\u011bkter\u00e9 povinnosti p\u0159esto zam\u011bstnavatel ve vnit\u0159n\u00edm p\u0159edpise d\u00e1le rozvedl a stanovil jasn\u00e1 pravidla chov\u00e1n\u00ed na pracovi\u0161ti.<\/strong><\/p>\n<p><strong>\u00a0<\/strong><\/p>","protected":false},"excerpt":{"rendered":"<p>Vnit\u0159n\u00ed p\u0159edpis je intern\u00ed jednostrann\u00fd dokument vydan\u00fd zam\u011bstnavatelem, kter\u00fd m\u016f\u017ee stanovit mzdov\u00e1 nebo platov\u00e1 a ostatn\u00ed pr\u00e1va v pracovn\u011bpr\u00e1vn\u00edch vztaz\u00edch, z nich\u017e je opr\u00e1vn\u011bn zam\u011bstnanec. Obsahem vnit\u0159n\u00edho p\u0159edpisu tak mohou b\u00fdt pr\u00e1va zam\u011bstnanc\u016f stejn\u011b jako rozveden\u00ed jejich z\u00e1konn\u00fdch povinnost\u00ed. Vnit\u0159n\u00ed p\u0159edpis nesm\u00ed b\u00fdt v rozporu s pr\u00e1vn\u00edmi p\u0159edpisy ani b\u00fdt  [&#8230;]<\/p>\n","protected":false},"featured_media":2524,"template":"","meta":{"_acf_changed":false,"rs_blank_template":"","rs_page_bg_color":"","slide_template_v7":""},"product_brand":[],"product_cat":[47,57],"product_tag":[],"class_list":{"0":"post-3254","1":"product","2":"type-product","3":"status-publish","4":"has-post-thumbnail","6":"product_cat-spolecnosti","7":"product_cat-zamestnavatele","9":"first","10":"instock","11":"sale","12":"downloadable","13":"virtual","14":"sold-individually","15":"taxable","16":"purchasable","17":"product-type-simple"},"bundled_by":[],"bundle_stock_status":"instock","bundle_stock_quantity":null,"bundle_virtual":false,"bundle_layout":"","bundle_add_to_cart_form_location":"","bundle_editable_in_cart":false,"bundle_sold_individually_context":"","bundle_item_grouping":"","bundle_min_size":"","bundle_max_size":"","bundle_price":[],"bundled_items":[],"bundle_sell_ids":[],"exclude_global_add_ons":false,"addons":[{"name":"\u0406\u043d\u0434\u0438\u0432\u0456\u0434\u0443\u0430\u043b\u044c\u043d\u0435 \u0434\u043e\u043e\u043f\u0440\u0430\u0446\u044e\u0432\u0430\u043d\u043d\u044f (\u044e\u0440\u0438\u0434\u0438\u0447\u043d\u0430 \u043f\u043e\u0441\u043b\u0443\u0433\u0430)","type":"checkbox","position":0,"required":false,"title_format":"heading","default":"","description_enable":true,"description":"\u041c\u0438 \u0434\u043e\u043e\u043f\u0440\u0430\u0446\u044e\u0454\u043c\u043e \u0432\u0438\u043a\u0440\u0456\u0439\u043a\u0443 \u0437\u0433\u0456\u0434\u043d\u043e \u0437 \u0432\u0430\u0448\u0438\u043c\u0438 \u043f\u043e\u0431\u0430\u0436\u0430\u043d\u043d\u044f\u043c\u0438. \u0412\u0438 \u043e\u0442\u0440\u0438\u043c\u0430\u0454\u0442\u0435 \u0433\u043e\u0442\u043e\u0432\u0438\u0439 \u0432\u0438\u0440\u0456\u0431. \u0417\u0430\u043f\u043e\u0432\u043d\u0456\u0442\u044c \u043a\u043e\u043d\u0442\u0430\u043a\u0442\u043d\u0456 \u0434\u0430\u043d\u0456 \u0443 \u0444\u043e\u0440\u043c\u0456 \u0437\u0430\u043c\u043e\u0432\u043b\u0435\u043d\u043d\u044f, \u043c\u0438 \u0437\u0430\u0442\u0435\u043b\u0435\u0444\u043e\u043d\u0443\u0454\u043c\u043e \u0430\u0431\u043e \u043d\u0430\u043f\u0438\u0448\u0435\u043c\u043e \u0432\u0430\u043c.","placeholder_enable":false,"placeholder":"","display":"select","restrictions_type":"any_text","adjust_price":false,"price":"","price_type":"flat_fee","restrictions":false,"min":"0","max":"0","options":[{"label":"Finalizace na m\u00edru","price":"590","price_type":"flat_fee","image":0,"visibility":true}]},{"name":"\u0422\u0435\u043b\u0435\u0444\u043e\u043d\u043d\u0430 \u043a\u043e\u043d\u0441\u0443\u043b\u044c\u0442\u0430\u0446\u0456\u044f \u044e\u0440\u0438\u0441\u0442\u0430 (\u044e\u0440\u0438\u0434\u0438\u0447\u043d\u0430 \u043f\u043e\u0441\u043b\u0443\u0433\u0430)","type":"checkbox","position":1,"required":false,"title_format":"heading","default":"","description_enable":true,"description":"\u0412\u0430\u043c \u043f\u043e\u0442\u0440\u0456\u0431\u043d\u0430 \u043a\u043e\u043d\u0441\u0443\u043b\u044c\u0442\u0430\u0446\u0456\u044f \u0449\u043e\u0434\u043e \u043e\u0431\u0440\u0430\u043d\u043e\u0433\u043e \u0432\u0456\u0437\u0435\u0440\u0443\u043d\u043a\u0430? \u041c\u0438 \u043f\u0440\u043e\u043f\u043e\u043d\u0443\u0454\u043c\u043e \u0457\u0457 \u0437\u0430 \u0437\u043d\u0438\u0436\u0435\u043d\u043e\u044e \u0446\u0456\u043d\u043e\u044e. \u0417\u0430\u043f\u043e\u0432\u043d\u0456\u0442\u044c \u043a\u043e\u043d\u0442\u0430\u043a\u0442\u043d\u0456 \u0434\u0430\u043d\u0456 \u0443 \u0444\u043e\u0440\u043c\u0456 \u0437\u0430\u043c\u043e\u0432\u043b\u0435\u043d\u043d\u044f \u0456 \u043c\u0438 \u0432\u0430\u043c \u0437\u0430\u0442\u0435\u043b\u0435\u0444\u043e\u043d\u0443\u0454\u043c\u043e.","placeholder_enable":false,"placeholder":"","display":"select","restrictions_type":"any_text","adjust_price":false,"price":"","price_type":"flat_fee","restrictions":false,"min":"0","max":"0","options":[{"label":"Porada v d\u00e9lce 30 minut","price":"790","price_type":"flat_fee","image":0,"visibility":true},{"label":"Porada v d\u00e9lce 60 minut","price":"1590","price_type":"flat_fee","image":0,"visibility":true},{"label":"Porada v d\u00e9lce 90 minut","price":"2390","price_type":"flat_fee","image":0,"visibility":true}]}],"acf":[],"yoast_head":"<!-- This site is optimized with the Yoast SEO plugin v27.4 - https:\/\/yoast.com\/product\/yoast-seo-wordpress\/ -->\n<title>Vnit\u0159n\u00ed p\u0159edpis o z\u00e1kazu kou\u0159en\u00ed na pracovi\u0161ti - LegalShop - AB PARTNERS advok\u00e1ti<\/title>\n<meta name=\"robots\" content=\"index, follow, max-snippet:-1, max-image-preview:large, max-video-preview:-1\" \/>\n<link rel=\"canonical\" href=\"https:\/\/www.abpartners.cz\/uk\/legalshop\/vnitrni-predpis-o-zakazu-koureni-na-pracovisti\/\" \/>\n<meta property=\"og:locale\" content=\"uk_UA\" \/>\n<meta property=\"og:type\" content=\"article\" \/>\n<meta property=\"og:title\" content=\"Vnit\u0159n\u00ed p\u0159edpis o z\u00e1kazu kou\u0159en\u00ed na pracovi\u0161ti - LegalShop - AB PARTNERS advok\u00e1ti\" \/>\n<meta property=\"og:description\" content=\"Vnit\u0159n\u00ed p\u0159edpis je intern\u00ed jednostrann\u00fd dokument vydan\u00fd zam\u011bstnavatelem, kter\u00fd m\u016f\u017ee stanovit mzdov\u00e1 nebo platov\u00e1 a ostatn\u00ed pr\u00e1va v pracovn\u011bpr\u00e1vn\u00edch vztaz\u00edch, z nich\u017e je opr\u00e1vn\u011bn zam\u011bstnanec. Obsahem vnit\u0159n\u00edho p\u0159edpisu tak mohou b\u00fdt pr\u00e1va zam\u011bstnanc\u016f stejn\u011b jako rozveden\u00ed jejich z\u00e1konn\u00fdch povinnost\u00ed. Vnit\u0159n\u00ed p\u0159edpis nesm\u00ed b\u00fdt v rozporu s pr\u00e1vn\u00edmi p\u0159edpisy ani b\u00fdt [...]\" \/>\n<meta property=\"og:url\" content=\"https:\/\/www.abpartners.cz\/uk\/legalshop\/vnitrni-predpis-o-zakazu-koureni-na-pracovisti\/\" \/>\n<meta property=\"og:site_name\" content=\"AB PARTNERS advok\u00e1ti\" \/>\n<meta property=\"article:publisher\" content=\"https:\/\/www.facebook.com\/abpartners.cz\/\" \/>\n<meta property=\"article:modified_time\" content=\"2021-04-04T13:10:08+00:00\" \/>\n<meta property=\"og:image\" content=\"https:\/\/www.abpartners.cz\/wp-content\/uploads\/2021\/01\/ikona_vzory_zamestnavatel.png\" \/>\n\t<meta property=\"og:image:width\" content=\"520\" \/>\n\t<meta property=\"og:image:height\" content=\"520\" \/>\n\t<meta property=\"og:image:type\" content=\"image\/png\" \/>\n<meta name=\"twitter:card\" content=\"summary_large_image\" \/>\n<meta name=\"twitter:site\" content=\"@ABPartners_cz\" \/>\n<meta name=\"twitter:label1\" content=\"\u0426\u0456\u043d\u0430\" \/>\n\t<meta name=\"twitter:data1\" content=\"351&nbsp;&#075;&#269; v\u010detn\u011b DPH\" \/>\n\t<meta name=\"twitter:label2\" content=\"\u0414\u043e\u0441\u0442\u0443\u043f\u043d\u0456\u0441\u0442\u044c\" \/>\n\t<meta name=\"twitter:data2\" content=\"\u041d\u0430 \u0441\u043a\u043b\u0430\u0434\u0456\" \/>\n<script type=\"application\/ld+json\" class=\"yoast-schema-graph\">{\"@context\":\"https:\\\/\\\/schema.org\",\"@graph\":[{\"@type\":\"WebPage\",\"@id\":\"https:\\\/\\\/www.abpartners.cz\\\/legalshop\\\/vnitrni-predpis-o-zakazu-koureni-na-pracovisti\\\/\",\"url\":\"https:\\\/\\\/www.abpartners.cz\\\/legalshop\\\/vnitrni-predpis-o-zakazu-koureni-na-pracovisti\\\/\",\"name\":\"Vnit\u0159n\u00ed p\u0159edpis o z\u00e1kazu kou\u0159en\u00ed na pracovi\u0161ti - LegalShop - AB PARTNERS advok\u00e1ti\",\"isPartOf\":{\"@id\":\"https:\\\/\\\/www.abpartners.cz\\\/#website\"},\"primaryImageOfPage\":{\"@id\":\"https:\\\/\\\/www.abpartners.cz\\\/legalshop\\\/vnitrni-predpis-o-zakazu-koureni-na-pracovisti\\\/#primaryimage\"},\"image\":{\"@id\":\"https:\\\/\\\/www.abpartners.cz\\\/legalshop\\\/vnitrni-predpis-o-zakazu-koureni-na-pracovisti\\\/#primaryimage\"},\"thumbnailUrl\":\"https:\\\/\\\/www.abpartners.cz\\\/wp-content\\\/uploads\\\/2021\\\/01\\\/ikona_vzory_zamestnavatel.png\",\"datePublished\":\"2021-02-07T19:17:13+00:00\",\"dateModified\":\"2021-04-04T13:10:08+00:00\",\"breadcrumb\":{\"@id\":\"https:\\\/\\\/www.abpartners.cz\\\/legalshop\\\/vnitrni-predpis-o-zakazu-koureni-na-pracovisti\\\/#breadcrumb\"},\"inLanguage\":\"uk\",\"potentialAction\":[{\"@type\":\"ReadAction\",\"target\":[\"https:\\\/\\\/www.abpartners.cz\\\/legalshop\\\/vnitrni-predpis-o-zakazu-koureni-na-pracovisti\\\/\"]}]},{\"@type\":\"ImageObject\",\"inLanguage\":\"uk\",\"@id\":\"https:\\\/\\\/www.abpartners.cz\\\/legalshop\\\/vnitrni-predpis-o-zakazu-koureni-na-pracovisti\\\/#primaryimage\",\"url\":\"https:\\\/\\\/www.abpartners.cz\\\/wp-content\\\/uploads\\\/2021\\\/01\\\/ikona_vzory_zamestnavatel.png\",\"contentUrl\":\"https:\\\/\\\/www.abpartners.cz\\\/wp-content\\\/uploads\\\/2021\\\/01\\\/ikona_vzory_zamestnavatel.png\",\"width\":520,\"height\":520},{\"@type\":\"BreadcrumbList\",\"@id\":\"https:\\\/\\\/www.abpartners.cz\\\/legalshop\\\/vnitrni-predpis-o-zakazu-koureni-na-pracovisti\\\/#breadcrumb\",\"itemListElement\":[{\"@type\":\"ListItem\",\"position\":1,\"name\":\"Dom\u016f\",\"item\":\"https:\\\/\\\/www.abpartners.cz\\\/\"},{\"@type\":\"ListItem\",\"position\":2,\"name\":\"LegalShop\",\"item\":\"https:\\\/\\\/www.abpartners.cz\\\/legalshop\\\/\"},{\"@type\":\"ListItem\",\"position\":3,\"name\":\"Vnit\u0159n\u00ed p\u0159edpis o z\u00e1kazu kou\u0159en\u00ed na pracovi\u0161ti\"}]},{\"@type\":\"WebSite\",\"@id\":\"https:\\\/\\\/www.abpartners.cz\\\/#website\",\"url\":\"https:\\\/\\\/www.abpartners.cz\\\/\",\"name\":\"AB PARTNERS advok\u00e1ti\",\"description\":\"AB PARTNERS advok\u00e1ti\",\"publisher\":{\"@id\":\"https:\\\/\\\/www.abpartners.cz\\\/#organization\"},\"potentialAction\":[{\"@type\":\"SearchAction\",\"target\":{\"@type\":\"EntryPoint\",\"urlTemplate\":\"https:\\\/\\\/www.abpartners.cz\\\/?s={search_term_string}\"},\"query-input\":{\"@type\":\"PropertyValueSpecification\",\"valueRequired\":true,\"valueName\":\"search_term_string\"}}],\"inLanguage\":\"uk\"},{\"@type\":\"Organization\",\"@id\":\"https:\\\/\\\/www.abpartners.cz\\\/#organization\",\"name\":\"AB PARTNERS advok\u00e1ti\",\"url\":\"https:\\\/\\\/www.abpartners.cz\\\/\",\"logo\":{\"@type\":\"ImageObject\",\"inLanguage\":\"uk\",\"@id\":\"https:\\\/\\\/www.abpartners.cz\\\/#\\\/schema\\\/logo\\\/image\\\/\",\"url\":\"https:\\\/\\\/www.abpartners.cz\\\/wp-content\\\/uploads\\\/2021\\\/01\\\/abpartners_regular_rgb_dark.png\",\"contentUrl\":\"https:\\\/\\\/www.abpartners.cz\\\/wp-content\\\/uploads\\\/2021\\\/01\\\/abpartners_regular_rgb_dark.png\",\"width\":1240,\"height\":236,\"caption\":\"AB PARTNERS advok\u00e1ti\"},\"image\":{\"@id\":\"https:\\\/\\\/www.abpartners.cz\\\/#\\\/schema\\\/logo\\\/image\\\/\"},\"sameAs\":[\"https:\\\/\\\/www.facebook.com\\\/abpartners.cz\\\/\",\"https:\\\/\\\/x.com\\\/ABPartners_cz\",\"https:\\\/\\\/www.linkedin.com\\\/company\\\/abpartners\\\/\",\"https:\\\/\\\/www.instagram.com\\\/abpartners.cz\\\/\"]}]}<\/script>\n<meta property=\"product:price:amount\" content=\"351\" \/>\n<meta property=\"product:price:currency\" content=\"CZK\" \/>\n<meta property=\"og:availability\" content=\"instock\" \/>\n<meta property=\"product:availability\" content=\"instock\" \/>\n<meta property=\"product:retailer_item_id\" content=\"204002\" \/>\n<meta property=\"product:condition\" content=\"new\" \/>\n<!-- \/ Yoast SEO plugin. -->","yoast_head_json":{"title":"Vnit\u0159n\u00ed p\u0159edpis o z\u00e1kazu kou\u0159en\u00ed na pracovi\u0161ti - LegalShop - AB PARTNERS advok\u00e1ti","robots":{"index":"index","follow":"follow","max-snippet":"max-snippet:-1","max-image-preview":"max-image-preview:large","max-video-preview":"max-video-preview:-1"},"canonical":"https:\/\/www.abpartners.cz\/uk\/legalshop\/vnitrni-predpis-o-zakazu-koureni-na-pracovisti\/","og_locale":"uk_UA","og_type":"article","og_title":"Vnit\u0159n\u00ed p\u0159edpis o z\u00e1kazu kou\u0159en\u00ed na pracovi\u0161ti - LegalShop - AB PARTNERS advok\u00e1ti","og_description":"Vnit\u0159n\u00ed p\u0159edpis je intern\u00ed jednostrann\u00fd dokument vydan\u00fd zam\u011bstnavatelem, kter\u00fd m\u016f\u017ee stanovit mzdov\u00e1 nebo platov\u00e1 a ostatn\u00ed pr\u00e1va v pracovn\u011bpr\u00e1vn\u00edch vztaz\u00edch, z nich\u017e je opr\u00e1vn\u011bn zam\u011bstnanec. Obsahem vnit\u0159n\u00edho p\u0159edpisu tak mohou b\u00fdt pr\u00e1va zam\u011bstnanc\u016f stejn\u011b jako rozveden\u00ed jejich z\u00e1konn\u00fdch povinnost\u00ed. Vnit\u0159n\u00ed p\u0159edpis nesm\u00ed b\u00fdt v rozporu s pr\u00e1vn\u00edmi p\u0159edpisy ani b\u00fdt [...]","og_url":"https:\/\/www.abpartners.cz\/uk\/legalshop\/vnitrni-predpis-o-zakazu-koureni-na-pracovisti\/","og_site_name":"AB PARTNERS advok\u00e1ti","article_publisher":"https:\/\/www.facebook.com\/abpartners.cz\/","article_modified_time":"2021-04-04T13:10:08+00:00","og_image":[{"width":520,"height":520,"url":"https:\/\/www.abpartners.cz\/wp-content\/uploads\/2021\/01\/ikona_vzory_zamestnavatel.png","type":"image\/png"}],"twitter_card":"summary_large_image","twitter_site":"@ABPartners_cz","twitter_misc":{"\u0426\u0456\u043d\u0430":"351&nbsp;&#75;&#269; v\u010detn\u011b DPH","\u0414\u043e\u0441\u0442\u0443\u043f\u043d\u0456\u0441\u0442\u044c":"\u041d\u0430 \u0441\u043a\u043b\u0430\u0434\u0456"},"schema":{"@context":"https:\/\/schema.org","@graph":[{"@type":"WebPage","@id":"https:\/\/www.abpartners.cz\/legalshop\/vnitrni-predpis-o-zakazu-koureni-na-pracovisti\/","url":"https:\/\/www.abpartners.cz\/legalshop\/vnitrni-predpis-o-zakazu-koureni-na-pracovisti\/","name":"Vnit\u0159n\u00ed p\u0159edpis o z\u00e1kazu kou\u0159en\u00ed na pracovi\u0161ti - LegalShop - AB PARTNERS advok\u00e1ti","isPartOf":{"@id":"https:\/\/www.abpartners.cz\/#website"},"primaryImageOfPage":{"@id":"https:\/\/www.abpartners.cz\/legalshop\/vnitrni-predpis-o-zakazu-koureni-na-pracovisti\/#primaryimage"},"image":{"@id":"https:\/\/www.abpartners.cz\/legalshop\/vnitrni-predpis-o-zakazu-koureni-na-pracovisti\/#primaryimage"},"thumbnailUrl":"https:\/\/www.abpartners.cz\/wp-content\/uploads\/2021\/01\/ikona_vzory_zamestnavatel.png","datePublished":"2021-02-07T19:17:13+00:00","dateModified":"2021-04-04T13:10:08+00:00","breadcrumb":{"@id":"https:\/\/www.abpartners.cz\/legalshop\/vnitrni-predpis-o-zakazu-koureni-na-pracovisti\/#breadcrumb"},"inLanguage":"uk","potentialAction":[{"@type":"ReadAction","target":["https:\/\/www.abpartners.cz\/legalshop\/vnitrni-predpis-o-zakazu-koureni-na-pracovisti\/"]}]},{"@type":"ImageObject","inLanguage":"uk","@id":"https:\/\/www.abpartners.cz\/legalshop\/vnitrni-predpis-o-zakazu-koureni-na-pracovisti\/#primaryimage","url":"https:\/\/www.abpartners.cz\/wp-content\/uploads\/2021\/01\/ikona_vzory_zamestnavatel.png","contentUrl":"https:\/\/www.abpartners.cz\/wp-content\/uploads\/2021\/01\/ikona_vzory_zamestnavatel.png","width":520,"height":520},{"@type":"BreadcrumbList","@id":"https:\/\/www.abpartners.cz\/legalshop\/vnitrni-predpis-o-zakazu-koureni-na-pracovisti\/#breadcrumb","itemListElement":[{"@type":"ListItem","position":1,"name":"Dom\u016f","item":"https:\/\/www.abpartners.cz\/"},{"@type":"ListItem","position":2,"name":"LegalShop","item":"https:\/\/www.abpartners.cz\/legalshop\/"},{"@type":"ListItem","position":3,"name":"Vnit\u0159n\u00ed p\u0159edpis o z\u00e1kazu kou\u0159en\u00ed na pracovi\u0161ti"}]},{"@type":"WebSite","@id":"https:\/\/www.abpartners.cz\/#website","url":"https:\/\/www.abpartners.cz\/","name":"\u0410\u0434\u0432\u043e\u043a\u0430\u0442\u0441\u044c\u043a\u0435 \u043e\u0431'\u0454\u0434\u043d\u0430\u043d\u043d\u044f AB PARTNERS","description":"\u0410\u0434\u0432\u043e\u043a\u0430\u0442\u0441\u044c\u043a\u0435 \u043e\u0431'\u0454\u0434\u043d\u0430\u043d\u043d\u044f AB PARTNERS","publisher":{"@id":"https:\/\/www.abpartners.cz\/#organization"},"potentialAction":[{"@type":"SearchAction","target":{"@type":"EntryPoint","urlTemplate":"https:\/\/www.abpartners.cz\/?s={search_term_string}"},"query-input":{"@type":"PropertyValueSpecification","valueRequired":true,"valueName":"search_term_string"}}],"inLanguage":"uk"},{"@type":"Organization","@id":"https:\/\/www.abpartners.cz\/#organization","name":"\u0410\u0434\u0432\u043e\u043a\u0430\u0442\u0441\u044c\u043a\u0435 \u043e\u0431'\u0454\u0434\u043d\u0430\u043d\u043d\u044f AB PARTNERS","url":"https:\/\/www.abpartners.cz\/","logo":{"@type":"ImageObject","inLanguage":"uk","@id":"https:\/\/www.abpartners.cz\/#\/schema\/logo\/image\/","url":"https:\/\/www.abpartners.cz\/wp-content\/uploads\/2021\/01\/abpartners_regular_rgb_dark.png","contentUrl":"https:\/\/www.abpartners.cz\/wp-content\/uploads\/2021\/01\/abpartners_regular_rgb_dark.png","width":1240,"height":236,"caption":"AB PARTNERS advok\u00e1ti"},"image":{"@id":"https:\/\/www.abpartners.cz\/#\/schema\/logo\/image\/"},"sameAs":["https:\/\/www.facebook.com\/abpartners.cz\/","https:\/\/x.com\/ABPartners_cz","https:\/\/www.linkedin.com\/company\/abpartners\/","https:\/\/www.instagram.com\/abpartners.cz\/"]}]},"product_price_amount":"351","product_price_currency":"CZK","og_availability":"instock","product_availability":"instock","product_retailer_item_id":"204002","product_condition":"new"},"_links":{"self":[{"href":"https:\/\/www.abpartners.cz\/uk\/wp-json\/wp\/v2\/product\/3254","targetHints":{"allow":["GET"]}}],"collection":[{"href":"https:\/\/www.abpartners.cz\/uk\/wp-json\/wp\/v2\/product"}],"about":[{"href":"https:\/\/www.abpartners.cz\/uk\/wp-json\/wp\/v2\/types\/product"}],"wp:featuredmedia":[{"embeddable":true,"href":"https:\/\/www.abpartners.cz\/uk\/wp-json\/wp\/v2\/media\/2524"}],"wp:attachment":[{"href":"https:\/\/www.abpartners.cz\/uk\/wp-json\/wp\/v2\/media?parent=3254"}],"wp:term":[{"taxonomy":"product_brand","embeddable":true,"href":"https:\/\/www.abpartners.cz\/uk\/wp-json\/wp\/v2\/product_brand?post=3254"},{"taxonomy":"product_cat","embeddable":true,"href":"https:\/\/www.abpartners.cz\/uk\/wp-json\/wp\/v2\/product_cat?post=3254"},{"taxonomy":"product_tag","embeddable":true,"href":"https:\/\/www.abpartners.cz\/uk\/wp-json\/wp\/v2\/product_tag?post=3254"}],"curies":[{"name":"wp","href":"https:\/\/api.w.org\/{rel}","templated":true}]}}