{"id":3113,"date":"2021-01-25T12:06:42","date_gmt":"2021-01-25T11:06:42","guid":{"rendered":"https:\/\/www.abpartners.cz\/?page_id=3113"},"modified":"2021-01-25T12:06:42","modified_gmt":"2021-01-25T11:06:42","slug":"pohledavky","status":"publish","type":"page","link":"https:\/\/www.abpartners.cz\/uk\/sluzby\/pohledavky\/","title":{"rendered":"\u0421\u0442\u044f\u0433\u043d\u0435\u043d\u043d\u044f \u0442\u0430 \u0443\u043f\u0440\u0430\u0432\u043b\u0456\u043d\u043d\u044f \u0437\u0430\u0431\u043e\u0440\u0433\u043e\u0432\u0430\u043d\u0456\u0441\u0442\u044e"},"content":{"rendered":"<p><div class=\"fusion-fullwidth fullwidth-box fusion-builder-row-1 fusion-flex-container nonhundred-percent-fullwidth non-hundred-percent-height-scrolling\" style=\"--awb-border-radius-top-left:0px;--awb-border-radius-top-right:0px;--awb-border-radius-bottom-right:0px;--awb-border-radius-bottom-left:0px;--awb-padding-top:94px;--awb-padding-bottom:94px;--awb-padding-top-medium:60px;--awb-padding-bottom-medium:60px;--awb-flex-wrap:wrap;\" ><div class=\"fusion-builder-row fusion-row fusion-flex-align-items-stretch fusion-flex-justify-content-center fusion-flex-content-wrap\" style=\"max-width:1248px;margin-left: calc(-4% \/ 2 );margin-right: calc(-4% \/ 2 );\"><div class=\"fusion-layout-column fusion_builder_column fusion-builder-column-0 fusion_builder_column_3_5 3_5 fusion-flex-column\" style=\"--awb-bg-size:cover;--awb-width-large:60%;--awb-margin-top-large:0px;--awb-spacing-right-large:3.2%;--awb-margin-bottom-large:20px;--awb-spacing-left-large:3.2%;--awb-width-medium:60%;--awb-order-medium:0;--awb-spacing-right-medium:3.2%;--awb-spacing-left-medium:3.2%;--awb-width-small:100%;--awb-order-small:0;--awb-spacing-right-small:1.92%;--awb-spacing-left-small:1.92%;\"><div class=\"fusion-column-wrapper fusion-column-has-shadow fusion-flex-justify-content-flex-start fusion-content-layout-column\"><div class=\"fusion-text fusion-text-1\"><div class=\"wpb_column vc_column_container tm-col-textcolor-default tm-col-bgcolor-default tm-col-background-image vc_col-sm-8\">\n<div class=\"vc_column-inner\">\n<div class=\"wpb_wrapper\">\n<div class=\"wpb_text_column wpb_content_element\">\n<div class=\"wpb_wrapper\">\n<div class=\"wpb_column vc_column_container tm-col-textcolor-default tm-col-bgcolor-default tm-col-background-image vc_col-sm-8\">\n<div class=\"vc_column-inner\">\n<div class=\"wpb_wrapper\">\n<div class=\"wpb_text_column wpb_content_element\">\n<div class=\"wpb_wrapper\">\n<p>Na\u0161e kancel\u00e1\u0159 V\u00e1m pom\u016f\u017ee se spr\u00e1vou a\u00a0vym\u00e1h\u00e1n\u00edm Va\u0161ich pohled\u00e1vek za dlu\u017en\u00edky. Zastupujeme <strong>p\u0159edn\u00ed \u010desk\u00e9 i nadn\u00e1rodn\u00ed spole\u010dnosti <\/strong>a m\u00e1me tak zku\u0161enosti se spr\u00e1vou soubor\u016f pohled\u00e1vek \u010d\u00edtaj\u00edc\u00edch <strong>tis\u00edce kus\u016f<\/strong>.<\/p>\n<p>Zku\u0161en\u00ed advok\u00e1ti V\u00e1m poskytnou komplexn\u00ed pr\u00e1vn\u00ed rady a navrhnou nejefektivn\u011bj\u0161\u00ed postup pro \u0159\u00e1dn\u00e9 splacen\u00ed v\u0161ech Va\u0161ich n\u00e1rok\u016f.<\/p>\n<p>Obvykl\u00fd postup, kter\u00fd vol\u00edme p\u0159i vym\u00e1h\u00e1n\u00ed pohled\u00e1vek je odesl\u00e1n\u00ed <strong>p\u00edsemn\u00e9 v\u00fdzvy dlu\u017en\u00edkovi <\/strong>k\u00a0\u00fahrad\u011b jeho dluhu, a to <strong>na v\u0161echny dostupn\u00e9 kontaktn\u00ed \u00fadaje<\/strong>. Nedostoj\u00ed-li dlu\u017en\u00edk sv\u00fdm z\u00e1vazk\u016fm dobrovoln\u011b, budeme V\u00e1s zastupovat v\u00a0<strong>soudn\u00edm \u0159\u00edzen\u00ed<\/strong>. N\u00e1sledn\u011b jsme p\u0159ipraven\u00ed zajistit v\u00fdkon rozhodnut\u00ed skrze<strong> spolupracuj\u00edc\u00ed exekutorsk\u00e9 \u00fa\u0159ady za zv\u00fdhodn\u011bn\u00fdch podm\u00ednek<\/strong>. Vedle toho m\u00e1te mo\u017enost si vybrat i V\u00e1mi preferovan\u00fd exekutorsk\u00fd \u00fa\u0159ad.<\/p>\n<p>Po celou dobu jste <strong>informov\u00e1ni o stavu vym\u00e1h\u00e1n\u00ed prost\u0159ednictv\u00edm pravideln\u00fdch report\u016f<\/strong>. K\u00a0dispozici jsou tak\u00e9 <strong>cloudov\u00e1 \u00falo\u017ei\u0161t\u011b<\/strong> pro hromadn\u00e9 p\u0159ed\u00e1v\u00e1n\u00ed dat o dlu\u017en\u00edc\u00edch, <strong>vzd\u00e1len\u00e9 p\u0159\u00edstupy <\/strong>do p\u0159ehledu Va\u0161ich spis\u016f u advok\u00e1tn\u00ed kancel\u00e1\u0159e i spolupracuj\u00edc\u00edho exekutorsk\u00e9ho \u00fa\u0159adu, kompletn\u00ed<strong> lustrace dlu\u017en\u00edka v\u010detn\u011b v\u00fdpis\u016f z\u00a0centr\u00e1ln\u00ed evidence exekuc\u00ed, insolven\u010dn\u00edho, obchodn\u00edho a \u017eivnostensk\u00e9ho rejst\u0159\u00edku, katastru nemovitost\u00ed, na po\u017e\u00e1d\u00e1n\u00ed ve\u0159ejn\u011b nep\u0159\u00edstupn\u00e1 kompletn\u00ed lustrace majetku dlu\u017en\u00edka, prov\u011b\u0159en\u00ed odcizen\u00ed doklad\u016f toto\u017enosti apod.<\/strong><\/p>\n<p>Mimo jin\u00e9 zaji\u0161\u0165ujeme pr\u00e1vn\u00ed servis i v\u00a0p\u0159\u00edpad\u011b <strong>prodeje \u010di n\u00e1kupu pohled\u00e1vek<\/strong>.<\/p>\n<\/div>\n<\/div>\n<\/div>\n<\/div>\n<\/div>\n<\/div>\n<\/div>\n<\/div>\n<\/div>\n<\/div>\n<\/div><\/div><\/div><div class=\"fusion-layout-column fusion_builder_column fusion-builder-column-1 fusion_builder_column_2_5 2_5 fusion-flex-column\" style=\"--awb-padding-top:40px;--awb-padding-right:40px;--awb-padding-bottom:40px;--awb-padding-left:40px;--awb-overflow:hidden;--awb-bg-color:#14253f;--awb-bg-color-hover:#14253f;--awb-bg-size:cover;--awb-box-shadow:0px 2px 4px -1px rgba(0,0,0,0.05);;--awb-border-color:rgba(0,0,0,0.05);--awb-border-style:solid;--awb-border-radius:10px 10px 10px 10px;--awb-width-large:40%;--awb-margin-top-large:0px;--awb-spacing-right-large:0px;--awb-margin-bottom-large:20px;--awb-spacing-left-large:16px;--awb-width-medium:50%;--awb-order-medium:0;--awb-spacing-right-medium:0px;--awb-spacing-left-medium:16px;--awb-width-small:100%;--awb-order-small:0;--awb-margin-top-small:0px;--awb-spacing-right-small:1.92%;--awb-margin-bottom-small:1px;--awb-spacing-left-small:1.92%;\"><div class=\"fusion-column-wrapper fusion-column-has-shadow fusion-flex-justify-content-flex-start fusion-content-layout-column\"><div class=\"fusion-title title fusion-title-1 fusion-sep-none fusion-title-text fusion-title-size-six\" style=\"--awb-text-color:#ffffff;--awb-margin-top-small:10px;--awb-margin-right-small:0px;--awb-margin-bottom-small:10px;--awb-margin-left-small:0px;\"><h6 class=\"fusion-title-heading title-heading-left\" style=\"margin:0;\"><strong>\u0412\u0438\u0431\u0456\u0440 \u043f\u043e\u0441\u043b\u0443\u0433, \u0449\u043e \u043d\u0430\u0434\u0430\u044e\u0442\u044c\u0441\u044f<\/strong><\/h6><\/div><ul style=\"--awb-line-height:27.2px;--awb-icon-width:27.2px;--awb-icon-height:27.2px;--awb-icon-margin:11.2px;--awb-content-margin:38.4px;--awb-circlecolor:#b61e3f;--awb-circle-yes-font-size:14.08px;\" class=\"fusion-checklist fusion-checklist-1 fusion-checklist-default type-icons\"><li class=\"fusion-li-item\" style=\"\"><span class=\"icon-wrapper circle-yes\"><i class=\"fusion-li-icon fa-check-circle fas\" aria-hidden=\"true\"><\/i><\/span><div class=\"fusion-li-item-content\">\n<p><span style=\"color: #ffffff;\">Lustrace dlu\u017en\u00edk\u016f a jejich majetku<\/span><\/p>\n<\/div><\/li><li class=\"fusion-li-item\" style=\"\"><span class=\"icon-wrapper circle-yes\"><i class=\"fusion-li-icon fa-check-circle fas\" aria-hidden=\"true\"><\/i><\/span><div class=\"fusion-li-item-content\">\n<p><span style=\"color: #ffffff;\">P\u0159ed\u017ealobn\u00ed v\u00fdzva <\/span><\/p>\n<\/div><\/li><li class=\"fusion-li-item\" style=\"\"><span class=\"icon-wrapper circle-yes\"><i class=\"fusion-li-icon fa-check-circle fas\" aria-hidden=\"true\"><\/i><\/span><div class=\"fusion-li-item-content\">\n<p><span style=\"color: #ffffff;\">Pod\u00e1n\u00ed \u017ealoby, n\u00e1vrhu na vyd\u00e1n\u00ed elektronick\u00e9ho platebn\u00edho rozkazu, sm\u011bne\u010dn\u00e9ho platebn\u00edho rozkazu, evropsk\u00e9ho platebn\u00edho rozkazu<\/span><\/p>\n<\/div><\/li><li class=\"fusion-li-item\" style=\"\"><span class=\"icon-wrapper circle-yes\"><i class=\"fusion-li-icon fa-check-circle fas\" aria-hidden=\"true\"><\/i><\/span><div class=\"fusion-li-item-content\">\n<p><span style=\"color: #ffffff;\">Spr\u00e1va soubor\u016f pohled\u00e1vek (kompletn\u00ed servis v\u010detn\u011b pravideln\u00e9ho reportingu, vzd\u00e1len\u00fdch p\u0159\u00edstup\u016f, cloudov\u00fdch \u00falo\u017ei\u0161\u0165 pro v\u00fdm\u011bnu dat apod.)<\/span><\/p>\n<\/div><\/li><li class=\"fusion-li-item\" style=\"\"><span class=\"icon-wrapper circle-yes\"><i class=\"fusion-li-icon fa-check-circle fas\" aria-hidden=\"true\"><\/i><\/span><div class=\"fusion-li-item-content\">\n<p><span style=\"color: #ffffff;\">P\u0159ihl\u00e1\u0161ky pohled\u00e1vek do insolven\u010dn\u00edch \u0159\u00edzen\u00ed, dra\u017eeb, d\u011bdictv\u00ed, likvidace<\/span><\/p>\n<\/div><\/li><li class=\"fusion-li-item\" style=\"\"><span class=\"icon-wrapper circle-yes\"><i class=\"fusion-li-icon fa-check-circle fas\" aria-hidden=\"true\"><\/i><\/span><div class=\"fusion-li-item-content\">\n<p><span style=\"color: #ffffff;\">\u0421\u0442\u0440\u0430\u0442\u0430<\/span><\/p>\n<\/div><\/li><li class=\"fusion-li-item\" style=\"\"><span class=\"icon-wrapper circle-yes\"><i class=\"fusion-li-icon fa-check-circle fas\" aria-hidden=\"true\"><\/i><\/span><div class=\"fusion-li-item-content\">\n<p><span style=\"color: #ffffff;\">Postoupen\u00ed pohled\u00e1vek (n\u00e1kup, prodej, anal\u00fdza vymahatelnosti)<\/span><\/p>\n<\/div><\/li><li class=\"fusion-li-item\" style=\"\"><span class=\"icon-wrapper circle-yes\"><i class=\"fusion-li-icon fa-check-circle fas\" aria-hidden=\"true\"><\/i><\/span><div class=\"fusion-li-item-content\">\n<p><span style=\"color: #ffffff;\">Zaji\u0161t\u011bn\u00ed pohled\u00e1vek (sm\u011bnky, ru\u010den\u00ed, z\u00e1stavn\u00ed pr\u00e1vo, zaji\u0161\u0165ovac\u00ed p\u0159evod nemovitosti apod.)<\/span><\/p>\n<\/div><\/li><li class=\"fusion-li-item\" style=\"\"><span class=\"icon-wrapper circle-yes\"><i class=\"fusion-li-icon fa-check-circle fas\" aria-hidden=\"true\"><\/i><\/span><div class=\"fusion-li-item-content\">\n<p><span style=\"color: #ffffff;\">Sepis smluv o z\u00e1p\u016fj\u010dce, uzn\u00e1n\u00ed dluhu a spl\u00e1tkov\u00fdch kalend\u00e1\u0159\u016f<\/span><\/p>\n<\/div><\/li><li class=\"fusion-li-item\" style=\"\"><span class=\"icon-wrapper circle-yes\"><i class=\"fusion-li-icon fa-check-circle fas\" aria-hidden=\"true\"><\/i><\/span><div class=\"fusion-li-item-content\">\n<p><span style=\"color: #ffffff;\">Spolupr\u00e1ce s not\u00e1\u0159i, zaji\u0161t\u011bn\u00ed not\u00e1\u0159sk\u00fdch z\u00e1pis\u016f s p\u0159\u00edmou vykonatelnost\u00ed<\/span><\/p>\n<\/div><\/li><\/ul><\/div><\/div><\/div><\/div><div class=\"fusion-fullwidth fullwidth-box fusion-builder-row-2 fusion-flex-container nonhundred-percent-fullwidth non-hundred-percent-height-scrolling\" style=\"--awb-border-radius-top-left:0px;--awb-border-radius-top-right:0px;--awb-border-radius-bottom-right:0px;--awb-border-radius-bottom-left:0px;--awb-padding-top:60px;--awb-padding-bottom:60px;--awb-padding-bottom-medium:32px;--awb-padding-top-small:40px;--awb-padding-bottom-small:0px;--awb-flex-wrap:wrap;\" ><div class=\"fusion-builder-row fusion-row fusion-flex-align-items-flex-start fusion-flex-justify-content-center fusion-flex-content-wrap\" style=\"max-width:1248px;margin-left: calc(-4% \/ 2 );margin-right: calc(-4% \/ 2 );\"><div class=\"fusion-layout-column fusion_builder_column fusion-builder-column-2 fusion_builder_column_3_4 3_4 fusion-flex-column\" style=\"--awb-overflow:hidden;--awb-bg-color:#14253f;--awb-bg-color-hover:#14253f;--awb-bg-size:cover;--awb-box-shadow:10px 10px 70px -19px #282828;;--awb-border-radius:20px 20px 20px 20px;--awb-width-large:75%;--awb-margin-top-large:0px;--awb-spacing-right-large:2.56%;--awb-margin-bottom-large:20px;--awb-spacing-left-large:2.56%;--awb-width-medium:75%;--awb-spacing-right-medium:2.56%;--awb-margin-bottom-medium:30px;--awb-spacing-left-medium:2.56%;--awb-width-small:100%;--awb-spacing-right-small:1.92%;--awb-spacing-left-small:1.92%;\"><div class=\"fusion-column-wrapper fusion-column-has-shadow fusion-flex-justify-content-flex-start fusion-content-layout-column\"><div class=\"fusion-title title fusion-title-2 fusion-sep-none fusion-title-center fusion-title-text fusion-title-size-two\" style=\"--awb-text-color:#ffffff;--awb-margin-top:30px;--awb-margin-top-small:30px;--awb-margin-right-small:30px;--awb-margin-bottom-small:10px;--awb-margin-left-small:30px;\"><h2 class=\"fusion-title-heading title-heading-center\" style=\"margin:0;\">\u041f\u043e\u0442\u0440\u0456\u0431\u043d\u0435 \u0456\u043d\u0434\u0438\u0432\u0456\u0434\u0443\u0430\u043b\u044c\u043d\u0435 \u0440\u0456\u0448\u0435\u043d\u043d\u044f<span style=\"color: #e61e49;\">.<\/span><\/h2><\/div><div class=\"fusion-text fusion-text-2\" style=\"--awb-content-alignment:center;--awb-font-size:26px;--awb-line-height:36px;--awb-text-color:#eaeaea;--awb-margin-right:30px;--awb-margin-left:30px;\"><p>\u0414\u0437\u0432\u043e\u043d\u0456\u0442\u044c \u043d\u0430\u043c. <span style=\"color: #2cbc63;\"><span style=\"color: #e61e49;\">+420 602 127 400<\/span><br \/>\n<\/span><\/p>\n<\/div><div style=\"text-align:center;\"><a class=\"fusion-button button-flat fusion-button-default-size button-custom fusion-button-default button-1 fusion-button-default-span fusion-button-default-type\" style=\"--awb-margin-top:12px;--awb-margin-bottom:32px;--button_accent_color:#ffffff;--button_accent_hover_color:#b61e3f;--button_border_hover_color:#b61e3f;--button_gradient_top_color:#b61e3f;--button_gradient_bottom_color:#b61e3f;--button_gradient_top_color_hover:#ffffff;--button_gradient_bottom_color_hover:#ffffff;\" target=\"_self\" href=\"https:\/\/www.abpartners.cz\/uk\/kontakt\/\"><i class=\"icon-accountant-call-us awb-button__icon awb-button__icon--default button-icon-left\" aria-hidden=\"true\"><\/i><span class=\"fusion-button-text awb-button__text awb-button__text--default\">\u0417\u0432'\u044f\u0436\u0456\u0442\u044c\u0441\u044f \u0437 \u043d\u0430\u043c\u0438!<\/span><\/a><\/div><\/div><\/div><\/div><\/div>\n<\/p>","protected":false},"excerpt":{"rendered":"","protected":false},"author":1,"featured_media":0,"parent":40,"menu_order":0,"comment_status":"closed","ping_status":"closed","template":"100-width.php","meta":{"_acf_changed":false,"rs_blank_template":"","rs_page_bg_color":"","slide_template_v7":"","footnotes":""},"class_list":["post-3113","page","type-page","status-publish","hentry"],"acf":[],"yoast_head":"<!-- This site is optimized with the Yoast SEO plugin v27.4 - https:\/\/yoast.com\/product\/yoast-seo-wordpress\/ -->\n<title>Vym\u00e1h\u00e1n\u00ed a spr\u00e1va pohled\u00e1vek - AB PARTNERS advok\u00e1ti<\/title>\n<meta name=\"robots\" content=\"index, follow, max-snippet:-1, max-image-preview:large, max-video-preview:-1\" \/>\n<link rel=\"canonical\" href=\"https:\/\/www.abpartners.cz\/uk\/sluzby\/pohledavky\/\" \/>\n<meta property=\"og:locale\" content=\"uk_UA\" \/>\n<meta property=\"og:type\" content=\"article\" \/>\n<meta property=\"og:title\" content=\"Vym\u00e1h\u00e1n\u00ed a spr\u00e1va pohled\u00e1vek - AB PARTNERS advok\u00e1ti\" \/>\n<meta property=\"og:url\" content=\"https:\/\/www.abpartners.cz\/uk\/sluzby\/pohledavky\/\" \/>\n<meta property=\"og:site_name\" content=\"AB PARTNERS advok\u00e1ti\" \/>\n<meta property=\"article:publisher\" content=\"https:\/\/www.facebook.com\/abpartners.cz\/\" \/>\n<meta name=\"twitter:card\" content=\"summary_large_image\" \/>\n<meta name=\"twitter:site\" content=\"@ABPartners_cz\" \/>\n<meta name=\"twitter:label1\" content=\"\u041f\u0440\u0438\u0431\u043b. \u0447\u0430\u0441 \u0447\u0438\u0442\u0430\u043d\u043d\u044f\" \/>\n\t<meta name=\"twitter:data1\" content=\"8 \u0445\u0432\u0438\u043b\u0438\u043d\" \/>\n<script type=\"application\/ld+json\" class=\"yoast-schema-graph\">{\"@context\":\"https:\\\/\\\/schema.org\",\"@graph\":[{\"@type\":\"WebPage\",\"@id\":\"https:\\\/\\\/www.abpartners.cz\\\/sluzby\\\/pohledavky\\\/\",\"url\":\"https:\\\/\\\/www.abpartners.cz\\\/sluzby\\\/pohledavky\\\/\",\"name\":\"Vym\u00e1h\u00e1n\u00ed a spr\u00e1va pohled\u00e1vek - AB PARTNERS advok\u00e1ti\",\"isPartOf\":{\"@id\":\"https:\\\/\\\/www.abpartners.cz\\\/#website\"},\"datePublished\":\"2021-01-25T11:06:42+00:00\",\"breadcrumb\":{\"@id\":\"https:\\\/\\\/www.abpartners.cz\\\/sluzby\\\/pohledavky\\\/#breadcrumb\"},\"inLanguage\":\"uk\",\"potentialAction\":[{\"@type\":\"ReadAction\",\"target\":[\"https:\\\/\\\/www.abpartners.cz\\\/sluzby\\\/pohledavky\\\/\"]}]},{\"@type\":\"BreadcrumbList\",\"@id\":\"https:\\\/\\\/www.abpartners.cz\\\/sluzby\\\/pohledavky\\\/#breadcrumb\",\"itemListElement\":[{\"@type\":\"ListItem\",\"position\":1,\"name\":\"Dom\u016f\",\"item\":\"https:\\\/\\\/www.abpartners.cz\\\/\"},{\"@type\":\"ListItem\",\"position\":2,\"name\":\"Pr\u00e1vn\u00ed slu\u017eby\",\"item\":\"https:\\\/\\\/www.abpartners.cz\\\/sluzby\\\/\"},{\"@type\":\"ListItem\",\"position\":3,\"name\":\"Vym\u00e1h\u00e1n\u00ed a spr\u00e1va pohled\u00e1vek\"}]},{\"@type\":\"WebSite\",\"@id\":\"https:\\\/\\\/www.abpartners.cz\\\/#website\",\"url\":\"https:\\\/\\\/www.abpartners.cz\\\/\",\"name\":\"AB PARTNERS advok\u00e1ti\",\"description\":\"AB PARTNERS advok\u00e1ti\",\"publisher\":{\"@id\":\"https:\\\/\\\/www.abpartners.cz\\\/#organization\"},\"potentialAction\":[{\"@type\":\"SearchAction\",\"target\":{\"@type\":\"EntryPoint\",\"urlTemplate\":\"https:\\\/\\\/www.abpartners.cz\\\/?s={search_term_string}\"},\"query-input\":{\"@type\":\"PropertyValueSpecification\",\"valueRequired\":true,\"valueName\":\"search_term_string\"}}],\"inLanguage\":\"uk\"},{\"@type\":\"Organization\",\"@id\":\"https:\\\/\\\/www.abpartners.cz\\\/#organization\",\"name\":\"AB PARTNERS advok\u00e1ti\",\"url\":\"https:\\\/\\\/www.abpartners.cz\\\/\",\"logo\":{\"@type\":\"ImageObject\",\"inLanguage\":\"uk\",\"@id\":\"https:\\\/\\\/www.abpartners.cz\\\/#\\\/schema\\\/logo\\\/image\\\/\",\"url\":\"https:\\\/\\\/www.abpartners.cz\\\/wp-content\\\/uploads\\\/2021\\\/01\\\/abpartners_regular_rgb_dark.png\",\"contentUrl\":\"https:\\\/\\\/www.abpartners.cz\\\/wp-content\\\/uploads\\\/2021\\\/01\\\/abpartners_regular_rgb_dark.png\",\"width\":1240,\"height\":236,\"caption\":\"AB PARTNERS advok\u00e1ti\"},\"image\":{\"@id\":\"https:\\\/\\\/www.abpartners.cz\\\/#\\\/schema\\\/logo\\\/image\\\/\"},\"sameAs\":[\"https:\\\/\\\/www.facebook.com\\\/abpartners.cz\\\/\",\"https:\\\/\\\/x.com\\\/ABPartners_cz\",\"https:\\\/\\\/www.linkedin.com\\\/company\\\/abpartners\\\/\",\"https:\\\/\\\/www.instagram.com\\\/abpartners.cz\\\/\"]}]}<\/script>\n<!-- \/ Yoast SEO plugin. -->","yoast_head_json":{"title":"Vym\u00e1h\u00e1n\u00ed a spr\u00e1va pohled\u00e1vek - AB PARTNERS advok\u00e1ti","robots":{"index":"index","follow":"follow","max-snippet":"max-snippet:-1","max-image-preview":"max-image-preview:large","max-video-preview":"max-video-preview:-1"},"canonical":"https:\/\/www.abpartners.cz\/uk\/sluzby\/pohledavky\/","og_locale":"uk_UA","og_type":"article","og_title":"Vym\u00e1h\u00e1n\u00ed a spr\u00e1va pohled\u00e1vek - AB PARTNERS advok\u00e1ti","og_url":"https:\/\/www.abpartners.cz\/uk\/sluzby\/pohledavky\/","og_site_name":"AB PARTNERS advok\u00e1ti","article_publisher":"https:\/\/www.facebook.com\/abpartners.cz\/","twitter_card":"summary_large_image","twitter_site":"@ABPartners_cz","twitter_misc":{"\u041f\u0440\u0438\u0431\u043b. \u0447\u0430\u0441 \u0447\u0438\u0442\u0430\u043d\u043d\u044f":"8 \u0445\u0432\u0438\u043b\u0438\u043d"},"schema":{"@context":"https:\/\/schema.org","@graph":[{"@type":"WebPage","@id":"https:\/\/www.abpartners.cz\/sluzby\/pohledavky\/","url":"https:\/\/www.abpartners.cz\/sluzby\/pohledavky\/","name":"Vym\u00e1h\u00e1n\u00ed a spr\u00e1va pohled\u00e1vek - AB PARTNERS advok\u00e1ti","isPartOf":{"@id":"https:\/\/www.abpartners.cz\/#website"},"datePublished":"2021-01-25T11:06:42+00:00","breadcrumb":{"@id":"https:\/\/www.abpartners.cz\/sluzby\/pohledavky\/#breadcrumb"},"inLanguage":"uk","potentialAction":[{"@type":"ReadAction","target":["https:\/\/www.abpartners.cz\/sluzby\/pohledavky\/"]}]},{"@type":"BreadcrumbList","@id":"https:\/\/www.abpartners.cz\/sluzby\/pohledavky\/#breadcrumb","itemListElement":[{"@type":"ListItem","position":1,"name":"Dom\u016f","item":"https:\/\/www.abpartners.cz\/"},{"@type":"ListItem","position":2,"name":"Pr\u00e1vn\u00ed slu\u017eby","item":"https:\/\/www.abpartners.cz\/sluzby\/"},{"@type":"ListItem","position":3,"name":"Vym\u00e1h\u00e1n\u00ed a spr\u00e1va pohled\u00e1vek"}]},{"@type":"WebSite","@id":"https:\/\/www.abpartners.cz\/#website","url":"https:\/\/www.abpartners.cz\/","name":"\u0410\u0434\u0432\u043e\u043a\u0430\u0442\u0441\u044c\u043a\u0435 \u043e\u0431'\u0454\u0434\u043d\u0430\u043d\u043d\u044f AB PARTNERS","description":"\u0410\u0434\u0432\u043e\u043a\u0430\u0442\u0441\u044c\u043a\u0435 \u043e\u0431'\u0454\u0434\u043d\u0430\u043d\u043d\u044f AB PARTNERS","publisher":{"@id":"https:\/\/www.abpartners.cz\/#organization"},"potentialAction":[{"@type":"SearchAction","target":{"@type":"EntryPoint","urlTemplate":"https:\/\/www.abpartners.cz\/?s={search_term_string}"},"query-input":{"@type":"PropertyValueSpecification","valueRequired":true,"valueName":"search_term_string"}}],"inLanguage":"uk"},{"@type":"Organization","@id":"https:\/\/www.abpartners.cz\/#organization","name":"\u0410\u0434\u0432\u043e\u043a\u0430\u0442\u0441\u044c\u043a\u0435 \u043e\u0431'\u0454\u0434\u043d\u0430\u043d\u043d\u044f AB PARTNERS","url":"https:\/\/www.abpartners.cz\/","logo":{"@type":"ImageObject","inLanguage":"uk","@id":"https:\/\/www.abpartners.cz\/#\/schema\/logo\/image\/","url":"https:\/\/www.abpartners.cz\/wp-content\/uploads\/2021\/01\/abpartners_regular_rgb_dark.png","contentUrl":"https:\/\/www.abpartners.cz\/wp-content\/uploads\/2021\/01\/abpartners_regular_rgb_dark.png","width":1240,"height":236,"caption":"AB PARTNERS advok\u00e1ti"},"image":{"@id":"https:\/\/www.abpartners.cz\/#\/schema\/logo\/image\/"},"sameAs":["https:\/\/www.facebook.com\/abpartners.cz\/","https:\/\/x.com\/ABPartners_cz","https:\/\/www.linkedin.com\/company\/abpartners\/","https:\/\/www.instagram.com\/abpartners.cz\/"]}]}},"_links":{"self":[{"href":"https:\/\/www.abpartners.cz\/uk\/wp-json\/wp\/v2\/pages\/3113","targetHints":{"allow":["GET"]}}],"collection":[{"href":"https:\/\/www.abpartners.cz\/uk\/wp-json\/wp\/v2\/pages"}],"about":[{"href":"https:\/\/www.abpartners.cz\/uk\/wp-json\/wp\/v2\/types\/page"}],"author":[{"embeddable":true,"href":"https:\/\/www.abpartners.cz\/uk\/wp-json\/wp\/v2\/users\/1"}],"replies":[{"embeddable":true,"href":"https:\/\/www.abpartners.cz\/uk\/wp-json\/wp\/v2\/comments?post=3113"}],"version-history":[{"count":0,"href":"https:\/\/www.abpartners.cz\/uk\/wp-json\/wp\/v2\/pages\/3113\/revisions"}],"up":[{"embeddable":true,"href":"https:\/\/www.abpartners.cz\/uk\/wp-json\/wp\/v2\/pages\/40"}],"wp:attachment":[{"href":"https:\/\/www.abpartners.cz\/uk\/wp-json\/wp\/v2\/media?parent=3113"}],"curies":[{"name":"wp","href":"https:\/\/api.w.org\/{rel}","templated":true}]}}