{"id":3111,"date":"2021-01-25T12:00:43","date_gmt":"2021-01-25T11:00:43","guid":{"rendered":"https:\/\/www.abpartners.cz\/?page_id=3111"},"modified":"2021-01-25T12:00:43","modified_gmt":"2021-01-25T11:00:43","slug":"pracovni-pravo","status":"publish","type":"page","link":"https:\/\/www.abpartners.cz\/uk\/sluzby\/pracovni-pravo\/","title":{"rendered":"\u0422\u0440\u0443\u0434\u043e\u0432\u0435 \u043f\u0440\u0430\u0432\u043e"},"content":{"rendered":"<p><div class=\"fusion-fullwidth fullwidth-box fusion-builder-row-1 fusion-flex-container nonhundred-percent-fullwidth non-hundred-percent-height-scrolling\" style=\"--awb-border-radius-top-left:0px;--awb-border-radius-top-right:0px;--awb-border-radius-bottom-right:0px;--awb-border-radius-bottom-left:0px;--awb-padding-top:94px;--awb-padding-bottom:94px;--awb-padding-top-medium:60px;--awb-padding-bottom-medium:60px;--awb-flex-wrap:wrap;\" ><div class=\"fusion-builder-row fusion-row fusion-flex-align-items-stretch fusion-flex-justify-content-center fusion-flex-content-wrap\" style=\"max-width:1248px;margin-left: calc(-4% \/ 2 );margin-right: calc(-4% \/ 2 );\"><div class=\"fusion-layout-column fusion_builder_column fusion-builder-column-0 fusion_builder_column_3_5 3_5 fusion-flex-column\" style=\"--awb-bg-size:cover;--awb-width-large:60%;--awb-margin-top-large:0px;--awb-spacing-right-large:3.2%;--awb-margin-bottom-large:20px;--awb-spacing-left-large:3.2%;--awb-width-medium:60%;--awb-order-medium:0;--awb-spacing-right-medium:3.2%;--awb-spacing-left-medium:3.2%;--awb-width-small:100%;--awb-order-small:0;--awb-spacing-right-small:1.92%;--awb-spacing-left-small:1.92%;\"><div class=\"fusion-column-wrapper fusion-column-has-shadow fusion-flex-justify-content-flex-start fusion-content-layout-column\"><div class=\"fusion-text fusion-text-1\"><div class=\"wpb_column vc_column_container tm-col-textcolor-default tm-col-bgcolor-default tm-col-background-image vc_col-sm-8\">\n<div class=\"vc_column-inner\">\n<div class=\"wpb_wrapper\">\n<div class=\"wpb_text_column wpb_content_element\">\n<div class=\"wpb_wrapper\">\n<div class=\"wpb_column vc_column_container tm-col-textcolor-default tm-col-bgcolor-default tm-col-background-image vc_col-sm-8\">\n<div class=\"vc_column-inner\">\n<div class=\"wpb_wrapper\">\n<div class=\"wpb_text_column wpb_content_element\">\n<div class=\"wpb_wrapper\">\n<p>\u041d\u0430\u0448\u0456 \u044e\u0440\u0438\u0441\u0442\u0438 \u0432\u0438\u043a\u043b\u0430\u0434\u0430\u044e\u0442\u044c \u0442\u0440\u0443\u0434\u043e\u0432\u0435 \u043f\u0440\u0430\u0432\u043e <strong>\u0432 \u0430\u043a\u0430\u0434\u0435\u043c\u0456\u0447\u043d\u0438\u0445 \u043a\u043e\u043b\u0430\u0445 \u0442\u0430 \u0440\u043e\u0437\u0440\u043e\u0431\u043b\u044f\u0454 \u043f\u0440\u043e\u0444\u0435\u0441\u0456\u0439\u043d\u0456 \u043f\u0443\u0431\u043b\u0456\u043a\u0430\u0446\u0456\u0457<\/strong>. \u041c\u0438 \u043c\u0430\u0454\u043c\u043e \u0432\u0435\u043b\u0438\u043a\u0438\u0439 \u043f\u0440\u0430\u043a\u0442\u0438\u0447\u043d\u0438\u0439 \u0434\u043e\u0441\u0432\u0456\u0434 \u043d\u0430\u0434\u0430\u043d\u043d\u044f \u044e\u0440\u0438\u0434\u0438\u0447\u043d\u0438\u0445 \u043f\u043e\u0441\u043b\u0443\u0433 \u0443 \u0442\u0430\u043a\u0438\u0445 \u0441\u0444\u0435\u0440\u0430\u0445, \u044f\u043a<strong> \u0440\u043e\u0431\u043e\u0442\u043e\u0434\u0430\u0432\u0446\u044f\u043c<\/strong>\u0422\u0430\u043a.<strong> \u0421\u043f\u0456\u0432\u0440\u043e\u0431\u0456\u0442\u043d\u0438\u043a\u0430\u043c<\/strong>. \u041c\u0438 \u043f\u0456\u0434\u0433\u043e\u0442\u0443\u0454\u043c\u043e \u0434\u043b\u044f \u0432\u0430\u0441 \u0432\u0441\u0456 \u0434\u043e\u043a\u0443\u043c\u0435\u043d\u0442\u0438 \u0437 \u0442\u0440\u0443\u0434\u043e\u0432\u043e\u0433\u043e \u043f\u0440\u0430\u0432\u0430, \u043d\u0430\u043f\u0440\u0438\u043a\u043b\u0430\u0434 <strong>\u0442\u0440\u0443\u0434\u043e\u0432\u0456 \u0434\u043e\u0433\u043e\u0432\u043e\u0440\u0438, \u043f\u0440\u0438\u043f\u0438\u043d\u0435\u043d\u043d\u044f \u0442\u0440\u0443\u0434\u043e\u0432\u0438\u0445 \u0432\u0456\u0434\u043d\u043e\u0441\u0438\u043d, \u043a\u043e\u043d\u0442\u0440\u0430\u043a\u0442\u0438 \u043d\u0430 \u0432\u0438\u043a\u043e\u043d\u0430\u043d\u043d\u044f \u0440\u043e\u0431\u0456\u0442, \u0430 \u0442\u0430\u043a\u043e\u0436 \u0432\u043d\u0443\u0442\u0440\u0456\u0448\u043d\u0456 \u0434\u0438\u0440\u0435\u043a\u0442\u0438\u0432\u0438 \u0442\u0430 \u043f\u0440\u0430\u0432\u0438\u043b\u0430 \u0440\u043e\u0431\u043e\u0442\u0438<\/strong>.  \u041c\u0438 \u0434\u043e\u043f\u043e\u043c\u043e\u0436\u0435\u043c\u043e \u0432\u0430\u043c \u0437 <strong>\u043f\u0440\u0438\u043f\u0438\u043d\u0435\u043d\u043d\u044f \u0442\u0440\u0443\u0434\u043e\u0432\u0438\u0445 \u0432\u0456\u0434\u043d\u043e\u0441\u0438\u043d<\/strong>\u0432 \u044f\u043a\u043e\u043c\u0443 \u0447\u0430\u0441\u0442\u043e \u043f\u0440\u0438\u043f\u0443\u0441\u043a\u0430\u044e\u0442\u044c\u0441\u044f \u043f\u043e\u043c\u0438\u043b\u043e\u043a, \u0456 \u043a\u043e\u0436\u043d\u0430 \u043f\u043e\u043c\u0438\u043b\u043a\u0430 \u043c\u043e\u0436\u0435 \u043a\u043e\u0448\u0442\u0443\u0432\u0430\u0442\u0438 \u0432\u0430\u043c \u0447\u0438\u043c\u0430\u043b\u0438\u0445 \u0433\u0440\u043e\u0448\u0435\u0439.<\/p>\n<p>\u041e\u043a\u0440\u0456\u043c \u0441\u043a\u043b\u0430\u0434\u0430\u043d\u043d\u044f \u0434\u043e\u043a\u0443\u043c\u0435\u043d\u0442\u0456\u0432 \u0437 \u0442\u0440\u0443\u0434\u043e\u0432\u043e\u0433\u043e \u043f\u0440\u0430\u0432\u0430, \u043c\u0438 \u043d\u0430\u0434\u0430\u043c\u043e \u0432\u0430\u043c \u044e\u0440\u0438\u0434\u0438\u0447\u043d\u0456 \u043a\u043e\u043d\u0441\u0443\u043b\u044c\u0442\u0430\u0446\u0456\u0457 \u0449\u043e\u0434\u043e <strong>\u0432\u0438\u0440\u0456\u0448\u0435\u043d\u043d\u044f \u043f\u0438\u0442\u0430\u043d\u044c, \u043f\u043e\u0432'\u044f\u0437\u0430\u043d\u0438\u0445 \u0437 \u0432\u0438\u0440\u043e\u0431\u043d\u0438\u0447\u0438\u043c\u0438 \u0442\u0440\u0430\u0432\u043c\u0430\u043c\u0438 \u0442\u0430 \u0432\u0456\u0434\u0448\u043a\u043e\u0434\u0443\u0432\u0430\u043d\u043d\u044f\u043c \u0437\u0431\u0438\u0442\u043a\u0456\u0432<\/strong>\u0430\u043b\u0435 \u0442\u0430\u043a\u043e\u0436 \u0456 \u0437 \u0432<strong>\u0441\u0442\u044f\u0433\u043d\u0435\u043d\u043d\u044f \u0437\u0430\u0431\u043e\u0440\u0433\u043e\u0432\u0430\u043d\u043e\u0441\u0442\u0456 \u043f\u043e \u0437\u0430\u0440\u043e\u0431\u0456\u0442\u043d\u0456\u0439 \u043f\u043b\u0430\u0442\u0456 \u0430\u0431\u043e \u0432\u0438\u0445\u0456\u0434\u043d\u043e\u0457 \u0434\u043e\u043f\u043e\u043c\u043e\u0433\u0438.<\/strong><\/p>\n<\/div>\n<\/div>\n<\/div>\n<\/div>\n<\/div>\n<\/div>\n<\/div>\n<\/div>\n<\/div>\n<\/div>\n<\/div><\/div><\/div><div class=\"fusion-layout-column fusion_builder_column fusion-builder-column-1 fusion_builder_column_2_5 2_5 fusion-flex-column\" style=\"--awb-padding-top:40px;--awb-padding-right:40px;--awb-padding-bottom:40px;--awb-padding-left:40px;--awb-overflow:hidden;--awb-bg-color:#14253f;--awb-bg-color-hover:#14253f;--awb-bg-size:cover;--awb-box-shadow:0px 2px 4px -1px rgba(0,0,0,0.05);;--awb-border-color:rgba(0,0,0,0.05);--awb-border-style:solid;--awb-border-radius:10px 10px 10px 10px;--awb-width-large:40%;--awb-margin-top-large:0px;--awb-spacing-right-large:0px;--awb-margin-bottom-large:20px;--awb-spacing-left-large:16px;--awb-width-medium:50%;--awb-order-medium:0;--awb-spacing-right-medium:0px;--awb-spacing-left-medium:16px;--awb-width-small:100%;--awb-order-small:0;--awb-margin-top-small:0px;--awb-spacing-right-small:1.92%;--awb-margin-bottom-small:1px;--awb-spacing-left-small:1.92%;\"><div class=\"fusion-column-wrapper fusion-column-has-shadow fusion-flex-justify-content-flex-start fusion-content-layout-column\"><div class=\"fusion-title title fusion-title-1 fusion-sep-none fusion-title-text fusion-title-size-six\" style=\"--awb-text-color:#ffffff;--awb-margin-top-small:10px;--awb-margin-right-small:0px;--awb-margin-bottom-small:10px;--awb-margin-left-small:0px;\"><h6 class=\"fusion-title-heading title-heading-left\" style=\"margin:0;\"><strong>\u0412\u0438\u0431\u0456\u0440 \u043f\u043e\u0441\u043b\u0443\u0433, \u0449\u043e \u043d\u0430\u0434\u0430\u044e\u0442\u044c\u0441\u044f<\/strong><\/h6><\/div><ul style=\"--awb-line-height:27.2px;--awb-icon-width:27.2px;--awb-icon-height:27.2px;--awb-icon-margin:11.2px;--awb-content-margin:38.4px;--awb-circlecolor:#b61e3f;--awb-circle-yes-font-size:14.08px;\" class=\"fusion-checklist fusion-checklist-1 fusion-checklist-default type-icons\"><li class=\"fusion-li-item\" style=\"\"><span class=\"icon-wrapper circle-yes\"><i class=\"fusion-li-icon fa-check-circle fas\" aria-hidden=\"true\"><\/i><\/span><div class=\"fusion-li-item-content\">\n<p><span style=\"color: #ffffff;\">\u041f\u0456\u0434\u0433\u043e\u0442\u043e\u0432\u043a\u0430 \u0442\u0430 \u043f\u0435\u0440\u0435\u0432\u0456\u0440\u043a\u0430 \u0442\u0440\u0443\u0434\u043e\u0432\u043e\u0433\u043e \u0434\u043e\u0433\u043e\u0432\u043e\u0440\u0443, \u0441\u0442\u0440\u043e\u043a\u043e\u0432\u043e\u0433\u043e \u0442\u0440\u0443\u0434\u043e\u0432\u043e\u0433\u043e \u0434\u043e\u0433\u043e\u0432\u043e\u0440\u0443, \u0431\u0435\u0437\u0441\u0442\u0440\u043e\u043a\u043e\u0432\u043e\u0433\u043e \u0442\u0440\u0443\u0434\u043e\u0432\u043e\u0433\u043e \u0434\u043e\u0433\u043e\u0432\u043e\u0440\u0443, \u043d\u0430\u0440\u0430\u0445\u0443\u0432\u0430\u043d\u043d\u044f \u0437\u0430\u0440\u043e\u0431\u0456\u0442\u043d\u043e\u0457 \u043f\u043b\u0430\u0442\u0438, \u0434\u043e\u0433\u043e\u0432\u043e\u0440\u0443 \u043f\u0440\u043e \u043c\u0430\u0442\u0435\u0440\u0456\u0430\u043b\u044c\u043d\u0443 \u0432\u0456\u0434\u043f\u043e\u0432\u0456\u0434\u0430\u043b\u044c\u043d\u0456\u0441\u0442\u044c, \u0437\u043c\u0456\u043d\u0430 \u0442\u0440\u0443\u0434\u043e\u0432\u0438\u0445 \u0432\u0456\u0434\u043d\u043e\u0441\u0438\u043d <\/span><\/p>\n<\/div><\/li><li class=\"fusion-li-item\" style=\"\"><span class=\"icon-wrapper circle-yes\"><i class=\"fusion-li-icon fa-check-circle fas\" aria-hidden=\"true\"><\/i><\/span><div class=\"fusion-li-item-content\">\n<p><span style=\"color: #ffffff;\">\u041f\u0440\u0438\u043f\u0438\u043d\u0435\u043d\u043d\u044f \u0442\u0440\u0443\u0434\u043e\u0432\u0438\u0445 \u0432\u0456\u0434\u043d\u043e\u0441\u0438\u043d, \u043d\u0435\u0433\u0430\u0439\u043d\u0435 \u043f\u0440\u0438\u043f\u0438\u043d\u0435\u043d\u043d\u044f \u0442\u0440\u0443\u0434\u043e\u0432\u0438\u0445 \u0432\u0456\u0434\u043d\u043e\u0441\u0438\u043d, \u0432\u0438\u0445\u0456\u0434\u043d\u0430 \u0434\u043e\u043f\u043e\u043c\u043e\u0433\u0430<\/span><\/p>\n<\/div><\/li><li class=\"fusion-li-item\" style=\"\"><span class=\"icon-wrapper circle-yes\"><i class=\"fusion-li-icon fa-check-circle fas\" aria-hidden=\"true\"><\/i><\/span><div class=\"fusion-li-item-content\">\n<p><span style=\"color: #ffffff;\">GDPR, OHS \u0442\u0430 \u0456\u043d\u0448\u0456 \u0432\u043d\u0443\u0442\u0440\u0456\u0448\u043d\u0456 \u0456\u043d\u0441\u0442\u0440\u0443\u043a\u0446\u0456\u0457,<br \/>\n<\/span><\/p>\n<\/div><\/li><li class=\"fusion-li-item\" style=\"\"><span class=\"icon-wrapper circle-yes\"><i class=\"fusion-li-icon fa-check-circle fas\" aria-hidden=\"true\"><\/i><\/span><div class=\"fusion-li-item-content\">\n<p><span style=\"color: #ffffff;\">\u041d\u0435\u0449\u0430\u0441\u043d\u0456 \u0432\u0438\u043f\u0430\u0434\u043a\u0438 \u043d\u0430 \u0432\u0438\u0440\u043e\u0431\u043d\u0438\u0446\u0442\u0432\u0456, \u043f\u0440\u043e\u0444\u0435\u0441\u0456\u0439\u043d\u0456 \u0437\u0430\u0445\u0432\u043e\u0440\u044e\u0432\u0430\u043d\u043d\u044f, \u043a\u043e\u043c\u043f\u0435\u043d\u0441\u0430\u0446\u0456\u0457, \u043d\u0435\u0432\u0438\u043f\u043b\u0430\u0447\u0435\u043d\u0430 \u0437\u0430\u0440\u043e\u0431\u0456\u0442\u043d\u0430 \u043f\u043b\u0430\u0442\u0430 \u0442\u0430 \u0456\u043d\u0448\u0456 \u043f\u0440\u0435\u0442\u0435\u043d\u0437\u0456\u0457<\/span><\/p>\n<\/div><\/li><li class=\"fusion-li-item\" style=\"\"><span class=\"icon-wrapper circle-yes\"><i class=\"fusion-li-icon fa-check-circle fas\" aria-hidden=\"true\"><\/i><\/span><div class=\"fusion-li-item-content\">\n<p><span style=\"color: #ffffff;\">\u041d\u0435\u0449\u0430\u0441\u043d\u0456 \u0432\u0438\u043f\u0430\u0434\u043a\u0438 \u043d\u0430 \u0432\u0438\u0440\u043e\u0431\u043d\u0438\u0446\u0442\u0432\u0456, \u043f\u0440\u043e\u0444\u0435\u0441\u0456\u0439\u043d\u0456 \u0437\u0430\u0445\u0432\u043e\u0440\u044e\u0432\u0430\u043d\u043d\u044f, \u043a\u043e\u043c\u043f\u0435\u043d\u0441\u0430\u0446\u0456\u0457, \u043d\u0435\u0432\u0438\u043f\u043b\u0430\u0447\u0435\u043d\u0430 \u0437\u0430\u0440\u043e\u0431\u0456\u0442\u043d\u0430 \u043f\u043b\u0430\u0442\u0430 \u0442\u0430 \u0456\u043d\u0448\u0456 \u043f\u0440\u0435\u0442\u0435\u043d\u0437\u0456\u0457<\/span><\/p>\n<\/div><\/li><li class=\"fusion-li-item\" style=\"\"><span class=\"icon-wrapper circle-yes\"><i class=\"fusion-li-icon fa-check-circle fas\" aria-hidden=\"true\"><\/i><\/span><div class=\"fusion-li-item-content\">\n<p><span style=\"color: #ffffff;\">\u041a\u043e\u043c\u043f\u043b\u0435\u043a\u0441\u043d\u0430 \u043e\u0431\u0440\u043e\u0431\u043a\u0430 \u0434\u043e\u043a\u0443\u043c\u0435\u043d\u0442\u0430\u0446\u0456\u0457 \u0437 \u0442\u0440\u0443\u0434\u043e\u0432\u043e\u0433\u043e \u043f\u0440\u0430\u0432\u0430<\/span><\/p>\n<\/div><\/li><li class=\"fusion-li-item\" style=\"\"><span class=\"icon-wrapper circle-yes\"><i class=\"fusion-li-icon fa-check-circle fas\" aria-hidden=\"true\"><\/i><\/span><div class=\"fusion-li-item-content\">\n<p><span style=\"color: #ffffff;\">\u041a\u043e\u043b\u0435\u043a\u0442\u0438\u0432\u043d\u0456 \u043f\u0435\u0440\u0435\u0433\u043e\u0432\u043e\u0440\u0438<br \/>\n<\/span><\/p>\n<\/div><\/li><\/ul><\/div><\/div><\/div><\/div><div class=\"fusion-fullwidth fullwidth-box fusion-builder-row-2 fusion-flex-container nonhundred-percent-fullwidth non-hundred-percent-height-scrolling\" style=\"--awb-border-radius-top-left:0px;--awb-border-radius-top-right:0px;--awb-border-radius-bottom-right:0px;--awb-border-radius-bottom-left:0px;--awb-padding-top:60px;--awb-padding-bottom:60px;--awb-padding-bottom-medium:32px;--awb-padding-top-small:40px;--awb-padding-bottom-small:0px;--awb-flex-wrap:wrap;\" ><div class=\"fusion-builder-row fusion-row fusion-flex-align-items-flex-start fusion-flex-justify-content-center fusion-flex-content-wrap\" style=\"max-width:1248px;margin-left: calc(-4% \/ 2 );margin-right: calc(-4% \/ 2 );\"><div class=\"fusion-layout-column fusion_builder_column fusion-builder-column-2 fusion_builder_column_3_4 3_4 fusion-flex-column\" style=\"--awb-overflow:hidden;--awb-bg-color:#14253f;--awb-bg-color-hover:#14253f;--awb-bg-size:cover;--awb-box-shadow:10px 10px 70px -19px #282828;;--awb-border-radius:20px 20px 20px 20px;--awb-width-large:75%;--awb-margin-top-large:0px;--awb-spacing-right-large:2.56%;--awb-margin-bottom-large:20px;--awb-spacing-left-large:2.56%;--awb-width-medium:75%;--awb-spacing-right-medium:2.56%;--awb-margin-bottom-medium:30px;--awb-spacing-left-medium:2.56%;--awb-width-small:100%;--awb-spacing-right-small:1.92%;--awb-spacing-left-small:1.92%;\"><div class=\"fusion-column-wrapper fusion-column-has-shadow fusion-flex-justify-content-flex-start fusion-content-layout-column\"><div class=\"fusion-title title fusion-title-2 fusion-sep-none fusion-title-center fusion-title-text fusion-title-size-two\" style=\"--awb-text-color:#ffffff;--awb-margin-top:30px;--awb-margin-top-small:30px;--awb-margin-right-small:30px;--awb-margin-bottom-small:10px;--awb-margin-left-small:30px;\"><h2 class=\"fusion-title-heading title-heading-center\" style=\"margin:0;\">\u041f\u043e\u0442\u0440\u0456\u0431\u043d\u0435 \u0456\u043d\u0434\u0438\u0432\u0456\u0434\u0443\u0430\u043b\u044c\u043d\u0435 \u0440\u0456\u0448\u0435\u043d\u043d\u044f<span style=\"color: #e61e49;\">.<\/span><\/h2><\/div><div class=\"fusion-text fusion-text-2\" style=\"--awb-content-alignment:center;--awb-font-size:26px;--awb-line-height:36px;--awb-text-color:#eaeaea;--awb-margin-right:30px;--awb-margin-left:30px;\"><p>\u0414\u0437\u0432\u043e\u043d\u0456\u0442\u044c \u043d\u0430\u043c. <span style=\"color: #2cbc63;\"><span style=\"color: #e61e49;\">+420 602 127 400<\/span><br \/>\n<\/span><\/p>\n<\/div><div style=\"text-align:center;\"><a class=\"fusion-button button-flat fusion-button-default-size button-custom fusion-button-default button-1 fusion-button-default-span fusion-button-default-type\" style=\"--awb-margin-top:12px;--awb-margin-bottom:32px;--button_accent_color:#ffffff;--button_accent_hover_color:#b61e3f;--button_border_hover_color:#b61e3f;--button_gradient_top_color:#b61e3f;--button_gradient_bottom_color:#b61e3f;--button_gradient_top_color_hover:#ffffff;--button_gradient_bottom_color_hover:#ffffff;\" target=\"_self\" href=\"https:\/\/www.abpartners.cz\/uk\/kontakt\/\"><i class=\"icon-accountant-call-us awb-button__icon awb-button__icon--default button-icon-left\" aria-hidden=\"true\"><\/i><span class=\"fusion-button-text awb-button__text awb-button__text--default\">\u0417\u0432'\u044f\u0436\u0456\u0442\u044c\u0441\u044f \u0437 \u043d\u0430\u043c\u0438!<\/span><\/a><\/div><\/div><\/div><\/div><\/div>\n<\/p>","protected":false},"excerpt":{"rendered":"","protected":false},"author":1,"featured_media":0,"parent":40,"menu_order":0,"comment_status":"closed","ping_status":"closed","template":"100-width.php","meta":{"_acf_changed":false,"rs_blank_template":"","rs_page_bg_color":"","slide_template_v7":"","footnotes":""},"class_list":["post-3111","page","type-page","status-publish","hentry"],"acf":[],"yoast_head":"<!-- This site is optimized with the Yoast SEO plugin v27.4 - https:\/\/yoast.com\/product\/yoast-seo-wordpress\/ -->\n<title>Pracovn\u00ed pr\u00e1vo - AB PARTNERS advok\u00e1ti<\/title>\n<meta name=\"robots\" content=\"index, follow, max-snippet:-1, max-image-preview:large, max-video-preview:-1\" \/>\n<link rel=\"canonical\" href=\"https:\/\/www.abpartners.cz\/uk\/sluzby\/pracovni-pravo\/\" \/>\n<meta property=\"og:locale\" content=\"uk_UA\" \/>\n<meta property=\"og:type\" content=\"article\" \/>\n<meta property=\"og:title\" content=\"Pracovn\u00ed pr\u00e1vo - AB PARTNERS advok\u00e1ti\" \/>\n<meta property=\"og:url\" content=\"https:\/\/www.abpartners.cz\/uk\/sluzby\/pracovni-pravo\/\" \/>\n<meta property=\"og:site_name\" content=\"AB PARTNERS advok\u00e1ti\" \/>\n<meta property=\"article:publisher\" content=\"https:\/\/www.facebook.com\/abpartners.cz\/\" \/>\n<meta name=\"twitter:card\" content=\"summary_large_image\" \/>\n<meta name=\"twitter:site\" content=\"@ABPartners_cz\" \/>\n<meta name=\"twitter:label1\" content=\"\u041f\u0440\u0438\u0431\u043b. \u0447\u0430\u0441 \u0447\u0438\u0442\u0430\u043d\u043d\u044f\" \/>\n\t<meta name=\"twitter:data1\" content=\"7 \u0445\u0432\u0438\u043b\u0438\u043d\" \/>\n<script type=\"application\/ld+json\" class=\"yoast-schema-graph\">{\"@context\":\"https:\\\/\\\/schema.org\",\"@graph\":[{\"@type\":\"WebPage\",\"@id\":\"https:\\\/\\\/www.abpartners.cz\\\/sluzby\\\/pracovni-pravo\\\/\",\"url\":\"https:\\\/\\\/www.abpartners.cz\\\/sluzby\\\/pracovni-pravo\\\/\",\"name\":\"Pracovn\u00ed pr\u00e1vo - AB PARTNERS advok\u00e1ti\",\"isPartOf\":{\"@id\":\"https:\\\/\\\/www.abpartners.cz\\\/#website\"},\"datePublished\":\"2021-01-25T11:00:43+00:00\",\"breadcrumb\":{\"@id\":\"https:\\\/\\\/www.abpartners.cz\\\/sluzby\\\/pracovni-pravo\\\/#breadcrumb\"},\"inLanguage\":\"uk\",\"potentialAction\":[{\"@type\":\"ReadAction\",\"target\":[\"https:\\\/\\\/www.abpartners.cz\\\/sluzby\\\/pracovni-pravo\\\/\"]}]},{\"@type\":\"BreadcrumbList\",\"@id\":\"https:\\\/\\\/www.abpartners.cz\\\/sluzby\\\/pracovni-pravo\\\/#breadcrumb\",\"itemListElement\":[{\"@type\":\"ListItem\",\"position\":1,\"name\":\"Dom\u016f\",\"item\":\"https:\\\/\\\/www.abpartners.cz\\\/\"},{\"@type\":\"ListItem\",\"position\":2,\"name\":\"Pr\u00e1vn\u00ed slu\u017eby\",\"item\":\"https:\\\/\\\/www.abpartners.cz\\\/sluzby\\\/\"},{\"@type\":\"ListItem\",\"position\":3,\"name\":\"Pracovn\u00ed pr\u00e1vo\"}]},{\"@type\":\"WebSite\",\"@id\":\"https:\\\/\\\/www.abpartners.cz\\\/#website\",\"url\":\"https:\\\/\\\/www.abpartners.cz\\\/\",\"name\":\"AB PARTNERS advok\u00e1ti\",\"description\":\"AB PARTNERS advok\u00e1ti\",\"publisher\":{\"@id\":\"https:\\\/\\\/www.abpartners.cz\\\/#organization\"},\"potentialAction\":[{\"@type\":\"SearchAction\",\"target\":{\"@type\":\"EntryPoint\",\"urlTemplate\":\"https:\\\/\\\/www.abpartners.cz\\\/?s={search_term_string}\"},\"query-input\":{\"@type\":\"PropertyValueSpecification\",\"valueRequired\":true,\"valueName\":\"search_term_string\"}}],\"inLanguage\":\"uk\"},{\"@type\":\"Organization\",\"@id\":\"https:\\\/\\\/www.abpartners.cz\\\/#organization\",\"name\":\"AB PARTNERS advok\u00e1ti\",\"url\":\"https:\\\/\\\/www.abpartners.cz\\\/\",\"logo\":{\"@type\":\"ImageObject\",\"inLanguage\":\"uk\",\"@id\":\"https:\\\/\\\/www.abpartners.cz\\\/#\\\/schema\\\/logo\\\/image\\\/\",\"url\":\"https:\\\/\\\/www.abpartners.cz\\\/wp-content\\\/uploads\\\/2021\\\/01\\\/abpartners_regular_rgb_dark.png\",\"contentUrl\":\"https:\\\/\\\/www.abpartners.cz\\\/wp-content\\\/uploads\\\/2021\\\/01\\\/abpartners_regular_rgb_dark.png\",\"width\":1240,\"height\":236,\"caption\":\"AB PARTNERS advok\u00e1ti\"},\"image\":{\"@id\":\"https:\\\/\\\/www.abpartners.cz\\\/#\\\/schema\\\/logo\\\/image\\\/\"},\"sameAs\":[\"https:\\\/\\\/www.facebook.com\\\/abpartners.cz\\\/\",\"https:\\\/\\\/x.com\\\/ABPartners_cz\",\"https:\\\/\\\/www.linkedin.com\\\/company\\\/abpartners\\\/\",\"https:\\\/\\\/www.instagram.com\\\/abpartners.cz\\\/\"]}]}<\/script>\n<!-- \/ Yoast SEO plugin. -->","yoast_head_json":{"title":"Pracovn\u00ed pr\u00e1vo - AB PARTNERS advok\u00e1ti","robots":{"index":"index","follow":"follow","max-snippet":"max-snippet:-1","max-image-preview":"max-image-preview:large","max-video-preview":"max-video-preview:-1"},"canonical":"https:\/\/www.abpartners.cz\/uk\/sluzby\/pracovni-pravo\/","og_locale":"uk_UA","og_type":"article","og_title":"Pracovn\u00ed pr\u00e1vo - AB PARTNERS advok\u00e1ti","og_url":"https:\/\/www.abpartners.cz\/uk\/sluzby\/pracovni-pravo\/","og_site_name":"AB PARTNERS advok\u00e1ti","article_publisher":"https:\/\/www.facebook.com\/abpartners.cz\/","twitter_card":"summary_large_image","twitter_site":"@ABPartners_cz","twitter_misc":{"\u041f\u0440\u0438\u0431\u043b. \u0447\u0430\u0441 \u0447\u0438\u0442\u0430\u043d\u043d\u044f":"7 \u0445\u0432\u0438\u043b\u0438\u043d"},"schema":{"@context":"https:\/\/schema.org","@graph":[{"@type":"WebPage","@id":"https:\/\/www.abpartners.cz\/sluzby\/pracovni-pravo\/","url":"https:\/\/www.abpartners.cz\/sluzby\/pracovni-pravo\/","name":"Pracovn\u00ed pr\u00e1vo - AB PARTNERS advok\u00e1ti","isPartOf":{"@id":"https:\/\/www.abpartners.cz\/#website"},"datePublished":"2021-01-25T11:00:43+00:00","breadcrumb":{"@id":"https:\/\/www.abpartners.cz\/sluzby\/pracovni-pravo\/#breadcrumb"},"inLanguage":"uk","potentialAction":[{"@type":"ReadAction","target":["https:\/\/www.abpartners.cz\/sluzby\/pracovni-pravo\/"]}]},{"@type":"BreadcrumbList","@id":"https:\/\/www.abpartners.cz\/sluzby\/pracovni-pravo\/#breadcrumb","itemListElement":[{"@type":"ListItem","position":1,"name":"Dom\u016f","item":"https:\/\/www.abpartners.cz\/"},{"@type":"ListItem","position":2,"name":"Pr\u00e1vn\u00ed slu\u017eby","item":"https:\/\/www.abpartners.cz\/sluzby\/"},{"@type":"ListItem","position":3,"name":"Pracovn\u00ed pr\u00e1vo"}]},{"@type":"WebSite","@id":"https:\/\/www.abpartners.cz\/#website","url":"https:\/\/www.abpartners.cz\/","name":"\u0410\u0434\u0432\u043e\u043a\u0430\u0442\u0441\u044c\u043a\u0435 \u043e\u0431'\u0454\u0434\u043d\u0430\u043d\u043d\u044f AB PARTNERS","description":"\u0410\u0434\u0432\u043e\u043a\u0430\u0442\u0441\u044c\u043a\u0435 \u043e\u0431'\u0454\u0434\u043d\u0430\u043d\u043d\u044f AB PARTNERS","publisher":{"@id":"https:\/\/www.abpartners.cz\/#organization"},"potentialAction":[{"@type":"SearchAction","target":{"@type":"EntryPoint","urlTemplate":"https:\/\/www.abpartners.cz\/?s={search_term_string}"},"query-input":{"@type":"PropertyValueSpecification","valueRequired":true,"valueName":"search_term_string"}}],"inLanguage":"uk"},{"@type":"Organization","@id":"https:\/\/www.abpartners.cz\/#organization","name":"\u0410\u0434\u0432\u043e\u043a\u0430\u0442\u0441\u044c\u043a\u0435 \u043e\u0431'\u0454\u0434\u043d\u0430\u043d\u043d\u044f AB PARTNERS","url":"https:\/\/www.abpartners.cz\/","logo":{"@type":"ImageObject","inLanguage":"uk","@id":"https:\/\/www.abpartners.cz\/#\/schema\/logo\/image\/","url":"https:\/\/www.abpartners.cz\/wp-content\/uploads\/2021\/01\/abpartners_regular_rgb_dark.png","contentUrl":"https:\/\/www.abpartners.cz\/wp-content\/uploads\/2021\/01\/abpartners_regular_rgb_dark.png","width":1240,"height":236,"caption":"AB PARTNERS advok\u00e1ti"},"image":{"@id":"https:\/\/www.abpartners.cz\/#\/schema\/logo\/image\/"},"sameAs":["https:\/\/www.facebook.com\/abpartners.cz\/","https:\/\/x.com\/ABPartners_cz","https:\/\/www.linkedin.com\/company\/abpartners\/","https:\/\/www.instagram.com\/abpartners.cz\/"]}]}},"_links":{"self":[{"href":"https:\/\/www.abpartners.cz\/uk\/wp-json\/wp\/v2\/pages\/3111","targetHints":{"allow":["GET"]}}],"collection":[{"href":"https:\/\/www.abpartners.cz\/uk\/wp-json\/wp\/v2\/pages"}],"about":[{"href":"https:\/\/www.abpartners.cz\/uk\/wp-json\/wp\/v2\/types\/page"}],"author":[{"embeddable":true,"href":"https:\/\/www.abpartners.cz\/uk\/wp-json\/wp\/v2\/users\/1"}],"replies":[{"embeddable":true,"href":"https:\/\/www.abpartners.cz\/uk\/wp-json\/wp\/v2\/comments?post=3111"}],"version-history":[{"count":0,"href":"https:\/\/www.abpartners.cz\/uk\/wp-json\/wp\/v2\/pages\/3111\/revisions"}],"up":[{"embeddable":true,"href":"https:\/\/www.abpartners.cz\/uk\/wp-json\/wp\/v2\/pages\/40"}],"wp:attachment":[{"href":"https:\/\/www.abpartners.cz\/uk\/wp-json\/wp\/v2\/media?parent=3111"}],"curies":[{"name":"wp","href":"https:\/\/api.w.org\/{rel}","templated":true}]}}