{"id":2384,"date":"2021-01-19T19:43:23","date_gmt":"2021-01-19T18:43:23","guid":{"rendered":"https:\/\/www.abpartners.cz\/?page_id=2384"},"modified":"2025-10-16T11:40:18","modified_gmt":"2025-10-16T09:40:18","slug":"podminky-pouzivani","status":"publish","type":"page","link":"https:\/\/www.abpartners.cz\/uk\/podminky-pouzivani\/","title":{"rendered":"Podm\u00ednky pou\u017e\u00edv\u00e1n\u00ed webu ABpartners.cz"},"content":{"rendered":"<div class=\"fusion-fullwidth fullwidth-box fusion-builder-row-1 fusion-flex-container nonhundred-percent-fullwidth non-hundred-percent-height-scrolling\" style=\"--awb-border-radius-top-left:0px;--awb-border-radius-top-right:0px;--awb-border-radius-bottom-right:0px;--awb-border-radius-bottom-left:0px;--awb-flex-wrap:wrap;\" ><div class=\"fusion-builder-row fusion-row fusion-flex-align-items-center fusion-flex-justify-content-center fusion-flex-content-wrap\" style=\"max-width:1248px;margin-left: calc(-4% \/ 2 );margin-right: calc(-4% \/ 2 );\"><div class=\"fusion-layout-column fusion_builder_column fusion-builder-column-0 fusion_builder_column_1_1 1_1 fusion-flex-column\" style=\"--awb-bg-size:cover;--awb-width-large:100%;--awb-margin-top-large:0px;--awb-spacing-right-large:1.92%;--awb-margin-bottom-large:0px;--awb-spacing-left-large:1.92%;--awb-width-medium:100%;--awb-spacing-right-medium:1.92%;--awb-spacing-left-medium:1.92%;--awb-width-small:100%;--awb-spacing-right-small:1.92%;--awb-spacing-left-small:1.92%;\"><div class=\"fusion-column-wrapper fusion-flex-justify-content-flex-start fusion-content-layout-column\"><div class=\"fusion-text fusion-text-1\"><p>AB PARTNERS advok\u00e1tn\u00ed kancel\u00e1\u0159 s.r.o., I\u010cO: <span class=\"nowrap\">07673418, DI\u010c: CZ07673418, <\/span>se s\u00eddlem Ot\u00fdlie Ben\u00ed\u0161kov\u00e9 14, 301 00 Plze\u0148 (d\u00e1le jen \u201e<strong>Advok\u00e1tn\u00ed kancel\u00e1\u0159<\/strong>\u201e) je advok\u00e1tn\u00ed kancel\u00e1\u0159\u00ed vykon\u00e1vaj\u00edc\u00ed svou \u010dinnost dle z\u00e1kona o advokacii.<\/p>\n<h3>Prezentovan\u00e9 informace<\/h3>\n<p>Webov\u00e9 str\u00e1nky ABpartners.cz (d\u00e1le jen \u201e<strong>Webov\u00e9 str\u00e1nky<\/strong>\u201c) slou\u017e\u00ed pro prezentaci Advok\u00e1tn\u00ed kancel\u00e1\u0159e a jej\u00edch slu\u017eeb.<\/p>\n<p>V r\u00e1mci Webov\u00fdch str\u00e1nek jsou rovn\u011b\u017e prezentov\u00e1ny informativn\u00ed \u010dl\u00e1nky Advok\u00e1tn\u00ed kancel\u00e1\u0159e nebo t\u0159et\u00edch osob o vybran\u00fdch legislativn\u00edch zm\u011bn\u00e1ch, judikatu\u0159e a pr\u00e1vn\u00ed problematice. Informace takto p\u0159edkl\u00e1dan\u00e9 maj\u00ed pouze informativn\u00ed povahu a nep\u0159edstavuj\u00ed \u00fapln\u00fd p\u0159ehled zm\u011bn v legislativ\u011b, judikatu\u0159e \u010di pr\u00e1vn\u00ed praxi.<\/p>\n<p>Vezm\u011bte na v\u011bdom\u00ed, \u017ee bez ohledu na zp\u016fsob u\u017eit\u00ed Webov\u00fdch str\u00e1nek je nutn\u00e9 se \u0159\u00eddit n\u00ed\u017ee uveden\u00fdmi pravidly, kter\u00e1 vymezuj\u00ed a up\u0159es\u0148uj\u00ed podm\u00ednky u\u017e\u00edv\u00e1n\u00ed v\u0161ech funk\u010dn\u00edch sou\u010d\u00e1st\u00ed Webov\u00fdch str\u00e1nek.<\/p>\n<p>Informace prezentovan\u00e9 na Webov\u00fdch str\u00e1nk\u00e1ch slou\u017e\u00ed pouze pro informa\u010dn\u00ed \u00fa\u010dely a nejsou n\u00e1vrhem na uzav\u0159en\u00ed smlouvy, dohody \u010di jak\u00e9hokoliv ujedn\u00e1n\u00ed. Jakoukoliv smlouvu, dohodu \u010di ujedn\u00e1n\u00ed je mo\u017en\u00e9 uzav\u0159\u00edt pouze v p\u00edsemn\u00e9 form\u011b a Advok\u00e1tn\u00ed kancel\u00e1\u0159 vylu\u010duje uzav\u0159en\u00ed jak\u00e9koliv smlouvy, dohody \u010di ujedn\u00e1n\u00ed v jin\u00e9 ne\u017e p\u00edsemn\u00e9 form\u011b.<\/p>\n<h3>Vylou\u010den\u00ed odpov\u011bdnosti (s v\u00fdjimkou port\u00e1lu LegalShop)<\/h3>\n<p>Advok\u00e1tn\u00ed kancel\u00e1\u0159 vynakl\u00e1d\u00e1 ve\u0161ker\u00e9 \u00fasil\u00ed, aby prezentovan\u00e9 informace byly pro n\u00e1v\u0161t\u011bvn\u00edky p\u0159\u00ednosn\u00e9. Advok\u00e1tn\u00ed kancel\u00e1\u0159 v\u0161ak nezaru\u010duje ani ne\u010din\u00ed z\u00e1ruky o p\u0159esnosti, \u00faplnosti a aktu\u00e1lnosti t\u011bchto informac\u00ed. Informace uveden\u00e9 na t\u011bchto Webov\u00fdch str\u00e1nk\u00e1ch nejsou m\u00edn\u011bny jako pr\u00e1vn\u00ed rada a nem\u011bly by b\u00fdt takto u\u017e\u00edv\u00e1ny, jejich \u00fa\u010delem je upozornit na ur\u010dit\u00e9 vybran\u00e9 pr\u00e1vn\u00ed ot\u00e1zky, nikoliv poskytnout ucelen\u00e9 pr\u00e1vn\u00ed stanovisko \u010di vy\u010derp\u00e1vaj\u00edc\u00ed rozbor. Advok\u00e1tn\u00ed kancel\u00e1\u0159 neodpov\u00edd\u00e1 za aplikaci z\u00e1v\u011br\u016f \u010di skute\u010dnost\u00ed prezentovan\u00fdch na Webov\u00fdch str\u00e1nk\u00e1ch na jak\u00fdkoli pr\u00e1vn\u00ed p\u0159\u00edpad. Budete-li pot\u0159ebovat detailn\u011bj\u0161\u00ed informace nebo n\u00e1vaznou radu s ohledem na ot\u00e1zky obsa\u017een\u00e9 na t\u011bchto Webov\u00fdch str\u00e1nk\u00e1ch, doporu\u010dujeme pou\u017e\u00edt kontaktn\u00ed formul\u00e1\u0159.<\/p>\n<p>Advok\u00e1tn\u00ed kancel\u00e1\u0159 nep\u0159ij\u00edm\u00e1 jakoukoli odpov\u011bdnost za chyby nebo opomenut\u00ed v obsahu t\u011bchto Webov\u00fdch str\u00e1nek a d\u00e1le odm\u00edt\u00e1 odpov\u011bdnost jak\u00e9koli povahy za ve\u0161ker\u00e9 ztr\u00e1ty zp\u016fsoben\u00e9 v souvislosti s u\u017e\u00edv\u00e1n\u00edm t\u011bchto Webov\u00fdch str\u00e1nek. Toto omezen\u00ed odpov\u011bdnosti plat\u00ed pro ve\u0161ker\u00e9 n\u00e1hrady \u0161kody bez ohledu na jejich druh. Advok\u00e1tn\u00ed kancel\u00e1\u0159 si vyhrazuje pr\u00e1vo kdykoli m\u011bnit zve\u0159ejn\u011bn\u00e9 informace bez p\u0159edchoz\u00edho ozn\u00e1men\u00ed.<\/p>\n<p>Upozor\u0148ujeme, \u017ee kliknut\u00edm na n\u011bkter\u00e9 odkazy na Webov\u00fdch str\u00e1nk\u00e1ch m\u016f\u017ee doj\u00edt k opu\u0161t\u011bn\u00ed Webov\u00fdch str\u00e1nek a k p\u0159esm\u011brov\u00e1n\u00ed na webov\u00e9 str\u00e1nky t\u0159et\u00edch osob.<\/p>\n<p>Odkazy na webov\u00e9 str\u00e1nky jin\u00fdch osob jsou zde uvedeny pouze z praktick\u00fdch d\u016fvod\u016f a nezakl\u00e1daj\u00ed odpov\u011bdnost za informace, obsa\u017een\u00e9 na webov\u00fdch str\u00e1nk\u00e1ch jin\u00fdch osob, ani souhlas s jejich obsahem ze strany Advok\u00e1tn\u00ed kancel\u00e1\u0159e. Advok\u00e1tn\u00ed kancel\u00e1\u0159 ne\u010din\u00ed \u017e\u00e1dn\u00e9 z\u00e1ruky, a\u0165 ji\u017e v\u00fdslovn\u00e9 nebo implicitn\u00ed, s ohledem na p\u0159esnost, dostupnost, spolehlivost nebo obsah takov\u00fdch informac\u00ed, text\u016f, grafick\u00e9ho zpracov\u00e1n\u00ed a odkaz\u016f. Advok\u00e1tn\u00ed kancel\u00e1\u0159 neprov\u00e1d\u011bla testov\u00e1n\u00ed webov\u00fdch str\u00e1nek t\u0159et\u00edch osob a ne\u010din\u00ed \u017e\u00e1dn\u00e1 prohl\u00e1\u0161en\u00ed s ohledem na kvalitu, bezpe\u010dnost nebo spolehlivost t\u011bchto str\u00e1nek.<\/p>\n<h3>Pou\u017e\u00edv\u00e1n\u00ed Webov\u00fdch str\u00e1nek<\/h3>\n<p>Advok\u00e1tn\u00ed kancel\u00e1\u0159 nenese odpov\u011bdnost za chyby vznikl\u00e9 v d\u016fsledku z\u00e1sah\u016f t\u0159et\u00edch osob do Webov\u00fdch str\u00e1nek nebo v d\u016fsledku jeho u\u017eit\u00ed v rozporu s jeho ur\u010den\u00edm. P\u0159i vyu\u017e\u00edv\u00e1n\u00ed Webov\u00fdch str\u00e1nek nesm\u00edte pou\u017e\u00edvat mechanismy, programov\u00e9 vybaven\u00ed, skripty nebo jin\u00e9 postupy, kter\u00e9 by mohly m\u00edt negativn\u00ed vliv na jeho provoz, tj. p\u0159edev\u0161\u00edm naru\u0161it funkci syst\u00e9mu nebo nep\u0159im\u011b\u0159en\u011b zat\u011b\u017eovat syst\u00e9m, a d\u00e1le nesm\u00edte vykon\u00e1vat \u017e\u00e1dnou \u010dinnost, kter\u00e1 by mohla V\u00e1m nebo t\u0159et\u00edm osob\u00e1m umo\u017enit neopr\u00e1vn\u011bn\u011b zasahovat \u010di neopr\u00e1vn\u011bn\u011b u\u017e\u00edt programov\u00e9 vybaven\u00ed nebo dal\u0161\u00ed sou\u010d\u00e1sti tvo\u0159\u00edc\u00ed Webov\u00e9 str\u00e1nky a u\u017e\u00edvat Webov\u00e9 str\u00e1nky nebo jeho \u010d\u00e1sti \u010di softwarov\u00e9 vybaven\u00ed takov\u00fdm zp\u016fsobem, kter\u00fd by byl v rozporu s jeho ur\u010den\u00edm \u010di \u00fa\u010delem.<\/p>\n<p>Advok\u00e1tn\u00ed kancel\u00e1\u0159 nem\u016f\u017ee zaru\u010dit nep\u0159eru\u0161en\u00fd p\u0159\u00edstup na Webov\u00e9 str\u00e1nky, ani nez\u00e1vadnost a bezpe\u010dnost Webov\u00fdch str\u00e1nek. Advok\u00e1tn\u00ed kancel\u00e1\u0159 neodpov\u00edd\u00e1 za \u0161kodu zp\u016fsobenou p\u0159i realizaci p\u0159\u00edstupu a u\u017e\u00edv\u00e1n\u00ed Webov\u00fdch str\u00e1nek, v\u010detn\u011b p\u0159\u00edpadn\u00e9 \u0161kody vznikl\u00e9 p\u0159i stahov\u00e1n\u00ed dat zve\u0159ejn\u011bn\u00fdch na Webov\u00fdch str\u00e1nk\u00e1ch, \u0161kody zp\u016fsoben\u00e9 p\u0159eru\u0161en\u00edm provozu, poruchou Webov\u00fdch str\u00e1nek, po\u010d\u00edta\u010dov\u00fdmi viry, \u0161kodu v d\u016fsledku ztr\u00e1ty dat, zisku nebo neopr\u00e1vn\u011bn\u00e9ho p\u0159\u00edstupu k p\u0159enos\u016fm a dat\u016fm.<\/p>\n<p>Pokud se p\u0159i u\u017e\u00edv\u00e1n\u00ed Webov\u00fdch str\u00e1nek dopust\u00edte jak\u00e9hokoliv nez\u00e1konn\u00e9ho \u010di neetick\u00e9ho jedn\u00e1n\u00ed, je Advok\u00e1tn\u00ed kancel\u00e1\u0159 opr\u00e1vn\u011bna omezit, pozastavit nebo ukon\u010dit V\u00e1\u0161 p\u0159\u00edstup na Webov\u00e9 str\u00e1nky, a to bez jak\u00e9koli n\u00e1hrady. V tomto p\u0159\u00edpad\u011b jste d\u00e1le povinni uhradit Advok\u00e1tn\u00ed kancel\u00e1\u0159i \u0161kodu, kter\u00e1 Va\u0161\u00edm jedn\u00e1n\u00edm dle tohoto odstavce prokazateln\u011b vznikla, a to v pln\u00e9 v\u00fd\u0161i.<\/p>\n<h3>Ochrana autorsk\u00fdch pr\u00e1v<\/h3>\n<p>Obsah Webov\u00fdch str\u00e1nek mimo jin\u00e9 v\u010detn\u011b ve\u0161ker\u00fdch dokument\u016f, soubor\u016f, grafiky, za\u0159\u00edzen\u00ed, k\u00f3du, programov\u00e9ho vybaven\u00ed Webov\u00fdch str\u00e1nek a obecn\u00e9ho vzhledu Webov\u00fdch str\u00e1nek jsou p\u0159edm\u011btem autorsk\u00fdch pr\u00e1v Advok\u00e1tn\u00ed kancel\u00e1\u0159e, jejich \u010dlen\u016f, zam\u011bstnanc\u016f, nen\u00ed-li uvedeno v\u00fdslovn\u011b jinak. Webov\u00e9 str\u00e1nky mohou rovn\u011b\u017e obsahovat autorsk\u00e1 d\u00edla t\u0159et\u00edch osob, kter\u00e1 jsou zve\u0159ej\u0148ov\u00e1na v\u017edy v souladu s podm\u00ednkami stanoven\u00fdmi na z\u00e1klad\u011b vz\u00e1jemn\u00e9 dohody stran nebo svolen\u00ed osoby disponuj\u00edc\u00ed s autorsk\u00fdmi pr\u00e1vy k takov\u00fdm autorsk\u00fdm d\u00edl\u016fm. Ve\u0161ker\u00e1 pr\u00e1va jsou vyhrazena, pokud nen\u00ed konkr\u00e9tn\u011b uvedeno jinak.<\/p>\n<p>Jak\u00fdmkoliv nepovolen\u00fdm z\u00e1sahem do Webov\u00fdch str\u00e1nek \u010di jej\u00edch \u010d\u00e1st\u00ed nebo jejich nepovolen\u00fdm u\u017eit\u00edm, m\u016f\u017ee doj\u00edt k poru\u0161en\u00ed autorsk\u00fdch \u010di autorsk\u00fdm pr\u00e1v\u016fm p\u0159\u00edbuzn\u00fdch pr\u00e1v t\u0159et\u00edch osob nebo Advok\u00e1tn\u00ed kancel\u00e1\u0159e. P\u0159i povolen\u00e9m u\u017eit\u00ed obsahu uveden\u00fdch na t\u011bchto Webov\u00fdch str\u00e1nk\u00e1ch, tj. po p\u0159edchoz\u00ed dohod\u011b s Advok\u00e1tn\u00ed kancel\u00e1\u0159\u00ed, je nutn\u00e9 uv\u00e9st Advok\u00e1tn\u00ed kancel\u00e1\u0159 jako autora obsahu spolu s uveden\u00edm hypertextov\u00e9ho odkazu na Webov\u00e9 str\u00e1nky, nen\u00ed-li dohodnuto jinak.<\/p>\n<p>P\u0159i nerespektov\u00e1n\u00ed v\u00fd\u0161e popsan\u00e9ho z\u00e1kazu bude Advok\u00e1tn\u00ed kancel\u00e1\u0159 postupovat v souladu se z\u00e1konem \u010d. 121\/2000 Sb., autorsk\u00fd z\u00e1kon, ve zn\u011bn\u00ed pozd\u011bj\u0161\u00edch p\u0159edpis\u016f. Advok\u00e1tn\u00ed kancel\u00e1\u0159 jako dr\u017eitel autorsk\u00fdch pr\u00e1v m\u00e1 zejm\u00e9na pr\u00e1vo dom\u00e1hat se, aby bylo od z\u00e1sah\u016f do autorsk\u00fdch pr\u00e1v upu\u0161t\u011bno, a po\u017eadovat sta\u017een\u00ed neopr\u00e1vn\u011bn\u00fdch kopi\u00ed chr\u00e1n\u011bn\u00e9ho obsahu. D\u00e1le m\u00e1 pr\u00e1vo po\u017eadovat p\u0159im\u011b\u0159en\u00e9 zadostiu\u010din\u011bn\u00ed za zp\u016fsobenou \u00fajmu.<\/p>\n<h3>Ochrana osobn\u00edch \u00fadaj\u016f<\/h3>\n<p>P\u0159i pou\u017e\u00edv\u00e1n\u00ed Webov\u00fdch str\u00e1nek poskytujete Advok\u00e1tn\u00ed kancel\u00e1\u0159i n\u011bkter\u00e9 Va\u0161e osobn\u00ed \u00fadaje. D\u00e1le p\u0159i u\u017e\u00edv\u00e1n\u00ed Webov\u00fdch str\u00e1nek doch\u00e1z\u00ed k z\u00edsk\u00e1v\u00e1n\u00ed, uchov\u00e1v\u00e1n\u00ed a zpracov\u00e1v\u00e1n\u00ed dal\u0161\u00edch \u00fadaj\u016f, k nim\u017e m\u00e1 Advok\u00e1tn\u00ed kancel\u00e1\u0159 p\u0159\u00edstup. Zad\u00e1n\u00edm osobn\u00edch \u00fadaj\u016f a u\u017e\u00edv\u00e1n\u00edm Webov\u00fdch str\u00e1nek souhlas\u00edte se zpracov\u00e1v\u00e1n\u00edm a shroma\u017e\u010fov\u00e1n\u00edm sv\u00fdch osobn\u00edch \u00fadaj\u016f v d\u00e1le uveden\u00e9m rozsahu a k d\u00e1le uveden\u00fdm \u00fa\u010del\u016fm, a to a\u017e do doby vyj\u00e1d\u0159en\u00ed nesouhlasu s takov\u00fdm zpracov\u00e1n\u00edm.<\/p>\n<p>Advok\u00e1tn\u00ed kancel\u00e1\u0159 p\u0159i nakl\u00e1d\u00e1n\u00ed s osobn\u00edmi \u00fadaji postupuje v souladu s pr\u00e1vn\u00edm \u0159\u00e1dem \u010cesk\u00e9 republiky.<\/p>\n<h4><strong>Osobn\u00ed \u00fadaje<\/strong><\/h4>\n<p>Podrobn\u00e9 informace o zpracov\u00e1n\u00ed Va\u0161ich osobn\u00edch \u00fadaj\u016f naleznete v \u201eInformaci o zpracov\u00e1n\u00ed osobn\u00edch \u00fadaj\u016f\u201c dostupn\u00e9 na <a href=\"https:\/\/www.abpartners.cz\/uk\/legalshop\/gdpr-smlouvy\/\" target=\"_blank\" rel=\"noopener noreferrer\">https:\/\/www.abpartners.cz\/legalshop\/gdpr-smlouvy<\/a> a v na\u0161\u00ed politice \u201eOchrana soukrom\u00ed\u201c dostupn\u00e9 na <a href=\"https:\/\/www.abpartners.cz\/uk\/gdpr\/\" target=\"_blank\" rel=\"noopener noreferrer\">https:\/\/www.abpartners.cz\/gdpr<\/a>.<\/p>\n<h4><strong>Soubory cookies<\/strong><\/h4>\n<p>Webov\u00e9 str\u00e1nky pro svou \u010dinnost vyu\u017e\u00edvaj\u00ed takzvan\u00e9 soubory \u201ecookies\u201c. Webov\u00e9 str\u00e1nky d\u00e1le pou\u017e\u00edvaj\u00ed slu\u017ebu Google Analytics a p\u0159\u00edpadn\u011b i dal\u0161\u00ed slu\u017eby poskytovan\u00e9 spole\u010dnost\u00ed Google, Inc., a d\u00e1le slu\u017eby pro marketing spole\u010dnosti Facebook Inc. K vyu\u017e\u00edv\u00e1n\u00ed cookies doch\u00e1z\u00ed i v r\u00e1mci vyu\u017e\u00edv\u00e1n\u00ed t\u011bchto slu\u017eeb.<\/p>\n<p>Poskytnut\u00edm souhlasu na Webov\u00fdch str\u00e1nk\u00e1ch ud\u011blujete sv\u016fj souhlas s vyu\u017e\u00edv\u00e1n\u00edm soubor\u016f cookies, a tak\u00e9 se zpracov\u00e1v\u00e1n\u00edm \u00fadaj\u016f o V\u00e1s Advok\u00e1tn\u00ed kancel\u00e1\u0159i, spole\u010dnosti Google, Inc., Facebook Inc. a dal\u0161\u00edm spole\u010dnostem, kter\u00e9 sv\u00fdmi slu\u017ebami zaji\u0161\u0165uj\u00ed spolehliv\u00fd provoz Webov\u00fdch str\u00e1nek (Yoast BV atd.).<\/p>\n<p>Pou\u017e\u00edv\u00e1n\u00ed soubor\u016f cookies m\u016f\u017eete odm\u00edtnout volbou v p\u0159\u00edslu\u0161n\u00e9m nastaven\u00ed v internetov\u00e9m prohl\u00ed\u017ee\u010di. Upozor\u0148ujeme na to, \u017ee p\u0159i odm\u00edtnut\u00ed pou\u017e\u00edv\u00e1n\u00ed soubor\u016f cookies nen\u00ed vylou\u010deno, \u017ee nebudete moci pln\u011b vyu\u017e\u00edvat ve\u0161ker\u00e9 funkce Webov\u00fdch str\u00e1nek.<\/p>\n<\/div><\/div><\/div><\/div><\/div>","protected":false},"excerpt":{"rendered":"","protected":false},"author":1,"featured_media":0,"parent":0,"menu_order":0,"comment_status":"closed","ping_status":"closed","template":"","meta":{"_acf_changed":false,"rs_blank_template":"","rs_page_bg_color":"","slide_template_v7":"","footnotes":""},"class_list":["post-2384","page","type-page","status-publish","hentry"],"acf":[],"yoast_head":"<!-- This site is optimized with the Yoast SEO plugin v27.4 - https:\/\/yoast.com\/product\/yoast-seo-wordpress\/ -->\n<title>Podm\u00ednky pou\u017e\u00edv\u00e1n\u00ed webu ABpartners.cz - AB PARTNERS advok\u00e1ti<\/title>\n<meta name=\"robots\" content=\"index, follow, max-snippet:-1, max-image-preview:large, max-video-preview:-1\" \/>\n<link rel=\"canonical\" href=\"https:\/\/www.abpartners.cz\/uk\/podminky-pouzivani\/\" \/>\n<meta property=\"og:locale\" content=\"uk_UA\" \/>\n<meta property=\"og:type\" content=\"article\" \/>\n<meta property=\"og:title\" content=\"Podm\u00ednky pou\u017e\u00edv\u00e1n\u00ed webu ABpartners.cz - AB PARTNERS advok\u00e1ti\" \/>\n<meta property=\"og:url\" content=\"https:\/\/www.abpartners.cz\/uk\/podminky-pouzivani\/\" \/>\n<meta property=\"og:site_name\" content=\"AB PARTNERS advok\u00e1ti\" \/>\n<meta property=\"article:publisher\" content=\"https:\/\/www.facebook.com\/abpartners.cz\/\" \/>\n<meta property=\"article:modified_time\" content=\"2025-10-16T09:40:18+00:00\" \/>\n<meta name=\"twitter:card\" content=\"summary_large_image\" \/>\n<meta name=\"twitter:site\" content=\"@ABPartners_cz\" \/>\n<meta name=\"twitter:label1\" content=\"\u041f\u0440\u0438\u0431\u043b. \u0447\u0430\u0441 \u0447\u0438\u0442\u0430\u043d\u043d\u044f\" \/>\n\t<meta name=\"twitter:data1\" content=\"10 \u0445\u0432\u0438\u043b\u0438\u043d\" \/>\n<script type=\"application\/ld+json\" class=\"yoast-schema-graph\">{\"@context\":\"https:\\\/\\\/schema.org\",\"@graph\":[{\"@type\":\"WebPage\",\"@id\":\"https:\\\/\\\/www.abpartners.cz\\\/podminky-pouzivani\\\/\",\"url\":\"https:\\\/\\\/www.abpartners.cz\\\/podminky-pouzivani\\\/\",\"name\":\"Podm\u00ednky pou\u017e\u00edv\u00e1n\u00ed webu ABpartners.cz - AB PARTNERS advok\u00e1ti\",\"isPartOf\":{\"@id\":\"https:\\\/\\\/www.abpartners.cz\\\/#website\"},\"datePublished\":\"2021-01-19T18:43:23+00:00\",\"dateModified\":\"2025-10-16T09:40:18+00:00\",\"breadcrumb\":{\"@id\":\"https:\\\/\\\/www.abpartners.cz\\\/podminky-pouzivani\\\/#breadcrumb\"},\"inLanguage\":\"uk\",\"potentialAction\":[{\"@type\":\"ReadAction\",\"target\":[\"https:\\\/\\\/www.abpartners.cz\\\/podminky-pouzivani\\\/\"]}]},{\"@type\":\"BreadcrumbList\",\"@id\":\"https:\\\/\\\/www.abpartners.cz\\\/podminky-pouzivani\\\/#breadcrumb\",\"itemListElement\":[{\"@type\":\"ListItem\",\"position\":1,\"name\":\"Dom\u016f\",\"item\":\"https:\\\/\\\/www.abpartners.cz\\\/\"},{\"@type\":\"ListItem\",\"position\":2,\"name\":\"Podm\u00ednky pou\u017e\u00edv\u00e1n\u00ed webu ABpartners.cz\"}]},{\"@type\":\"WebSite\",\"@id\":\"https:\\\/\\\/www.abpartners.cz\\\/#website\",\"url\":\"https:\\\/\\\/www.abpartners.cz\\\/\",\"name\":\"AB PARTNERS advok\u00e1ti\",\"description\":\"AB PARTNERS advok\u00e1ti\",\"publisher\":{\"@id\":\"https:\\\/\\\/www.abpartners.cz\\\/#organization\"},\"potentialAction\":[{\"@type\":\"SearchAction\",\"target\":{\"@type\":\"EntryPoint\",\"urlTemplate\":\"https:\\\/\\\/www.abpartners.cz\\\/?s={search_term_string}\"},\"query-input\":{\"@type\":\"PropertyValueSpecification\",\"valueRequired\":true,\"valueName\":\"search_term_string\"}}],\"inLanguage\":\"uk\"},{\"@type\":\"Organization\",\"@id\":\"https:\\\/\\\/www.abpartners.cz\\\/#organization\",\"name\":\"AB PARTNERS advok\u00e1ti\",\"url\":\"https:\\\/\\\/www.abpartners.cz\\\/\",\"logo\":{\"@type\":\"ImageObject\",\"inLanguage\":\"uk\",\"@id\":\"https:\\\/\\\/www.abpartners.cz\\\/#\\\/schema\\\/logo\\\/image\\\/\",\"url\":\"https:\\\/\\\/www.abpartners.cz\\\/wp-content\\\/uploads\\\/2021\\\/01\\\/abpartners_regular_rgb_dark.png\",\"contentUrl\":\"https:\\\/\\\/www.abpartners.cz\\\/wp-content\\\/uploads\\\/2021\\\/01\\\/abpartners_regular_rgb_dark.png\",\"width\":1240,\"height\":236,\"caption\":\"AB PARTNERS advok\u00e1ti\"},\"image\":{\"@id\":\"https:\\\/\\\/www.abpartners.cz\\\/#\\\/schema\\\/logo\\\/image\\\/\"},\"sameAs\":[\"https:\\\/\\\/www.facebook.com\\\/abpartners.cz\\\/\",\"https:\\\/\\\/x.com\\\/ABPartners_cz\",\"https:\\\/\\\/www.linkedin.com\\\/company\\\/abpartners\\\/\",\"https:\\\/\\\/www.instagram.com\\\/abpartners.cz\\\/\"]}]}<\/script>\n<!-- \/ Yoast SEO plugin. -->","yoast_head_json":{"title":"Podm\u00ednky pou\u017e\u00edv\u00e1n\u00ed webu ABpartners.cz - AB PARTNERS advok\u00e1ti","robots":{"index":"index","follow":"follow","max-snippet":"max-snippet:-1","max-image-preview":"max-image-preview:large","max-video-preview":"max-video-preview:-1"},"canonical":"https:\/\/www.abpartners.cz\/uk\/podminky-pouzivani\/","og_locale":"uk_UA","og_type":"article","og_title":"Podm\u00ednky pou\u017e\u00edv\u00e1n\u00ed webu ABpartners.cz - AB PARTNERS advok\u00e1ti","og_url":"https:\/\/www.abpartners.cz\/uk\/podminky-pouzivani\/","og_site_name":"AB PARTNERS advok\u00e1ti","article_publisher":"https:\/\/www.facebook.com\/abpartners.cz\/","article_modified_time":"2025-10-16T09:40:18+00:00","twitter_card":"summary_large_image","twitter_site":"@ABPartners_cz","twitter_misc":{"\u041f\u0440\u0438\u0431\u043b. \u0447\u0430\u0441 \u0447\u0438\u0442\u0430\u043d\u043d\u044f":"10 \u0445\u0432\u0438\u043b\u0438\u043d"},"schema":{"@context":"https:\/\/schema.org","@graph":[{"@type":"WebPage","@id":"https:\/\/www.abpartners.cz\/podminky-pouzivani\/","url":"https:\/\/www.abpartners.cz\/podminky-pouzivani\/","name":"Podm\u00ednky pou\u017e\u00edv\u00e1n\u00ed webu ABpartners.cz - AB PARTNERS advok\u00e1ti","isPartOf":{"@id":"https:\/\/www.abpartners.cz\/#website"},"datePublished":"2021-01-19T18:43:23+00:00","dateModified":"2025-10-16T09:40:18+00:00","breadcrumb":{"@id":"https:\/\/www.abpartners.cz\/podminky-pouzivani\/#breadcrumb"},"inLanguage":"uk","potentialAction":[{"@type":"ReadAction","target":["https:\/\/www.abpartners.cz\/podminky-pouzivani\/"]}]},{"@type":"BreadcrumbList","@id":"https:\/\/www.abpartners.cz\/podminky-pouzivani\/#breadcrumb","itemListElement":[{"@type":"ListItem","position":1,"name":"Dom\u016f","item":"https:\/\/www.abpartners.cz\/"},{"@type":"ListItem","position":2,"name":"Podm\u00ednky pou\u017e\u00edv\u00e1n\u00ed webu ABpartners.cz"}]},{"@type":"WebSite","@id":"https:\/\/www.abpartners.cz\/#website","url":"https:\/\/www.abpartners.cz\/","name":"\u0410\u0434\u0432\u043e\u043a\u0430\u0442\u0441\u044c\u043a\u0435 \u043e\u0431'\u0454\u0434\u043d\u0430\u043d\u043d\u044f AB PARTNERS","description":"\u0410\u0434\u0432\u043e\u043a\u0430\u0442\u0441\u044c\u043a\u0435 \u043e\u0431'\u0454\u0434\u043d\u0430\u043d\u043d\u044f AB PARTNERS","publisher":{"@id":"https:\/\/www.abpartners.cz\/#organization"},"potentialAction":[{"@type":"SearchAction","target":{"@type":"EntryPoint","urlTemplate":"https:\/\/www.abpartners.cz\/?s={search_term_string}"},"query-input":{"@type":"PropertyValueSpecification","valueRequired":true,"valueName":"search_term_string"}}],"inLanguage":"uk"},{"@type":"Organization","@id":"https:\/\/www.abpartners.cz\/#organization","name":"\u0410\u0434\u0432\u043e\u043a\u0430\u0442\u0441\u044c\u043a\u0435 \u043e\u0431'\u0454\u0434\u043d\u0430\u043d\u043d\u044f AB PARTNERS","url":"https:\/\/www.abpartners.cz\/","logo":{"@type":"ImageObject","inLanguage":"uk","@id":"https:\/\/www.abpartners.cz\/#\/schema\/logo\/image\/","url":"https:\/\/www.abpartners.cz\/wp-content\/uploads\/2021\/01\/abpartners_regular_rgb_dark.png","contentUrl":"https:\/\/www.abpartners.cz\/wp-content\/uploads\/2021\/01\/abpartners_regular_rgb_dark.png","width":1240,"height":236,"caption":"AB PARTNERS advok\u00e1ti"},"image":{"@id":"https:\/\/www.abpartners.cz\/#\/schema\/logo\/image\/"},"sameAs":["https:\/\/www.facebook.com\/abpartners.cz\/","https:\/\/x.com\/ABPartners_cz","https:\/\/www.linkedin.com\/company\/abpartners\/","https:\/\/www.instagram.com\/abpartners.cz\/"]}]}},"_links":{"self":[{"href":"https:\/\/www.abpartners.cz\/uk\/wp-json\/wp\/v2\/pages\/2384","targetHints":{"allow":["GET"]}}],"collection":[{"href":"https:\/\/www.abpartners.cz\/uk\/wp-json\/wp\/v2\/pages"}],"about":[{"href":"https:\/\/www.abpartners.cz\/uk\/wp-json\/wp\/v2\/types\/page"}],"author":[{"embeddable":true,"href":"https:\/\/www.abpartners.cz\/uk\/wp-json\/wp\/v2\/users\/1"}],"replies":[{"embeddable":true,"href":"https:\/\/www.abpartners.cz\/uk\/wp-json\/wp\/v2\/comments?post=2384"}],"version-history":[{"count":0,"href":"https:\/\/www.abpartners.cz\/uk\/wp-json\/wp\/v2\/pages\/2384\/revisions"}],"wp:attachment":[{"href":"https:\/\/www.abpartners.cz\/uk\/wp-json\/wp\/v2\/media?parent=2384"}],"curies":[{"name":"wp","href":"https:\/\/api.w.org\/{rel}","templated":true}]}}