{"id":3300,"date":"2021-03-28T22:17:51","date_gmt":"2021-03-28T20:17:51","guid":{"rendered":"https:\/\/www.abpartners.cz\/?post_type=product&#038;p=3300"},"modified":"2021-03-28T23:14:01","modified_gmt":"2021-03-28T21:14:01","slug":"prihlaska-pohledavky-do-insolvencniho-rizeni-pravni-sluzba","status":"publish","type":"product","link":"https:\/\/www.abpartners.cz\/sk\/legalshop\/prihlaska-pohledavky-do-insolvencniho-rizeni-pravni-sluzba\/","title":{"rendered":"Prihl\u00e1senie poh\u013ead\u00e1vky v konkurznom konan\u00ed (pr\u00e1vna slu\u017eba)"},"content":{"rendered":"<p><span style=\"color: #b61e3f;\"><strong>V objedn\u00e1vce v\u017edy uve\u010fte V\u00e1\u0161 email a telefonn\u00ed \u010d\u00edslo, abychom V\u00e1s mohli kontaktovat a domluvit se na podrobnostech.<\/strong><\/span><\/p>\n<p>Po zah\u00e1jen\u00ed insolven\u010dn\u00edho \u0159\u00edzen\u00ed na majetek Va\u0161eho dlu\u017en\u00edka m\u016f\u017eete svou pohled\u00e1vku zpravidla <strong>uplatnit jen p\u0159ihl\u00e1\u0161kou, v\u011bt\u0161ina soudn\u00edch \u0159\u00edzen\u00ed se p\u0159eru\u0161\u00ed a exekuce na majetek dlu\u017en\u00edka nelze prov\u00e9st<\/strong>. Na p\u0159ihl\u00e1\u0161en\u00ed pohled\u00e1vky m\u00e1te obvykle <strong>dva m\u011bs\u00edce po rozhodnut\u00ed o \u00fapadku<\/strong> Va\u0161eho dlu\u017en\u00edka. Pokud svou pohled\u00e1vku <strong>nep\u0159ihl\u00e1s\u00edte v uveden\u00e9 lh\u016ft\u011b, m\u016f\u017ee se st\u00e1t, \u017ee o n\u00ed p\u0159ijdete<\/strong>.<\/p>\n<p>Pokud soud dlu\u017en\u00edkovi schv\u00e1l\u00ed <strong>oddlu\u017een\u00ed<\/strong>, bude \u0159e\u0161eno zpen\u011b\u017een\u00edm dlu\u017en\u00edkova majetku nebo <strong>spl\u00e1tkov\u00fdm kalend\u00e1\u0159em<\/strong>. Dlu\u017en\u00edk po celou dobu insolven\u010dn\u00edho \u0159\u00edzen\u00ed mus\u00ed plnit stanoven\u00e9 podm\u00ednky. Jedin\u011b tak m\u016f\u017ee soud po jeho ukon\u010den\u00ed vydat <strong>osvobozen\u00ed od nesplacen\u00fdch a nep\u0159ihl\u00e1\u0161en\u00fdch dluh\u016f<\/strong>.<\/p>\n<p>Jestli\u017ee na dlu\u017en\u00edk\u016fv majetek bude prohl\u00e1\u0161en <strong>konkurz, <\/strong>bude \u0159e\u0161en zpen\u011b\u017een\u00edm dlu\u017en\u00edkova majetku. V tomto p\u0159\u00edpad\u011b v\u0161ak m\u016f\u017eete po skon\u010den\u00ed \u0159\u00edzen\u00ed na z\u00e1klad\u011b seznamu p\u0159ihl\u00e1\u0161en\u00fdch pohled\u00e1vek poslat dlu\u017en\u00edka do exekuce, a to ani\u017e byste museli proj\u00edt \u0159\u00edzen\u00edm p\u0159ed soudem. Seznam p\u0159ihl\u00e1\u0161en\u00fdch pohled\u00e1vek se v takov\u00e9m p\u0159\u00edpad\u011b pova\u017euje za <strong>exeku\u010dn\u00ed titul<\/strong>.<\/p>\n<p>Neprome\u0161kejte proto lh\u016ftu k\u00a0p\u0159ihl\u00e1\u0161en\u00ed pohled\u00e1vek do insolven\u010dn\u00edho \u0159\u00edzen\u00ed. S\u00a0p\u0159ihl\u00e1\u0161kou pohled\u00e1vky V\u00e1m r\u00e1di pom\u016f\u017eeme.<\/p>\n<p>Co budete k p\u0159ihl\u00e1\u0161en\u00ed pohled\u00e1vky pot\u0159ebovat? Pr\u00e1vn\u00ed titul (nap\u0159. objedn\u00e1vku, dodac\u00ed list, fakturu\u2026atd.), dal\u0161\u00ed dokumenty k prok\u00e1z\u00e1n\u00ed existence pohled\u00e1vky (nap\u0159. potvrzen\u00ed o platb\u011b, komunikaci nebo uzn\u00e1n\u00ed dluhu).<\/p>\n<p>Cena t\u00e9to slu\u017eby je stanovena za vypracov\u00e1n\u00ed <strong>p\u0159ihl\u00e1\u0161ky max. 3 pohled\u00e1vek za jedn\u00edm dlu\u017en\u00edkem<\/strong>. V p\u0159\u00edpad\u011b z\u00e1jmu o p\u0159ihl\u00e1\u0161en\u00ed v\u00edce pohled\u00e1vek za jedn\u00edm dlu\u017en\u00edkem nebo za v\u00edce dlu\u017en\u00edky, navy\u0161te po\u010det polo\u017eek.<\/p>\n<p>&nbsp;<\/p>\n<p>&nbsp;<\/p>\n<p>&nbsp;<\/p>","protected":false},"excerpt":{"rendered":"<p>V objedn\u00e1vce v\u017edy uve\u010fte V\u00e1\u0161 email a telefonn\u00ed \u010d\u00edslo, abychom V\u00e1s mohli kontaktovat a domluvit se na podrobnostech. Po zah\u00e1jen\u00ed insolven\u010dn\u00edho \u0159\u00edzen\u00ed na majetek Va\u0161eho dlu\u017en\u00edka m\u016f\u017eete svou pohled\u00e1vku zpravidla uplatnit jen p\u0159ihl\u00e1\u0161kou, v\u011bt\u0161ina soudn\u00edch \u0159\u00edzen\u00ed se p\u0159eru\u0161\u00ed a exekuce na majetek dlu\u017en\u00edka nelze prov\u00e9st. Na p\u0159ihl\u00e1\u0161en\u00ed pohled\u00e1vky m\u00e1te obvykle  [&#8230;]<\/p>\n","protected":false},"featured_media":3261,"template":"","meta":{"_acf_changed":false,"rs_blank_template":"","rs_page_bg_color":"","slide_template_v7":""},"product_brand":[],"product_cat":[61],"product_tag":[],"class_list":{"0":"post-3300","1":"product","2":"type-product","3":"status-publish","4":"has-post-thumbnail","6":"product_cat-insolvence","8":"first","9":"instock","10":"virtual","11":"taxable","12":"purchasable","13":"product-type-simple"},"bundled_by":[],"bundle_stock_status":"instock","bundle_stock_quantity":null,"bundle_virtual":false,"bundle_layout":"","bundle_add_to_cart_form_location":"","bundle_editable_in_cart":false,"bundle_sold_individually_context":"","bundle_item_grouping":"","bundle_min_size":"","bundle_max_size":"","bundle_price":[],"bundled_items":[],"bundle_sell_ids":[],"exclude_global_add_ons":[],"addons":[],"acf":[],"yoast_head":"<!-- This site is optimized with the Yoast SEO plugin v27.4 - https:\/\/yoast.com\/product\/yoast-seo-wordpress\/ -->\n<title>P\u0159ihl\u00e1\u0161ka pohled\u00e1vky do insolven\u010dn\u00edho \u0159\u00edzen\u00ed (pr\u00e1vn\u00ed slu\u017eba) - LegalShop - AB PARTNERS advok\u00e1ti<\/title>\n<meta name=\"robots\" content=\"index, follow, max-snippet:-1, max-image-preview:large, max-video-preview:-1\" \/>\n<link rel=\"canonical\" href=\"https:\/\/www.abpartners.cz\/sk\/legalshop\/prihlaska-pohledavky-do-insolvencniho-rizeni-pravni-sluzba\/\" \/>\n<meta property=\"og:locale\" content=\"sk_SK\" \/>\n<meta property=\"og:type\" content=\"article\" \/>\n<meta property=\"og:title\" content=\"P\u0159ihl\u00e1\u0161ka pohled\u00e1vky do insolven\u010dn\u00edho \u0159\u00edzen\u00ed (pr\u00e1vn\u00ed slu\u017eba) - LegalShop - AB PARTNERS advok\u00e1ti\" \/>\n<meta property=\"og:description\" content=\"V objedn\u00e1vce v\u017edy uve\u010fte V\u00e1\u0161 email a telefonn\u00ed \u010d\u00edslo, abychom V\u00e1s mohli kontaktovat a domluvit se na podrobnostech. Po zah\u00e1jen\u00ed insolven\u010dn\u00edho \u0159\u00edzen\u00ed na majetek Va\u0161eho dlu\u017en\u00edka m\u016f\u017eete svou pohled\u00e1vku zpravidla uplatnit jen p\u0159ihl\u00e1\u0161kou, v\u011bt\u0161ina soudn\u00edch \u0159\u00edzen\u00ed se p\u0159eru\u0161\u00ed a exekuce na majetek dlu\u017en\u00edka nelze prov\u00e9st. Na p\u0159ihl\u00e1\u0161en\u00ed pohled\u00e1vky m\u00e1te obvykle [...]\" \/>\n<meta property=\"og:url\" content=\"https:\/\/www.abpartners.cz\/sk\/legalshop\/prihlaska-pohledavky-do-insolvencniho-rizeni-pravni-sluzba\/\" \/>\n<meta property=\"og:site_name\" content=\"AB PARTNERS advok\u00e1ti\" \/>\n<meta property=\"article:publisher\" content=\"https:\/\/www.facebook.com\/abpartners.cz\/\" \/>\n<meta property=\"article:modified_time\" content=\"2021-03-28T21:14:01+00:00\" \/>\n<meta property=\"og:image\" content=\"https:\/\/www.abpartners.cz\/wp-content\/uploads\/2021\/02\/insolvence.png\" \/>\n\t<meta property=\"og:image:width\" content=\"260\" \/>\n\t<meta property=\"og:image:height\" content=\"260\" \/>\n\t<meta property=\"og:image:type\" content=\"image\/png\" \/>\n<meta name=\"twitter:card\" content=\"summary_large_image\" \/>\n<meta name=\"twitter:site\" content=\"@ABPartners_cz\" \/>\n<meta name=\"twitter:label1\" content=\"Cena\" \/>\n\t<meta name=\"twitter:data1\" content=\"1.490&nbsp;&#075;&#269; v\u010detn\u011b DPH\" \/>\n\t<meta name=\"twitter:label2\" content=\"Dostupnos\u0165\" \/>\n\t<meta name=\"twitter:data2\" content=\"Na sklade\" \/>\n<script type=\"application\/ld+json\" class=\"yoast-schema-graph\">{\"@context\":\"https:\\\/\\\/schema.org\",\"@graph\":[{\"@type\":\"WebPage\",\"@id\":\"https:\\\/\\\/www.abpartners.cz\\\/legalshop\\\/prihlaska-pohledavky-do-insolvencniho-rizeni-pravni-sluzba\\\/\",\"url\":\"https:\\\/\\\/www.abpartners.cz\\\/legalshop\\\/prihlaska-pohledavky-do-insolvencniho-rizeni-pravni-sluzba\\\/\",\"name\":\"P\u0159ihl\u00e1\u0161ka pohled\u00e1vky do insolven\u010dn\u00edho \u0159\u00edzen\u00ed (pr\u00e1vn\u00ed slu\u017eba) - LegalShop - AB PARTNERS advok\u00e1ti\",\"isPartOf\":{\"@id\":\"https:\\\/\\\/www.abpartners.cz\\\/#website\"},\"primaryImageOfPage\":{\"@id\":\"https:\\\/\\\/www.abpartners.cz\\\/legalshop\\\/prihlaska-pohledavky-do-insolvencniho-rizeni-pravni-sluzba\\\/#primaryimage\"},\"image\":{\"@id\":\"https:\\\/\\\/www.abpartners.cz\\\/legalshop\\\/prihlaska-pohledavky-do-insolvencniho-rizeni-pravni-sluzba\\\/#primaryimage\"},\"thumbnailUrl\":\"https:\\\/\\\/www.abpartners.cz\\\/wp-content\\\/uploads\\\/2021\\\/02\\\/insolvence.png\",\"datePublished\":\"2021-03-28T20:17:51+00:00\",\"dateModified\":\"2021-03-28T21:14:01+00:00\",\"breadcrumb\":{\"@id\":\"https:\\\/\\\/www.abpartners.cz\\\/legalshop\\\/prihlaska-pohledavky-do-insolvencniho-rizeni-pravni-sluzba\\\/#breadcrumb\"},\"inLanguage\":\"sk-SK\",\"potentialAction\":[{\"@type\":\"ReadAction\",\"target\":[\"https:\\\/\\\/www.abpartners.cz\\\/legalshop\\\/prihlaska-pohledavky-do-insolvencniho-rizeni-pravni-sluzba\\\/\"]}]},{\"@type\":\"ImageObject\",\"inLanguage\":\"sk-SK\",\"@id\":\"https:\\\/\\\/www.abpartners.cz\\\/legalshop\\\/prihlaska-pohledavky-do-insolvencniho-rizeni-pravni-sluzba\\\/#primaryimage\",\"url\":\"https:\\\/\\\/www.abpartners.cz\\\/wp-content\\\/uploads\\\/2021\\\/02\\\/insolvence.png\",\"contentUrl\":\"https:\\\/\\\/www.abpartners.cz\\\/wp-content\\\/uploads\\\/2021\\\/02\\\/insolvence.png\",\"width\":260,\"height\":260},{\"@type\":\"BreadcrumbList\",\"@id\":\"https:\\\/\\\/www.abpartners.cz\\\/legalshop\\\/prihlaska-pohledavky-do-insolvencniho-rizeni-pravni-sluzba\\\/#breadcrumb\",\"itemListElement\":[{\"@type\":\"ListItem\",\"position\":1,\"name\":\"Dom\u016f\",\"item\":\"https:\\\/\\\/www.abpartners.cz\\\/\"},{\"@type\":\"ListItem\",\"position\":2,\"name\":\"LegalShop\",\"item\":\"https:\\\/\\\/www.abpartners.cz\\\/legalshop\\\/\"},{\"@type\":\"ListItem\",\"position\":3,\"name\":\"P\u0159ihl\u00e1\u0161ka pohled\u00e1vky do insolven\u010dn\u00edho \u0159\u00edzen\u00ed (pr\u00e1vn\u00ed slu\u017eba)\"}]},{\"@type\":\"WebSite\",\"@id\":\"https:\\\/\\\/www.abpartners.cz\\\/#website\",\"url\":\"https:\\\/\\\/www.abpartners.cz\\\/\",\"name\":\"AB PARTNERS advok\u00e1ti\",\"description\":\"AB PARTNERS advok\u00e1ti\",\"publisher\":{\"@id\":\"https:\\\/\\\/www.abpartners.cz\\\/#organization\"},\"potentialAction\":[{\"@type\":\"SearchAction\",\"target\":{\"@type\":\"EntryPoint\",\"urlTemplate\":\"https:\\\/\\\/www.abpartners.cz\\\/?s={search_term_string}\"},\"query-input\":{\"@type\":\"PropertyValueSpecification\",\"valueRequired\":true,\"valueName\":\"search_term_string\"}}],\"inLanguage\":\"sk-SK\"},{\"@type\":\"Organization\",\"@id\":\"https:\\\/\\\/www.abpartners.cz\\\/#organization\",\"name\":\"AB PARTNERS advok\u00e1ti\",\"url\":\"https:\\\/\\\/www.abpartners.cz\\\/\",\"logo\":{\"@type\":\"ImageObject\",\"inLanguage\":\"sk-SK\",\"@id\":\"https:\\\/\\\/www.abpartners.cz\\\/#\\\/schema\\\/logo\\\/image\\\/\",\"url\":\"https:\\\/\\\/www.abpartners.cz\\\/wp-content\\\/uploads\\\/2021\\\/01\\\/abpartners_regular_rgb_dark.png\",\"contentUrl\":\"https:\\\/\\\/www.abpartners.cz\\\/wp-content\\\/uploads\\\/2021\\\/01\\\/abpartners_regular_rgb_dark.png\",\"width\":1240,\"height\":236,\"caption\":\"AB PARTNERS advok\u00e1ti\"},\"image\":{\"@id\":\"https:\\\/\\\/www.abpartners.cz\\\/#\\\/schema\\\/logo\\\/image\\\/\"},\"sameAs\":[\"https:\\\/\\\/www.facebook.com\\\/abpartners.cz\\\/\",\"https:\\\/\\\/x.com\\\/ABPartners_cz\",\"https:\\\/\\\/www.linkedin.com\\\/company\\\/abpartners\\\/\",\"https:\\\/\\\/www.instagram.com\\\/abpartners.cz\\\/\"]}]}<\/script>\n<meta property=\"product:price:amount\" content=\"1490\" \/>\n<meta property=\"product:price:currency\" content=\"CZK\" \/>\n<meta property=\"og:availability\" content=\"instock\" \/>\n<meta property=\"product:availability\" content=\"instock\" \/>\n<meta property=\"product:retailer_item_id\" content=\"205002\" \/>\n<meta property=\"product:condition\" content=\"new\" \/>\n<!-- \/ Yoast SEO plugin. -->","yoast_head_json":{"title":"P\u0159ihl\u00e1\u0161ka pohled\u00e1vky do insolven\u010dn\u00edho \u0159\u00edzen\u00ed (pr\u00e1vn\u00ed slu\u017eba) - LegalShop - AB PARTNERS advok\u00e1ti","robots":{"index":"index","follow":"follow","max-snippet":"max-snippet:-1","max-image-preview":"max-image-preview:large","max-video-preview":"max-video-preview:-1"},"canonical":"https:\/\/www.abpartners.cz\/sk\/legalshop\/prihlaska-pohledavky-do-insolvencniho-rizeni-pravni-sluzba\/","og_locale":"sk_SK","og_type":"article","og_title":"P\u0159ihl\u00e1\u0161ka pohled\u00e1vky do insolven\u010dn\u00edho \u0159\u00edzen\u00ed (pr\u00e1vn\u00ed slu\u017eba) - LegalShop - AB PARTNERS advok\u00e1ti","og_description":"V objedn\u00e1vce v\u017edy uve\u010fte V\u00e1\u0161 email a telefonn\u00ed \u010d\u00edslo, abychom V\u00e1s mohli kontaktovat a domluvit se na podrobnostech. Po zah\u00e1jen\u00ed insolven\u010dn\u00edho \u0159\u00edzen\u00ed na majetek Va\u0161eho dlu\u017en\u00edka m\u016f\u017eete svou pohled\u00e1vku zpravidla uplatnit jen p\u0159ihl\u00e1\u0161kou, v\u011bt\u0161ina soudn\u00edch \u0159\u00edzen\u00ed se p\u0159eru\u0161\u00ed a exekuce na majetek dlu\u017en\u00edka nelze prov\u00e9st. Na p\u0159ihl\u00e1\u0161en\u00ed pohled\u00e1vky m\u00e1te obvykle [...]","og_url":"https:\/\/www.abpartners.cz\/sk\/legalshop\/prihlaska-pohledavky-do-insolvencniho-rizeni-pravni-sluzba\/","og_site_name":"AB PARTNERS advok\u00e1ti","article_publisher":"https:\/\/www.facebook.com\/abpartners.cz\/","article_modified_time":"2021-03-28T21:14:01+00:00","og_image":[{"width":260,"height":260,"url":"https:\/\/www.abpartners.cz\/wp-content\/uploads\/2021\/02\/insolvence.png","type":"image\/png"}],"twitter_card":"summary_large_image","twitter_site":"@ABPartners_cz","twitter_misc":{"Cena":"1.490&nbsp;&#75;&#269; v\u010detn\u011b DPH","Dostupnos\u0165":"Na sklade"},"schema":{"@context":"https:\/\/schema.org","@graph":[{"@type":"WebPage","@id":"https:\/\/www.abpartners.cz\/legalshop\/prihlaska-pohledavky-do-insolvencniho-rizeni-pravni-sluzba\/","url":"https:\/\/www.abpartners.cz\/legalshop\/prihlaska-pohledavky-do-insolvencniho-rizeni-pravni-sluzba\/","name":"P\u0159ihl\u00e1\u0161ka pohled\u00e1vky do insolven\u010dn\u00edho \u0159\u00edzen\u00ed (pr\u00e1vn\u00ed slu\u017eba) - LegalShop - AB PARTNERS advok\u00e1ti","isPartOf":{"@id":"https:\/\/www.abpartners.cz\/#website"},"primaryImageOfPage":{"@id":"https:\/\/www.abpartners.cz\/legalshop\/prihlaska-pohledavky-do-insolvencniho-rizeni-pravni-sluzba\/#primaryimage"},"image":{"@id":"https:\/\/www.abpartners.cz\/legalshop\/prihlaska-pohledavky-do-insolvencniho-rizeni-pravni-sluzba\/#primaryimage"},"thumbnailUrl":"https:\/\/www.abpartners.cz\/wp-content\/uploads\/2021\/02\/insolvence.png","datePublished":"2021-03-28T20:17:51+00:00","dateModified":"2021-03-28T21:14:01+00:00","breadcrumb":{"@id":"https:\/\/www.abpartners.cz\/legalshop\/prihlaska-pohledavky-do-insolvencniho-rizeni-pravni-sluzba\/#breadcrumb"},"inLanguage":"sk-SK","potentialAction":[{"@type":"ReadAction","target":["https:\/\/www.abpartners.cz\/legalshop\/prihlaska-pohledavky-do-insolvencniho-rizeni-pravni-sluzba\/"]}]},{"@type":"ImageObject","inLanguage":"sk-SK","@id":"https:\/\/www.abpartners.cz\/legalshop\/prihlaska-pohledavky-do-insolvencniho-rizeni-pravni-sluzba\/#primaryimage","url":"https:\/\/www.abpartners.cz\/wp-content\/uploads\/2021\/02\/insolvence.png","contentUrl":"https:\/\/www.abpartners.cz\/wp-content\/uploads\/2021\/02\/insolvence.png","width":260,"height":260},{"@type":"BreadcrumbList","@id":"https:\/\/www.abpartners.cz\/legalshop\/prihlaska-pohledavky-do-insolvencniho-rizeni-pravni-sluzba\/#breadcrumb","itemListElement":[{"@type":"ListItem","position":1,"name":"Dom\u016f","item":"https:\/\/www.abpartners.cz\/"},{"@type":"ListItem","position":2,"name":"LegalShop","item":"https:\/\/www.abpartners.cz\/legalshop\/"},{"@type":"ListItem","position":3,"name":"P\u0159ihl\u00e1\u0161ka pohled\u00e1vky do insolven\u010dn\u00edho \u0159\u00edzen\u00ed (pr\u00e1vn\u00ed slu\u017eba)"}]},{"@type":"WebSite","@id":"https:\/\/www.abpartners.cz\/#website","url":"https:\/\/www.abpartners.cz\/","name":"AB PARTNERS advok\u00e1ti","description":"AB PARTNERS advok\u00e1ti","publisher":{"@id":"https:\/\/www.abpartners.cz\/#organization"},"potentialAction":[{"@type":"SearchAction","target":{"@type":"EntryPoint","urlTemplate":"https:\/\/www.abpartners.cz\/?s={search_term_string}"},"query-input":{"@type":"PropertyValueSpecification","valueRequired":true,"valueName":"search_term_string"}}],"inLanguage":"sk-SK"},{"@type":"Organization","@id":"https:\/\/www.abpartners.cz\/#organization","name":"AB PARTNERS advok\u00e1ti","url":"https:\/\/www.abpartners.cz\/","logo":{"@type":"ImageObject","inLanguage":"sk-SK","@id":"https:\/\/www.abpartners.cz\/#\/schema\/logo\/image\/","url":"https:\/\/www.abpartners.cz\/wp-content\/uploads\/2021\/01\/abpartners_regular_rgb_dark.png","contentUrl":"https:\/\/www.abpartners.cz\/wp-content\/uploads\/2021\/01\/abpartners_regular_rgb_dark.png","width":1240,"height":236,"caption":"AB PARTNERS advok\u00e1ti"},"image":{"@id":"https:\/\/www.abpartners.cz\/#\/schema\/logo\/image\/"},"sameAs":["https:\/\/www.facebook.com\/abpartners.cz\/","https:\/\/x.com\/ABPartners_cz","https:\/\/www.linkedin.com\/company\/abpartners\/","https:\/\/www.instagram.com\/abpartners.cz\/"]}]},"product_price_amount":"1490","product_price_currency":"CZK","og_availability":"instock","product_availability":"instock","product_retailer_item_id":"205002","product_condition":"new"},"_links":{"self":[{"href":"https:\/\/www.abpartners.cz\/sk\/wp-json\/wp\/v2\/product\/3300","targetHints":{"allow":["GET"]}}],"collection":[{"href":"https:\/\/www.abpartners.cz\/sk\/wp-json\/wp\/v2\/product"}],"about":[{"href":"https:\/\/www.abpartners.cz\/sk\/wp-json\/wp\/v2\/types\/product"}],"wp:featuredmedia":[{"embeddable":true,"href":"https:\/\/www.abpartners.cz\/sk\/wp-json\/wp\/v2\/media\/3261"}],"wp:attachment":[{"href":"https:\/\/www.abpartners.cz\/sk\/wp-json\/wp\/v2\/media?parent=3300"}],"wp:term":[{"taxonomy":"product_brand","embeddable":true,"href":"https:\/\/www.abpartners.cz\/sk\/wp-json\/wp\/v2\/product_brand?post=3300"},{"taxonomy":"product_cat","embeddable":true,"href":"https:\/\/www.abpartners.cz\/sk\/wp-json\/wp\/v2\/product_cat?post=3300"},{"taxonomy":"product_tag","embeddable":true,"href":"https:\/\/www.abpartners.cz\/sk\/wp-json\/wp\/v2\/product_tag?post=3300"}],"curies":[{"name":"wp","href":"https:\/\/api.w.org\/{rel}","templated":true}]}}