{"id":3298,"date":"2021-03-28T22:15:25","date_gmt":"2021-03-28T20:15:25","guid":{"rendered":"https:\/\/www.abpartners.cz\/?post_type=product&#038;p=3298"},"modified":"2024-09-09T22:18:53","modified_gmt":"2024-09-09T20:18:53","slug":"registrace-ochranne-znamky-cr-pravni-sluzba","status":"publish","type":"product","link":"https:\/\/www.abpartners.cz\/sk\/legalshop\/registrace-ochranne-znamky-cr-pravni-sluzba\/","title":{"rendered":"Registr\u00e1cia ochrannej zn\u00e1mky - \u010cesk\u00e1 republika (pr\u00e1vne slu\u017eby)"},"content":{"rendered":"<p><span style=\"color: #b61e3f;\"><strong>V objedn\u00e1vce v\u017edy uve\u010fte V\u00e1\u0161 email a telefonn\u00ed \u010d\u00edslo, abychom V\u00e1s mohli kontaktovat a domluvit se na podrobnostech.<\/strong><\/span><\/p>\n<p>Nev\u00edte si rady s registrac\u00ed ochrann\u00e9 zn\u00e1mky? Nevad\u00ed, agenda ochrann\u00fdch zn\u00e1mek je jednou z na\u0161ich specializac\u00ed. Pom\u016f\u017eeme V\u00e1m s registrac\u00ed ochrann\u00fdch zn\u00e1mek pro \u00fazem\u00ed \u010cesk\u00e9 republiky. Platnost ochrann\u00e9 zn\u00e1mky je <strong>10 let<\/strong>.<\/p>\n<p>Cena slu\u017eby zahrnuje <strong>vypln\u011bn\u00ed p\u0159ihl\u00e1\u0161ky k\u00a0z\u00e1pisu ochrann\u00e9 zn\u00e1mky<\/strong>. Spolu s\u00a0p\u0159ihl\u00e1\u0161kou V\u00e1m za\u0161leme i podrobn\u00e9 <strong>instrukce k\u00a0pod\u00e1n\u00ed p\u0159ihl\u00e1\u0161ky<\/strong>. V\u00a0cen\u011b je tak\u00e9 <strong>1 hodina koordina\u010dn\u00ed \u010dinnosti<\/strong> (obvykle posta\u010d\u00ed). V\u00a0r\u00e1mci koordina\u010dn\u00ed \u010dinnosti zjist\u00edme v\u0161echny Va\u0161e po\u017eadavky, sd\u011bl\u00edme V\u00e1m podm\u00ednky na zpracov\u00e1n\u00ed loga (grafick\u00e9 podoby ochrann\u00e9 zn\u00e1mky). D\u00e1le s\u00a0V\u00e1mi probereme zat\u0159\u00edd\u011bn\u00ed ochrann\u00e9 zn\u00e1mky.<\/p>\n<p><strong>Cena slu\u017eby nezahrnuje spr\u00e1vn\u00ed poplatek \u00da\u0159adu pr\u016fmyslov\u00e9ho vlastnictv\u00ed<\/strong> ve v\u00fd\u0161i 5.000,- K\u010d za pod\u00e1n\u00ed p\u0159ihl\u00e1\u0161ky jedn\u00e9 ochrann\u00e9 zn\u00e1mky ve t\u0159ech t\u0159\u00edd\u00e1ch v\u00fdrobk\u016f a slu\u017eeb. Za ka\u017edou dal\u0161\u00ed t\u0159\u00eddu se spr\u00e1vn\u00ed poplatek navy\u0161uje o 500,- K\u010d.<\/p>\n<p>&nbsp;<\/p>\n<p>&nbsp;<\/p>\n<p>&nbsp;<\/p>\n<p>&nbsp;<\/p>","protected":false},"excerpt":{"rendered":"<p>V objedn\u00e1vce v\u017edy uve\u010fte V\u00e1\u0161 email a telefonn\u00ed \u010d\u00edslo, abychom V\u00e1s mohli kontaktovat a domluvit se na podrobnostech. Nev\u00edte si rady s registrac\u00ed ochrann\u00e9 zn\u00e1mky? Nevad\u00ed, agenda ochrann\u00fdch zn\u00e1mek je jednou z na\u0161ich specializac\u00ed. Pom\u016f\u017eeme V\u00e1m s registrac\u00ed ochrann\u00fdch zn\u00e1mek pro \u00fazem\u00ed \u010cesk\u00e9 republiky. Platnost ochrann\u00e9 zn\u00e1mky je 10 let.  [&#8230;]<\/p>\n","protected":false},"featured_media":3296,"template":"","meta":{"_acf_changed":false,"rs_blank_template":"","rs_page_bg_color":"","slide_template_v7":""},"product_brand":[],"product_cat":[63],"product_tag":[],"class_list":{"0":"post-3298","1":"product","2":"type-product","3":"status-publish","4":"has-post-thumbnail","6":"product_cat-dusevni-vlastnictvi","8":"first","9":"instock","10":"virtual","11":"taxable","12":"purchasable","13":"product-type-simple"},"bundled_by":[],"bundle_stock_status":"instock","bundle_stock_quantity":null,"bundle_virtual":false,"bundle_layout":"","bundle_add_to_cart_form_location":"","bundle_editable_in_cart":false,"bundle_sold_individually_context":"","bundle_item_grouping":"","bundle_min_size":"","bundle_max_size":"","bundle_price":[],"bundled_items":[],"bundle_sell_ids":[],"exclude_global_add_ons":[],"addons":[],"acf":[],"yoast_head":"<!-- This site is optimized with the Yoast SEO plugin v27.4 - https:\/\/yoast.com\/product\/yoast-seo-wordpress\/ -->\n<title>Registrace ochrann\u00e9 zn\u00e1mky - \u010cesk\u00e1 republika (pr\u00e1vn\u00ed slu\u017eba) - LegalShop - AB PARTNERS advok\u00e1ti<\/title>\n<meta name=\"robots\" content=\"index, follow, max-snippet:-1, max-image-preview:large, max-video-preview:-1\" \/>\n<link rel=\"canonical\" href=\"https:\/\/www.abpartners.cz\/sk\/legalshop\/registrace-ochranne-znamky-cr-pravni-sluzba\/\" \/>\n<meta property=\"og:locale\" content=\"sk_SK\" \/>\n<meta property=\"og:type\" content=\"article\" \/>\n<meta property=\"og:title\" content=\"Registrace ochrann\u00e9 zn\u00e1mky - \u010cesk\u00e1 republika (pr\u00e1vn\u00ed slu\u017eba) - LegalShop - AB PARTNERS advok\u00e1ti\" \/>\n<meta property=\"og:description\" content=\"V objedn\u00e1vce v\u017edy uve\u010fte V\u00e1\u0161 email a telefonn\u00ed \u010d\u00edslo, abychom V\u00e1s mohli kontaktovat a domluvit se na podrobnostech. Nev\u00edte si rady s registrac\u00ed ochrann\u00e9 zn\u00e1mky? Nevad\u00ed, agenda ochrann\u00fdch zn\u00e1mek je jednou z na\u0161ich specializac\u00ed. Pom\u016f\u017eeme V\u00e1m s registrac\u00ed ochrann\u00fdch zn\u00e1mek pro \u00fazem\u00ed \u010cesk\u00e9 republiky. Platnost ochrann\u00e9 zn\u00e1mky je 10 let. [...]\" \/>\n<meta property=\"og:url\" content=\"https:\/\/www.abpartners.cz\/sk\/legalshop\/registrace-ochranne-znamky-cr-pravni-sluzba\/\" \/>\n<meta property=\"og:site_name\" content=\"AB PARTNERS advok\u00e1ti\" \/>\n<meta property=\"article:publisher\" content=\"https:\/\/www.facebook.com\/abpartners.cz\/\" \/>\n<meta property=\"article:modified_time\" content=\"2024-09-09T20:18:53+00:00\" \/>\n<meta property=\"og:image\" content=\"https:\/\/www.abpartners.cz\/wp-content\/uploads\/2021\/03\/dusevni_vlastnictvi.png\" \/>\n\t<meta property=\"og:image:width\" content=\"260\" \/>\n\t<meta property=\"og:image:height\" content=\"260\" \/>\n\t<meta property=\"og:image:type\" content=\"image\/png\" \/>\n<meta name=\"twitter:card\" content=\"summary_large_image\" \/>\n<meta name=\"twitter:site\" content=\"@ABPartners_cz\" \/>\n<meta name=\"twitter:label1\" content=\"Cena\" \/>\n\t<meta name=\"twitter:data1\" content=\"6.990&nbsp;&#075;&#269; v\u010detn\u011b DPH\" \/>\n\t<meta name=\"twitter:label2\" content=\"Dostupnos\u0165\" \/>\n\t<meta name=\"twitter:data2\" content=\"Na sklade\" \/>\n<script type=\"application\/ld+json\" class=\"yoast-schema-graph\">{\"@context\":\"https:\\\/\\\/schema.org\",\"@graph\":[{\"@type\":\"WebPage\",\"@id\":\"https:\\\/\\\/www.abpartners.cz\\\/legalshop\\\/registrace-ochranne-znamky-cr-pravni-sluzba\\\/\",\"url\":\"https:\\\/\\\/www.abpartners.cz\\\/legalshop\\\/registrace-ochranne-znamky-cr-pravni-sluzba\\\/\",\"name\":\"Registrace ochrann\u00e9 zn\u00e1mky - \u010cesk\u00e1 republika (pr\u00e1vn\u00ed slu\u017eba) - LegalShop - AB PARTNERS advok\u00e1ti\",\"isPartOf\":{\"@id\":\"https:\\\/\\\/www.abpartners.cz\\\/#website\"},\"primaryImageOfPage\":{\"@id\":\"https:\\\/\\\/www.abpartners.cz\\\/legalshop\\\/registrace-ochranne-znamky-cr-pravni-sluzba\\\/#primaryimage\"},\"image\":{\"@id\":\"https:\\\/\\\/www.abpartners.cz\\\/legalshop\\\/registrace-ochranne-znamky-cr-pravni-sluzba\\\/#primaryimage\"},\"thumbnailUrl\":\"https:\\\/\\\/www.abpartners.cz\\\/wp-content\\\/uploads\\\/2021\\\/03\\\/dusevni_vlastnictvi.png\",\"datePublished\":\"2021-03-28T20:15:25+00:00\",\"dateModified\":\"2024-09-09T20:18:53+00:00\",\"breadcrumb\":{\"@id\":\"https:\\\/\\\/www.abpartners.cz\\\/legalshop\\\/registrace-ochranne-znamky-cr-pravni-sluzba\\\/#breadcrumb\"},\"inLanguage\":\"sk-SK\",\"potentialAction\":[{\"@type\":\"ReadAction\",\"target\":[\"https:\\\/\\\/www.abpartners.cz\\\/legalshop\\\/registrace-ochranne-znamky-cr-pravni-sluzba\\\/\"]}]},{\"@type\":\"ImageObject\",\"inLanguage\":\"sk-SK\",\"@id\":\"https:\\\/\\\/www.abpartners.cz\\\/legalshop\\\/registrace-ochranne-znamky-cr-pravni-sluzba\\\/#primaryimage\",\"url\":\"https:\\\/\\\/www.abpartners.cz\\\/wp-content\\\/uploads\\\/2021\\\/03\\\/dusevni_vlastnictvi.png\",\"contentUrl\":\"https:\\\/\\\/www.abpartners.cz\\\/wp-content\\\/uploads\\\/2021\\\/03\\\/dusevni_vlastnictvi.png\",\"width\":260,\"height\":260},{\"@type\":\"BreadcrumbList\",\"@id\":\"https:\\\/\\\/www.abpartners.cz\\\/legalshop\\\/registrace-ochranne-znamky-cr-pravni-sluzba\\\/#breadcrumb\",\"itemListElement\":[{\"@type\":\"ListItem\",\"position\":1,\"name\":\"Dom\u016f\",\"item\":\"https:\\\/\\\/www.abpartners.cz\\\/\"},{\"@type\":\"ListItem\",\"position\":2,\"name\":\"LegalShop\",\"item\":\"https:\\\/\\\/www.abpartners.cz\\\/legalshop\\\/\"},{\"@type\":\"ListItem\",\"position\":3,\"name\":\"Registrace ochrann\u00e9 zn\u00e1mky &#8211; \u010cesk\u00e1 republika (pr\u00e1vn\u00ed slu\u017eba)\"}]},{\"@type\":\"WebSite\",\"@id\":\"https:\\\/\\\/www.abpartners.cz\\\/#website\",\"url\":\"https:\\\/\\\/www.abpartners.cz\\\/\",\"name\":\"AB PARTNERS advok\u00e1ti\",\"description\":\"AB PARTNERS advok\u00e1ti\",\"publisher\":{\"@id\":\"https:\\\/\\\/www.abpartners.cz\\\/#organization\"},\"potentialAction\":[{\"@type\":\"SearchAction\",\"target\":{\"@type\":\"EntryPoint\",\"urlTemplate\":\"https:\\\/\\\/www.abpartners.cz\\\/?s={search_term_string}\"},\"query-input\":{\"@type\":\"PropertyValueSpecification\",\"valueRequired\":true,\"valueName\":\"search_term_string\"}}],\"inLanguage\":\"sk-SK\"},{\"@type\":\"Organization\",\"@id\":\"https:\\\/\\\/www.abpartners.cz\\\/#organization\",\"name\":\"AB PARTNERS advok\u00e1ti\",\"url\":\"https:\\\/\\\/www.abpartners.cz\\\/\",\"logo\":{\"@type\":\"ImageObject\",\"inLanguage\":\"sk-SK\",\"@id\":\"https:\\\/\\\/www.abpartners.cz\\\/#\\\/schema\\\/logo\\\/image\\\/\",\"url\":\"https:\\\/\\\/www.abpartners.cz\\\/wp-content\\\/uploads\\\/2021\\\/01\\\/abpartners_regular_rgb_dark.png\",\"contentUrl\":\"https:\\\/\\\/www.abpartners.cz\\\/wp-content\\\/uploads\\\/2021\\\/01\\\/abpartners_regular_rgb_dark.png\",\"width\":1240,\"height\":236,\"caption\":\"AB PARTNERS advok\u00e1ti\"},\"image\":{\"@id\":\"https:\\\/\\\/www.abpartners.cz\\\/#\\\/schema\\\/logo\\\/image\\\/\"},\"sameAs\":[\"https:\\\/\\\/www.facebook.com\\\/abpartners.cz\\\/\",\"https:\\\/\\\/x.com\\\/ABPartners_cz\",\"https:\\\/\\\/www.linkedin.com\\\/company\\\/abpartners\\\/\",\"https:\\\/\\\/www.instagram.com\\\/abpartners.cz\\\/\"]}]}<\/script>\n<meta property=\"product:price:amount\" content=\"6990\" \/>\n<meta property=\"product:price:currency\" content=\"CZK\" \/>\n<meta property=\"og:availability\" content=\"instock\" \/>\n<meta property=\"product:availability\" content=\"instock\" \/>\n<meta property=\"product:retailer_item_id\" content=\"206001-1\" \/>\n<meta property=\"product:condition\" content=\"new\" \/>\n<!-- \/ Yoast SEO plugin. -->","yoast_head_json":{"title":"Registrace ochrann\u00e9 zn\u00e1mky - \u010cesk\u00e1 republika (pr\u00e1vn\u00ed slu\u017eba) - LegalShop - AB PARTNERS advok\u00e1ti","robots":{"index":"index","follow":"follow","max-snippet":"max-snippet:-1","max-image-preview":"max-image-preview:large","max-video-preview":"max-video-preview:-1"},"canonical":"https:\/\/www.abpartners.cz\/sk\/legalshop\/registrace-ochranne-znamky-cr-pravni-sluzba\/","og_locale":"sk_SK","og_type":"article","og_title":"Registrace ochrann\u00e9 zn\u00e1mky - \u010cesk\u00e1 republika (pr\u00e1vn\u00ed slu\u017eba) - LegalShop - AB PARTNERS advok\u00e1ti","og_description":"V objedn\u00e1vce v\u017edy uve\u010fte V\u00e1\u0161 email a telefonn\u00ed \u010d\u00edslo, abychom V\u00e1s mohli kontaktovat a domluvit se na podrobnostech. Nev\u00edte si rady s registrac\u00ed ochrann\u00e9 zn\u00e1mky? Nevad\u00ed, agenda ochrann\u00fdch zn\u00e1mek je jednou z na\u0161ich specializac\u00ed. Pom\u016f\u017eeme V\u00e1m s registrac\u00ed ochrann\u00fdch zn\u00e1mek pro \u00fazem\u00ed \u010cesk\u00e9 republiky. Platnost ochrann\u00e9 zn\u00e1mky je 10 let. [...]","og_url":"https:\/\/www.abpartners.cz\/sk\/legalshop\/registrace-ochranne-znamky-cr-pravni-sluzba\/","og_site_name":"AB PARTNERS advok\u00e1ti","article_publisher":"https:\/\/www.facebook.com\/abpartners.cz\/","article_modified_time":"2024-09-09T20:18:53+00:00","og_image":[{"width":260,"height":260,"url":"https:\/\/www.abpartners.cz\/wp-content\/uploads\/2021\/03\/dusevni_vlastnictvi.png","type":"image\/png"}],"twitter_card":"summary_large_image","twitter_site":"@ABPartners_cz","twitter_misc":{"Cena":"6.990&nbsp;&#75;&#269; v\u010detn\u011b DPH","Dostupnos\u0165":"Na sklade"},"schema":{"@context":"https:\/\/schema.org","@graph":[{"@type":"WebPage","@id":"https:\/\/www.abpartners.cz\/legalshop\/registrace-ochranne-znamky-cr-pravni-sluzba\/","url":"https:\/\/www.abpartners.cz\/legalshop\/registrace-ochranne-znamky-cr-pravni-sluzba\/","name":"Registrace ochrann\u00e9 zn\u00e1mky - \u010cesk\u00e1 republika (pr\u00e1vn\u00ed slu\u017eba) - LegalShop - AB PARTNERS advok\u00e1ti","isPartOf":{"@id":"https:\/\/www.abpartners.cz\/#website"},"primaryImageOfPage":{"@id":"https:\/\/www.abpartners.cz\/legalshop\/registrace-ochranne-znamky-cr-pravni-sluzba\/#primaryimage"},"image":{"@id":"https:\/\/www.abpartners.cz\/legalshop\/registrace-ochranne-znamky-cr-pravni-sluzba\/#primaryimage"},"thumbnailUrl":"https:\/\/www.abpartners.cz\/wp-content\/uploads\/2021\/03\/dusevni_vlastnictvi.png","datePublished":"2021-03-28T20:15:25+00:00","dateModified":"2024-09-09T20:18:53+00:00","breadcrumb":{"@id":"https:\/\/www.abpartners.cz\/legalshop\/registrace-ochranne-znamky-cr-pravni-sluzba\/#breadcrumb"},"inLanguage":"sk-SK","potentialAction":[{"@type":"ReadAction","target":["https:\/\/www.abpartners.cz\/legalshop\/registrace-ochranne-znamky-cr-pravni-sluzba\/"]}]},{"@type":"ImageObject","inLanguage":"sk-SK","@id":"https:\/\/www.abpartners.cz\/legalshop\/registrace-ochranne-znamky-cr-pravni-sluzba\/#primaryimage","url":"https:\/\/www.abpartners.cz\/wp-content\/uploads\/2021\/03\/dusevni_vlastnictvi.png","contentUrl":"https:\/\/www.abpartners.cz\/wp-content\/uploads\/2021\/03\/dusevni_vlastnictvi.png","width":260,"height":260},{"@type":"BreadcrumbList","@id":"https:\/\/www.abpartners.cz\/legalshop\/registrace-ochranne-znamky-cr-pravni-sluzba\/#breadcrumb","itemListElement":[{"@type":"ListItem","position":1,"name":"Dom\u016f","item":"https:\/\/www.abpartners.cz\/"},{"@type":"ListItem","position":2,"name":"LegalShop","item":"https:\/\/www.abpartners.cz\/legalshop\/"},{"@type":"ListItem","position":3,"name":"Registrace ochrann\u00e9 zn\u00e1mky &#8211; \u010cesk\u00e1 republika (pr\u00e1vn\u00ed slu\u017eba)"}]},{"@type":"WebSite","@id":"https:\/\/www.abpartners.cz\/#website","url":"https:\/\/www.abpartners.cz\/","name":"AB PARTNERS advok\u00e1ti","description":"AB PARTNERS advok\u00e1ti","publisher":{"@id":"https:\/\/www.abpartners.cz\/#organization"},"potentialAction":[{"@type":"SearchAction","target":{"@type":"EntryPoint","urlTemplate":"https:\/\/www.abpartners.cz\/?s={search_term_string}"},"query-input":{"@type":"PropertyValueSpecification","valueRequired":true,"valueName":"search_term_string"}}],"inLanguage":"sk-SK"},{"@type":"Organization","@id":"https:\/\/www.abpartners.cz\/#organization","name":"AB PARTNERS advok\u00e1ti","url":"https:\/\/www.abpartners.cz\/","logo":{"@type":"ImageObject","inLanguage":"sk-SK","@id":"https:\/\/www.abpartners.cz\/#\/schema\/logo\/image\/","url":"https:\/\/www.abpartners.cz\/wp-content\/uploads\/2021\/01\/abpartners_regular_rgb_dark.png","contentUrl":"https:\/\/www.abpartners.cz\/wp-content\/uploads\/2021\/01\/abpartners_regular_rgb_dark.png","width":1240,"height":236,"caption":"AB PARTNERS advok\u00e1ti"},"image":{"@id":"https:\/\/www.abpartners.cz\/#\/schema\/logo\/image\/"},"sameAs":["https:\/\/www.facebook.com\/abpartners.cz\/","https:\/\/x.com\/ABPartners_cz","https:\/\/www.linkedin.com\/company\/abpartners\/","https:\/\/www.instagram.com\/abpartners.cz\/"]}]},"product_price_amount":"6990","product_price_currency":"CZK","og_availability":"instock","product_availability":"instock","product_retailer_item_id":"206001-1","product_condition":"new"},"_links":{"self":[{"href":"https:\/\/www.abpartners.cz\/sk\/wp-json\/wp\/v2\/product\/3298","targetHints":{"allow":["GET"]}}],"collection":[{"href":"https:\/\/www.abpartners.cz\/sk\/wp-json\/wp\/v2\/product"}],"about":[{"href":"https:\/\/www.abpartners.cz\/sk\/wp-json\/wp\/v2\/types\/product"}],"wp:featuredmedia":[{"embeddable":true,"href":"https:\/\/www.abpartners.cz\/sk\/wp-json\/wp\/v2\/media\/3296"}],"wp:attachment":[{"href":"https:\/\/www.abpartners.cz\/sk\/wp-json\/wp\/v2\/media?parent=3298"}],"wp:term":[{"taxonomy":"product_brand","embeddable":true,"href":"https:\/\/www.abpartners.cz\/sk\/wp-json\/wp\/v2\/product_brand?post=3298"},{"taxonomy":"product_cat","embeddable":true,"href":"https:\/\/www.abpartners.cz\/sk\/wp-json\/wp\/v2\/product_cat?post=3298"},{"taxonomy":"product_tag","embeddable":true,"href":"https:\/\/www.abpartners.cz\/sk\/wp-json\/wp\/v2\/product_tag?post=3298"}],"curies":[{"name":"wp","href":"https:\/\/api.w.org\/{rel}","templated":true}]}}