{"id":3297,"date":"2021-03-28T22:15:23","date_gmt":"2021-03-28T20:15:23","guid":{"rendered":"https:\/\/www.abpartners.cz\/?post_type=product&#038;p=3297"},"modified":"2021-03-30T13:07:07","modified_gmt":"2021-03-30T11:07:07","slug":"monitoring-insolvencniho-rejstriku-pravni-sluzba","status":"publish","type":"product","link":"https:\/\/www.abpartners.cz\/sk\/legalshop\/monitoring-insolvencniho-rejstriku-pravni-sluzba\/","title":{"rendered":"Monitoring insolven\u010dn\u00edho rejst\u0159\u00edku (pr\u00e1vn\u00ed slu\u017eba)"},"content":{"rendered":"<p><span style=\"color: #b61e3f;\"><strong>V objedn\u00e1vce v\u017edy uve\u010fte V\u00e1\u0161 email a telefonn\u00ed \u010d\u00edslo, abychom V\u00e1s mohli kontaktovat a domluvit se na podrobnostech.<\/strong><\/span><\/p>\n<p><strong>Dlu\u017e\u00ed V\u00e1m n\u011bkdo pen\u00edze?<\/strong> V\u00edte, \u017ee m\u016f\u017eete <strong>o svou pohled\u00e1vku velice snadno p\u0159ij\u00edt<\/strong>. Pokud V\u00e1\u0161 dlu\u017en\u00edk nebo jeho jin\u00fd v\u011b\u0159itel pod\u00e1 <strong>insolven\u010dn\u00ed n\u00e1vrh<\/strong>, tak po rozhodnut\u00ed o \u00fapadku Va\u0161eho dlu\u017en\u00edka m\u00e1te obvykle dva m\u011bs\u00edce na <strong>p\u0159ihl\u00e1\u0161en\u00ed pohled\u00e1vky<\/strong> u insolven\u010dn\u00edho soudu.<\/p>\n<p>Av\u0161ak o zah\u00e1jen\u00e9m insolven\u010dn\u00edm \u0159\u00edzen\u00ed nemus\u00edte v\u016fbec v\u011bd\u011bt. V insolven\u010dn\u00edm \u0159\u00edzen\u00ed se v\u0161e zve\u0159ejnuje pouze elektronicky v insolven\u010dn\u00edm rejst\u0159\u00edku. Nikdo V\u00e1s o zm\u011bn\u00e1ch v insolven\u010dn\u00edm rejst\u0159\u00edku neinformuje. Pr\u00e1vo toti\u017e p\u0159eje bd\u011bl\u00fdm.<\/p>\n<p><strong>Co se stane, kdy\u017e nep\u0159ihl\u00e1s\u00edte pohled\u00e1vku v insolven\u010dn\u00edho \u0159\u00edzen\u00ed?<\/strong> Je velmi pravd\u011bpodobn\u00e9, \u017ee o Va\u0161i pohled\u00e1vku p\u0159ijdete. Existuj\u00ed sice jist\u00e9 v\u00fdjimky, nicm\u00e9n\u011b po zah\u00e1jen\u00ed insolven\u010dn\u00edho \u0159\u00edzen\u00ed m\u016f\u017eete svou pohled\u00e1vku uplatnit pouze p\u0159ihl\u00e1\u0161kou. Se zah\u00e1jen\u00edm insolven\u010dn\u00edho \u0159\u00edzen\u00ed se poj\u00ed n\u011bkter\u00e9 \u00fa\u010dinky, nap\u0159. soudn\u00ed \u0159\u00edzen\u00ed se p\u0159eru\u0161\u00ed a exekuce na majetek dlu\u017en\u00edka nelze prov\u00e9st.<\/p>\n<p>A co tedy kdy\u017e se p\u0159ihl\u00e1s\u00edm? Pokud se stihnete se svou pohled\u00e1vkou do insolven\u010dn\u00edho \u0159\u00edzen\u00ed v\u010das p\u0159ihl\u00e1sit,<strong> m\u016f\u017eete dostat alespo\u0148 \u010d\u00e1st sv\u00fdch pen\u011bz zp\u011bt.\u00a0<\/strong><\/p>\n<p>Pokud soud dlu\u017en\u00edkovi schv\u00e1l\u00ed <strong>oddlu\u017een\u00ed<\/strong>, bude \u0159e\u0161eno zpen\u011b\u017een\u00edm dlu\u017en\u00edkova majetku nebo <strong>spl\u00e1tkov\u00fdm kalend\u00e1\u0159em<\/strong>. Dlu\u017en\u00edk po celou dobu insolven\u010dn\u00edho \u0159\u00edzen\u00ed mus\u00ed plnit stanoven\u00e9 podm\u00ednky. Jedin\u011b tak m\u016f\u017ee soud po jeho ukon\u010den\u00ed vydat <strong>osvobozen\u00ed od nesplacen\u00fdch a nep\u0159ihl\u00e1\u0161en\u00fdch dluh\u016f<\/strong>.<\/p>\n<p>Jestli\u017ee na dlu\u017en\u00edk\u016fv majetek bude prohl\u00e1\u0161en <strong>konkurz, <\/strong>bude \u0159e\u0161en zpen\u011b\u017een\u00edm dlu\u017en\u00edkova majetku. V tomto p\u0159\u00edpad\u011b v\u0161ak m\u016f\u017eete po skon\u010den\u00ed \u0159\u00edzen\u00ed na z\u00e1klad\u011b seznamu p\u0159ihl\u00e1\u0161en\u00fdch pohled\u00e1vek poslat dlu\u017en\u00edka do exekuce, a to ani\u017e byste museli proj\u00edt \u0159\u00edzen\u00edm p\u0159ed soudem. Seznam p\u0159ihl\u00e1\u0161en\u00fdch pohled\u00e1vek se v takov\u00e9m p\u0159\u00edpad\u011b pova\u017euje za <strong>exeku\u010dn\u00ed titul<\/strong>.<\/p>\n<p>Neprome\u0161kejte proto lh\u016ftu k\u00a0p\u0159ihl\u00e1\u0161en\u00ed pohled\u00e1vek do insolven\u010dn\u00edho \u0159\u00edzen\u00ed. <strong>Insolven\u010dn\u00ed rejst\u0159\u00edk m\u016f\u017eeme hl\u00eddat za V\u00e1s.<\/strong> <strong>M\u00e1me pro to pot\u0159ebn\u00e9 n\u00e1stroje.<\/strong> V p\u0159\u00edpad\u011b zah\u00e1jen\u00ed insolven\u010dn\u00edho \u0159\u00edzen\u00ed V\u00e1s<strong> informujeme o zah\u00e1jen\u00ed \u0159\u00edzen\u00ed, o lh\u016ft\u00e1ch pro p\u0159ihl\u00e1\u0161en\u00ed pohled\u00e1vky a v p\u0159\u00edpad\u011b z\u00e1jmu V\u00e1m i pom\u016f\u017eeme s p\u0159ihl\u00e1\u0161kou pohled\u00e1vky do insolven\u010dn\u00edho \u0159\u00edzen\u00ed<\/strong>.<\/p>\n<p>Co k\u00a0monitoringu insolven\u010dn\u00edho rejst\u0159\u00edku pot\u0159ebujeme? Posta\u010d\u00ed n\u00e1m jm\u00e9no a p\u0159\u00edmen\u00ed dlu\u017en\u00edka, datum narozen\u00ed nebo rodn\u00e9 \u010d\u00edslo a d\u00e1le adresa dlu\u017en\u00edka v\u00a0p\u0159\u00edpad\u011b, \u017ee se jedn\u00e1 o fyzickou osobu. U pr\u00e1vnick\u00e9 osoby n\u00e1m sta\u010d\u00ed jej\u00ed n\u00e1zev, I\u010cO a s\u00eddlo.<\/p>\n<p>Po objedn\u00e1n\u00ed a zaplacen\u00ed slu\u017eby V\u00e1s budeme kontaktovat za \u00fa\u010delem zji\u0161t\u011bn\u00ed pot\u0159ebn\u00fdch \u00fadaj\u016f.<\/p>\n<p>&nbsp;<\/p>\n<p>&nbsp;<\/p>\n<p>&nbsp;<\/p>\n<p>&nbsp;<\/p>","protected":false},"excerpt":{"rendered":"<p>V objedn\u00e1vce v\u017edy uve\u010fte V\u00e1\u0161 email a telefonn\u00ed \u010d\u00edslo, abychom V\u00e1s mohli kontaktovat a domluvit se na podrobnostech. Dlu\u017e\u00ed V\u00e1m n\u011bkdo pen\u00edze? V\u00edte, \u017ee m\u016f\u017eete o svou pohled\u00e1vku velice snadno p\u0159ij\u00edt. Pokud V\u00e1\u0161 dlu\u017en\u00edk nebo jeho jin\u00fd v\u011b\u0159itel pod\u00e1 insolven\u010dn\u00ed n\u00e1vrh, tak po rozhodnut\u00ed o \u00fapadku Va\u0161eho dlu\u017en\u00edka m\u00e1te obvykle  [&#8230;]<\/p>\n","protected":false},"featured_media":3261,"template":"","meta":{"_acf_changed":false,"rs_blank_template":"","rs_page_bg_color":"","slide_template_v7":""},"product_brand":[],"product_cat":[61],"product_tag":[],"class_list":{"0":"post-3297","1":"product","2":"type-product","3":"status-publish","4":"has-post-thumbnail","6":"product_cat-insolvence","8":"first","9":"instock","10":"sold-individually","11":"taxable","12":"shipping-taxable","13":"purchasable","14":"product-type-variable"},"bundled_by":[],"bundle_stock_status":"instock","bundle_stock_quantity":null,"bundle_virtual":false,"bundle_layout":"","bundle_add_to_cart_form_location":"","bundle_editable_in_cart":false,"bundle_sold_individually_context":"","bundle_item_grouping":"","bundle_min_size":"","bundle_max_size":"","bundle_price":[],"bundled_items":[],"bundle_sell_ids":[],"exclude_global_add_ons":[],"addons":[],"acf":[],"yoast_head":"<!-- This site is optimized with the Yoast SEO plugin v27.4 - https:\/\/yoast.com\/product\/yoast-seo-wordpress\/ -->\n<title>Monitoring insolven\u010dn\u00edho rejst\u0159\u00edku (pr\u00e1vn\u00ed slu\u017eba) - LegalShop - AB PARTNERS advok\u00e1ti<\/title>\n<meta name=\"robots\" content=\"index, follow, max-snippet:-1, max-image-preview:large, max-video-preview:-1\" \/>\n<link rel=\"canonical\" href=\"https:\/\/www.abpartners.cz\/sk\/legalshop\/monitoring-insolvencniho-rejstriku-pravni-sluzba\/\" \/>\n<meta property=\"og:locale\" content=\"sk_SK\" \/>\n<meta property=\"og:type\" content=\"article\" \/>\n<meta property=\"og:title\" content=\"Monitoring insolven\u010dn\u00edho rejst\u0159\u00edku (pr\u00e1vn\u00ed slu\u017eba) - LegalShop - AB PARTNERS advok\u00e1ti\" \/>\n<meta property=\"og:description\" content=\"V objedn\u00e1vce v\u017edy uve\u010fte V\u00e1\u0161 email a telefonn\u00ed \u010d\u00edslo, abychom V\u00e1s mohli kontaktovat a domluvit se na podrobnostech. Dlu\u017e\u00ed V\u00e1m n\u011bkdo pen\u00edze? V\u00edte, \u017ee m\u016f\u017eete o svou pohled\u00e1vku velice snadno p\u0159ij\u00edt. Pokud V\u00e1\u0161 dlu\u017en\u00edk nebo jeho jin\u00fd v\u011b\u0159itel pod\u00e1 insolven\u010dn\u00ed n\u00e1vrh, tak po rozhodnut\u00ed o \u00fapadku Va\u0161eho dlu\u017en\u00edka m\u00e1te obvykle [...]\" \/>\n<meta property=\"og:url\" content=\"https:\/\/www.abpartners.cz\/sk\/legalshop\/monitoring-insolvencniho-rejstriku-pravni-sluzba\/\" \/>\n<meta property=\"og:site_name\" content=\"AB PARTNERS advok\u00e1ti\" \/>\n<meta property=\"article:publisher\" content=\"https:\/\/www.facebook.com\/abpartners.cz\/\" \/>\n<meta property=\"article:modified_time\" content=\"2021-03-30T11:07:07+00:00\" \/>\n<meta property=\"og:image\" content=\"https:\/\/www.abpartners.cz\/wp-content\/uploads\/2021\/02\/insolvence.png\" \/>\n\t<meta property=\"og:image:width\" content=\"260\" \/>\n\t<meta property=\"og:image:height\" content=\"260\" \/>\n\t<meta property=\"og:image:type\" content=\"image\/png\" \/>\n<meta name=\"twitter:card\" content=\"summary_large_image\" \/>\n<meta name=\"twitter:site\" content=\"@ABPartners_cz\" \/>\n<meta name=\"twitter:label1\" content=\"Dostupnos\u0165\" \/>\n\t<meta name=\"twitter:data1\" content=\"Na sklade\" \/>\n<script type=\"application\/ld+json\" class=\"yoast-schema-graph\">{\"@context\":\"https:\\\/\\\/schema.org\",\"@graph\":[{\"@type\":\"WebPage\",\"@id\":\"https:\\\/\\\/www.abpartners.cz\\\/legalshop\\\/monitoring-insolvencniho-rejstriku-pravni-sluzba\\\/\",\"url\":\"https:\\\/\\\/www.abpartners.cz\\\/legalshop\\\/monitoring-insolvencniho-rejstriku-pravni-sluzba\\\/\",\"name\":\"Monitoring insolven\u010dn\u00edho rejst\u0159\u00edku (pr\u00e1vn\u00ed slu\u017eba) - LegalShop - AB PARTNERS advok\u00e1ti\",\"isPartOf\":{\"@id\":\"https:\\\/\\\/www.abpartners.cz\\\/#website\"},\"primaryImageOfPage\":{\"@id\":\"https:\\\/\\\/www.abpartners.cz\\\/legalshop\\\/monitoring-insolvencniho-rejstriku-pravni-sluzba\\\/#primaryimage\"},\"image\":{\"@id\":\"https:\\\/\\\/www.abpartners.cz\\\/legalshop\\\/monitoring-insolvencniho-rejstriku-pravni-sluzba\\\/#primaryimage\"},\"thumbnailUrl\":\"https:\\\/\\\/www.abpartners.cz\\\/wp-content\\\/uploads\\\/2021\\\/02\\\/insolvence.png\",\"datePublished\":\"2021-03-28T20:15:23+00:00\",\"dateModified\":\"2021-03-30T11:07:07+00:00\",\"breadcrumb\":{\"@id\":\"https:\\\/\\\/www.abpartners.cz\\\/legalshop\\\/monitoring-insolvencniho-rejstriku-pravni-sluzba\\\/#breadcrumb\"},\"inLanguage\":\"sk-SK\",\"potentialAction\":[{\"@type\":\"ReadAction\",\"target\":[\"https:\\\/\\\/www.abpartners.cz\\\/legalshop\\\/monitoring-insolvencniho-rejstriku-pravni-sluzba\\\/\"]}]},{\"@type\":\"ImageObject\",\"inLanguage\":\"sk-SK\",\"@id\":\"https:\\\/\\\/www.abpartners.cz\\\/legalshop\\\/monitoring-insolvencniho-rejstriku-pravni-sluzba\\\/#primaryimage\",\"url\":\"https:\\\/\\\/www.abpartners.cz\\\/wp-content\\\/uploads\\\/2021\\\/02\\\/insolvence.png\",\"contentUrl\":\"https:\\\/\\\/www.abpartners.cz\\\/wp-content\\\/uploads\\\/2021\\\/02\\\/insolvence.png\",\"width\":260,\"height\":260},{\"@type\":\"BreadcrumbList\",\"@id\":\"https:\\\/\\\/www.abpartners.cz\\\/legalshop\\\/monitoring-insolvencniho-rejstriku-pravni-sluzba\\\/#breadcrumb\",\"itemListElement\":[{\"@type\":\"ListItem\",\"position\":1,\"name\":\"Dom\u016f\",\"item\":\"https:\\\/\\\/www.abpartners.cz\\\/\"},{\"@type\":\"ListItem\",\"position\":2,\"name\":\"LegalShop\",\"item\":\"https:\\\/\\\/www.abpartners.cz\\\/legalshop\\\/\"},{\"@type\":\"ListItem\",\"position\":3,\"name\":\"Monitoring insolven\u010dn\u00edho rejst\u0159\u00edku (pr\u00e1vn\u00ed slu\u017eba)\"}]},{\"@type\":\"WebSite\",\"@id\":\"https:\\\/\\\/www.abpartners.cz\\\/#website\",\"url\":\"https:\\\/\\\/www.abpartners.cz\\\/\",\"name\":\"AB PARTNERS advok\u00e1ti\",\"description\":\"AB PARTNERS advok\u00e1ti\",\"publisher\":{\"@id\":\"https:\\\/\\\/www.abpartners.cz\\\/#organization\"},\"potentialAction\":[{\"@type\":\"SearchAction\",\"target\":{\"@type\":\"EntryPoint\",\"urlTemplate\":\"https:\\\/\\\/www.abpartners.cz\\\/?s={search_term_string}\"},\"query-input\":{\"@type\":\"PropertyValueSpecification\",\"valueRequired\":true,\"valueName\":\"search_term_string\"}}],\"inLanguage\":\"sk-SK\"},{\"@type\":\"Organization\",\"@id\":\"https:\\\/\\\/www.abpartners.cz\\\/#organization\",\"name\":\"AB PARTNERS advok\u00e1ti\",\"url\":\"https:\\\/\\\/www.abpartners.cz\\\/\",\"logo\":{\"@type\":\"ImageObject\",\"inLanguage\":\"sk-SK\",\"@id\":\"https:\\\/\\\/www.abpartners.cz\\\/#\\\/schema\\\/logo\\\/image\\\/\",\"url\":\"https:\\\/\\\/www.abpartners.cz\\\/wp-content\\\/uploads\\\/2021\\\/01\\\/abpartners_regular_rgb_dark.png\",\"contentUrl\":\"https:\\\/\\\/www.abpartners.cz\\\/wp-content\\\/uploads\\\/2021\\\/01\\\/abpartners_regular_rgb_dark.png\",\"width\":1240,\"height\":236,\"caption\":\"AB PARTNERS advok\u00e1ti\"},\"image\":{\"@id\":\"https:\\\/\\\/www.abpartners.cz\\\/#\\\/schema\\\/logo\\\/image\\\/\"},\"sameAs\":[\"https:\\\/\\\/www.facebook.com\\\/abpartners.cz\\\/\",\"https:\\\/\\\/x.com\\\/ABPartners_cz\",\"https:\\\/\\\/www.linkedin.com\\\/company\\\/abpartners\\\/\",\"https:\\\/\\\/www.instagram.com\\\/abpartners.cz\\\/\"]}]}<\/script>\n<meta property=\"og:availability\" content=\"instock\" \/>\n<meta property=\"product:availability\" content=\"instock\" \/>\n<meta property=\"product:retailer_item_id\" content=\"205001\" \/>\n<meta property=\"product:condition\" content=\"new\" \/>\n<!-- \/ Yoast SEO plugin. -->","yoast_head_json":{"title":"Monitoring insolven\u010dn\u00edho rejst\u0159\u00edku (pr\u00e1vn\u00ed slu\u017eba) - LegalShop - AB PARTNERS advok\u00e1ti","robots":{"index":"index","follow":"follow","max-snippet":"max-snippet:-1","max-image-preview":"max-image-preview:large","max-video-preview":"max-video-preview:-1"},"canonical":"https:\/\/www.abpartners.cz\/sk\/legalshop\/monitoring-insolvencniho-rejstriku-pravni-sluzba\/","og_locale":"sk_SK","og_type":"article","og_title":"Monitoring insolven\u010dn\u00edho rejst\u0159\u00edku (pr\u00e1vn\u00ed slu\u017eba) - LegalShop - AB PARTNERS advok\u00e1ti","og_description":"V objedn\u00e1vce v\u017edy uve\u010fte V\u00e1\u0161 email a telefonn\u00ed \u010d\u00edslo, abychom V\u00e1s mohli kontaktovat a domluvit se na podrobnostech. Dlu\u017e\u00ed V\u00e1m n\u011bkdo pen\u00edze? V\u00edte, \u017ee m\u016f\u017eete o svou pohled\u00e1vku velice snadno p\u0159ij\u00edt. Pokud V\u00e1\u0161 dlu\u017en\u00edk nebo jeho jin\u00fd v\u011b\u0159itel pod\u00e1 insolven\u010dn\u00ed n\u00e1vrh, tak po rozhodnut\u00ed o \u00fapadku Va\u0161eho dlu\u017en\u00edka m\u00e1te obvykle [...]","og_url":"https:\/\/www.abpartners.cz\/sk\/legalshop\/monitoring-insolvencniho-rejstriku-pravni-sluzba\/","og_site_name":"AB PARTNERS advok\u00e1ti","article_publisher":"https:\/\/www.facebook.com\/abpartners.cz\/","article_modified_time":"2021-03-30T11:07:07+00:00","og_image":[{"width":260,"height":260,"url":"https:\/\/www.abpartners.cz\/wp-content\/uploads\/2021\/02\/insolvence.png","type":"image\/png"}],"twitter_card":"summary_large_image","twitter_site":"@ABPartners_cz","twitter_misc":{"Dostupnos\u0165":"Na sklade"},"schema":{"@context":"https:\/\/schema.org","@graph":[{"@type":"WebPage","@id":"https:\/\/www.abpartners.cz\/legalshop\/monitoring-insolvencniho-rejstriku-pravni-sluzba\/","url":"https:\/\/www.abpartners.cz\/legalshop\/monitoring-insolvencniho-rejstriku-pravni-sluzba\/","name":"Monitoring insolven\u010dn\u00edho rejst\u0159\u00edku (pr\u00e1vn\u00ed slu\u017eba) - LegalShop - AB PARTNERS advok\u00e1ti","isPartOf":{"@id":"https:\/\/www.abpartners.cz\/#website"},"primaryImageOfPage":{"@id":"https:\/\/www.abpartners.cz\/legalshop\/monitoring-insolvencniho-rejstriku-pravni-sluzba\/#primaryimage"},"image":{"@id":"https:\/\/www.abpartners.cz\/legalshop\/monitoring-insolvencniho-rejstriku-pravni-sluzba\/#primaryimage"},"thumbnailUrl":"https:\/\/www.abpartners.cz\/wp-content\/uploads\/2021\/02\/insolvence.png","datePublished":"2021-03-28T20:15:23+00:00","dateModified":"2021-03-30T11:07:07+00:00","breadcrumb":{"@id":"https:\/\/www.abpartners.cz\/legalshop\/monitoring-insolvencniho-rejstriku-pravni-sluzba\/#breadcrumb"},"inLanguage":"sk-SK","potentialAction":[{"@type":"ReadAction","target":["https:\/\/www.abpartners.cz\/legalshop\/monitoring-insolvencniho-rejstriku-pravni-sluzba\/"]}]},{"@type":"ImageObject","inLanguage":"sk-SK","@id":"https:\/\/www.abpartners.cz\/legalshop\/monitoring-insolvencniho-rejstriku-pravni-sluzba\/#primaryimage","url":"https:\/\/www.abpartners.cz\/wp-content\/uploads\/2021\/02\/insolvence.png","contentUrl":"https:\/\/www.abpartners.cz\/wp-content\/uploads\/2021\/02\/insolvence.png","width":260,"height":260},{"@type":"BreadcrumbList","@id":"https:\/\/www.abpartners.cz\/legalshop\/monitoring-insolvencniho-rejstriku-pravni-sluzba\/#breadcrumb","itemListElement":[{"@type":"ListItem","position":1,"name":"Dom\u016f","item":"https:\/\/www.abpartners.cz\/"},{"@type":"ListItem","position":2,"name":"LegalShop","item":"https:\/\/www.abpartners.cz\/legalshop\/"},{"@type":"ListItem","position":3,"name":"Monitoring insolven\u010dn\u00edho rejst\u0159\u00edku (pr\u00e1vn\u00ed slu\u017eba)"}]},{"@type":"WebSite","@id":"https:\/\/www.abpartners.cz\/#website","url":"https:\/\/www.abpartners.cz\/","name":"AB PARTNERS advok\u00e1ti","description":"AB PARTNERS advok\u00e1ti","publisher":{"@id":"https:\/\/www.abpartners.cz\/#organization"},"potentialAction":[{"@type":"SearchAction","target":{"@type":"EntryPoint","urlTemplate":"https:\/\/www.abpartners.cz\/?s={search_term_string}"},"query-input":{"@type":"PropertyValueSpecification","valueRequired":true,"valueName":"search_term_string"}}],"inLanguage":"sk-SK"},{"@type":"Organization","@id":"https:\/\/www.abpartners.cz\/#organization","name":"AB PARTNERS advok\u00e1ti","url":"https:\/\/www.abpartners.cz\/","logo":{"@type":"ImageObject","inLanguage":"sk-SK","@id":"https:\/\/www.abpartners.cz\/#\/schema\/logo\/image\/","url":"https:\/\/www.abpartners.cz\/wp-content\/uploads\/2021\/01\/abpartners_regular_rgb_dark.png","contentUrl":"https:\/\/www.abpartners.cz\/wp-content\/uploads\/2021\/01\/abpartners_regular_rgb_dark.png","width":1240,"height":236,"caption":"AB PARTNERS advok\u00e1ti"},"image":{"@id":"https:\/\/www.abpartners.cz\/#\/schema\/logo\/image\/"},"sameAs":["https:\/\/www.facebook.com\/abpartners.cz\/","https:\/\/x.com\/ABPartners_cz","https:\/\/www.linkedin.com\/company\/abpartners\/","https:\/\/www.instagram.com\/abpartners.cz\/"]}]},"og_availability":"instock","product_availability":"instock","product_retailer_item_id":"205001","product_condition":"new"},"_links":{"self":[{"href":"https:\/\/www.abpartners.cz\/sk\/wp-json\/wp\/v2\/product\/3297","targetHints":{"allow":["GET"]}}],"collection":[{"href":"https:\/\/www.abpartners.cz\/sk\/wp-json\/wp\/v2\/product"}],"about":[{"href":"https:\/\/www.abpartners.cz\/sk\/wp-json\/wp\/v2\/types\/product"}],"wp:featuredmedia":[{"embeddable":true,"href":"https:\/\/www.abpartners.cz\/sk\/wp-json\/wp\/v2\/media\/3261"}],"wp:attachment":[{"href":"https:\/\/www.abpartners.cz\/sk\/wp-json\/wp\/v2\/media?parent=3297"}],"wp:term":[{"taxonomy":"product_brand","embeddable":true,"href":"https:\/\/www.abpartners.cz\/sk\/wp-json\/wp\/v2\/product_brand?post=3297"},{"taxonomy":"product_cat","embeddable":true,"href":"https:\/\/www.abpartners.cz\/sk\/wp-json\/wp\/v2\/product_cat?post=3297"},{"taxonomy":"product_tag","embeddable":true,"href":"https:\/\/www.abpartners.cz\/sk\/wp-json\/wp\/v2\/product_tag?post=3297"}],"curies":[{"name":"wp","href":"https:\/\/api.w.org\/{rel}","templated":true}]}}