{"id":2523,"date":"2021-01-19T20:53:44","date_gmt":"2021-01-19T19:53:44","guid":{"rendered":"https:\/\/www.abpartners.cz\/legalshop\/dohoda-o-poskytnuti-a-uzivani-sluzebniho-vozidla\/"},"modified":"2021-04-04T15:17:07","modified_gmt":"2021-04-04T13:17:07","slug":"dohoda-o-poskytnuti-a-uzivani-sluzebniho-vozidla","status":"publish","type":"product","link":"https:\/\/www.abpartners.cz\/sk\/legalshop\/dohoda-o-poskytnuti-a-uzivani-sluzebniho-vozidla\/","title":{"rendered":"Dohoda o poskytnut\u00ed a u\u017e\u00edv\u00e1n\u00ed slu\u017eebn\u00edho vozidla"},"content":{"rendered":"<p>Umo\u017e\u0148uje-li zam\u011bstnavatel zam\u011bstnanci u\u017e\u00edvat slu\u017eebn\u00ed vozidlo, doporu\u010dujme o tomto ujedn\u00e1n\u00ed uzav\u0159\u00edt p\u00edsemnou dohodu, ve kter\u00e9 si smluvn\u00ed strany jasn\u011b vymez\u00ed sv\u00e9 pr\u00e1va a povinnosti. Zejm\u00e9na pak <strong>povinnosti zam\u011bstnance, kter\u00fd bude m\u00edt vozidlo v\u00a0kr\u00e1tkodob\u00e9m dr\u017een\u00ed<\/strong>. Uzav\u0159en\u00ed dohody doporu\u010dujeme z tohoto d\u016fvodu, \u017ee tento smluvn\u00ed tip nen\u00ed na \u017e\u00e1dn\u00e9m m\u00edst\u011b z\u00e1kon\u00edku pr\u00e1ce upraven a neuzav\u0159en\u00edm dohody by v\u00a0p\u0159\u00edpad\u011b sporu nemuselo b\u00fdt mezi zam\u011bstnancem a zam\u011bstnavatel jasn\u00e9, <strong>co v\u0161e si mezi sebou strany dohodly, k\u00a0jak\u00e9mu jedn\u00e1n\u00ed byl zam\u011bstnanec je\u0161t\u011b opr\u00e1vn\u011bn a k\u00a0jak\u00e9mu ji\u017e nikoli<\/strong>.<\/p>","protected":false},"excerpt":{"rendered":"<p>Umo\u017e\u0148uje-li zam\u011bstnavatel zam\u011bstnanci u\u017e\u00edvat slu\u017eebn\u00ed vozidlo, doporu\u010dujme o tomto ujedn\u00e1n\u00ed uzav\u0159\u00edt p\u00edsemnou dohodu, ve kter\u00e9 si smluvn\u00ed strany jasn\u011b vymez\u00ed sv\u00e9 pr\u00e1va a povinnosti. Zejm\u00e9na pak povinnosti zam\u011bstnance, kter\u00fd bude m\u00edt vozidlo v\u00a0kr\u00e1tkodob\u00e9m dr\u017een\u00ed. Uzav\u0159en\u00ed dohody doporu\u010dujeme z tohoto d\u016fvodu, \u017ee tento smluvn\u00ed tip nen\u00ed na \u017e\u00e1dn\u00e9m m\u00edst\u011b z\u00e1kon\u00edku pr\u00e1ce  [&#8230;]<\/p>\n","protected":false},"featured_media":2524,"template":"","meta":{"_acf_changed":false,"rs_blank_template":"","rs_page_bg_color":"","slide_template_v7":""},"product_brand":[],"product_cat":[47,57],"product_tag":[],"class_list":{"0":"post-2523","1":"product","2":"type-product","3":"status-publish","4":"has-post-thumbnail","6":"product_cat-spolecnosti","7":"product_cat-zamestnavatele","9":"first","10":"instock","11":"sale","12":"downloadable","13":"virtual","14":"sold-individually","15":"taxable","16":"purchasable","17":"product-type-simple"},"bundled_by":[],"bundle_stock_status":"instock","bundle_stock_quantity":null,"bundle_virtual":false,"bundle_layout":"","bundle_add_to_cart_form_location":"","bundle_editable_in_cart":false,"bundle_sold_individually_context":"","bundle_item_grouping":"","bundle_min_size":"","bundle_max_size":"","bundle_price":[],"bundled_items":[],"bundle_sell_ids":[],"exclude_global_add_ons":false,"addons":[{"name":"Finalizace na m\u00edru (pr\u00e1vn\u00ed slu\u017eba)","type":"checkbox","position":0,"required":false,"title_format":"heading","default":"","description_enable":true,"description":"Dokon\u010d\u00edme vzor dle Va\u0161eho zad\u00e1n\u00ed. Dostanete hotov\u00fd produkt. Vypl\u0148te kontaktn\u00ed \u00fadaje v objedn\u00e1vce, zavol\u00e1me V\u00e1m nebo po\u0161leme email.","placeholder_enable":false,"placeholder":"","display":"select","restrictions_type":"any_text","adjust_price":false,"price":"","price_type":"flat_fee","restrictions":false,"min":"0","max":"0","options":[{"label":"Finalizace na m\u00edru","price":"1590","price_type":"flat_fee","image":0,"visibility":true}]},{"name":"Telefonick\u00e1 porada s advok\u00e1tem (pr\u00e1vn\u00ed slu\u017eba)","type":"checkbox","position":1,"required":false,"title_format":"heading","default":"","description_enable":true,"description":"Pot\u0159ebujete konzultaci ohledn\u011b vybran\u00e9ho vzoru? Nab\u00edz\u00edme ji za zv\u00fdhodn\u011bnou cenu. Vypl\u0148te kontaktn\u00ed \u00fadaje v objedn\u00e1vce, zavol\u00e1me V\u00e1m.","placeholder_enable":false,"placeholder":"","display":"select","restrictions_type":"any_text","adjust_price":false,"price":"","price_type":"flat_fee","restrictions":false,"min":"0","max":"0","options":[{"label":"Porada v d\u00e9lce 30 minut","price":"790","price_type":"flat_fee","image":0,"visibility":true},{"label":"Porada v d\u00e9lce 60 minut","price":"1590","price_type":"flat_fee","image":0,"visibility":true},{"label":"Porada v d\u00e9lce 90 minut","price":"2390","price_type":"flat_fee","image":0,"visibility":true}]}],"acf":[],"yoast_head":"<!-- This site is optimized with the Yoast SEO plugin v27.4 - https:\/\/yoast.com\/product\/yoast-seo-wordpress\/ -->\n<title>Dohoda o poskytnut\u00ed a u\u017e\u00edv\u00e1n\u00ed slu\u017eebn\u00edho vozidla - LegalShop - AB PARTNERS advok\u00e1ti<\/title>\n<meta name=\"robots\" content=\"index, follow, max-snippet:-1, max-image-preview:large, max-video-preview:-1\" \/>\n<link rel=\"canonical\" href=\"https:\/\/www.abpartners.cz\/sk\/legalshop\/dohoda-o-poskytnuti-a-uzivani-sluzebniho-vozidla\/\" \/>\n<meta property=\"og:locale\" content=\"sk_SK\" \/>\n<meta property=\"og:type\" content=\"article\" \/>\n<meta property=\"og:title\" content=\"Dohoda o poskytnut\u00ed a u\u017e\u00edv\u00e1n\u00ed slu\u017eebn\u00edho vozidla - LegalShop - AB PARTNERS advok\u00e1ti\" \/>\n<meta property=\"og:description\" content=\"Umo\u017e\u0148uje-li zam\u011bstnavatel zam\u011bstnanci u\u017e\u00edvat slu\u017eebn\u00ed vozidlo, doporu\u010dujme o tomto ujedn\u00e1n\u00ed uzav\u0159\u00edt p\u00edsemnou dohodu, ve kter\u00e9 si smluvn\u00ed strany jasn\u011b vymez\u00ed sv\u00e9 pr\u00e1va a povinnosti. Zejm\u00e9na pak povinnosti zam\u011bstnance, kter\u00fd bude m\u00edt vozidlo v\u00a0kr\u00e1tkodob\u00e9m dr\u017een\u00ed. Uzav\u0159en\u00ed dohody doporu\u010dujeme z tohoto d\u016fvodu, \u017ee tento smluvn\u00ed tip nen\u00ed na \u017e\u00e1dn\u00e9m m\u00edst\u011b z\u00e1kon\u00edku pr\u00e1ce [...]\" \/>\n<meta property=\"og:url\" content=\"https:\/\/www.abpartners.cz\/sk\/legalshop\/dohoda-o-poskytnuti-a-uzivani-sluzebniho-vozidla\/\" \/>\n<meta property=\"og:site_name\" content=\"AB PARTNERS advok\u00e1ti\" \/>\n<meta property=\"article:publisher\" content=\"https:\/\/www.facebook.com\/abpartners.cz\/\" \/>\n<meta property=\"article:modified_time\" content=\"2021-04-04T13:17:07+00:00\" \/>\n<meta property=\"og:image\" content=\"https:\/\/www.abpartners.cz\/wp-content\/uploads\/2021\/01\/ikona_vzory_zamestnavatel.png\" \/>\n\t<meta property=\"og:image:width\" content=\"520\" \/>\n\t<meta property=\"og:image:height\" content=\"520\" \/>\n\t<meta property=\"og:image:type\" content=\"image\/png\" \/>\n<meta name=\"twitter:card\" content=\"summary_large_image\" \/>\n<meta name=\"twitter:site\" content=\"@ABPartners_cz\" \/>\n<meta name=\"twitter:label1\" content=\"Cena\" \/>\n\t<meta name=\"twitter:data1\" content=\"1.431&nbsp;&#075;&#269; v\u010detn\u011b DPH\" \/>\n\t<meta name=\"twitter:label2\" content=\"Dostupnos\u0165\" \/>\n\t<meta name=\"twitter:data2\" content=\"Na sklade\" \/>\n<script type=\"application\/ld+json\" class=\"yoast-schema-graph\">{\"@context\":\"https:\\\/\\\/schema.org\",\"@graph\":[{\"@type\":\"WebPage\",\"@id\":\"https:\\\/\\\/www.abpartners.cz\\\/legalshop\\\/dohoda-o-poskytnuti-a-uzivani-sluzebniho-vozidla\\\/\",\"url\":\"https:\\\/\\\/www.abpartners.cz\\\/legalshop\\\/dohoda-o-poskytnuti-a-uzivani-sluzebniho-vozidla\\\/\",\"name\":\"Dohoda o poskytnut\u00ed a u\u017e\u00edv\u00e1n\u00ed slu\u017eebn\u00edho vozidla - LegalShop - AB PARTNERS advok\u00e1ti\",\"isPartOf\":{\"@id\":\"https:\\\/\\\/www.abpartners.cz\\\/#website\"},\"primaryImageOfPage\":{\"@id\":\"https:\\\/\\\/www.abpartners.cz\\\/legalshop\\\/dohoda-o-poskytnuti-a-uzivani-sluzebniho-vozidla\\\/#primaryimage\"},\"image\":{\"@id\":\"https:\\\/\\\/www.abpartners.cz\\\/legalshop\\\/dohoda-o-poskytnuti-a-uzivani-sluzebniho-vozidla\\\/#primaryimage\"},\"thumbnailUrl\":\"https:\\\/\\\/www.abpartners.cz\\\/wp-content\\\/uploads\\\/2021\\\/01\\\/ikona_vzory_zamestnavatel.png\",\"datePublished\":\"2021-01-19T19:53:44+00:00\",\"dateModified\":\"2021-04-04T13:17:07+00:00\",\"breadcrumb\":{\"@id\":\"https:\\\/\\\/www.abpartners.cz\\\/legalshop\\\/dohoda-o-poskytnuti-a-uzivani-sluzebniho-vozidla\\\/#breadcrumb\"},\"inLanguage\":\"sk-SK\",\"potentialAction\":[{\"@type\":\"ReadAction\",\"target\":[\"https:\\\/\\\/www.abpartners.cz\\\/legalshop\\\/dohoda-o-poskytnuti-a-uzivani-sluzebniho-vozidla\\\/\"]}]},{\"@type\":\"ImageObject\",\"inLanguage\":\"sk-SK\",\"@id\":\"https:\\\/\\\/www.abpartners.cz\\\/legalshop\\\/dohoda-o-poskytnuti-a-uzivani-sluzebniho-vozidla\\\/#primaryimage\",\"url\":\"https:\\\/\\\/www.abpartners.cz\\\/wp-content\\\/uploads\\\/2021\\\/01\\\/ikona_vzory_zamestnavatel.png\",\"contentUrl\":\"https:\\\/\\\/www.abpartners.cz\\\/wp-content\\\/uploads\\\/2021\\\/01\\\/ikona_vzory_zamestnavatel.png\",\"width\":520,\"height\":520},{\"@type\":\"BreadcrumbList\",\"@id\":\"https:\\\/\\\/www.abpartners.cz\\\/legalshop\\\/dohoda-o-poskytnuti-a-uzivani-sluzebniho-vozidla\\\/#breadcrumb\",\"itemListElement\":[{\"@type\":\"ListItem\",\"position\":1,\"name\":\"Dom\u016f\",\"item\":\"https:\\\/\\\/www.abpartners.cz\\\/\"},{\"@type\":\"ListItem\",\"position\":2,\"name\":\"LegalShop\",\"item\":\"https:\\\/\\\/www.abpartners.cz\\\/legalshop\\\/\"},{\"@type\":\"ListItem\",\"position\":3,\"name\":\"Dohoda o poskytnut\u00ed a u\u017e\u00edv\u00e1n\u00ed slu\u017eebn\u00edho vozidla\"}]},{\"@type\":\"WebSite\",\"@id\":\"https:\\\/\\\/www.abpartners.cz\\\/#website\",\"url\":\"https:\\\/\\\/www.abpartners.cz\\\/\",\"name\":\"AB PARTNERS advok\u00e1ti\",\"description\":\"AB PARTNERS advok\u00e1ti\",\"publisher\":{\"@id\":\"https:\\\/\\\/www.abpartners.cz\\\/#organization\"},\"potentialAction\":[{\"@type\":\"SearchAction\",\"target\":{\"@type\":\"EntryPoint\",\"urlTemplate\":\"https:\\\/\\\/www.abpartners.cz\\\/?s={search_term_string}\"},\"query-input\":{\"@type\":\"PropertyValueSpecification\",\"valueRequired\":true,\"valueName\":\"search_term_string\"}}],\"inLanguage\":\"sk-SK\"},{\"@type\":\"Organization\",\"@id\":\"https:\\\/\\\/www.abpartners.cz\\\/#organization\",\"name\":\"AB PARTNERS advok\u00e1ti\",\"url\":\"https:\\\/\\\/www.abpartners.cz\\\/\",\"logo\":{\"@type\":\"ImageObject\",\"inLanguage\":\"sk-SK\",\"@id\":\"https:\\\/\\\/www.abpartners.cz\\\/#\\\/schema\\\/logo\\\/image\\\/\",\"url\":\"https:\\\/\\\/www.abpartners.cz\\\/wp-content\\\/uploads\\\/2021\\\/01\\\/abpartners_regular_rgb_dark.png\",\"contentUrl\":\"https:\\\/\\\/www.abpartners.cz\\\/wp-content\\\/uploads\\\/2021\\\/01\\\/abpartners_regular_rgb_dark.png\",\"width\":1240,\"height\":236,\"caption\":\"AB PARTNERS advok\u00e1ti\"},\"image\":{\"@id\":\"https:\\\/\\\/www.abpartners.cz\\\/#\\\/schema\\\/logo\\\/image\\\/\"},\"sameAs\":[\"https:\\\/\\\/www.facebook.com\\\/abpartners.cz\\\/\",\"https:\\\/\\\/x.com\\\/ABPartners_cz\",\"https:\\\/\\\/www.linkedin.com\\\/company\\\/abpartners\\\/\",\"https:\\\/\\\/www.instagram.com\\\/abpartners.cz\\\/\"]}]}<\/script>\n<meta property=\"product:price:amount\" content=\"1431\" \/>\n<meta property=\"product:price:currency\" content=\"CZK\" \/>\n<meta property=\"og:availability\" content=\"instock\" \/>\n<meta property=\"product:availability\" content=\"instock\" \/>\n<meta property=\"product:retailer_item_id\" content=\"204001\" \/>\n<meta property=\"product:condition\" content=\"new\" \/>\n<!-- \/ Yoast SEO plugin. -->","yoast_head_json":{"title":"Dohoda o poskytnut\u00ed a u\u017e\u00edv\u00e1n\u00ed slu\u017eebn\u00edho vozidla - LegalShop - AB PARTNERS advok\u00e1ti","robots":{"index":"index","follow":"follow","max-snippet":"max-snippet:-1","max-image-preview":"max-image-preview:large","max-video-preview":"max-video-preview:-1"},"canonical":"https:\/\/www.abpartners.cz\/sk\/legalshop\/dohoda-o-poskytnuti-a-uzivani-sluzebniho-vozidla\/","og_locale":"sk_SK","og_type":"article","og_title":"Dohoda o poskytnut\u00ed a u\u017e\u00edv\u00e1n\u00ed slu\u017eebn\u00edho vozidla - LegalShop - AB PARTNERS advok\u00e1ti","og_description":"Umo\u017e\u0148uje-li zam\u011bstnavatel zam\u011bstnanci u\u017e\u00edvat slu\u017eebn\u00ed vozidlo, doporu\u010dujme o tomto ujedn\u00e1n\u00ed uzav\u0159\u00edt p\u00edsemnou dohodu, ve kter\u00e9 si smluvn\u00ed strany jasn\u011b vymez\u00ed sv\u00e9 pr\u00e1va a povinnosti. Zejm\u00e9na pak povinnosti zam\u011bstnance, kter\u00fd bude m\u00edt vozidlo v\u00a0kr\u00e1tkodob\u00e9m dr\u017een\u00ed. Uzav\u0159en\u00ed dohody doporu\u010dujeme z tohoto d\u016fvodu, \u017ee tento smluvn\u00ed tip nen\u00ed na \u017e\u00e1dn\u00e9m m\u00edst\u011b z\u00e1kon\u00edku pr\u00e1ce [...]","og_url":"https:\/\/www.abpartners.cz\/sk\/legalshop\/dohoda-o-poskytnuti-a-uzivani-sluzebniho-vozidla\/","og_site_name":"AB PARTNERS advok\u00e1ti","article_publisher":"https:\/\/www.facebook.com\/abpartners.cz\/","article_modified_time":"2021-04-04T13:17:07+00:00","og_image":[{"width":520,"height":520,"url":"https:\/\/www.abpartners.cz\/wp-content\/uploads\/2021\/01\/ikona_vzory_zamestnavatel.png","type":"image\/png"}],"twitter_card":"summary_large_image","twitter_site":"@ABPartners_cz","twitter_misc":{"Cena":"1.431&nbsp;&#75;&#269; v\u010detn\u011b DPH","Dostupnos\u0165":"Na sklade"},"schema":{"@context":"https:\/\/schema.org","@graph":[{"@type":"WebPage","@id":"https:\/\/www.abpartners.cz\/legalshop\/dohoda-o-poskytnuti-a-uzivani-sluzebniho-vozidla\/","url":"https:\/\/www.abpartners.cz\/legalshop\/dohoda-o-poskytnuti-a-uzivani-sluzebniho-vozidla\/","name":"Dohoda o poskytnut\u00ed a u\u017e\u00edv\u00e1n\u00ed slu\u017eebn\u00edho vozidla - LegalShop - AB PARTNERS advok\u00e1ti","isPartOf":{"@id":"https:\/\/www.abpartners.cz\/#website"},"primaryImageOfPage":{"@id":"https:\/\/www.abpartners.cz\/legalshop\/dohoda-o-poskytnuti-a-uzivani-sluzebniho-vozidla\/#primaryimage"},"image":{"@id":"https:\/\/www.abpartners.cz\/legalshop\/dohoda-o-poskytnuti-a-uzivani-sluzebniho-vozidla\/#primaryimage"},"thumbnailUrl":"https:\/\/www.abpartners.cz\/wp-content\/uploads\/2021\/01\/ikona_vzory_zamestnavatel.png","datePublished":"2021-01-19T19:53:44+00:00","dateModified":"2021-04-04T13:17:07+00:00","breadcrumb":{"@id":"https:\/\/www.abpartners.cz\/legalshop\/dohoda-o-poskytnuti-a-uzivani-sluzebniho-vozidla\/#breadcrumb"},"inLanguage":"sk-SK","potentialAction":[{"@type":"ReadAction","target":["https:\/\/www.abpartners.cz\/legalshop\/dohoda-o-poskytnuti-a-uzivani-sluzebniho-vozidla\/"]}]},{"@type":"ImageObject","inLanguage":"sk-SK","@id":"https:\/\/www.abpartners.cz\/legalshop\/dohoda-o-poskytnuti-a-uzivani-sluzebniho-vozidla\/#primaryimage","url":"https:\/\/www.abpartners.cz\/wp-content\/uploads\/2021\/01\/ikona_vzory_zamestnavatel.png","contentUrl":"https:\/\/www.abpartners.cz\/wp-content\/uploads\/2021\/01\/ikona_vzory_zamestnavatel.png","width":520,"height":520},{"@type":"BreadcrumbList","@id":"https:\/\/www.abpartners.cz\/legalshop\/dohoda-o-poskytnuti-a-uzivani-sluzebniho-vozidla\/#breadcrumb","itemListElement":[{"@type":"ListItem","position":1,"name":"Dom\u016f","item":"https:\/\/www.abpartners.cz\/"},{"@type":"ListItem","position":2,"name":"LegalShop","item":"https:\/\/www.abpartners.cz\/legalshop\/"},{"@type":"ListItem","position":3,"name":"Dohoda o poskytnut\u00ed a u\u017e\u00edv\u00e1n\u00ed slu\u017eebn\u00edho vozidla"}]},{"@type":"WebSite","@id":"https:\/\/www.abpartners.cz\/#website","url":"https:\/\/www.abpartners.cz\/","name":"AB PARTNERS advok\u00e1ti","description":"AB PARTNERS advok\u00e1ti","publisher":{"@id":"https:\/\/www.abpartners.cz\/#organization"},"potentialAction":[{"@type":"SearchAction","target":{"@type":"EntryPoint","urlTemplate":"https:\/\/www.abpartners.cz\/?s={search_term_string}"},"query-input":{"@type":"PropertyValueSpecification","valueRequired":true,"valueName":"search_term_string"}}],"inLanguage":"sk-SK"},{"@type":"Organization","@id":"https:\/\/www.abpartners.cz\/#organization","name":"AB PARTNERS advok\u00e1ti","url":"https:\/\/www.abpartners.cz\/","logo":{"@type":"ImageObject","inLanguage":"sk-SK","@id":"https:\/\/www.abpartners.cz\/#\/schema\/logo\/image\/","url":"https:\/\/www.abpartners.cz\/wp-content\/uploads\/2021\/01\/abpartners_regular_rgb_dark.png","contentUrl":"https:\/\/www.abpartners.cz\/wp-content\/uploads\/2021\/01\/abpartners_regular_rgb_dark.png","width":1240,"height":236,"caption":"AB PARTNERS advok\u00e1ti"},"image":{"@id":"https:\/\/www.abpartners.cz\/#\/schema\/logo\/image\/"},"sameAs":["https:\/\/www.facebook.com\/abpartners.cz\/","https:\/\/x.com\/ABPartners_cz","https:\/\/www.linkedin.com\/company\/abpartners\/","https:\/\/www.instagram.com\/abpartners.cz\/"]}]},"product_price_amount":"1431","product_price_currency":"CZK","og_availability":"instock","product_availability":"instock","product_retailer_item_id":"204001","product_condition":"new"},"_links":{"self":[{"href":"https:\/\/www.abpartners.cz\/sk\/wp-json\/wp\/v2\/product\/2523","targetHints":{"allow":["GET"]}}],"collection":[{"href":"https:\/\/www.abpartners.cz\/sk\/wp-json\/wp\/v2\/product"}],"about":[{"href":"https:\/\/www.abpartners.cz\/sk\/wp-json\/wp\/v2\/types\/product"}],"wp:featuredmedia":[{"embeddable":true,"href":"https:\/\/www.abpartners.cz\/sk\/wp-json\/wp\/v2\/media\/2524"}],"wp:attachment":[{"href":"https:\/\/www.abpartners.cz\/sk\/wp-json\/wp\/v2\/media?parent=2523"}],"wp:term":[{"taxonomy":"product_brand","embeddable":true,"href":"https:\/\/www.abpartners.cz\/sk\/wp-json\/wp\/v2\/product_brand?post=2523"},{"taxonomy":"product_cat","embeddable":true,"href":"https:\/\/www.abpartners.cz\/sk\/wp-json\/wp\/v2\/product_cat?post=2523"},{"taxonomy":"product_tag","embeddable":true,"href":"https:\/\/www.abpartners.cz\/sk\/wp-json\/wp\/v2\/product_tag?post=2523"}],"curies":[{"name":"wp","href":"https:\/\/api.w.org\/{rel}","templated":true}]}}