{"id":2516,"date":"2021-01-19T20:53:44","date_gmt":"2021-01-19T19:53:44","guid":{"rendered":"https:\/\/www.abpartners.cz\/legalshop\/darovaci-smlouva-sluzebnost-byt-oz\/"},"modified":"2021-02-01T08:09:35","modified_gmt":"2021-02-01T07:09:35","slug":"darovaci-smlouva-sluzebnost-byt-oz","status":"publish","type":"product","link":"https:\/\/www.abpartners.cz\/sk\/legalshop\/darovaci-smlouva-sluzebnost-byt-oz\/","title":{"rendered":"Darovac\u00ed smlouva a smlouva o z\u0159\u00edzen\u00ed slu\u017eebnosti bytu (byt vymezen\u00fd dle ob\u010dansk\u00e9ho z\u00e1kon\u00edku)"},"content":{"rendered":"<p>Po\u0159\u00edzen\u00edm tohoto dokumentu z\u00edsk\u00e1v\u00e1te vzor <strong>darovac\u00ed smlouvy spole\u010dn\u011b se smlouvou o z\u0159\u00edzen\u00ed slu\u017eebnosti bytu<\/strong>, kter\u00e1 je v\u00a0tomto vzoru sjedn\u00e1na jako bez\u00faplatn\u00e1. P\u0159edm\u011btem t\u00e9to darovac\u00ed smlouvy je <strong>bez\u00faplatn\u00fd p\u0159evod vlastnick\u00e9ho pr\u00e1va k\u00a0bytov\u00e9 jednotce vymezen\u00e9 na z\u00e1klad\u011b ob\u010dansk\u00e9ho z\u00e1kon\u00edku, tj. vymezen\u00e9 po 1.1.2014<\/strong> (seznateln\u00e9 tak\u00e9 z\u00a0v\u00fdpisu z\u00a0katastru nemovitost\u00ed). Opr\u00e1vn\u011bn\u00fd ze slu\u017eebnosti (d\u00e1rce), vzhledem k\u00a0v\u00fd\u0161e uveden\u00e9mu, nen\u00ed povinen za z\u0159\u00edzen\u00ed sjednan\u00e9 slu\u017eebnosti hradit povinn\u00e9mu ze slu\u017eebnosti (obdarovan\u00e9mu) pen\u011b\u017en\u00ed n\u00e1hradu. Vzhledem ke smluvn\u00ed volnosti si mohou d\u00e1rce a obdarovan\u00fd upravit tato ujedn\u00e1n\u00ed dle libosti a dohodnout se na konkr\u00e9tn\u00ed \u010d\u00e1stce za z\u0159\u00edzen\u00ed slu\u017eebnosti, \u010di na pravideln\u00fdch nap\u0159. m\u011bs\u00ed\u010dn\u00edch \u010d\u00e1stk\u00e1ch. Spole\u010dn\u011b s t\u00edmto vzorem z\u00edsk\u00e1v\u00e1te praktick\u00fd <strong>popis, kter\u00fd V\u00e1m usnadn\u00ed orientaci b\u011bhem vypl\u0148ov\u00e1n\u00ed vzoru a n\u00e1sledn\u00e9ho postupu p\u0159i vkladu pr\u00e1va do katastru nemovitost\u00ed<\/strong>. Popis V\u00e1m mimo v\u00fd\u0161e uveden\u00e9 tak\u00e9 zjednodu\u0161en\u011b p\u0159ibl\u00ed\u017e\u00ed obecnou pr\u00e1vn\u00ed \u00fapravu institutu darov\u00e1n\u00ed a vymezen\u00ed bytov\u00fdch jednotek.<\/p>\n<p>Darovac\u00ed smlouva je <strong>bez\u00faplatn\u00e9 pr\u00e1vn\u00ed jedn\u00e1n\u00ed<\/strong>, kter\u00fdm d\u00e1rce p\u0159ev\u00e1d\u00ed vlastnick\u00e9 pr\u00e1vo k\u00a0v\u011bci na obdarovan\u00e9ho, pop\u0159\u00edpad\u011b se v\u00a0budoucnu vlastnick\u00e9 pr\u00e1vo p\u0159ev\u00e9st zavazuje, obdarovan\u00fd dar p\u0159ij\u00edm\u00e1. Pokud se p\u0159ev\u00e1d\u00ed vlastnick\u00e9 pr\u00e1vo k\u00a0nemovit\u00e9 v\u011bci, mus\u00ed b\u00fdt nemovit\u00e1 v\u011bc n\u00e1le\u017eit\u011b specifikov\u00e1na. D\u00e1le je t\u0159eba ur\u010dit\u00fd projev v\u016fle p\u0159ev\u00e9st vlastnick\u00e9 pr\u00e1vo k\u00a0p\u0159edm\u011btu daru a bezplatnost takov\u00e9ho p\u0159evodu.<\/p>\n<p>Slu\u017eebnosti jsou jedn\u011bmi ze dvou druh\u016f v\u011bcn\u00e9ho b\u0159emene. Z\u00e1kon zn\u00e1 mimo slu\u017eebnost\u00ed je\u0161t\u011b b\u0159emena re\u00e1ln\u00e1. Slu\u017eebnost je <strong>z\u00e1vazek vlastn\u00edka nemovit\u00e9 v\u011bci strp\u011bt v\u00fdkon pr\u00e1v n\u00e1le\u017eej\u00edc\u00ed opr\u00e1vn\u011bn\u00e9mu ze slu\u017eebnosti<\/strong>. Slu\u017eebnosti rozli\u0161ujeme na dv\u011b kategorie, a to slu\u017eebnosti pozemkov\u00e9, vztahuj\u00edc\u00ed se ke konkr\u00e9tn\u00edmu pozemku a slu\u017eebnosti osobn\u00ed, kter\u00e9 jsou v\u00e1zan\u00e9 na ur\u010ditou osobu. P\u0159i z\u0159\u00edzen\u00ed slu\u017eebnosti bytu, je <strong>opr\u00e1vn\u011bn\u00fd ze slu\u017eebnosti opr\u00e1vn\u011bn u\u017e\u00edvat nemovitost ke kter\u00e9 se slu\u017eebnost vztahuje<\/strong>. Je-li z\u0159\u00edzena slu\u017eebnost bytu, m\u00e1 se za to, \u017ee byla z\u0159\u00edzena jako slu\u017eebnost u\u017e\u00edv\u00e1n\u00ed.<\/p>","protected":false},"excerpt":{"rendered":"<p>Po\u0159\u00edzen\u00edm tohoto dokumentu z\u00edsk\u00e1v\u00e1te vzor darovac\u00ed smlouvy spole\u010dn\u011b se smlouvou o z\u0159\u00edzen\u00ed slu\u017eebnosti bytu, kter\u00e1 je v\u00a0tomto vzoru sjedn\u00e1na jako bez\u00faplatn\u00e1. P\u0159edm\u011btem t\u00e9to darovac\u00ed smlouvy je bez\u00faplatn\u00fd p\u0159evod vlastnick\u00e9ho pr\u00e1va k\u00a0bytov\u00e9 jednotce vymezen\u00e9 na z\u00e1klad\u011b ob\u010dansk\u00e9ho z\u00e1kon\u00edku, tj. vymezen\u00e9 po 1.1.2014 (seznateln\u00e9 tak\u00e9 z\u00a0v\u00fdpisu z\u00a0katastru nemovitost\u00ed). Opr\u00e1vn\u011bn\u00fd ze slu\u017eebnosti (d\u00e1rce),  [&#8230;]<\/p>\n","protected":false},"featured_media":2503,"template":"","meta":{"_acf_changed":false,"rs_blank_template":"","rs_page_bg_color":"","slide_template_v7":""},"product_brand":[],"product_cat":[56],"product_tag":[],"class_list":{"0":"post-2516","1":"product","2":"type-product","3":"status-publish","4":"has-post-thumbnail","6":"product_cat-darovaci-smlouva","8":"first","9":"instock","10":"sale","11":"downloadable","12":"virtual","13":"sold-individually","14":"taxable","15":"purchasable","16":"product-type-simple"},"bundled_by":[],"bundle_stock_status":"instock","bundle_stock_quantity":null,"bundle_virtual":false,"bundle_layout":"","bundle_add_to_cart_form_location":"","bundle_editable_in_cart":false,"bundle_sold_individually_context":"","bundle_item_grouping":"","bundle_min_size":"","bundle_max_size":"","bundle_price":[],"bundled_items":[],"bundle_sell_ids":[],"exclude_global_add_ons":false,"addons":[{"name":"Finalizace na m\u00edru (pr\u00e1vn\u00ed slu\u017eba)","type":"checkbox","position":0,"required":false,"title_format":"heading","default":"","description_enable":true,"description":"Dokon\u010d\u00edme vzor dle Va\u0161eho zad\u00e1n\u00ed. Dostanete hotov\u00fd produkt s dal\u0161\u00edmi instrukcemi. Vypl\u0148te kontaktn\u00ed \u00fadaje v objedn\u00e1vce, zavol\u00e1me V\u00e1m nebo po\u0161leme email.","placeholder_enable":false,"placeholder":"","display":"select","restrictions_type":"any_text","adjust_price":false,"price":"","price_type":"flat_fee","restrictions":false,"min":"0","max":"0","options":[{"label":"Finalizace na m\u00edru","price":"1590","price_type":"flat_fee","image":0,"visibility":true}]},{"name":"N\u00e1vrh na vklad do katastru (pr\u00e1vn\u00ed slu\u017eba)","type":"checkbox","position":1,"required":false,"title_format":"heading","default":"","description_enable":true,"description":"Ke zm\u011bn\u011b vlastnick\u00e9ho pr\u00e1va doch\u00e1z\u00ed na z\u00e1klad\u011b vkladu do katastru nemovitost\u00ed. \u0158\u00edzen\u00ed prob\u00edh\u00e1 u p\u0159\u00edslu\u0161n\u00e9ho katastr\u00e1ln\u00edho pracovi\u0161t\u011b a je zah\u00e1jeno pod\u00e1n\u00edm N\u00e1vrhu na vklad pr\u00e1va do katastru nemovitost\u00ed na p\u0159edepsan\u00e9m formul\u00e1\u0159i. P\u0159iprav\u00edme pro V\u00e1s formul\u00e1\u0159 a d\u00e1me V\u00e1m bli\u017e\u0161\u00ed instrukce k jeho pod\u00e1n\u00ed. Vypl\u0148te kontaktn\u00ed \u00fadaje v objedn\u00e1vce, zavol\u00e1me V\u00e1m nebo po\u0161leme email.","placeholder_enable":false,"placeholder":"","display":"select","restrictions_type":"any_text","adjust_price":false,"price":"","price_type":"flat_fee","restrictions":false,"min":"0","max":"0","options":[{"label":"N\u00e1vrh na vklad do katastru","price":"390","price_type":"flat_fee","image":0,"visibility":true}]},{"name":"Telefonick\u00e1 porada s advok\u00e1tem (pr\u00e1vn\u00ed slu\u017eba)","type":"checkbox","position":2,"required":false,"title_format":"heading","default":"","description_enable":true,"description":"Pot\u0159ebujete konzultaci ohledn\u011b vybran\u00e9ho vzoru? Nab\u00edz\u00edme ji za zv\u00fdhodn\u011bnou cenu. Vypl\u0148te kontaktn\u00ed \u00fadaje v objedn\u00e1vce, zavol\u00e1me V\u00e1m.","placeholder_enable":false,"placeholder":"","display":"select","restrictions_type":"any_text","adjust_price":false,"price":"","price_type":"flat_fee","restrictions":false,"min":"0","max":"0","options":[{"label":"Porada v d\u00e9lce 30 minut","price":"790","price_type":"flat_fee","image":0,"visibility":true},{"label":"Porada v d\u00e9lce 60 minut","price":"1590","price_type":"flat_fee","image":0,"visibility":true},{"label":"Porada v d\u00e9lce 90 minut","price":"2390","price_type":"flat_fee","image":0,"visibility":true}]}],"acf":[],"yoast_head":"<!-- This site is optimized with the Yoast SEO plugin v27.4 - https:\/\/yoast.com\/product\/yoast-seo-wordpress\/ -->\n<title>Darovac\u00ed smlouva a smlouva o z\u0159\u00edzen\u00ed slu\u017eebnosti bytu (byt vymezen\u00fd dle ob\u010dansk\u00e9ho z\u00e1kon\u00edku) - LegalShop - AB PARTNERS advok\u00e1ti<\/title>\n<meta name=\"robots\" content=\"index, follow, max-snippet:-1, max-image-preview:large, max-video-preview:-1\" \/>\n<link rel=\"canonical\" href=\"https:\/\/www.abpartners.cz\/sk\/legalshop\/darovaci-smlouva-sluzebnost-byt-oz\/\" \/>\n<meta property=\"og:locale\" content=\"sk_SK\" \/>\n<meta property=\"og:type\" content=\"article\" \/>\n<meta property=\"og:title\" content=\"Darovac\u00ed smlouva a smlouva o z\u0159\u00edzen\u00ed slu\u017eebnosti bytu (byt vymezen\u00fd dle ob\u010dansk\u00e9ho z\u00e1kon\u00edku) - LegalShop - AB PARTNERS advok\u00e1ti\" \/>\n<meta property=\"og:description\" content=\"Po\u0159\u00edzen\u00edm tohoto dokumentu z\u00edsk\u00e1v\u00e1te vzor darovac\u00ed smlouvy spole\u010dn\u011b se smlouvou o z\u0159\u00edzen\u00ed slu\u017eebnosti bytu, kter\u00e1 je v\u00a0tomto vzoru sjedn\u00e1na jako bez\u00faplatn\u00e1. P\u0159edm\u011btem t\u00e9to darovac\u00ed smlouvy je bez\u00faplatn\u00fd p\u0159evod vlastnick\u00e9ho pr\u00e1va k\u00a0bytov\u00e9 jednotce vymezen\u00e9 na z\u00e1klad\u011b ob\u010dansk\u00e9ho z\u00e1kon\u00edku, tj. vymezen\u00e9 po 1.1.2014 (seznateln\u00e9 tak\u00e9 z\u00a0v\u00fdpisu z\u00a0katastru nemovitost\u00ed). Opr\u00e1vn\u011bn\u00fd ze slu\u017eebnosti (d\u00e1rce), [...]\" \/>\n<meta property=\"og:url\" content=\"https:\/\/www.abpartners.cz\/sk\/legalshop\/darovaci-smlouva-sluzebnost-byt-oz\/\" \/>\n<meta property=\"og:site_name\" content=\"AB PARTNERS advok\u00e1ti\" \/>\n<meta property=\"article:publisher\" content=\"https:\/\/www.facebook.com\/abpartners.cz\/\" \/>\n<meta property=\"article:modified_time\" content=\"2021-02-01T07:09:35+00:00\" \/>\n<meta property=\"og:image\" content=\"https:\/\/www.abpartners.cz\/wp-content\/uploads\/2021\/01\/ikona-vzor-nemovitosti.png\" \/>\n\t<meta property=\"og:image:width\" content=\"520\" \/>\n\t<meta property=\"og:image:height\" content=\"520\" \/>\n\t<meta property=\"og:image:type\" content=\"image\/png\" \/>\n<meta name=\"twitter:card\" content=\"summary_large_image\" \/>\n<meta name=\"twitter:site\" content=\"@ABPartners_cz\" \/>\n<meta name=\"twitter:label1\" content=\"Cena\" \/>\n\t<meta name=\"twitter:data1\" content=\"1.341&nbsp;&#075;&#269; v\u010detn\u011b DPH\" \/>\n\t<meta name=\"twitter:label2\" content=\"Dostupnos\u0165\" \/>\n\t<meta name=\"twitter:data2\" content=\"Na sklade\" \/>\n<script type=\"application\/ld+json\" class=\"yoast-schema-graph\">{\"@context\":\"https:\\\/\\\/schema.org\",\"@graph\":[{\"@type\":\"WebPage\",\"@id\":\"https:\\\/\\\/www.abpartners.cz\\\/legalshop\\\/darovaci-smlouva-sluzebnost-byt-oz\\\/\",\"url\":\"https:\\\/\\\/www.abpartners.cz\\\/legalshop\\\/darovaci-smlouva-sluzebnost-byt-oz\\\/\",\"name\":\"Darovac\u00ed smlouva a smlouva o z\u0159\u00edzen\u00ed slu\u017eebnosti bytu (byt vymezen\u00fd dle ob\u010dansk\u00e9ho z\u00e1kon\u00edku) - LegalShop - AB PARTNERS advok\u00e1ti\",\"isPartOf\":{\"@id\":\"https:\\\/\\\/www.abpartners.cz\\\/#website\"},\"primaryImageOfPage\":{\"@id\":\"https:\\\/\\\/www.abpartners.cz\\\/legalshop\\\/darovaci-smlouva-sluzebnost-byt-oz\\\/#primaryimage\"},\"image\":{\"@id\":\"https:\\\/\\\/www.abpartners.cz\\\/legalshop\\\/darovaci-smlouva-sluzebnost-byt-oz\\\/#primaryimage\"},\"thumbnailUrl\":\"https:\\\/\\\/www.abpartners.cz\\\/wp-content\\\/uploads\\\/2021\\\/01\\\/ikona-vzor-nemovitosti.png\",\"datePublished\":\"2021-01-19T19:53:44+00:00\",\"dateModified\":\"2021-02-01T07:09:35+00:00\",\"breadcrumb\":{\"@id\":\"https:\\\/\\\/www.abpartners.cz\\\/legalshop\\\/darovaci-smlouva-sluzebnost-byt-oz\\\/#breadcrumb\"},\"inLanguage\":\"sk-SK\",\"potentialAction\":[{\"@type\":\"ReadAction\",\"target\":[\"https:\\\/\\\/www.abpartners.cz\\\/legalshop\\\/darovaci-smlouva-sluzebnost-byt-oz\\\/\"]}]},{\"@type\":\"ImageObject\",\"inLanguage\":\"sk-SK\",\"@id\":\"https:\\\/\\\/www.abpartners.cz\\\/legalshop\\\/darovaci-smlouva-sluzebnost-byt-oz\\\/#primaryimage\",\"url\":\"https:\\\/\\\/www.abpartners.cz\\\/wp-content\\\/uploads\\\/2021\\\/01\\\/ikona-vzor-nemovitosti.png\",\"contentUrl\":\"https:\\\/\\\/www.abpartners.cz\\\/wp-content\\\/uploads\\\/2021\\\/01\\\/ikona-vzor-nemovitosti.png\",\"width\":520,\"height\":520},{\"@type\":\"BreadcrumbList\",\"@id\":\"https:\\\/\\\/www.abpartners.cz\\\/legalshop\\\/darovaci-smlouva-sluzebnost-byt-oz\\\/#breadcrumb\",\"itemListElement\":[{\"@type\":\"ListItem\",\"position\":1,\"name\":\"Dom\u016f\",\"item\":\"https:\\\/\\\/www.abpartners.cz\\\/\"},{\"@type\":\"ListItem\",\"position\":2,\"name\":\"LegalShop\",\"item\":\"https:\\\/\\\/www.abpartners.cz\\\/legalshop\\\/\"},{\"@type\":\"ListItem\",\"position\":3,\"name\":\"Darovac\u00ed smlouva a smlouva o z\u0159\u00edzen\u00ed slu\u017eebnosti bytu (byt vymezen\u00fd dle ob\u010dansk\u00e9ho z\u00e1kon\u00edku)\"}]},{\"@type\":\"WebSite\",\"@id\":\"https:\\\/\\\/www.abpartners.cz\\\/#website\",\"url\":\"https:\\\/\\\/www.abpartners.cz\\\/\",\"name\":\"AB PARTNERS advok\u00e1ti\",\"description\":\"AB PARTNERS advok\u00e1ti\",\"publisher\":{\"@id\":\"https:\\\/\\\/www.abpartners.cz\\\/#organization\"},\"potentialAction\":[{\"@type\":\"SearchAction\",\"target\":{\"@type\":\"EntryPoint\",\"urlTemplate\":\"https:\\\/\\\/www.abpartners.cz\\\/?s={search_term_string}\"},\"query-input\":{\"@type\":\"PropertyValueSpecification\",\"valueRequired\":true,\"valueName\":\"search_term_string\"}}],\"inLanguage\":\"sk-SK\"},{\"@type\":\"Organization\",\"@id\":\"https:\\\/\\\/www.abpartners.cz\\\/#organization\",\"name\":\"AB PARTNERS advok\u00e1ti\",\"url\":\"https:\\\/\\\/www.abpartners.cz\\\/\",\"logo\":{\"@type\":\"ImageObject\",\"inLanguage\":\"sk-SK\",\"@id\":\"https:\\\/\\\/www.abpartners.cz\\\/#\\\/schema\\\/logo\\\/image\\\/\",\"url\":\"https:\\\/\\\/www.abpartners.cz\\\/wp-content\\\/uploads\\\/2021\\\/01\\\/abpartners_regular_rgb_dark.png\",\"contentUrl\":\"https:\\\/\\\/www.abpartners.cz\\\/wp-content\\\/uploads\\\/2021\\\/01\\\/abpartners_regular_rgb_dark.png\",\"width\":1240,\"height\":236,\"caption\":\"AB PARTNERS advok\u00e1ti\"},\"image\":{\"@id\":\"https:\\\/\\\/www.abpartners.cz\\\/#\\\/schema\\\/logo\\\/image\\\/\"},\"sameAs\":[\"https:\\\/\\\/www.facebook.com\\\/abpartners.cz\\\/\",\"https:\\\/\\\/x.com\\\/ABPartners_cz\",\"https:\\\/\\\/www.linkedin.com\\\/company\\\/abpartners\\\/\",\"https:\\\/\\\/www.instagram.com\\\/abpartners.cz\\\/\"]}]}<\/script>\n<meta property=\"product:price:amount\" content=\"1341\" \/>\n<meta property=\"product:price:currency\" content=\"CZK\" \/>\n<meta property=\"og:availability\" content=\"instock\" \/>\n<meta property=\"product:availability\" content=\"instock\" \/>\n<meta property=\"product:retailer_item_id\" content=\"201014\" \/>\n<meta property=\"product:condition\" content=\"new\" \/>\n<!-- \/ Yoast SEO plugin. -->","yoast_head_json":{"title":"Darovac\u00ed smlouva a smlouva o z\u0159\u00edzen\u00ed slu\u017eebnosti bytu (byt vymezen\u00fd dle ob\u010dansk\u00e9ho z\u00e1kon\u00edku) - LegalShop - AB PARTNERS advok\u00e1ti","robots":{"index":"index","follow":"follow","max-snippet":"max-snippet:-1","max-image-preview":"max-image-preview:large","max-video-preview":"max-video-preview:-1"},"canonical":"https:\/\/www.abpartners.cz\/sk\/legalshop\/darovaci-smlouva-sluzebnost-byt-oz\/","og_locale":"sk_SK","og_type":"article","og_title":"Darovac\u00ed smlouva a smlouva o z\u0159\u00edzen\u00ed slu\u017eebnosti bytu (byt vymezen\u00fd dle ob\u010dansk\u00e9ho z\u00e1kon\u00edku) - LegalShop - AB PARTNERS advok\u00e1ti","og_description":"Po\u0159\u00edzen\u00edm tohoto dokumentu z\u00edsk\u00e1v\u00e1te vzor darovac\u00ed smlouvy spole\u010dn\u011b se smlouvou o z\u0159\u00edzen\u00ed slu\u017eebnosti bytu, kter\u00e1 je v\u00a0tomto vzoru sjedn\u00e1na jako bez\u00faplatn\u00e1. P\u0159edm\u011btem t\u00e9to darovac\u00ed smlouvy je bez\u00faplatn\u00fd p\u0159evod vlastnick\u00e9ho pr\u00e1va k\u00a0bytov\u00e9 jednotce vymezen\u00e9 na z\u00e1klad\u011b ob\u010dansk\u00e9ho z\u00e1kon\u00edku, tj. vymezen\u00e9 po 1.1.2014 (seznateln\u00e9 tak\u00e9 z\u00a0v\u00fdpisu z\u00a0katastru nemovitost\u00ed). Opr\u00e1vn\u011bn\u00fd ze slu\u017eebnosti (d\u00e1rce), [...]","og_url":"https:\/\/www.abpartners.cz\/sk\/legalshop\/darovaci-smlouva-sluzebnost-byt-oz\/","og_site_name":"AB PARTNERS advok\u00e1ti","article_publisher":"https:\/\/www.facebook.com\/abpartners.cz\/","article_modified_time":"2021-02-01T07:09:35+00:00","og_image":[{"width":520,"height":520,"url":"https:\/\/www.abpartners.cz\/wp-content\/uploads\/2021\/01\/ikona-vzor-nemovitosti.png","type":"image\/png"}],"twitter_card":"summary_large_image","twitter_site":"@ABPartners_cz","twitter_misc":{"Cena":"1.341&nbsp;&#75;&#269; v\u010detn\u011b DPH","Dostupnos\u0165":"Na sklade"},"schema":{"@context":"https:\/\/schema.org","@graph":[{"@type":"WebPage","@id":"https:\/\/www.abpartners.cz\/legalshop\/darovaci-smlouva-sluzebnost-byt-oz\/","url":"https:\/\/www.abpartners.cz\/legalshop\/darovaci-smlouva-sluzebnost-byt-oz\/","name":"Darovac\u00ed smlouva a smlouva o z\u0159\u00edzen\u00ed slu\u017eebnosti bytu (byt vymezen\u00fd dle ob\u010dansk\u00e9ho z\u00e1kon\u00edku) - LegalShop - AB PARTNERS advok\u00e1ti","isPartOf":{"@id":"https:\/\/www.abpartners.cz\/#website"},"primaryImageOfPage":{"@id":"https:\/\/www.abpartners.cz\/legalshop\/darovaci-smlouva-sluzebnost-byt-oz\/#primaryimage"},"image":{"@id":"https:\/\/www.abpartners.cz\/legalshop\/darovaci-smlouva-sluzebnost-byt-oz\/#primaryimage"},"thumbnailUrl":"https:\/\/www.abpartners.cz\/wp-content\/uploads\/2021\/01\/ikona-vzor-nemovitosti.png","datePublished":"2021-01-19T19:53:44+00:00","dateModified":"2021-02-01T07:09:35+00:00","breadcrumb":{"@id":"https:\/\/www.abpartners.cz\/legalshop\/darovaci-smlouva-sluzebnost-byt-oz\/#breadcrumb"},"inLanguage":"sk-SK","potentialAction":[{"@type":"ReadAction","target":["https:\/\/www.abpartners.cz\/legalshop\/darovaci-smlouva-sluzebnost-byt-oz\/"]}]},{"@type":"ImageObject","inLanguage":"sk-SK","@id":"https:\/\/www.abpartners.cz\/legalshop\/darovaci-smlouva-sluzebnost-byt-oz\/#primaryimage","url":"https:\/\/www.abpartners.cz\/wp-content\/uploads\/2021\/01\/ikona-vzor-nemovitosti.png","contentUrl":"https:\/\/www.abpartners.cz\/wp-content\/uploads\/2021\/01\/ikona-vzor-nemovitosti.png","width":520,"height":520},{"@type":"BreadcrumbList","@id":"https:\/\/www.abpartners.cz\/legalshop\/darovaci-smlouva-sluzebnost-byt-oz\/#breadcrumb","itemListElement":[{"@type":"ListItem","position":1,"name":"Dom\u016f","item":"https:\/\/www.abpartners.cz\/"},{"@type":"ListItem","position":2,"name":"LegalShop","item":"https:\/\/www.abpartners.cz\/legalshop\/"},{"@type":"ListItem","position":3,"name":"Darovac\u00ed smlouva a smlouva o z\u0159\u00edzen\u00ed slu\u017eebnosti bytu (byt vymezen\u00fd dle ob\u010dansk\u00e9ho z\u00e1kon\u00edku)"}]},{"@type":"WebSite","@id":"https:\/\/www.abpartners.cz\/#website","url":"https:\/\/www.abpartners.cz\/","name":"AB PARTNERS advok\u00e1ti","description":"AB PARTNERS advok\u00e1ti","publisher":{"@id":"https:\/\/www.abpartners.cz\/#organization"},"potentialAction":[{"@type":"SearchAction","target":{"@type":"EntryPoint","urlTemplate":"https:\/\/www.abpartners.cz\/?s={search_term_string}"},"query-input":{"@type":"PropertyValueSpecification","valueRequired":true,"valueName":"search_term_string"}}],"inLanguage":"sk-SK"},{"@type":"Organization","@id":"https:\/\/www.abpartners.cz\/#organization","name":"AB PARTNERS advok\u00e1ti","url":"https:\/\/www.abpartners.cz\/","logo":{"@type":"ImageObject","inLanguage":"sk-SK","@id":"https:\/\/www.abpartners.cz\/#\/schema\/logo\/image\/","url":"https:\/\/www.abpartners.cz\/wp-content\/uploads\/2021\/01\/abpartners_regular_rgb_dark.png","contentUrl":"https:\/\/www.abpartners.cz\/wp-content\/uploads\/2021\/01\/abpartners_regular_rgb_dark.png","width":1240,"height":236,"caption":"AB PARTNERS advok\u00e1ti"},"image":{"@id":"https:\/\/www.abpartners.cz\/#\/schema\/logo\/image\/"},"sameAs":["https:\/\/www.facebook.com\/abpartners.cz\/","https:\/\/x.com\/ABPartners_cz","https:\/\/www.linkedin.com\/company\/abpartners\/","https:\/\/www.instagram.com\/abpartners.cz\/"]}]},"product_price_amount":"1341","product_price_currency":"CZK","og_availability":"instock","product_availability":"instock","product_retailer_item_id":"201014","product_condition":"new"},"_links":{"self":[{"href":"https:\/\/www.abpartners.cz\/sk\/wp-json\/wp\/v2\/product\/2516","targetHints":{"allow":["GET"]}}],"collection":[{"href":"https:\/\/www.abpartners.cz\/sk\/wp-json\/wp\/v2\/product"}],"about":[{"href":"https:\/\/www.abpartners.cz\/sk\/wp-json\/wp\/v2\/types\/product"}],"wp:featuredmedia":[{"embeddable":true,"href":"https:\/\/www.abpartners.cz\/sk\/wp-json\/wp\/v2\/media\/2503"}],"wp:attachment":[{"href":"https:\/\/www.abpartners.cz\/sk\/wp-json\/wp\/v2\/media?parent=2516"}],"wp:term":[{"taxonomy":"product_brand","embeddable":true,"href":"https:\/\/www.abpartners.cz\/sk\/wp-json\/wp\/v2\/product_brand?post=2516"},{"taxonomy":"product_cat","embeddable":true,"href":"https:\/\/www.abpartners.cz\/sk\/wp-json\/wp\/v2\/product_cat?post=2516"},{"taxonomy":"product_tag","embeddable":true,"href":"https:\/\/www.abpartners.cz\/sk\/wp-json\/wp\/v2\/product_tag?post=2516"}],"curies":[{"name":"wp","href":"https:\/\/api.w.org\/{rel}","templated":true}]}}