{"id":4595,"date":"2025-02-20T09:55:36","date_gmt":"2025-02-20T08:55:36","guid":{"rendered":"https:\/\/www.abpartners.cz\/?page_id=4595"},"modified":"2025-09-29T09:49:06","modified_gmt":"2025-09-29T07:49:06","slug":"oznamovaci-system","status":"publish","type":"page","link":"https:\/\/www.abpartners.cz\/sk\/oznamovaci-system\/","title":{"rendered":"Vnit\u0159n\u00ed oznamovac\u00ed syst\u00e9m (whistleblowing)"},"content":{"rendered":"<div class=\"fusion-fullwidth fullwidth-box fusion-builder-row-1 fusion-flex-container nonhundred-percent-fullwidth non-hundred-percent-height-scrolling\" style=\"--awb-border-radius-top-left:0px;--awb-border-radius-top-right:0px;--awb-border-radius-bottom-right:0px;--awb-border-radius-bottom-left:0px;--awb-flex-wrap:wrap;\" ><div class=\"fusion-builder-row fusion-row fusion-flex-align-items-center fusion-flex-justify-content-center fusion-flex-content-wrap\" style=\"max-width:1248px;margin-left: calc(-4% \/ 2 );margin-right: calc(-4% \/ 2 );\"><div class=\"fusion-layout-column fusion_builder_column fusion-builder-column-0 fusion_builder_column_1_1 1_1 fusion-flex-column\" style=\"--awb-bg-size:cover;--awb-width-large:100%;--awb-margin-top-large:0px;--awb-spacing-right-large:1.92%;--awb-margin-bottom-large:0px;--awb-spacing-left-large:1.92%;--awb-width-medium:100%;--awb-spacing-right-medium:1.92%;--awb-spacing-left-medium:1.92%;--awb-width-small:100%;--awb-spacing-right-small:1.92%;--awb-spacing-left-small:1.92%;\"><div class=\"fusion-column-wrapper fusion-flex-justify-content-flex-start fusion-content-layout-column\"><div class=\"fusion-text fusion-text-1\"><p>Tato sm\u011brnice zav\u00e1d\u00ed intern\u00ed oznamovac\u00ed syst\u00e9m spole\u010dnosti AB PARTNERS advok\u00e1tn\u00ed kancel\u00e1\u0159 s.r.o., I\u010cO: 07673418, se s\u00eddlem Ot\u00fdlie Ben\u00ed\u0161kov\u00e9 1664\/14, 301 00 Plze\u0148 (d\u00e1le jako \u201e<strong>Spole\u010dnost<\/strong>\u201c, \u201e<strong>na\u0161e<\/strong>\u201c, \u201e<strong>n\u00e1s<\/strong>\u201c, \u201e<strong>n\u00e1m<\/strong>\u201c nebo \u201e<strong>my<\/strong>\u201c).<\/p>\n<p><strong>1. \u00davodn\u00ed ustanoven\u00ed<\/strong><\/p>\n<p>Podle \u00a7 21 odst. 6 p\u00edsm. b) z\u00e1kona \u010d. 253\/2008 Sb., o n\u011bkter\u00fdch opat\u0159en\u00edch proti legalizaci v\u00fdnos\u016f z trestn\u00e9 \u010dinnosti a financov\u00e1n\u00ed terorismu (\u201e<strong>AML z\u00e1kon<\/strong>\u201c), m\u00e1 ka\u017ed\u00fd povinn\u00fd subjekt povinnost z\u0159\u00eddit intern\u00ed oznamovac\u00ed syst\u00e9m dle z\u00e1kona \u010d. 171\/2023 Sb., o ochran\u011b oznamovatel\u016f (\u201e<strong>Z\u00e1kon o ochran\u011b oznamovatel\u016f<\/strong>\u201c). Tento syst\u00e9m umo\u017e\u0148uje v\u0161em zam\u011bstnanc\u016fm i jin\u00fdm spolupracuj\u00edc\u00edm osob\u00e1m podat anonymn\u00ed ozn\u00e1men\u00ed o ur\u010dit\u00fdch typech jedn\u00e1n\u00ed uveden\u00fdch n\u00ed\u017ee.<\/p>\n<p>Pokud jste na\u0161\u00edm zam\u011bstnancem, advok\u00e1tem, st\u00e1\u017eistou, dodavatelem, jednatelem, prokuristou nebo jinou osobou zapojenou do \u010dinnost\u00ed Spole\u010dnosti, n\u00ed\u017ee v\u00e1s informujeme:<\/p>\n<ul>\n<li>jak\u00e1 jedn\u00e1n\u00ed lze oznamovat;<\/li>\n<li>kdo je odpov\u011bdnou osobou pro p\u0159ij\u00edm\u00e1n\u00ed ozn\u00e1men\u00ed;<\/li>\n<li>jak\u00e9 zp\u016fsoby m\u016f\u017eete vyu\u017e\u00edt k pod\u00e1n\u00ed ozn\u00e1men\u00ed, a to jak prost\u0159ednictv\u00edm intern\u00edho oznamovac\u00edho syst\u00e9mu, tak syst\u00e9mu Ministerstva spravedlnosti;<\/li>\n<li>jak\u00fdm zp\u016fsobem bude s va\u0161\u00edm ozn\u00e1men\u00edm nalo\u017eeno.<\/li>\n<\/ul>\n<p><strong>2. <\/strong><strong>Jak\u00e9 jedn\u00e1n\u00ed m\u016f\u017eete oznamovat?<\/strong><\/p>\n<p>Podle Z\u00e1kona o ochran\u011b oznamovatel\u016f je mo\u017en\u00e9 ozn\u00e1mit r\u016fzn\u00e9 druhy jedn\u00e1n\u00ed, v\u010detn\u011b:<\/p>\n<ul>\n<li><strong>Jedn\u00e1n\u00ed, kter\u00e9 vykazuje znaky trestn\u00e9ho \u010dinu.<\/strong><\/li>\n<\/ul>\n<p>M\u016f\u017ee j\u00edt nap\u0159\u00edklad o kr\u00e1de\u017ee, podvody, \u00faplatky, po\u0161kozov\u00e1n\u00ed \u017eivotn\u00edho prost\u0159ed\u00ed \u010di p\u0159\u00edpravu takov\u00fdch \u010din\u016f. Pokud m\u00e1te podez\u0159en\u00ed, \u017ee by mohlo j\u00edt o trestn\u00fd \u010din, doporu\u010dujeme jej ozn\u00e1mit.<\/p>\n<ul>\n<li><strong>P\u0159estupek, za kter\u00fd je stanovena horn\u00ed hranice pokuty 100 000 K\u010d \u010di v\u00edce.<\/strong><\/li>\n<\/ul>\n<p>P\u0159estupky jsou m\u00e9n\u011b z\u00e1va\u017en\u00e9 ne\u017e trestn\u00e9 \u010diny, ale pokud m\u00e1te pochybnosti, i takov\u00e9 jedn\u00e1n\u00ed rad\u011bji nahlaste.<\/p>\n<ul>\n<li><strong>Poru\u0161en\u00ed Z\u00e1kona o ochran\u011b oznamovatel\u016f.<\/strong><\/li>\n<\/ul>\n<p>Nap\u0159\u00edklad jste sv\u011bdky \u0161ikany zam\u011b\u0159en\u00e9 na osobu, kter\u00e1 u\u010dinila ozn\u00e1men\u00ed podle tohoto Z\u00e1kona o ochran\u011b oznamovatel\u016f.<\/p>\n<ul>\n<li><strong>Poru\u0161en\u00ed pr\u00e1vn\u00edch p\u0159edpis\u016f v oblasti finan\u010dn\u00edch slu\u017eeb, povinn\u00e9ho auditu nebo finan\u010dn\u00edch produkt\u016f a trh\u016f.<\/strong><\/li>\n<\/ul>\n<p>M\u00e1te-li podez\u0159en\u00ed na manipulaci \u00fa\u010detn\u00edch z\u00e1v\u011brek nebo zneu\u017eit\u00ed finan\u010dn\u00edch prost\u0159edk\u016f, nahlaste to.<\/p>\n<ul>\n<li><strong>Poru\u0161en\u00ed pr\u00e1vn\u00edch p\u0159edpis\u016f v\u00a0oblasti dan\u011b z\u00a0p\u0159\u00edjm\u016f pr\u00e1vnick\u00fdch osob, p\u0159edch\u00e1zen\u00ed legalizaci v\u00fdnos\u016f z\u00a0trestn\u00e9 \u010dinnosti a financov\u00e1n\u00ed terorismu, ochrany spot\u0159ebitele, bezpe\u010dnosti dopravy, p\u0159epravy a provozu na pozemn\u00edch komunikac\u00edch, ochrany \u017eivotn\u00edho prost\u0159ed\u00ed, bezpe\u010dnosti potravin a krmiv a ochrany zv\u00ed\u0159at a jejich zdrav\u00ed, radia\u010dn\u00ed ochrany a jadern\u00e9 bezpe\u010dnosti, hospod\u00e1\u0159sk\u00e9 sout\u011b\u017ee, ve\u0159ejn\u00fdch dra\u017eeb a zad\u00e1v\u00e1n\u00ed ve\u0159ejn\u00fdch zak\u00e1zek, ochrany vnit\u0159n\u00edho po\u0159\u00e1dku a bezpe\u010dnosti, \u017eivota a zdrav\u00ed.<\/strong><\/li>\n<\/ul>\n<p>Byli jste sv\u011bdky poru\u0161ov\u00e1n\u00ed povinnost\u00ed dle AML z\u00e1kona, ohlaste to.<\/p>\n<ul>\n<li><strong>Poru\u0161en\u00ed pr\u00e1vn\u00edch p\u0159edpis\u016f v\u00a0oblasti ochrany osobn\u00edch \u00fadaj\u016f, soukrom\u00ed a bezpe\u010dnosti s\u00edt\u00ed elektronick\u00fdch komunikac\u00ed a informa\u010dn\u00edch syst\u00e9m\u016f, ochrany finan\u010dn\u00edch z\u00e1jm\u016f Evropsk\u00e9 unie nebo fungov\u00e1n\u00ed vnit\u0159n\u00edho trhu v\u010detn\u011b ochrany hospod\u00e1\u0159sk\u00e9 sout\u011b\u017ee a st\u00e1tn\u00ed podpory podle pr\u00e1va Evropsk\u00e9 unie.<\/strong><\/li>\n<\/ul>\n<p>Nen\u00ed nutn\u00e9, aby do\u0161lo k dokon\u00e1n\u00ed v\u00fd\u0161e uveden\u00fdch \u010din\u016f, posta\u010d\u00ed, pokud m\u00e1te od\u016fvodn\u011bn\u00e9 podez\u0159en\u00ed na jejich p\u0159\u00edpravu \u010di mo\u017enost, \u017ee by mohly nastat. Ozn\u00e1men\u00ed by tak m\u011blo b\u00fdt podlo\u017eeno hodnov\u011brn\u00fdmi a ov\u011b\u0159iteln\u00fdmi fakty.<\/p>\n<p>Pokud byste \u010dinili ozn\u00e1men\u00ed o skute\u010dnostech, kter\u00e9 se t\u00fdkaj\u00ed bezpe\u010dnosti st\u00e1tu, takov\u00e9 ozn\u00e1men\u00ed nen\u00ed mo\u017en\u00e9 posuzovat podle tohoto Z\u00e1kona o ochran\u011b oznamovatel\u016f. Konkr\u00e9tn\u00ed v\u00fd\u010det vylou\u010den\u00fdch oblast\u00ed naleznete v \u00a7 3 odst. 3 Z\u00e1kona o ochran\u011b oznamovatel\u016f (zejm\u00e9na jde o bezpe\u010dnost\u00ed ot\u00e1zky, zpravodajsk\u00e9 slu\u017eby apod.). Pokud byste podali ozn\u00e1men\u00ed v\u00a0t\u011bchto oblastech, tak nepo\u017e\u00edv\u00e1te ochrany dle Z\u00e1kona o ochran\u011b oznamovatel\u016f.<\/p>\n<p><strong>3. Kdo se va\u0161\u00edm ozn\u00e1men\u00edm bude zab\u00fdvat?<\/strong><\/p>\n<p>Va\u0161e ozn\u00e1men\u00ed bude p\u0159ij\u00edmat n\u00e1\u0161 pov\u011b\u0159en\u00fd pracovn\u00edk, Mgr. Jan Ambro\u017e, LL.M., MBA (tel. +420\u00a0730\u00a0688 240, e-mail: <a href=\"mailto:oznameni@abpartners.cz\">oznameni@abpartners.cz<\/a>), kter\u00fd je v\u00e1z\u00e1n ml\u010denlivost\u00ed. Va\u0161i identitu bude chr\u00e1nit a v p\u0159\u00edpad\u011b anonymn\u00edho ozn\u00e1men\u00ed se nebude sna\u017eit zjistit va\u0161i toto\u017enost. Anonymn\u00ed ozn\u00e1men\u00ed budou \u0159e\u0161ena se stejnou vahou jako ozn\u00e1men\u00ed neanonymn\u00ed.<\/p>\n<p><strong>4. Jak ozn\u00e1men\u00ed podat?<\/strong><\/p>\n<p>Ozn\u00e1men\u00ed m\u016f\u017eete podat:<\/p>\n<ul>\n<li>E-mailem na adresu: <a href=\"mailto:oznameni@abpartners.cz\">oznameni@abpartners.cz<\/a>.<\/li>\n<li>Telefonicky na \u010d\u00edslo +420 730\u00a0688\u00a0240.<\/li>\n<li>Osobn\u011b po dohod\u011b na m\u00edst\u011b ur\u010den\u00e9m spole\u010dn\u011b s \u0159e\u0161itelem ozn\u00e1men\u00ed.<\/li>\n<li>Elektronicky prost\u0159ednictv\u00edm anonymn\u00edho prost\u0159ed\u00ed na n\u00e1sleduj\u00edc\u00ed adrese <a href=\"https:\/\/0vr44xr6d4t.typeform.com\/to\/t4PWxyN0\">https:\/\/0vr44xr6d4t.typeform.com\/to\/t4PWxyN0<\/a><\/li>\n<li>Elektronicky prost\u0159ednictv\u00edm anonymn\u00edho prost\u0159ed\u00ed na n\u00e1sleduj\u00edc\u00ed adrese v\u00a0intern\u00edm syst\u00e9mu Spole\u010dnosti pro veden\u00ed zam\u011bstnaneck\u00e9 agendy (pouze pro zam\u011bstnance Spole\u010dnosti)<\/li>\n<\/ul>\n<p><strong>5. Extern\u00ed oznamovac\u00ed mo\u017enosti<\/strong><\/p>\n<p>Vedle intern\u00edho postup je mo\u017en\u00e9 podat ozn\u00e1men\u00ed extern\u011b prost\u0159ednictv\u00edm oznamovac\u00edho syst\u00e9mu Ministerstva spravedlnosti (<a href=\"https:\/\/oznamovatel.justice.cz\/\">https:\/\/oznamovatel.justice.cz\/<\/a>) nebo v ur\u010dit\u00fdch p\u0159\u00edpadech i ve\u0159ejn\u011b (nap\u0159\u00edklad v\u00a0m\u00e9di\u00edch \u2013 jen v\u00a0p\u0159\u00edpadech vyjmenovan\u00fdch v \u00a7 7 odst. 1 p\u00edsm. c) Z\u00e1kona o ochran\u011b oznamovatel\u016f).<\/p>\n<p>Pokud se v\u0161ak ozn\u00e1men\u00ed t\u00fdk\u00e1 poru\u0161en\u00ed AML p\u0159edpis\u016f. Zejm\u00e9na AML z\u00e1kona, extern\u00ed ozn\u00e1men\u00ed by m\u011blo b\u00fdt pod\u00e1no Finan\u010dn\u00edmu analytick\u00e9mu \u00fa\u0159adu (<a href=\"https:\/\/fau.gov.cz\/kontakty\">https:\/\/fau.gov.cz\/kontakty<\/a>).<\/p>\n<p><strong>6. \u0158e\u0161en\u00ed ozn\u00e1men\u00ed<\/strong><\/p>\n<p>Do 7 dn\u016f v\u00e1m potvrd\u00edme p\u0159ijet\u00ed ozn\u00e1men\u00ed, leda\u017ee se jedn\u00e1 o anonymn\u00ed ozn\u00e1men\u00ed, p\u0159\u00edpadn\u011b jste po\u017e\u00e1dali o opomenut\u00ed tohoto kroku \u010di by vyrozum\u011bn\u00edm do\u0161lo k\u00a0prozrazen\u00ed Va\u0161\u00ed toto\u017enosti jin\u00e9 osob\u011b.<\/p>\n<p>Na z\u00e1klad\u011b V\u00e1mi poskytnut\u00fdch informac\u00ed provede pov\u011b\u0159en\u00e1 osoba \u0161et\u0159en\u00ed okolnost\u00ed t\u00fdkaj\u00edc\u00edch se ozn\u00e1men\u00e9ho jedn\u00e1n\u00ed v r\u00e1mci Spole\u010dnosti. N\u00e1sledn\u011b navrhne opat\u0159en\u00ed k zamezen\u00ed pokra\u010dov\u00e1n\u00ed takov\u00e9ho jedn\u00e1n\u00ed a k n\u00e1prav\u011b vznikl\u00e9ho stavu. Realizaci t\u011bchto opat\u0159en\u00ed pov\u011b\u0159en\u00e1 osoba rovn\u011b\u017e monitoruje a zaji\u0161\u0165uje jejich pln\u011bn\u00ed. Uji\u0161\u0165ujeme v\u00e1s, \u017ee Spole\u010dnost nep\u0159ijme v\u016f\u010di V\u00e1m \u017e\u00e1dn\u00e1 negativn\u00ed \u010di represivn\u00ed opat\u0159en\u00ed v souvislosti s pod\u00e1n\u00edm ozn\u00e1men\u00ed, jako je ukon\u010den\u00ed pracovn\u00edho pom\u011bru, sn\u00ed\u017een\u00ed mzdy, jin\u00e9 formy znev\u00fdhodn\u011bn\u00ed, ukon\u010den\u00ed spolupr\u00e1ce \u010di sn\u00ed\u017een\u00ed odm\u011bny. Tato opat\u0159en\u00ed nebudou uplatn\u011bna ani v\u016f\u010di tzv. bl\u00edzk\u00fdm osob\u00e1m.<\/p>\n<p>O v\u00fdsledku \u0161et\u0159en\u00ed V\u00e1s pov\u011b\u0159en\u00e1 osoba informuje nejpozd\u011bji do 30 dn\u016f od p\u0159ijet\u00ed ozn\u00e1men\u00ed, p\u0159i\u010dem\u017e v od\u016fvodn\u011bn\u00fdch p\u0159\u00edpadech m\u016f\u017ee b\u00fdt tato lh\u016fta prodlou\u017eena a\u017e o dal\u0161\u00edch 30 dn\u016f, a to maxim\u00e1ln\u011b dvakr\u00e1t. Jakmile budou p\u0159ijata p\u0159\u00edslu\u0161n\u00e1 opat\u0159en\u00ed, budete o tom bez zbyte\u010dn\u00e9ho odkladu informov\u00e1ni.<\/p>\n<p><strong>\u00a0<\/strong><\/p>\n<p><strong>7. D\u016fle\u017eit\u00e9 informace p\u0159ed pod\u00e1n\u00edm ozn\u00e1men\u00ed<\/strong><\/p>\n<p>Oznamovac\u00ed syst\u00e9m neslou\u017e\u00ed k\u00a0\u0159e\u0161en\u00ed osobn\u00edch spor\u016f. Je nezbytn\u00e9, aby v\u0161echna ozn\u00e1men\u00ed byla pravdiv\u00e1 a zalo\u017een\u00e1 na autentick\u00fdch skute\u010dnostech. Pod\u00e1n\u00ed v\u011bdom\u011b nepravdiv\u00e9ho ozn\u00e1men\u00ed V\u00e1m nezakl\u00e1d\u00e1 ochranu poskytovanou z\u00e1konem, a m\u016f\u017ee zalo\u017eit i Va\u0161\u00ed odpov\u011bdnost. M\u016f\u017ee doj\u00edt nap\u0159\u00edklad k ukon\u010den\u00ed pracovn\u00edho pom\u011bru nebo rozv\u00e1z\u00e1n\u00ed spolupr\u00e1ce, p\u0159i\u010dem\u017e budete rovn\u011b\u017e \u010delit n\u00e1sledk\u016fm ze strany Spole\u010dnosti, po\u0161kozen\u00fdch osob nebo org\u00e1n\u016f ve\u0159ejn\u00e9 moci.<\/p>\n<p>P\u0159i pod\u00e1n\u00ed ozn\u00e1men\u00ed je nutn\u00e9 db\u00e1t na to, abyste se nedopustili jedn\u00e1n\u00ed, kter\u00e9 by mohlo naplnit skutkovou podstatu trestn\u00e9ho \u010dinu, jako je nap\u0159\u00edklad poru\u0161en\u00ed listovn\u00edho tajemstv\u00ed nebo neopr\u00e1vn\u011bn\u00fd p\u0159\u00edstup do informa\u010dn\u00edho syst\u00e9mu.<\/p>\n<\/div><\/div><\/div><\/div><\/div>","protected":false},"excerpt":{"rendered":"","protected":false},"author":17,"featured_media":0,"parent":0,"menu_order":0,"comment_status":"closed","ping_status":"closed","template":"","meta":{"_acf_changed":false,"rs_blank_template":"","rs_page_bg_color":"","slide_template_v7":"","footnotes":""},"class_list":["post-4595","page","type-page","status-publish","hentry"],"acf":[],"yoast_head":"<!-- This site is optimized with the Yoast SEO plugin v27.4 - https:\/\/yoast.com\/product\/yoast-seo-wordpress\/ -->\n<title>Vnit\u0159n\u00ed oznamovac\u00ed syst\u00e9m (whistleblowing) - AB PARTNERS advok\u00e1ti<\/title>\n<meta name=\"robots\" content=\"index, follow, max-snippet:-1, max-image-preview:large, max-video-preview:-1\" \/>\n<link rel=\"canonical\" href=\"https:\/\/www.abpartners.cz\/sk\/oznamovaci-system\/\" \/>\n<meta property=\"og:locale\" content=\"sk_SK\" \/>\n<meta property=\"og:type\" content=\"article\" \/>\n<meta property=\"og:title\" content=\"Vnit\u0159n\u00ed oznamovac\u00ed syst\u00e9m (whistleblowing) - AB PARTNERS advok\u00e1ti\" \/>\n<meta property=\"og:url\" content=\"https:\/\/www.abpartners.cz\/sk\/oznamovaci-system\/\" \/>\n<meta property=\"og:site_name\" content=\"AB PARTNERS advok\u00e1ti\" \/>\n<meta property=\"article:publisher\" content=\"https:\/\/www.facebook.com\/abpartners.cz\/\" \/>\n<meta property=\"article:modified_time\" content=\"2025-09-29T07:49:06+00:00\" \/>\n<meta name=\"twitter:card\" content=\"summary_large_image\" \/>\n<meta name=\"twitter:site\" content=\"@ABPartners_cz\" \/>\n<meta name=\"twitter:label1\" content=\"Predpokladan\u00fd \u010das \u010d\u00edtania\" \/>\n\t<meta name=\"twitter:data1\" content=\"5 min\u00fat\" \/>\n<script type=\"application\/ld+json\" class=\"yoast-schema-graph\">{\"@context\":\"https:\\\/\\\/schema.org\",\"@graph\":[{\"@type\":\"WebPage\",\"@id\":\"https:\\\/\\\/www.abpartners.cz\\\/oznamovaci-system\\\/\",\"url\":\"https:\\\/\\\/www.abpartners.cz\\\/oznamovaci-system\\\/\",\"name\":\"Vnit\u0159n\u00ed oznamovac\u00ed syst\u00e9m (whistleblowing) - AB PARTNERS advok\u00e1ti\",\"isPartOf\":{\"@id\":\"https:\\\/\\\/www.abpartners.cz\\\/#website\"},\"datePublished\":\"2025-02-20T08:55:36+00:00\",\"dateModified\":\"2025-09-29T07:49:06+00:00\",\"breadcrumb\":{\"@id\":\"https:\\\/\\\/www.abpartners.cz\\\/oznamovaci-system\\\/#breadcrumb\"},\"inLanguage\":\"sk-SK\",\"potentialAction\":[{\"@type\":\"ReadAction\",\"target\":[\"https:\\\/\\\/www.abpartners.cz\\\/oznamovaci-system\\\/\"]}]},{\"@type\":\"BreadcrumbList\",\"@id\":\"https:\\\/\\\/www.abpartners.cz\\\/oznamovaci-system\\\/#breadcrumb\",\"itemListElement\":[{\"@type\":\"ListItem\",\"position\":1,\"name\":\"Dom\u016f\",\"item\":\"https:\\\/\\\/www.abpartners.cz\\\/\"},{\"@type\":\"ListItem\",\"position\":2,\"name\":\"Vnit\u0159n\u00ed oznamovac\u00ed syst\u00e9m (whistleblowing)\"}]},{\"@type\":\"WebSite\",\"@id\":\"https:\\\/\\\/www.abpartners.cz\\\/#website\",\"url\":\"https:\\\/\\\/www.abpartners.cz\\\/\",\"name\":\"AB PARTNERS advok\u00e1ti\",\"description\":\"AB PARTNERS advok\u00e1ti\",\"publisher\":{\"@id\":\"https:\\\/\\\/www.abpartners.cz\\\/#organization\"},\"potentialAction\":[{\"@type\":\"SearchAction\",\"target\":{\"@type\":\"EntryPoint\",\"urlTemplate\":\"https:\\\/\\\/www.abpartners.cz\\\/?s={search_term_string}\"},\"query-input\":{\"@type\":\"PropertyValueSpecification\",\"valueRequired\":true,\"valueName\":\"search_term_string\"}}],\"inLanguage\":\"sk-SK\"},{\"@type\":\"Organization\",\"@id\":\"https:\\\/\\\/www.abpartners.cz\\\/#organization\",\"name\":\"AB PARTNERS advok\u00e1ti\",\"url\":\"https:\\\/\\\/www.abpartners.cz\\\/\",\"logo\":{\"@type\":\"ImageObject\",\"inLanguage\":\"sk-SK\",\"@id\":\"https:\\\/\\\/www.abpartners.cz\\\/#\\\/schema\\\/logo\\\/image\\\/\",\"url\":\"https:\\\/\\\/www.abpartners.cz\\\/wp-content\\\/uploads\\\/2021\\\/01\\\/abpartners_regular_rgb_dark.png\",\"contentUrl\":\"https:\\\/\\\/www.abpartners.cz\\\/wp-content\\\/uploads\\\/2021\\\/01\\\/abpartners_regular_rgb_dark.png\",\"width\":1240,\"height\":236,\"caption\":\"AB PARTNERS advok\u00e1ti\"},\"image\":{\"@id\":\"https:\\\/\\\/www.abpartners.cz\\\/#\\\/schema\\\/logo\\\/image\\\/\"},\"sameAs\":[\"https:\\\/\\\/www.facebook.com\\\/abpartners.cz\\\/\",\"https:\\\/\\\/x.com\\\/ABPartners_cz\",\"https:\\\/\\\/www.linkedin.com\\\/company\\\/abpartners\\\/\",\"https:\\\/\\\/www.instagram.com\\\/abpartners.cz\\\/\"]}]}<\/script>\n<!-- \/ Yoast SEO plugin. -->","yoast_head_json":{"title":"Vnit\u0159n\u00ed oznamovac\u00ed syst\u00e9m (whistleblowing) - AB PARTNERS advok\u00e1ti","robots":{"index":"index","follow":"follow","max-snippet":"max-snippet:-1","max-image-preview":"max-image-preview:large","max-video-preview":"max-video-preview:-1"},"canonical":"https:\/\/www.abpartners.cz\/sk\/oznamovaci-system\/","og_locale":"sk_SK","og_type":"article","og_title":"Vnit\u0159n\u00ed oznamovac\u00ed syst\u00e9m (whistleblowing) - AB PARTNERS advok\u00e1ti","og_url":"https:\/\/www.abpartners.cz\/sk\/oznamovaci-system\/","og_site_name":"AB PARTNERS advok\u00e1ti","article_publisher":"https:\/\/www.facebook.com\/abpartners.cz\/","article_modified_time":"2025-09-29T07:49:06+00:00","twitter_card":"summary_large_image","twitter_site":"@ABPartners_cz","twitter_misc":{"Predpokladan\u00fd \u010das \u010d\u00edtania":"5 min\u00fat"},"schema":{"@context":"https:\/\/schema.org","@graph":[{"@type":"WebPage","@id":"https:\/\/www.abpartners.cz\/oznamovaci-system\/","url":"https:\/\/www.abpartners.cz\/oznamovaci-system\/","name":"Vnit\u0159n\u00ed oznamovac\u00ed syst\u00e9m (whistleblowing) - AB PARTNERS advok\u00e1ti","isPartOf":{"@id":"https:\/\/www.abpartners.cz\/#website"},"datePublished":"2025-02-20T08:55:36+00:00","dateModified":"2025-09-29T07:49:06+00:00","breadcrumb":{"@id":"https:\/\/www.abpartners.cz\/oznamovaci-system\/#breadcrumb"},"inLanguage":"sk-SK","potentialAction":[{"@type":"ReadAction","target":["https:\/\/www.abpartners.cz\/oznamovaci-system\/"]}]},{"@type":"BreadcrumbList","@id":"https:\/\/www.abpartners.cz\/oznamovaci-system\/#breadcrumb","itemListElement":[{"@type":"ListItem","position":1,"name":"Dom\u016f","item":"https:\/\/www.abpartners.cz\/"},{"@type":"ListItem","position":2,"name":"Vnit\u0159n\u00ed oznamovac\u00ed syst\u00e9m (whistleblowing)"}]},{"@type":"WebSite","@id":"https:\/\/www.abpartners.cz\/#website","url":"https:\/\/www.abpartners.cz\/","name":"AB PARTNERS advok\u00e1ti","description":"AB PARTNERS advok\u00e1ti","publisher":{"@id":"https:\/\/www.abpartners.cz\/#organization"},"potentialAction":[{"@type":"SearchAction","target":{"@type":"EntryPoint","urlTemplate":"https:\/\/www.abpartners.cz\/?s={search_term_string}"},"query-input":{"@type":"PropertyValueSpecification","valueRequired":true,"valueName":"search_term_string"}}],"inLanguage":"sk-SK"},{"@type":"Organization","@id":"https:\/\/www.abpartners.cz\/#organization","name":"AB PARTNERS advok\u00e1ti","url":"https:\/\/www.abpartners.cz\/","logo":{"@type":"ImageObject","inLanguage":"sk-SK","@id":"https:\/\/www.abpartners.cz\/#\/schema\/logo\/image\/","url":"https:\/\/www.abpartners.cz\/wp-content\/uploads\/2021\/01\/abpartners_regular_rgb_dark.png","contentUrl":"https:\/\/www.abpartners.cz\/wp-content\/uploads\/2021\/01\/abpartners_regular_rgb_dark.png","width":1240,"height":236,"caption":"AB PARTNERS advok\u00e1ti"},"image":{"@id":"https:\/\/www.abpartners.cz\/#\/schema\/logo\/image\/"},"sameAs":["https:\/\/www.facebook.com\/abpartners.cz\/","https:\/\/x.com\/ABPartners_cz","https:\/\/www.linkedin.com\/company\/abpartners\/","https:\/\/www.instagram.com\/abpartners.cz\/"]}]}},"_links":{"self":[{"href":"https:\/\/www.abpartners.cz\/sk\/wp-json\/wp\/v2\/pages\/4595","targetHints":{"allow":["GET"]}}],"collection":[{"href":"https:\/\/www.abpartners.cz\/sk\/wp-json\/wp\/v2\/pages"}],"about":[{"href":"https:\/\/www.abpartners.cz\/sk\/wp-json\/wp\/v2\/types\/page"}],"author":[{"embeddable":true,"href":"https:\/\/www.abpartners.cz\/sk\/wp-json\/wp\/v2\/users\/17"}],"replies":[{"embeddable":true,"href":"https:\/\/www.abpartners.cz\/sk\/wp-json\/wp\/v2\/comments?post=4595"}],"version-history":[{"count":0,"href":"https:\/\/www.abpartners.cz\/sk\/wp-json\/wp\/v2\/pages\/4595\/revisions"}],"wp:attachment":[{"href":"https:\/\/www.abpartners.cz\/sk\/wp-json\/wp\/v2\/media?parent=4595"}],"curies":[{"name":"wp","href":"https:\/\/api.w.org\/{rel}","templated":true}]}}