{"id":2384,"date":"2021-01-19T19:43:23","date_gmt":"2021-01-19T18:43:23","guid":{"rendered":"https:\/\/www.abpartners.cz\/?page_id=2384"},"modified":"2025-10-16T11:40:18","modified_gmt":"2025-10-16T09:40:18","slug":"podminky-pouzivani","status":"publish","type":"page","link":"https:\/\/www.abpartners.cz\/sk\/podminky-pouzivani\/","title":{"rendered":"Podmienky pou\u017e\u00edvania webovej str\u00e1nky ABpartners.cz"},"content":{"rendered":"<div class=\"fusion-fullwidth fullwidth-box fusion-builder-row-1 fusion-flex-container nonhundred-percent-fullwidth non-hundred-percent-height-scrolling\" style=\"--awb-border-radius-top-left:0px;--awb-border-radius-top-right:0px;--awb-border-radius-bottom-right:0px;--awb-border-radius-bottom-left:0px;--awb-flex-wrap:wrap;\" ><div class=\"fusion-builder-row fusion-row fusion-flex-align-items-center fusion-flex-justify-content-center fusion-flex-content-wrap\" style=\"max-width:1248px;margin-left: calc(-4% \/ 2 );margin-right: calc(-4% \/ 2 );\"><div class=\"fusion-layout-column fusion_builder_column fusion-builder-column-0 fusion_builder_column_1_1 1_1 fusion-flex-column\" style=\"--awb-bg-size:cover;--awb-width-large:100%;--awb-margin-top-large:0px;--awb-spacing-right-large:1.92%;--awb-margin-bottom-large:0px;--awb-spacing-left-large:1.92%;--awb-width-medium:100%;--awb-spacing-right-medium:1.92%;--awb-spacing-left-medium:1.92%;--awb-width-small:100%;--awb-spacing-right-small:1.92%;--awb-spacing-left-small:1.92%;\"><div class=\"fusion-column-wrapper fusion-flex-justify-content-flex-start fusion-content-layout-column\"><div class=\"fusion-text fusion-text-1\"><p>AB PARTNERS advok\u00e1tska kancel\u00e1ria s.r.o., I\u010cO <span class=\"nowrap\">07673418, ID: CZ07673418, <\/span>se s\u00eddlem Ot\u00fdlie Ben\u00ed\u0161kov\u00e9 14, 301 00 Plze\u0148 (d\u00e1le jen \u201e<strong>Advok\u00e1tska kancel\u00e1ria<\/strong>\") je advok\u00e1tska kancel\u00e1ria p\u00f4sobiaca pod\u013ea z\u00e1kona o advok\u00e1cii.<\/p>\n<h3>Predlo\u017een\u00e9 inform\u00e1cie<\/h3>\n<p>Webov\u00e9 str\u00e1nky ABpartners.cz (\u010falej len \"<strong>Webov\u00e1 lokalita<\/strong>\") sa pou\u017e\u00edva na prezent\u00e1ciu advok\u00e1tskej kancel\u00e1rie a jej slu\u017eieb.<\/p>\n<p>Na webovej str\u00e1nke sa tie\u017e nach\u00e1dzaj\u00fa informat\u00edvne \u010dl\u00e1nky Kancel\u00e1rie alebo tret\u00edch str\u00e1n o vybran\u00fdch legislat\u00edvnych zmen\u00e1ch, judikat\u00fare a pr\u00e1vnych ot\u00e1zkach. Takto prezentovan\u00e9 inform\u00e1cie maj\u00fa len informat\u00edvny charakter a nepredstavuj\u00fa \u00fapln\u00fd preh\u013ead zmien v legislat\u00edve, judikat\u00fare alebo pr\u00e1vnej praxi.<\/p>\n<p>Upozor\u0148ujeme, \u017ee bez oh\u013eadu na to, ako pou\u017e\u00edvate webov\u00e9 s\u00eddlo, mus\u00edte dodr\u017eiava\u0165 nasleduj\u00face pravidl\u00e1, ktor\u00e9 definuj\u00fa a \u0161pecifikuj\u00fa podmienky pou\u017e\u00edvania v\u0161etk\u00fdch funk\u010dn\u00fdch s\u00fa\u010dast\u00ed webov\u00e9ho s\u00eddla.<\/p>\n<p>Inform\u00e1cie uveden\u00e9 na webovej str\u00e1nke maj\u00fa len informat\u00edvny charakter a nie s\u00fa n\u00e1vrhom na uzavretie zmluvy, dohody alebo dojednania ak\u00e9hoko\u013evek druhu. Ak\u00e1ko\u013evek zmluva, dohoda alebo dojednanie m\u00f4\u017eu by\u0165 uzavret\u00e9 len p\u00edsomne a Kancel\u00e1ria vylu\u010duje uzavretie akejko\u013evek zmluvy, dohody alebo dojednania v inej ako p\u00edsomnej forme.<\/p>\n<h3>Zrieknutie sa zodpovednosti (okrem LegalShop)<\/h3>\n<p>Advok\u00e1tska kancel\u00e1ria vynaklad\u00e1 maxim\u00e1lne \u00fasilie na to, aby prezentovan\u00e9 inform\u00e1cie boli pre n\u00e1v\u0161tevn\u00edkov pr\u00ednosom. Advok\u00e1tska kancel\u00e1ria v\u0161ak nezaru\u010duje presnos\u0165, \u00faplnos\u0165 ani aktu\u00e1lnos\u0165 t\u00fdchto inform\u00e1ci\u00ed. Inform\u00e1cie uveden\u00e9 na tejto webovej lokalite nie s\u00fa ur\u010den\u00e9 ako pr\u00e1vne poradenstvo a nemali by sa ako tak\u00e9 pou\u017e\u00edva\u0165; ich cie\u013eom je upozorni\u0165 na ur\u010dit\u00e9 vybran\u00e9 pr\u00e1vne ot\u00e1zky, nie poskytn\u00fa\u0165 komplexn\u00fd pr\u00e1vny n\u00e1zor alebo vy\u010derp\u00e1vaj\u00facu anal\u00fdzu. Advok\u00e1tska kancel\u00e1ria nezodpoved\u00e1 za aplik\u00e1ciu z\u00e1verov alebo skuto\u010dnost\u00ed uveden\u00fdch na webovej str\u00e1nke na ak\u00fdko\u013evek pr\u00e1vny pr\u00edpad. Ak potrebujete podrobnej\u0161ie inform\u00e1cie alebo n\u00e1sledn\u00e9 poradenstvo v s\u00favislosti s ot\u00e1zkami uveden\u00fdmi na tejto webovej str\u00e1nke, odpor\u00fa\u010dame v\u00e1m pou\u017ei\u0165 kontaktn\u00fd formul\u00e1r.<\/p>\n<p>Advok\u00e1tska kancel\u00e1ria nenesie \u017eiadnu zodpovednos\u0165 za chyby alebo opomenutia v obsahu tejto webovej str\u00e1nky a \u010falej sa zrieka akejko\u013evek zodpovednosti za \u0161kody sp\u00f4soben\u00e9 v s\u00favislosti s pou\u017e\u00edvan\u00edm tejto webovej str\u00e1nky. Toto obmedzenie zodpovednosti sa vz\u0165ahuje na v\u0161etky \u0161kody ak\u00e9hoko\u013evek druhu. Advok\u00e1tska kancel\u00e1ria si vyhradzuje pr\u00e1vo kedyko\u013evek zmeni\u0165 zverejnen\u00e9 inform\u00e1cie bez predch\u00e1dzaj\u00faceho upozornenia.<\/p>\n<p>Upozor\u0148ujeme, \u017ee kliknut\u00edm na ur\u010dit\u00e9 odkazy na webovej lokalite m\u00f4\u017eete opusti\u0165 webov\u00fa lokalitu a by\u0165 presmerovan\u00ed na webov\u00e9 lokality tret\u00edch str\u00e1n.<\/p>\n<p>Odkazy na in\u00e9 webov\u00e9 str\u00e1nky sa tu uv\u00e1dzaj\u00fa len pre pohodlie a neznamenaj\u00fa \u017eiadnu zodpovednos\u0165 za inform\u00e1cie obsiahnut\u00e9 na in\u00fdch webov\u00fdch str\u00e1nkach alebo podporu ich obsahu zo strany advok\u00e1tskej kancel\u00e1rie. Advok\u00e1tska kancel\u00e1ria neposkytuje \u017eiadne vyhl\u00e1senia ani z\u00e1ruky, v\u00fdslovn\u00e9 ani implicitn\u00e9, pokia\u013e ide o presnos\u0165, dostupnos\u0165, spo\u013eahlivos\u0165 alebo obsah tak\u00fdchto inform\u00e1ci\u00ed, textov, grafiky alebo odkazov. Advok\u00e1tska kancel\u00e1ria nevykonala testovanie webov\u00fdch str\u00e1nok tret\u00edch str\u00e1n a neposkytuje \u017eiadne z\u00e1ruky t\u00fdkaj\u00face sa kvality, bezpe\u010dnosti alebo spo\u013eahlivosti tak\u00fdchto str\u00e1nok.<\/p>\n<h3>Pou\u017e\u00edvanie webovej str\u00e1nky<\/h3>\n<p>Advok\u00e1tn\u00ed kancel\u00e1\u0159 nenese odpov\u011bdnost za chyby vznikl\u00e9 v d\u016fsledku z\u00e1sah\u016f t\u0159et\u00edch osob do Webov\u00fdch str\u00e1nek nebo v d\u016fsledku jeho u\u017eit\u00ed v rozporu s jeho ur\u010den\u00edm. P\u0159i vyu\u017e\u00edv\u00e1n\u00ed Webov\u00fdch str\u00e1nek nesm\u00edte pou\u017e\u00edvat mechanismy, programov\u00e9 vybaven\u00ed, skripty nebo jin\u00e9 postupy, kter\u00e9 by mohly m\u00edt negativn\u00ed vliv na jeho provoz, tj. p\u0159edev\u0161\u00edm naru\u0161it funkci syst\u00e9mu nebo nep\u0159im\u011b\u0159en\u011b zat\u011b\u017eovat syst\u00e9m, a d\u00e1le nesm\u00edte vykon\u00e1vat \u017e\u00e1dnou \u010dinnost, kter\u00e1 by mohla V\u00e1m nebo t\u0159et\u00edm osob\u00e1m umo\u017enit neopr\u00e1vn\u011bn\u011b zasahovat \u010di neopr\u00e1vn\u011bn\u011b u\u017e\u00edt programov\u00e9 vybaven\u00ed nebo dal\u0161\u00ed sou\u010d\u00e1sti tvo\u0159\u00edc\u00ed Webov\u00e9 str\u00e1nky a u\u017e\u00edvat Webov\u00e9 str\u00e1nky nebo jeho \u010d\u00e1sti \u010di softwarov\u00e9 vybaven\u00ed takov\u00fdm zp\u016fsobem, kter\u00fd by byl v rozporu s jeho ur\u010den\u00edm \u010di \u00fa\u010delem.<\/p>\n<p>Advok\u00e1tska kancel\u00e1ria nem\u00f4\u017ee zaru\u010di\u0165 nepretr\u017eit\u00fd pr\u00edstup na webov\u00fa str\u00e1nku alebo integritu a bezpe\u010dnos\u0165 webovej str\u00e1nky. Advok\u00e1tska kancel\u00e1ria nezodpoved\u00e1 za \u017eiadne \u0161kody sp\u00f4soben\u00e9 pr\u00edstupom na Webov\u00fa lokalitu a jej pou\u017e\u00edvan\u00edm, vr\u00e1tane \u0161k\u00f4d sp\u00f4soben\u00fdch stiahnut\u00edm \u00fadajov uverejnen\u00fdch na Webovej lokalite, \u0161k\u00f4d sp\u00f4soben\u00fdch preru\u0161en\u00edm prev\u00e1dzky, nefunk\u010dnos\u0165ou Webovej lokality, po\u010d\u00edta\u010dov\u00fdmi v\u00edrusmi, \u0161k\u00f4d sp\u00f4soben\u00fdch stratou \u00fadajov, zisku alebo neopr\u00e1vnen\u00fdm pr\u00edstupom k prenosom a \u00fadajom.<\/p>\n<p>Pokud se p\u0159i u\u017e\u00edv\u00e1n\u00ed Webov\u00fdch str\u00e1nek dopust\u00edte jak\u00e9hokoliv nez\u00e1konn\u00e9ho \u010di neetick\u00e9ho jedn\u00e1n\u00ed, je Advok\u00e1tn\u00ed kancel\u00e1\u0159 opr\u00e1vn\u011bna omezit, pozastavit nebo ukon\u010dit V\u00e1\u0161 p\u0159\u00edstup na Webov\u00e9 str\u00e1nky, a to bez jak\u00e9koli n\u00e1hrady. V tomto p\u0159\u00edpad\u011b jste d\u00e1le povinni uhradit Advok\u00e1tn\u00ed kancel\u00e1\u0159i \u0161kodu, kter\u00e1 Va\u0161\u00edm jedn\u00e1n\u00edm dle tohoto odstavce prokazateln\u011b vznikla, a to v pln\u00e9 v\u00fd\u0161i.<\/p>\n<h3>Ochrana autorsk\u00fdch pr\u00e1v<\/h3>\n<p>Obsah Webovej str\u00e1nky, vr\u00e1tane, ale nielen, v\u0161etk\u00fdch dokumentov, s\u00faborov, grafiky, zariaden\u00ed, k\u00f3du, softv\u00e9ru Webovej str\u00e1nky a celkov\u00e9ho vzh\u013eadu Webovej str\u00e1nky podlieha autorsk\u00fdm pr\u00e1vam Advok\u00e1tskej kancel\u00e1rie, jej \u010dlenov, zamestnancov, pokia\u013e nie je v\u00fdslovne uveden\u00e9 inak. Webov\u00e1 str\u00e1nka m\u00f4\u017ee obsahova\u0165 aj autorsk\u00e9 diela tret\u00edch str\u00e1n, ktor\u00e9 s\u00fa v\u017edy zverejnen\u00e9 v s\u00falade s podmienkami stanoven\u00fdmi na z\u00e1klade vz\u00e1jomnej dohody str\u00e1n alebo s\u00fahlasu osoby, ktor\u00e1 je dr\u017eite\u013eom autorsk\u00fdch pr\u00e1v k tak\u00fdmto autorsk\u00fdm dielam. V\u0161etky pr\u00e1va s\u00fa vyhraden\u00e9, pokia\u013e nie je v\u00fdslovne uveden\u00e9 inak.<\/p>\n<p>Jak\u00fdmkoliv nepovolen\u00fdm z\u00e1sahem do Webov\u00fdch str\u00e1nek \u010di jej\u00edch \u010d\u00e1st\u00ed nebo jejich nepovolen\u00fdm u\u017eit\u00edm, m\u016f\u017ee doj\u00edt k poru\u0161en\u00ed autorsk\u00fdch \u010di autorsk\u00fdm pr\u00e1v\u016fm p\u0159\u00edbuzn\u00fdch pr\u00e1v t\u0159et\u00edch osob nebo Advok\u00e1tn\u00ed kancel\u00e1\u0159e. P\u0159i povolen\u00e9m u\u017eit\u00ed obsahu uveden\u00fdch na t\u011bchto Webov\u00fdch str\u00e1nk\u00e1ch, tj. po p\u0159edchoz\u00ed dohod\u011b s Advok\u00e1tn\u00ed kancel\u00e1\u0159\u00ed, je nutn\u00e9 uv\u00e9st Advok\u00e1tn\u00ed kancel\u00e1\u0159 jako autora obsahu spolu s uveden\u00edm hypertextov\u00e9ho odkazu na Webov\u00e9 str\u00e1nky, nen\u00ed-li dohodnuto jinak.<\/p>\n<p>P\u0159i nerespektov\u00e1n\u00ed v\u00fd\u0161e popsan\u00e9ho z\u00e1kazu bude Advok\u00e1tn\u00ed kancel\u00e1\u0159 postupovat v souladu se z\u00e1konem \u010d. 121\/2000 Sb., autorsk\u00fd z\u00e1kon, ve zn\u011bn\u00ed pozd\u011bj\u0161\u00edch p\u0159edpis\u016f. Advok\u00e1tn\u00ed kancel\u00e1\u0159 jako dr\u017eitel autorsk\u00fdch pr\u00e1v m\u00e1 zejm\u00e9na pr\u00e1vo dom\u00e1hat se, aby bylo od z\u00e1sah\u016f do autorsk\u00fdch pr\u00e1v upu\u0161t\u011bno, a po\u017eadovat sta\u017een\u00ed neopr\u00e1vn\u011bn\u00fdch kopi\u00ed chr\u00e1n\u011bn\u00e9ho obsahu. D\u00e1le m\u00e1 pr\u00e1vo po\u017eadovat p\u0159im\u011b\u0159en\u00e9 zadostiu\u010din\u011bn\u00ed za zp\u016fsobenou \u00fajmu.<\/p>\n<h3>Ochrana osobn\u00fdch \u00fadajov<\/h3>\n<p>P\u0159i pou\u017e\u00edv\u00e1n\u00ed Webov\u00fdch str\u00e1nek poskytujete Advok\u00e1tn\u00ed kancel\u00e1\u0159i n\u011bkter\u00e9 Va\u0161e osobn\u00ed \u00fadaje. D\u00e1le p\u0159i u\u017e\u00edv\u00e1n\u00ed Webov\u00fdch str\u00e1nek doch\u00e1z\u00ed k z\u00edsk\u00e1v\u00e1n\u00ed, uchov\u00e1v\u00e1n\u00ed a zpracov\u00e1v\u00e1n\u00ed dal\u0161\u00edch \u00fadaj\u016f, k nim\u017e m\u00e1 Advok\u00e1tn\u00ed kancel\u00e1\u0159 p\u0159\u00edstup. Zad\u00e1n\u00edm osobn\u00edch \u00fadaj\u016f a u\u017e\u00edv\u00e1n\u00edm Webov\u00fdch str\u00e1nek souhlas\u00edte se zpracov\u00e1v\u00e1n\u00edm a shroma\u017e\u010fov\u00e1n\u00edm sv\u00fdch osobn\u00edch \u00fadaj\u016f v d\u00e1le uveden\u00e9m rozsahu a k d\u00e1le uveden\u00fdm \u00fa\u010del\u016fm, a to a\u017e do doby vyj\u00e1d\u0159en\u00ed nesouhlasu s takov\u00fdm zpracov\u00e1n\u00edm.<\/p>\n<p>Advok\u00e1tn\u00ed kancel\u00e1\u0159 p\u0159i nakl\u00e1d\u00e1n\u00ed s osobn\u00edmi \u00fadaji postupuje v souladu s pr\u00e1vn\u00edm \u0159\u00e1dem \u010cesk\u00e9 republiky.<\/p>\n<h4><strong>Osobn\u00e9 \u00fadaje<\/strong><\/h4>\n<p>Podrobn\u00e9 inform\u00e1cie o spracovan\u00ed va\u0161ich osobn\u00fdch \u00fadajov n\u00e1jdete v \"Inform\u00e1ci\u00e1ch o spracovan\u00ed osobn\u00fdch \u00fadajov\", ktor\u00e9 s\u00fa k dispoz\u00edcii na <a href=\"https:\/\/www.abpartners.cz\/sk\/legalshop\/gdpr-smlouvy\/\" target=\"_blank\" rel=\"noopener noreferrer\">https:\/\/www.abpartners.cz\/legalshop\/gdpr-smlouvy<\/a> a v na\u0161ich \"Z\u00e1sad\u00e1ch ochrany osobn\u00fdch \u00fadajov\", ktor\u00e9 s\u00fa k dispoz\u00edcii na <a href=\"https:\/\/www.abpartners.cz\/sk\/gdpr\/\" target=\"_blank\" rel=\"noopener noreferrer\">https:\/\/www.abpartners.cz\/gdpr<\/a>.<\/p>\n<h4><strong>Cookies<\/strong><\/h4>\n<p>Webov\u00e1 str\u00e1nka pou\u017e\u00edva na svoju prev\u00e1dzku takzvan\u00e9 \"cookies\". Webov\u00e1 str\u00e1nka vyu\u017e\u00edva aj slu\u017ebu Google Analytics a pr\u00edpadne \u010fal\u0161ie slu\u017eby poskytovan\u00e9 spolo\u010dnos\u0165ou Google, Inc., ako aj marketingov\u00e9 slu\u017eby spolo\u010dnosti Facebook Inc. K pou\u017e\u00edvaniu s\u00faborov cookie doch\u00e1dza aj v s\u00favislosti s pou\u017e\u00edvan\u00edm t\u00fdchto slu\u017eieb.<\/p>\n<p>Poskytnut\u00edm s\u00fahlasu na webovej str\u00e1nke s\u00fahlas\u00edte s pou\u017e\u00edvan\u00edm s\u00faborov cookie a so spracovan\u00edm \u00fadajov o v\u00e1s advok\u00e1tskou kancel\u00e1riou, spolo\u010dnos\u0165ami Google, Inc., Facebook Inc. a \u010fal\u0161\u00edmi spolo\u010dnos\u0165ami, ktor\u00fdch slu\u017eby zabezpe\u010duj\u00fa spo\u013eahliv\u00fa prev\u00e1dzku webovej str\u00e1nky (Yoast BV at\u010f.).<\/p>\n<p>Pou\u017e\u00edvanie s\u00faborov cookie m\u00f4\u017eete odmietnu\u0165 v\u00fdberom pr\u00edslu\u0161n\u00fdch nastaven\u00ed vo svojom internetovom prehliada\u010di. Upozor\u0148ujeme, \u017ee ak odmietnete pou\u017e\u00edvanie s\u00faborov cookie, je mo\u017en\u00e9, \u017ee nebudete m\u00f4c\u0165 vyu\u017e\u00edva\u0165 v\u0161etky funkcie webovej lokality.<\/p>\n<\/div><\/div><\/div><\/div><\/div>","protected":false},"excerpt":{"rendered":"","protected":false},"author":1,"featured_media":0,"parent":0,"menu_order":0,"comment_status":"closed","ping_status":"closed","template":"","meta":{"_acf_changed":false,"rs_blank_template":"","rs_page_bg_color":"","slide_template_v7":"","footnotes":""},"class_list":["post-2384","page","type-page","status-publish","hentry"],"acf":[],"yoast_head":"<!-- This site is optimized with the Yoast SEO plugin v27.4 - https:\/\/yoast.com\/product\/yoast-seo-wordpress\/ -->\n<title>Podm\u00ednky pou\u017e\u00edv\u00e1n\u00ed webu ABpartners.cz - AB PARTNERS advok\u00e1ti<\/title>\n<meta name=\"robots\" content=\"index, follow, max-snippet:-1, max-image-preview:large, max-video-preview:-1\" \/>\n<link rel=\"canonical\" href=\"https:\/\/www.abpartners.cz\/sk\/podminky-pouzivani\/\" \/>\n<meta property=\"og:locale\" content=\"sk_SK\" \/>\n<meta property=\"og:type\" content=\"article\" \/>\n<meta property=\"og:title\" content=\"Podm\u00ednky pou\u017e\u00edv\u00e1n\u00ed webu ABpartners.cz - AB PARTNERS advok\u00e1ti\" \/>\n<meta property=\"og:url\" content=\"https:\/\/www.abpartners.cz\/sk\/podminky-pouzivani\/\" \/>\n<meta property=\"og:site_name\" content=\"AB PARTNERS advok\u00e1ti\" \/>\n<meta property=\"article:publisher\" content=\"https:\/\/www.facebook.com\/abpartners.cz\/\" \/>\n<meta property=\"article:modified_time\" content=\"2025-10-16T09:40:18+00:00\" \/>\n<meta name=\"twitter:card\" content=\"summary_large_image\" \/>\n<meta name=\"twitter:site\" content=\"@ABPartners_cz\" \/>\n<meta name=\"twitter:label1\" content=\"Predpokladan\u00fd \u010das \u010d\u00edtania\" \/>\n\t<meta name=\"twitter:data1\" content=\"10 min\u00fat\" \/>\n<script type=\"application\/ld+json\" class=\"yoast-schema-graph\">{\"@context\":\"https:\\\/\\\/schema.org\",\"@graph\":[{\"@type\":\"WebPage\",\"@id\":\"https:\\\/\\\/www.abpartners.cz\\\/podminky-pouzivani\\\/\",\"url\":\"https:\\\/\\\/www.abpartners.cz\\\/podminky-pouzivani\\\/\",\"name\":\"Podm\u00ednky pou\u017e\u00edv\u00e1n\u00ed webu ABpartners.cz - AB PARTNERS advok\u00e1ti\",\"isPartOf\":{\"@id\":\"https:\\\/\\\/www.abpartners.cz\\\/#website\"},\"datePublished\":\"2021-01-19T18:43:23+00:00\",\"dateModified\":\"2025-10-16T09:40:18+00:00\",\"breadcrumb\":{\"@id\":\"https:\\\/\\\/www.abpartners.cz\\\/podminky-pouzivani\\\/#breadcrumb\"},\"inLanguage\":\"sk-SK\",\"potentialAction\":[{\"@type\":\"ReadAction\",\"target\":[\"https:\\\/\\\/www.abpartners.cz\\\/podminky-pouzivani\\\/\"]}]},{\"@type\":\"BreadcrumbList\",\"@id\":\"https:\\\/\\\/www.abpartners.cz\\\/podminky-pouzivani\\\/#breadcrumb\",\"itemListElement\":[{\"@type\":\"ListItem\",\"position\":1,\"name\":\"Dom\u016f\",\"item\":\"https:\\\/\\\/www.abpartners.cz\\\/\"},{\"@type\":\"ListItem\",\"position\":2,\"name\":\"Podm\u00ednky pou\u017e\u00edv\u00e1n\u00ed webu ABpartners.cz\"}]},{\"@type\":\"WebSite\",\"@id\":\"https:\\\/\\\/www.abpartners.cz\\\/#website\",\"url\":\"https:\\\/\\\/www.abpartners.cz\\\/\",\"name\":\"AB PARTNERS advok\u00e1ti\",\"description\":\"AB PARTNERS advok\u00e1ti\",\"publisher\":{\"@id\":\"https:\\\/\\\/www.abpartners.cz\\\/#organization\"},\"potentialAction\":[{\"@type\":\"SearchAction\",\"target\":{\"@type\":\"EntryPoint\",\"urlTemplate\":\"https:\\\/\\\/www.abpartners.cz\\\/?s={search_term_string}\"},\"query-input\":{\"@type\":\"PropertyValueSpecification\",\"valueRequired\":true,\"valueName\":\"search_term_string\"}}],\"inLanguage\":\"sk-SK\"},{\"@type\":\"Organization\",\"@id\":\"https:\\\/\\\/www.abpartners.cz\\\/#organization\",\"name\":\"AB PARTNERS advok\u00e1ti\",\"url\":\"https:\\\/\\\/www.abpartners.cz\\\/\",\"logo\":{\"@type\":\"ImageObject\",\"inLanguage\":\"sk-SK\",\"@id\":\"https:\\\/\\\/www.abpartners.cz\\\/#\\\/schema\\\/logo\\\/image\\\/\",\"url\":\"https:\\\/\\\/www.abpartners.cz\\\/wp-content\\\/uploads\\\/2021\\\/01\\\/abpartners_regular_rgb_dark.png\",\"contentUrl\":\"https:\\\/\\\/www.abpartners.cz\\\/wp-content\\\/uploads\\\/2021\\\/01\\\/abpartners_regular_rgb_dark.png\",\"width\":1240,\"height\":236,\"caption\":\"AB PARTNERS advok\u00e1ti\"},\"image\":{\"@id\":\"https:\\\/\\\/www.abpartners.cz\\\/#\\\/schema\\\/logo\\\/image\\\/\"},\"sameAs\":[\"https:\\\/\\\/www.facebook.com\\\/abpartners.cz\\\/\",\"https:\\\/\\\/x.com\\\/ABPartners_cz\",\"https:\\\/\\\/www.linkedin.com\\\/company\\\/abpartners\\\/\",\"https:\\\/\\\/www.instagram.com\\\/abpartners.cz\\\/\"]}]}<\/script>\n<!-- \/ Yoast SEO plugin. -->","yoast_head_json":{"title":"Podm\u00ednky pou\u017e\u00edv\u00e1n\u00ed webu ABpartners.cz - AB PARTNERS advok\u00e1ti","robots":{"index":"index","follow":"follow","max-snippet":"max-snippet:-1","max-image-preview":"max-image-preview:large","max-video-preview":"max-video-preview:-1"},"canonical":"https:\/\/www.abpartners.cz\/sk\/podminky-pouzivani\/","og_locale":"sk_SK","og_type":"article","og_title":"Podm\u00ednky pou\u017e\u00edv\u00e1n\u00ed webu ABpartners.cz - AB PARTNERS advok\u00e1ti","og_url":"https:\/\/www.abpartners.cz\/sk\/podminky-pouzivani\/","og_site_name":"AB PARTNERS advok\u00e1ti","article_publisher":"https:\/\/www.facebook.com\/abpartners.cz\/","article_modified_time":"2025-10-16T09:40:18+00:00","twitter_card":"summary_large_image","twitter_site":"@ABPartners_cz","twitter_misc":{"Predpokladan\u00fd \u010das \u010d\u00edtania":"10 min\u00fat"},"schema":{"@context":"https:\/\/schema.org","@graph":[{"@type":"WebPage","@id":"https:\/\/www.abpartners.cz\/podminky-pouzivani\/","url":"https:\/\/www.abpartners.cz\/podminky-pouzivani\/","name":"Podm\u00ednky pou\u017e\u00edv\u00e1n\u00ed webu ABpartners.cz - AB PARTNERS advok\u00e1ti","isPartOf":{"@id":"https:\/\/www.abpartners.cz\/#website"},"datePublished":"2021-01-19T18:43:23+00:00","dateModified":"2025-10-16T09:40:18+00:00","breadcrumb":{"@id":"https:\/\/www.abpartners.cz\/podminky-pouzivani\/#breadcrumb"},"inLanguage":"sk-SK","potentialAction":[{"@type":"ReadAction","target":["https:\/\/www.abpartners.cz\/podminky-pouzivani\/"]}]},{"@type":"BreadcrumbList","@id":"https:\/\/www.abpartners.cz\/podminky-pouzivani\/#breadcrumb","itemListElement":[{"@type":"ListItem","position":1,"name":"Dom\u016f","item":"https:\/\/www.abpartners.cz\/"},{"@type":"ListItem","position":2,"name":"Podm\u00ednky pou\u017e\u00edv\u00e1n\u00ed webu ABpartners.cz"}]},{"@type":"WebSite","@id":"https:\/\/www.abpartners.cz\/#website","url":"https:\/\/www.abpartners.cz\/","name":"AB PARTNERS advok\u00e1ti","description":"AB PARTNERS advok\u00e1ti","publisher":{"@id":"https:\/\/www.abpartners.cz\/#organization"},"potentialAction":[{"@type":"SearchAction","target":{"@type":"EntryPoint","urlTemplate":"https:\/\/www.abpartners.cz\/?s={search_term_string}"},"query-input":{"@type":"PropertyValueSpecification","valueRequired":true,"valueName":"search_term_string"}}],"inLanguage":"sk-SK"},{"@type":"Organization","@id":"https:\/\/www.abpartners.cz\/#organization","name":"AB PARTNERS advok\u00e1ti","url":"https:\/\/www.abpartners.cz\/","logo":{"@type":"ImageObject","inLanguage":"sk-SK","@id":"https:\/\/www.abpartners.cz\/#\/schema\/logo\/image\/","url":"https:\/\/www.abpartners.cz\/wp-content\/uploads\/2021\/01\/abpartners_regular_rgb_dark.png","contentUrl":"https:\/\/www.abpartners.cz\/wp-content\/uploads\/2021\/01\/abpartners_regular_rgb_dark.png","width":1240,"height":236,"caption":"AB PARTNERS advok\u00e1ti"},"image":{"@id":"https:\/\/www.abpartners.cz\/#\/schema\/logo\/image\/"},"sameAs":["https:\/\/www.facebook.com\/abpartners.cz\/","https:\/\/x.com\/ABPartners_cz","https:\/\/www.linkedin.com\/company\/abpartners\/","https:\/\/www.instagram.com\/abpartners.cz\/"]}]}},"_links":{"self":[{"href":"https:\/\/www.abpartners.cz\/sk\/wp-json\/wp\/v2\/pages\/2384","targetHints":{"allow":["GET"]}}],"collection":[{"href":"https:\/\/www.abpartners.cz\/sk\/wp-json\/wp\/v2\/pages"}],"about":[{"href":"https:\/\/www.abpartners.cz\/sk\/wp-json\/wp\/v2\/types\/page"}],"author":[{"embeddable":true,"href":"https:\/\/www.abpartners.cz\/sk\/wp-json\/wp\/v2\/users\/1"}],"replies":[{"embeddable":true,"href":"https:\/\/www.abpartners.cz\/sk\/wp-json\/wp\/v2\/comments?post=2384"}],"version-history":[{"count":0,"href":"https:\/\/www.abpartners.cz\/sk\/wp-json\/wp\/v2\/pages\/2384\/revisions"}],"wp:attachment":[{"href":"https:\/\/www.abpartners.cz\/sk\/wp-json\/wp\/v2\/media?parent=2384"}],"curies":[{"name":"wp","href":"https:\/\/api.w.org\/{rel}","templated":true}]}}