{"id":4215,"date":"2024-05-24T11:18:29","date_gmt":"2024-05-24T09:18:29","guid":{"rendered":"https:\/\/www.abpartners.cz\/?post_type=product&#038;p=4215"},"modified":"2024-05-24T11:42:16","modified_gmt":"2024-05-24T09:42:16","slug":"registrace-ochranne-znamky-sk-pravni-sluzba","status":"publish","type":"product","link":"https:\/\/www.abpartners.cz\/en\/legalshop\/registrace-ochranne-znamky-sk-pravni-sluzba\/","title":{"rendered":"Trademark registration - Slovakia (legal service)"},"content":{"rendered":"<p><span style=\"color: #b61e3f;\"><strong>Always include your email and phone number in your order so that we can contact you to discuss the details.<\/strong><\/span><\/p>\n<p>Not sure how to register a trademark? No problem, trademark registration is one of our specialties. We will help you with the registration of trademarks for the territory of the Slovak Republic. The validity of a trademark is <strong>10 years<\/strong>.<\/p>\n<p>The price of the service includes <strong>filling in the application for registration of a trademark<\/strong>. Along with the application form we will send you detailed <strong>application instructions<\/strong>. The price also includes <strong>1 hour of coordination activities<\/strong> (usually sufficient). As part of the coordination activities, we will find out all your requirements and we will inform you about the conditions for the processing of the logo (graphic design of the trademark). We will also discuss the classification of the trademark with you.<\/p>\n<p><strong>The price of the service does not include the administrative fee of the Industrial Property Office SK<\/strong> EUR 166 for filing an application for one trade mark in three classes of goods and services. For each additional class, the administrative fee shall be increased by EUR 20.<\/p>\n<p>&nbsp;<\/p>\n<p>&nbsp;<\/p>\n<p>&nbsp;<\/p>\n<p>&nbsp;<\/p>","protected":false},"excerpt":{"rendered":"<p>V objedn\u00e1vce v\u017edy uve\u010fte V\u00e1\u0161 email a telefonn\u00ed \u010d\u00edslo, abychom V\u00e1s mohli kontaktovat a domluvit se na podrobnostech. Nev\u00edte si rady s registrac\u00ed ochrann\u00e9 zn\u00e1mky? Nevad\u00ed, agenda ochrann\u00fdch zn\u00e1mek je jednou z na\u0161ich specializac\u00ed. Pom\u016f\u017eeme V\u00e1m s registrac\u00ed ochrann\u00fdch zn\u00e1mek pro \u00fazem\u00ed Slovensk\u00e9 republiky. Platnost ochrann\u00e9 zn\u00e1mky je 10 let.  [&#8230;]<\/p>\n","protected":false},"featured_media":3296,"template":"","meta":{"_acf_changed":false,"rs_blank_template":"","rs_page_bg_color":"","slide_template_v7":""},"product_brand":[],"product_cat":[63],"product_tag":[],"class_list":{"0":"post-4215","1":"product","2":"type-product","3":"status-publish","4":"has-post-thumbnail","6":"product_cat-dusevni-vlastnictvi","8":"first","9":"instock","10":"virtual","11":"taxable","12":"purchasable","13":"product-type-simple"},"bundled_by":[],"bundle_stock_status":"instock","bundle_stock_quantity":null,"bundle_virtual":false,"bundle_layout":"","bundle_add_to_cart_form_location":"","bundle_editable_in_cart":false,"bundle_sold_individually_context":"","bundle_item_grouping":"","bundle_min_size":"","bundle_max_size":"","bundle_price":[],"bundled_items":[],"bundle_sell_ids":[],"exclude_global_add_ons":[],"addons":[],"acf":[],"yoast_head":"<!-- This site is optimized with the Yoast SEO plugin v27.4 - https:\/\/yoast.com\/product\/yoast-seo-wordpress\/ -->\n<title>Registrace ochrann\u00e9 zn\u00e1mky - Slovensko (pr\u00e1vn\u00ed slu\u017eba) - LegalShop - AB PARTNERS advok\u00e1ti<\/title>\n<meta name=\"robots\" content=\"index, follow, max-snippet:-1, max-image-preview:large, max-video-preview:-1\" \/>\n<link rel=\"canonical\" href=\"https:\/\/www.abpartners.cz\/en\/legalshop\/registrace-ochranne-znamky-sk-pravni-sluzba\/\" \/>\n<meta property=\"og:locale\" content=\"en_GB\" \/>\n<meta property=\"og:type\" content=\"article\" \/>\n<meta property=\"og:title\" content=\"Registrace ochrann\u00e9 zn\u00e1mky - Slovensko (pr\u00e1vn\u00ed slu\u017eba) - LegalShop - AB PARTNERS advok\u00e1ti\" \/>\n<meta property=\"og:description\" content=\"V objedn\u00e1vce v\u017edy uve\u010fte V\u00e1\u0161 email a telefonn\u00ed \u010d\u00edslo, abychom V\u00e1s mohli kontaktovat a domluvit se na podrobnostech. Nev\u00edte si rady s registrac\u00ed ochrann\u00e9 zn\u00e1mky? Nevad\u00ed, agenda ochrann\u00fdch zn\u00e1mek je jednou z na\u0161ich specializac\u00ed. Pom\u016f\u017eeme V\u00e1m s registrac\u00ed ochrann\u00fdch zn\u00e1mek pro \u00fazem\u00ed Slovensk\u00e9 republiky. Platnost ochrann\u00e9 zn\u00e1mky je 10 let. [...]\" \/>\n<meta property=\"og:url\" content=\"https:\/\/www.abpartners.cz\/en\/legalshop\/registrace-ochranne-znamky-sk-pravni-sluzba\/\" \/>\n<meta property=\"og:site_name\" content=\"AB PARTNERS advok\u00e1ti\" \/>\n<meta property=\"article:publisher\" content=\"https:\/\/www.facebook.com\/abpartners.cz\/\" \/>\n<meta property=\"article:modified_time\" content=\"2024-05-24T09:42:16+00:00\" \/>\n<meta property=\"og:image\" content=\"https:\/\/www.abpartners.cz\/wp-content\/uploads\/2021\/03\/dusevni_vlastnictvi.png\" \/>\n\t<meta property=\"og:image:width\" content=\"260\" \/>\n\t<meta property=\"og:image:height\" content=\"260\" \/>\n\t<meta property=\"og:image:type\" content=\"image\/png\" \/>\n<meta name=\"twitter:card\" content=\"summary_large_image\" \/>\n<meta name=\"twitter:site\" content=\"@ABPartners_cz\" \/>\n<meta name=\"twitter:label1\" content=\"Price\" \/>\n\t<meta name=\"twitter:data1\" content=\"6.990&nbsp;&#075;&#269; v\u010detn\u011b DPH\" \/>\n\t<meta name=\"twitter:label2\" content=\"Availability\" \/>\n\t<meta name=\"twitter:data2\" content=\"In stock\" \/>\n<script type=\"application\/ld+json\" class=\"yoast-schema-graph\">{\"@context\":\"https:\\\/\\\/schema.org\",\"@graph\":[{\"@type\":\"WebPage\",\"@id\":\"https:\\\/\\\/www.abpartners.cz\\\/legalshop\\\/registrace-ochranne-znamky-sk-pravni-sluzba\\\/\",\"url\":\"https:\\\/\\\/www.abpartners.cz\\\/legalshop\\\/registrace-ochranne-znamky-sk-pravni-sluzba\\\/\",\"name\":\"Registrace ochrann\u00e9 zn\u00e1mky - Slovensko (pr\u00e1vn\u00ed slu\u017eba) - LegalShop - AB PARTNERS advok\u00e1ti\",\"isPartOf\":{\"@id\":\"https:\\\/\\\/www.abpartners.cz\\\/#website\"},\"primaryImageOfPage\":{\"@id\":\"https:\\\/\\\/www.abpartners.cz\\\/legalshop\\\/registrace-ochranne-znamky-sk-pravni-sluzba\\\/#primaryimage\"},\"image\":{\"@id\":\"https:\\\/\\\/www.abpartners.cz\\\/legalshop\\\/registrace-ochranne-znamky-sk-pravni-sluzba\\\/#primaryimage\"},\"thumbnailUrl\":\"https:\\\/\\\/www.abpartners.cz\\\/wp-content\\\/uploads\\\/2021\\\/03\\\/dusevni_vlastnictvi.png\",\"datePublished\":\"2024-05-24T09:18:29+00:00\",\"dateModified\":\"2024-05-24T09:42:16+00:00\",\"breadcrumb\":{\"@id\":\"https:\\\/\\\/www.abpartners.cz\\\/legalshop\\\/registrace-ochranne-znamky-sk-pravni-sluzba\\\/#breadcrumb\"},\"inLanguage\":\"en-GB\",\"potentialAction\":[{\"@type\":\"ReadAction\",\"target\":[\"https:\\\/\\\/www.abpartners.cz\\\/legalshop\\\/registrace-ochranne-znamky-sk-pravni-sluzba\\\/\"]}]},{\"@type\":\"ImageObject\",\"inLanguage\":\"en-GB\",\"@id\":\"https:\\\/\\\/www.abpartners.cz\\\/legalshop\\\/registrace-ochranne-znamky-sk-pravni-sluzba\\\/#primaryimage\",\"url\":\"https:\\\/\\\/www.abpartners.cz\\\/wp-content\\\/uploads\\\/2021\\\/03\\\/dusevni_vlastnictvi.png\",\"contentUrl\":\"https:\\\/\\\/www.abpartners.cz\\\/wp-content\\\/uploads\\\/2021\\\/03\\\/dusevni_vlastnictvi.png\",\"width\":260,\"height\":260},{\"@type\":\"BreadcrumbList\",\"@id\":\"https:\\\/\\\/www.abpartners.cz\\\/legalshop\\\/registrace-ochranne-znamky-sk-pravni-sluzba\\\/#breadcrumb\",\"itemListElement\":[{\"@type\":\"ListItem\",\"position\":1,\"name\":\"Dom\u016f\",\"item\":\"https:\\\/\\\/www.abpartners.cz\\\/\"},{\"@type\":\"ListItem\",\"position\":2,\"name\":\"LegalShop\",\"item\":\"https:\\\/\\\/www.abpartners.cz\\\/legalshop\\\/\"},{\"@type\":\"ListItem\",\"position\":3,\"name\":\"Registrace ochrann\u00e9 zn\u00e1mky &#8211; Slovensko (pr\u00e1vn\u00ed slu\u017eba)\"}]},{\"@type\":\"WebSite\",\"@id\":\"https:\\\/\\\/www.abpartners.cz\\\/#website\",\"url\":\"https:\\\/\\\/www.abpartners.cz\\\/\",\"name\":\"AB PARTNERS advok\u00e1ti\",\"description\":\"AB PARTNERS advok\u00e1ti\",\"publisher\":{\"@id\":\"https:\\\/\\\/www.abpartners.cz\\\/#organization\"},\"potentialAction\":[{\"@type\":\"SearchAction\",\"target\":{\"@type\":\"EntryPoint\",\"urlTemplate\":\"https:\\\/\\\/www.abpartners.cz\\\/?s={search_term_string}\"},\"query-input\":{\"@type\":\"PropertyValueSpecification\",\"valueRequired\":true,\"valueName\":\"search_term_string\"}}],\"inLanguage\":\"en-GB\"},{\"@type\":\"Organization\",\"@id\":\"https:\\\/\\\/www.abpartners.cz\\\/#organization\",\"name\":\"AB PARTNERS advok\u00e1ti\",\"url\":\"https:\\\/\\\/www.abpartners.cz\\\/\",\"logo\":{\"@type\":\"ImageObject\",\"inLanguage\":\"en-GB\",\"@id\":\"https:\\\/\\\/www.abpartners.cz\\\/#\\\/schema\\\/logo\\\/image\\\/\",\"url\":\"https:\\\/\\\/www.abpartners.cz\\\/wp-content\\\/uploads\\\/2021\\\/01\\\/abpartners_regular_rgb_dark.png\",\"contentUrl\":\"https:\\\/\\\/www.abpartners.cz\\\/wp-content\\\/uploads\\\/2021\\\/01\\\/abpartners_regular_rgb_dark.png\",\"width\":1240,\"height\":236,\"caption\":\"AB PARTNERS advok\u00e1ti\"},\"image\":{\"@id\":\"https:\\\/\\\/www.abpartners.cz\\\/#\\\/schema\\\/logo\\\/image\\\/\"},\"sameAs\":[\"https:\\\/\\\/www.facebook.com\\\/abpartners.cz\\\/\",\"https:\\\/\\\/x.com\\\/ABPartners_cz\",\"https:\\\/\\\/www.linkedin.com\\\/company\\\/abpartners\\\/\",\"https:\\\/\\\/www.instagram.com\\\/abpartners.cz\\\/\"]}]}<\/script>\n<meta property=\"product:price:amount\" content=\"6990\" \/>\n<meta property=\"product:price:currency\" content=\"CZK\" \/>\n<meta property=\"og:availability\" content=\"instock\" \/>\n<meta property=\"product:availability\" content=\"instock\" \/>\n<meta property=\"product:retailer_item_id\" content=\"206001-3\" \/>\n<meta property=\"product:condition\" content=\"new\" \/>\n<!-- \/ Yoast SEO plugin. -->","yoast_head_json":{"title":"Registrace ochrann\u00e9 zn\u00e1mky - Slovensko (pr\u00e1vn\u00ed slu\u017eba) - LegalShop - AB PARTNERS advok\u00e1ti","robots":{"index":"index","follow":"follow","max-snippet":"max-snippet:-1","max-image-preview":"max-image-preview:large","max-video-preview":"max-video-preview:-1"},"canonical":"https:\/\/www.abpartners.cz\/en\/legalshop\/registrace-ochranne-znamky-sk-pravni-sluzba\/","og_locale":"en_GB","og_type":"article","og_title":"Registrace ochrann\u00e9 zn\u00e1mky - Slovensko (pr\u00e1vn\u00ed slu\u017eba) - LegalShop - AB PARTNERS advok\u00e1ti","og_description":"V objedn\u00e1vce v\u017edy uve\u010fte V\u00e1\u0161 email a telefonn\u00ed \u010d\u00edslo, abychom V\u00e1s mohli kontaktovat a domluvit se na podrobnostech. Nev\u00edte si rady s registrac\u00ed ochrann\u00e9 zn\u00e1mky? Nevad\u00ed, agenda ochrann\u00fdch zn\u00e1mek je jednou z na\u0161ich specializac\u00ed. Pom\u016f\u017eeme V\u00e1m s registrac\u00ed ochrann\u00fdch zn\u00e1mek pro \u00fazem\u00ed Slovensk\u00e9 republiky. Platnost ochrann\u00e9 zn\u00e1mky je 10 let. [...]","og_url":"https:\/\/www.abpartners.cz\/en\/legalshop\/registrace-ochranne-znamky-sk-pravni-sluzba\/","og_site_name":"AB PARTNERS advok\u00e1ti","article_publisher":"https:\/\/www.facebook.com\/abpartners.cz\/","article_modified_time":"2024-05-24T09:42:16+00:00","og_image":[{"width":260,"height":260,"url":"https:\/\/www.abpartners.cz\/wp-content\/uploads\/2021\/03\/dusevni_vlastnictvi.png","type":"image\/png"}],"twitter_card":"summary_large_image","twitter_site":"@ABPartners_cz","twitter_misc":{"Price":"6.990&nbsp;&#75;&#269; v\u010detn\u011b DPH","Availability":"In stock"},"schema":{"@context":"https:\/\/schema.org","@graph":[{"@type":"WebPage","@id":"https:\/\/www.abpartners.cz\/legalshop\/registrace-ochranne-znamky-sk-pravni-sluzba\/","url":"https:\/\/www.abpartners.cz\/legalshop\/registrace-ochranne-znamky-sk-pravni-sluzba\/","name":"Registrace ochrann\u00e9 zn\u00e1mky - Slovensko (pr\u00e1vn\u00ed slu\u017eba) - LegalShop - AB PARTNERS advok\u00e1ti","isPartOf":{"@id":"https:\/\/www.abpartners.cz\/#website"},"primaryImageOfPage":{"@id":"https:\/\/www.abpartners.cz\/legalshop\/registrace-ochranne-znamky-sk-pravni-sluzba\/#primaryimage"},"image":{"@id":"https:\/\/www.abpartners.cz\/legalshop\/registrace-ochranne-znamky-sk-pravni-sluzba\/#primaryimage"},"thumbnailUrl":"https:\/\/www.abpartners.cz\/wp-content\/uploads\/2021\/03\/dusevni_vlastnictvi.png","datePublished":"2024-05-24T09:18:29+00:00","dateModified":"2024-05-24T09:42:16+00:00","breadcrumb":{"@id":"https:\/\/www.abpartners.cz\/legalshop\/registrace-ochranne-znamky-sk-pravni-sluzba\/#breadcrumb"},"inLanguage":"en-GB","potentialAction":[{"@type":"ReadAction","target":["https:\/\/www.abpartners.cz\/legalshop\/registrace-ochranne-znamky-sk-pravni-sluzba\/"]}]},{"@type":"ImageObject","inLanguage":"en-GB","@id":"https:\/\/www.abpartners.cz\/legalshop\/registrace-ochranne-znamky-sk-pravni-sluzba\/#primaryimage","url":"https:\/\/www.abpartners.cz\/wp-content\/uploads\/2021\/03\/dusevni_vlastnictvi.png","contentUrl":"https:\/\/www.abpartners.cz\/wp-content\/uploads\/2021\/03\/dusevni_vlastnictvi.png","width":260,"height":260},{"@type":"BreadcrumbList","@id":"https:\/\/www.abpartners.cz\/legalshop\/registrace-ochranne-znamky-sk-pravni-sluzba\/#breadcrumb","itemListElement":[{"@type":"ListItem","position":1,"name":"Dom\u016f","item":"https:\/\/www.abpartners.cz\/"},{"@type":"ListItem","position":2,"name":"LegalShop","item":"https:\/\/www.abpartners.cz\/legalshop\/"},{"@type":"ListItem","position":3,"name":"Registrace ochrann\u00e9 zn\u00e1mky &#8211; Slovensko (pr\u00e1vn\u00ed slu\u017eba)"}]},{"@type":"WebSite","@id":"https:\/\/www.abpartners.cz\/#website","url":"https:\/\/www.abpartners.cz\/","name":"AB PARTNERS attorneys at law","description":"AB PARTNERS attorneys at law","publisher":{"@id":"https:\/\/www.abpartners.cz\/#organization"},"potentialAction":[{"@type":"SearchAction","target":{"@type":"EntryPoint","urlTemplate":"https:\/\/www.abpartners.cz\/?s={search_term_string}"},"query-input":{"@type":"PropertyValueSpecification","valueRequired":true,"valueName":"search_term_string"}}],"inLanguage":"en-GB"},{"@type":"Organization","@id":"https:\/\/www.abpartners.cz\/#organization","name":"AB PARTNERS attorneys at law","url":"https:\/\/www.abpartners.cz\/","logo":{"@type":"ImageObject","inLanguage":"en-GB","@id":"https:\/\/www.abpartners.cz\/#\/schema\/logo\/image\/","url":"https:\/\/www.abpartners.cz\/wp-content\/uploads\/2021\/01\/abpartners_regular_rgb_dark.png","contentUrl":"https:\/\/www.abpartners.cz\/wp-content\/uploads\/2021\/01\/abpartners_regular_rgb_dark.png","width":1240,"height":236,"caption":"AB PARTNERS advok\u00e1ti"},"image":{"@id":"https:\/\/www.abpartners.cz\/#\/schema\/logo\/image\/"},"sameAs":["https:\/\/www.facebook.com\/abpartners.cz\/","https:\/\/x.com\/ABPartners_cz","https:\/\/www.linkedin.com\/company\/abpartners\/","https:\/\/www.instagram.com\/abpartners.cz\/"]}]},"product_price_amount":"6990","product_price_currency":"CZK","og_availability":"instock","product_availability":"instock","product_retailer_item_id":"206001-3","product_condition":"new"},"_links":{"self":[{"href":"https:\/\/www.abpartners.cz\/en\/wp-json\/wp\/v2\/product\/4215","targetHints":{"allow":["GET"]}}],"collection":[{"href":"https:\/\/www.abpartners.cz\/en\/wp-json\/wp\/v2\/product"}],"about":[{"href":"https:\/\/www.abpartners.cz\/en\/wp-json\/wp\/v2\/types\/product"}],"wp:featuredmedia":[{"embeddable":true,"href":"https:\/\/www.abpartners.cz\/en\/wp-json\/wp\/v2\/media\/3296"}],"wp:attachment":[{"href":"https:\/\/www.abpartners.cz\/en\/wp-json\/wp\/v2\/media?parent=4215"}],"wp:term":[{"taxonomy":"product_brand","embeddable":true,"href":"https:\/\/www.abpartners.cz\/en\/wp-json\/wp\/v2\/product_brand?post=4215"},{"taxonomy":"product_cat","embeddable":true,"href":"https:\/\/www.abpartners.cz\/en\/wp-json\/wp\/v2\/product_cat?post=4215"},{"taxonomy":"product_tag","embeddable":true,"href":"https:\/\/www.abpartners.cz\/en\/wp-json\/wp\/v2\/product_tag?post=4215"}],"curies":[{"name":"wp","href":"https:\/\/api.w.org\/{rel}","templated":true}]}}