{"id":3432,"date":"2021-04-05T18:46:19","date_gmt":"2021-04-05T16:46:19","guid":{"rendered":"https:\/\/www.abpartners.cz\/?post_type=product&#038;p=3432"},"modified":"2021-04-06T20:57:17","modified_gmt":"2021-04-06T18:57:17","slug":"vypoved-ze-strany-zamestnance","status":"publish","type":"product","link":"https:\/\/www.abpartners.cz\/en\/legalshop\/vypoved-ze-strany-zamestnance\/","title":{"rendered":"Termination by the employee"},"content":{"rendered":"<p>The employment relationship may be terminated by notice given by the employer, as well as<strong> notice given by the employee<\/strong>to which the law places much <strong>less demands <\/strong>rather than a notice from the employer.<\/p>\n<p>If the employee decides to terminate his\/her employment by giving notice, he\/she may do so <strong>for any reason or no reason<\/strong>.<\/p>\n<p>Notice of termination of employment must be <strong>in writing, otherwise it shall not be taken into account.<\/strong><\/p>\n<p>Our template contains all content and formal requirements and can be used immediately after completing the basic data.<\/p>","protected":false},"excerpt":{"rendered":"<p>Pracovn\u00ed pom\u011br m\u016f\u017ee b\u00fdt ukon\u010den jak v\u00fdpov\u011bd\u00ed danou zam\u011bstnavatelem, tak v\u00fdpov\u011bd\u00ed danou zam\u011bstnancem, na kterou jsou z\u00e1konem kladeny mnohem men\u0161\u00ed n\u00e1roky ne\u017e na v\u00fdpov\u011b\u010f ze strany zam\u011bstnavatele. V\u00a0p\u0159\u00edpad\u011b, \u017ee se zam\u011bstnanec rozhodne ukon\u010dit sv\u016fj pracovn\u00ed pom\u011br v\u00fdpov\u011bd\u00ed, m\u016f\u017ee tak u\u010dinit z\u00a0jak\u00e9hokoliv d\u016fvodu nebo bez uveden\u00ed d\u016fvodu. V\u00fdpov\u011b\u010f z\u00a0pracovn\u00edho pom\u011bru mus\u00ed  [&#8230;]<\/p>\n","protected":false},"featured_media":3440,"template":"","meta":{"_acf_changed":false,"rs_blank_template":"","rs_page_bg_color":"","slide_template_v7":""},"product_brand":[],"product_cat":[64],"product_tag":[],"class_list":{"0":"post-3432","1":"product","2":"type-product","3":"status-publish","4":"has-post-thumbnail","6":"product_cat-zamestnanci","8":"first","9":"instock","10":"sale","11":"downloadable","12":"virtual","13":"sold-individually","14":"taxable","15":"purchasable","16":"product-type-simple"},"bundled_by":[],"bundle_stock_status":"instock","bundle_stock_quantity":null,"bundle_virtual":false,"bundle_layout":"","bundle_add_to_cart_form_location":"","bundle_editable_in_cart":false,"bundle_sold_individually_context":"","bundle_item_grouping":"","bundle_min_size":"","bundle_max_size":"","bundle_price":[],"bundled_items":[],"bundle_sell_ids":[],"exclude_global_add_ons":false,"addons":[{"name":"Customized finalization (legal service)","type":"checkbox","position":0,"required":false,"title_format":"heading","default":"","description_enable":true,"description":"We will finish the pattern according to your specifications. You will receive the finished product. Fill in the contact details in the order form, we will call or email you.","placeholder_enable":false,"placeholder":"","display":"select","restrictions_type":"any_text","adjust_price":false,"price":"","price_type":"flat_fee","restrictions":false,"min":"0","max":"0","options":[{"label":"Finalizace na m\u00edru","price":"590","price_type":"flat_fee","image":0,"visibility":true}]},{"name":"Telephone consultation with a lawyer (legal service)","type":"checkbox","position":1,"required":false,"title_format":"heading","default":"","description_enable":true,"description":"Do you need a consultation on the chosen pattern? We offer it at a discounted price. Fill in the contact details in the order form and we will call you.","placeholder_enable":false,"placeholder":"","display":"select","restrictions_type":"any_text","adjust_price":false,"price":"","price_type":"flat_fee","restrictions":false,"min":"0","max":"0","options":[{"label":"Porada v d\u00e9lce 30 minut","price":"790","price_type":"flat_fee","image":0,"visibility":true},{"label":"Porada v d\u00e9lce 60 minut","price":"1590","price_type":"flat_fee","image":0,"visibility":true},{"label":"Porada v d\u00e9lce 90 minut","price":"2390","price_type":"flat_fee","image":0,"visibility":true}]}],"acf":[],"yoast_head":"<!-- This site is optimized with the Yoast SEO plugin v27.4 - https:\/\/yoast.com\/product\/yoast-seo-wordpress\/ -->\n<title>V\u00fdpov\u011b\u010f ze strany zam\u011bstnance - LegalShop - AB PARTNERS advok\u00e1ti<\/title>\n<meta name=\"robots\" content=\"index, follow, max-snippet:-1, max-image-preview:large, max-video-preview:-1\" \/>\n<link rel=\"canonical\" href=\"https:\/\/www.abpartners.cz\/en\/legalshop\/vypoved-ze-strany-zamestnance\/\" \/>\n<meta property=\"og:locale\" content=\"en_GB\" \/>\n<meta property=\"og:type\" content=\"article\" \/>\n<meta property=\"og:title\" content=\"V\u00fdpov\u011b\u010f ze strany zam\u011bstnance - LegalShop - AB PARTNERS advok\u00e1ti\" \/>\n<meta property=\"og:description\" content=\"Pracovn\u00ed pom\u011br m\u016f\u017ee b\u00fdt ukon\u010den jak v\u00fdpov\u011bd\u00ed danou zam\u011bstnavatelem, tak v\u00fdpov\u011bd\u00ed danou zam\u011bstnancem, na kterou jsou z\u00e1konem kladeny mnohem men\u0161\u00ed n\u00e1roky ne\u017e na v\u00fdpov\u011b\u010f ze strany zam\u011bstnavatele. V\u00a0p\u0159\u00edpad\u011b, \u017ee se zam\u011bstnanec rozhodne ukon\u010dit sv\u016fj pracovn\u00ed pom\u011br v\u00fdpov\u011bd\u00ed, m\u016f\u017ee tak u\u010dinit z\u00a0jak\u00e9hokoliv d\u016fvodu nebo bez uveden\u00ed d\u016fvodu. V\u00fdpov\u011b\u010f z\u00a0pracovn\u00edho pom\u011bru mus\u00ed [...]\" \/>\n<meta property=\"og:url\" content=\"https:\/\/www.abpartners.cz\/en\/legalshop\/vypoved-ze-strany-zamestnance\/\" \/>\n<meta property=\"og:site_name\" content=\"AB PARTNERS advok\u00e1ti\" \/>\n<meta property=\"article:publisher\" content=\"https:\/\/www.facebook.com\/abpartners.cz\/\" \/>\n<meta property=\"article:modified_time\" content=\"2021-04-06T18:57:17+00:00\" \/>\n<meta property=\"og:image\" content=\"https:\/\/www.abpartners.cz\/wp-content\/uploads\/2021\/04\/zamestnanci.png\" \/>\n\t<meta property=\"og:image:width\" content=\"260\" \/>\n\t<meta property=\"og:image:height\" content=\"260\" \/>\n\t<meta property=\"og:image:type\" content=\"image\/png\" \/>\n<meta name=\"twitter:card\" content=\"summary_large_image\" \/>\n<meta name=\"twitter:site\" content=\"@ABPartners_cz\" \/>\n<meta name=\"twitter:label1\" content=\"Price\" \/>\n\t<meta name=\"twitter:data1\" content=\"261&nbsp;&#075;&#269; v\u010detn\u011b DPH\" \/>\n\t<meta name=\"twitter:label2\" content=\"Availability\" \/>\n\t<meta name=\"twitter:data2\" content=\"In stock\" \/>\n<script type=\"application\/ld+json\" class=\"yoast-schema-graph\">{\"@context\":\"https:\\\/\\\/schema.org\",\"@graph\":[{\"@type\":\"WebPage\",\"@id\":\"https:\\\/\\\/www.abpartners.cz\\\/legalshop\\\/vypoved-ze-strany-zamestnance\\\/\",\"url\":\"https:\\\/\\\/www.abpartners.cz\\\/legalshop\\\/vypoved-ze-strany-zamestnance\\\/\",\"name\":\"V\u00fdpov\u011b\u010f ze strany zam\u011bstnance - LegalShop - AB PARTNERS advok\u00e1ti\",\"isPartOf\":{\"@id\":\"https:\\\/\\\/www.abpartners.cz\\\/#website\"},\"primaryImageOfPage\":{\"@id\":\"https:\\\/\\\/www.abpartners.cz\\\/legalshop\\\/vypoved-ze-strany-zamestnance\\\/#primaryimage\"},\"image\":{\"@id\":\"https:\\\/\\\/www.abpartners.cz\\\/legalshop\\\/vypoved-ze-strany-zamestnance\\\/#primaryimage\"},\"thumbnailUrl\":\"https:\\\/\\\/www.abpartners.cz\\\/wp-content\\\/uploads\\\/2021\\\/04\\\/zamestnanci.png\",\"datePublished\":\"2021-04-05T16:46:19+00:00\",\"dateModified\":\"2021-04-06T18:57:17+00:00\",\"breadcrumb\":{\"@id\":\"https:\\\/\\\/www.abpartners.cz\\\/legalshop\\\/vypoved-ze-strany-zamestnance\\\/#breadcrumb\"},\"inLanguage\":\"en-GB\",\"potentialAction\":[{\"@type\":\"ReadAction\",\"target\":[\"https:\\\/\\\/www.abpartners.cz\\\/legalshop\\\/vypoved-ze-strany-zamestnance\\\/\"]}]},{\"@type\":\"ImageObject\",\"inLanguage\":\"en-GB\",\"@id\":\"https:\\\/\\\/www.abpartners.cz\\\/legalshop\\\/vypoved-ze-strany-zamestnance\\\/#primaryimage\",\"url\":\"https:\\\/\\\/www.abpartners.cz\\\/wp-content\\\/uploads\\\/2021\\\/04\\\/zamestnanci.png\",\"contentUrl\":\"https:\\\/\\\/www.abpartners.cz\\\/wp-content\\\/uploads\\\/2021\\\/04\\\/zamestnanci.png\",\"width\":260,\"height\":260},{\"@type\":\"BreadcrumbList\",\"@id\":\"https:\\\/\\\/www.abpartners.cz\\\/legalshop\\\/vypoved-ze-strany-zamestnance\\\/#breadcrumb\",\"itemListElement\":[{\"@type\":\"ListItem\",\"position\":1,\"name\":\"Dom\u016f\",\"item\":\"https:\\\/\\\/www.abpartners.cz\\\/\"},{\"@type\":\"ListItem\",\"position\":2,\"name\":\"LegalShop\",\"item\":\"https:\\\/\\\/www.abpartners.cz\\\/legalshop\\\/\"},{\"@type\":\"ListItem\",\"position\":3,\"name\":\"V\u00fdpov\u011b\u010f ze strany zam\u011bstnance\"}]},{\"@type\":\"WebSite\",\"@id\":\"https:\\\/\\\/www.abpartners.cz\\\/#website\",\"url\":\"https:\\\/\\\/www.abpartners.cz\\\/\",\"name\":\"AB PARTNERS advok\u00e1ti\",\"description\":\"AB PARTNERS advok\u00e1ti\",\"publisher\":{\"@id\":\"https:\\\/\\\/www.abpartners.cz\\\/#organization\"},\"potentialAction\":[{\"@type\":\"SearchAction\",\"target\":{\"@type\":\"EntryPoint\",\"urlTemplate\":\"https:\\\/\\\/www.abpartners.cz\\\/?s={search_term_string}\"},\"query-input\":{\"@type\":\"PropertyValueSpecification\",\"valueRequired\":true,\"valueName\":\"search_term_string\"}}],\"inLanguage\":\"en-GB\"},{\"@type\":\"Organization\",\"@id\":\"https:\\\/\\\/www.abpartners.cz\\\/#organization\",\"name\":\"AB PARTNERS advok\u00e1ti\",\"url\":\"https:\\\/\\\/www.abpartners.cz\\\/\",\"logo\":{\"@type\":\"ImageObject\",\"inLanguage\":\"en-GB\",\"@id\":\"https:\\\/\\\/www.abpartners.cz\\\/#\\\/schema\\\/logo\\\/image\\\/\",\"url\":\"https:\\\/\\\/www.abpartners.cz\\\/wp-content\\\/uploads\\\/2021\\\/01\\\/abpartners_regular_rgb_dark.png\",\"contentUrl\":\"https:\\\/\\\/www.abpartners.cz\\\/wp-content\\\/uploads\\\/2021\\\/01\\\/abpartners_regular_rgb_dark.png\",\"width\":1240,\"height\":236,\"caption\":\"AB PARTNERS advok\u00e1ti\"},\"image\":{\"@id\":\"https:\\\/\\\/www.abpartners.cz\\\/#\\\/schema\\\/logo\\\/image\\\/\"},\"sameAs\":[\"https:\\\/\\\/www.facebook.com\\\/abpartners.cz\\\/\",\"https:\\\/\\\/x.com\\\/ABPartners_cz\",\"https:\\\/\\\/www.linkedin.com\\\/company\\\/abpartners\\\/\",\"https:\\\/\\\/www.instagram.com\\\/abpartners.cz\\\/\"]}]}<\/script>\n<meta property=\"product:price:amount\" content=\"261\" \/>\n<meta property=\"product:price:currency\" content=\"CZK\" \/>\n<meta property=\"og:availability\" content=\"instock\" \/>\n<meta property=\"product:availability\" content=\"instock\" \/>\n<meta property=\"product:retailer_item_id\" content=\"204003-2\" \/>\n<meta property=\"product:condition\" content=\"new\" \/>\n<!-- \/ Yoast SEO plugin. -->","yoast_head_json":{"title":"V\u00fdpov\u011b\u010f ze strany zam\u011bstnance - LegalShop - AB PARTNERS advok\u00e1ti","robots":{"index":"index","follow":"follow","max-snippet":"max-snippet:-1","max-image-preview":"max-image-preview:large","max-video-preview":"max-video-preview:-1"},"canonical":"https:\/\/www.abpartners.cz\/en\/legalshop\/vypoved-ze-strany-zamestnance\/","og_locale":"en_GB","og_type":"article","og_title":"V\u00fdpov\u011b\u010f ze strany zam\u011bstnance - LegalShop - AB PARTNERS advok\u00e1ti","og_description":"Pracovn\u00ed pom\u011br m\u016f\u017ee b\u00fdt ukon\u010den jak v\u00fdpov\u011bd\u00ed danou zam\u011bstnavatelem, tak v\u00fdpov\u011bd\u00ed danou zam\u011bstnancem, na kterou jsou z\u00e1konem kladeny mnohem men\u0161\u00ed n\u00e1roky ne\u017e na v\u00fdpov\u011b\u010f ze strany zam\u011bstnavatele. V\u00a0p\u0159\u00edpad\u011b, \u017ee se zam\u011bstnanec rozhodne ukon\u010dit sv\u016fj pracovn\u00ed pom\u011br v\u00fdpov\u011bd\u00ed, m\u016f\u017ee tak u\u010dinit z\u00a0jak\u00e9hokoliv d\u016fvodu nebo bez uveden\u00ed d\u016fvodu. V\u00fdpov\u011b\u010f z\u00a0pracovn\u00edho pom\u011bru mus\u00ed [...]","og_url":"https:\/\/www.abpartners.cz\/en\/legalshop\/vypoved-ze-strany-zamestnance\/","og_site_name":"AB PARTNERS advok\u00e1ti","article_publisher":"https:\/\/www.facebook.com\/abpartners.cz\/","article_modified_time":"2021-04-06T18:57:17+00:00","og_image":[{"width":260,"height":260,"url":"https:\/\/www.abpartners.cz\/wp-content\/uploads\/2021\/04\/zamestnanci.png","type":"image\/png"}],"twitter_card":"summary_large_image","twitter_site":"@ABPartners_cz","twitter_misc":{"Price":"261&nbsp;&#75;&#269; v\u010detn\u011b DPH","Availability":"In stock"},"schema":{"@context":"https:\/\/schema.org","@graph":[{"@type":"WebPage","@id":"https:\/\/www.abpartners.cz\/legalshop\/vypoved-ze-strany-zamestnance\/","url":"https:\/\/www.abpartners.cz\/legalshop\/vypoved-ze-strany-zamestnance\/","name":"V\u00fdpov\u011b\u010f ze strany zam\u011bstnance - LegalShop - AB PARTNERS advok\u00e1ti","isPartOf":{"@id":"https:\/\/www.abpartners.cz\/#website"},"primaryImageOfPage":{"@id":"https:\/\/www.abpartners.cz\/legalshop\/vypoved-ze-strany-zamestnance\/#primaryimage"},"image":{"@id":"https:\/\/www.abpartners.cz\/legalshop\/vypoved-ze-strany-zamestnance\/#primaryimage"},"thumbnailUrl":"https:\/\/www.abpartners.cz\/wp-content\/uploads\/2021\/04\/zamestnanci.png","datePublished":"2021-04-05T16:46:19+00:00","dateModified":"2021-04-06T18:57:17+00:00","breadcrumb":{"@id":"https:\/\/www.abpartners.cz\/legalshop\/vypoved-ze-strany-zamestnance\/#breadcrumb"},"inLanguage":"en-GB","potentialAction":[{"@type":"ReadAction","target":["https:\/\/www.abpartners.cz\/legalshop\/vypoved-ze-strany-zamestnance\/"]}]},{"@type":"ImageObject","inLanguage":"en-GB","@id":"https:\/\/www.abpartners.cz\/legalshop\/vypoved-ze-strany-zamestnance\/#primaryimage","url":"https:\/\/www.abpartners.cz\/wp-content\/uploads\/2021\/04\/zamestnanci.png","contentUrl":"https:\/\/www.abpartners.cz\/wp-content\/uploads\/2021\/04\/zamestnanci.png","width":260,"height":260},{"@type":"BreadcrumbList","@id":"https:\/\/www.abpartners.cz\/legalshop\/vypoved-ze-strany-zamestnance\/#breadcrumb","itemListElement":[{"@type":"ListItem","position":1,"name":"Dom\u016f","item":"https:\/\/www.abpartners.cz\/"},{"@type":"ListItem","position":2,"name":"LegalShop","item":"https:\/\/www.abpartners.cz\/legalshop\/"},{"@type":"ListItem","position":3,"name":"V\u00fdpov\u011b\u010f ze strany zam\u011bstnance"}]},{"@type":"WebSite","@id":"https:\/\/www.abpartners.cz\/#website","url":"https:\/\/www.abpartners.cz\/","name":"AB PARTNERS attorneys at law","description":"AB PARTNERS attorneys at law","publisher":{"@id":"https:\/\/www.abpartners.cz\/#organization"},"potentialAction":[{"@type":"SearchAction","target":{"@type":"EntryPoint","urlTemplate":"https:\/\/www.abpartners.cz\/?s={search_term_string}"},"query-input":{"@type":"PropertyValueSpecification","valueRequired":true,"valueName":"search_term_string"}}],"inLanguage":"en-GB"},{"@type":"Organization","@id":"https:\/\/www.abpartners.cz\/#organization","name":"AB PARTNERS attorneys at law","url":"https:\/\/www.abpartners.cz\/","logo":{"@type":"ImageObject","inLanguage":"en-GB","@id":"https:\/\/www.abpartners.cz\/#\/schema\/logo\/image\/","url":"https:\/\/www.abpartners.cz\/wp-content\/uploads\/2021\/01\/abpartners_regular_rgb_dark.png","contentUrl":"https:\/\/www.abpartners.cz\/wp-content\/uploads\/2021\/01\/abpartners_regular_rgb_dark.png","width":1240,"height":236,"caption":"AB PARTNERS advok\u00e1ti"},"image":{"@id":"https:\/\/www.abpartners.cz\/#\/schema\/logo\/image\/"},"sameAs":["https:\/\/www.facebook.com\/abpartners.cz\/","https:\/\/x.com\/ABPartners_cz","https:\/\/www.linkedin.com\/company\/abpartners\/","https:\/\/www.instagram.com\/abpartners.cz\/"]}]},"product_price_amount":"261","product_price_currency":"CZK","og_availability":"instock","product_availability":"instock","product_retailer_item_id":"204003-2","product_condition":"new"},"_links":{"self":[{"href":"https:\/\/www.abpartners.cz\/en\/wp-json\/wp\/v2\/product\/3432","targetHints":{"allow":["GET"]}}],"collection":[{"href":"https:\/\/www.abpartners.cz\/en\/wp-json\/wp\/v2\/product"}],"about":[{"href":"https:\/\/www.abpartners.cz\/en\/wp-json\/wp\/v2\/types\/product"}],"wp:featuredmedia":[{"embeddable":true,"href":"https:\/\/www.abpartners.cz\/en\/wp-json\/wp\/v2\/media\/3440"}],"wp:attachment":[{"href":"https:\/\/www.abpartners.cz\/en\/wp-json\/wp\/v2\/media?parent=3432"}],"wp:term":[{"taxonomy":"product_brand","embeddable":true,"href":"https:\/\/www.abpartners.cz\/en\/wp-json\/wp\/v2\/product_brand?post=3432"},{"taxonomy":"product_cat","embeddable":true,"href":"https:\/\/www.abpartners.cz\/en\/wp-json\/wp\/v2\/product_cat?post=3432"},{"taxonomy":"product_tag","embeddable":true,"href":"https:\/\/www.abpartners.cz\/en\/wp-json\/wp\/v2\/product_tag?post=3432"}],"curies":[{"name":"wp","href":"https:\/\/api.w.org\/{rel}","templated":true}]}}