{"id":3425,"date":"2021-04-05T18:23:02","date_gmt":"2021-04-05T16:23:02","guid":{"rendered":"https:\/\/www.abpartners.cz\/?post_type=product&#038;p=3425"},"modified":"2021-04-05T20:37:12","modified_gmt":"2021-04-05T18:37:12","slug":"dohoda-o-uprave-pracovnich-pomeru-na-dobu-urcitou","status":"publish","type":"product","link":"https:\/\/www.abpartners.cz\/en\/legalshop\/dohoda-o-uprave-pracovnich-pomeru-na-dobu-urcitou\/","title":{"rendered":"Agreement on the adjustment of fixed-term employment relationships"},"content":{"rendered":"<p>Labour Code very<strong> strictly regulates the conditions for entering into fixed-term employment relationships, <\/strong>which can be uncomfortably restrictive for the employer in certain situations. In order to ensure that this limitation is not absolute, the Labour Code introduces the possibility of exercising <strong>an exception to the statutory regulation of fixed-term employment relationships.<\/strong><\/p>\n<p>However, the employer must comply with the statutory<strong> a condition to capture the rules for a select group of employees who will be affected by the exemption,<\/strong> <strong>either in an internal regulation or in a written agreement with the trade union,<\/strong> if the trade union is active in the employer.<\/p>\n<p><strong>We recommend that due consideration be given to the drafting of the agreement, in particular the specification of the reasons for the exemption.<\/strong><\/p>","protected":false},"excerpt":{"rendered":"<p>Z\u00e1kon\u00edk pr\u00e1ce velmi p\u0159\u00edsn\u011b upravuje podm\u00ednky uzav\u00edr\u00e1n\u00ed pracovn\u00edch pom\u011br\u016f na dobu ur\u010ditou, \u010d\u00edm\u017e m\u016f\u017ee za ur\u010dit\u00fdch situac\u00ed zam\u011bstnavatele nep\u0159\u00edjemn\u011b omezovat. Aby tato limitace nebyla absolutn\u00ed, zav\u00e1d\u00ed z\u00e1kon\u00edk pr\u00e1ce mo\u017enost uplatnit v\u00fdjimku ze z\u00e1konn\u00e9 \u00fapravy \u010dasov\u011b ohrani\u010den\u00fdch pracovn\u00edch pom\u011br\u016f. Zam\u011bstnavatel v\u0161ak mus\u00ed dodr\u017eet z\u00e1konnou podm\u00ednku zachytit pravidla pro vybranou skupinu zam\u011bstnanc\u016f,  [&#8230;]<\/p>\n","protected":false},"featured_media":2524,"template":"","meta":{"_acf_changed":false,"rs_blank_template":"","rs_page_bg_color":"","slide_template_v7":""},"product_brand":[],"product_cat":[47,57],"product_tag":[],"class_list":{"0":"post-3425","1":"product","2":"type-product","3":"status-publish","4":"has-post-thumbnail","6":"product_cat-spolecnosti","7":"product_cat-zamestnavatele","9":"first","10":"instock","11":"sale","12":"downloadable","13":"virtual","14":"sold-individually","15":"taxable","16":"purchasable","17":"product-type-simple"},"bundled_by":[],"bundle_stock_status":"instock","bundle_stock_quantity":null,"bundle_virtual":false,"bundle_layout":"","bundle_add_to_cart_form_location":"","bundle_editable_in_cart":false,"bundle_sold_individually_context":"","bundle_item_grouping":"","bundle_min_size":"","bundle_max_size":"","bundle_price":[],"bundled_items":[],"bundle_sell_ids":[],"exclude_global_add_ons":false,"addons":[{"name":"Customized finalization (legal service)","type":"checkbox","position":0,"required":false,"title_format":"heading","default":"","description_enable":true,"description":"We will finish the pattern according to your specifications. You will receive the finished product. Fill in the contact details in the order form, we will call or email you.","placeholder_enable":false,"placeholder":"","display":"select","restrictions_type":"any_text","adjust_price":false,"price":"","price_type":"flat_fee","restrictions":false,"min":"0","max":"0","options":[{"label":"Finalizace na m\u00edru","price":"1590","price_type":"flat_fee","image":0,"visibility":true}]},{"name":"Telephone consultation with a lawyer (legal service)","type":"checkbox","position":1,"required":false,"title_format":"heading","default":"","description_enable":true,"description":"Do you need a consultation on the chosen pattern? We offer it at a discounted price. Fill in the contact details in the order form and we will call you.","placeholder_enable":false,"placeholder":"","display":"select","restrictions_type":"any_text","adjust_price":false,"price":"","price_type":"flat_fee","restrictions":false,"min":"0","max":"0","options":[{"label":"Porada v d\u00e9lce 30 minut","price":"790","price_type":"flat_fee","image":0,"visibility":true},{"label":"Porada v d\u00e9lce 60 minut","price":"1590","price_type":"flat_fee","image":0,"visibility":true},{"label":"Porada v d\u00e9lce 90 minut","price":"2390","price_type":"flat_fee","image":0,"visibility":true}]}],"acf":[],"yoast_head":"<!-- This site is optimized with the Yoast SEO plugin v27.5 - https:\/\/yoast.com\/product\/yoast-seo-wordpress\/ -->\n<title>Dohoda o \u00faprav\u011b pracovn\u00edch pom\u011br\u016f na dobu ur\u010ditou - LegalShop - AB PARTNERS advok\u00e1ti<\/title>\n<meta name=\"robots\" content=\"index, follow, max-snippet:-1, max-image-preview:large, max-video-preview:-1\" \/>\n<link rel=\"canonical\" href=\"https:\/\/www.abpartners.cz\/en\/legalshop\/dohoda-o-uprave-pracovnich-pomeru-na-dobu-urcitou\/\" \/>\n<meta property=\"og:locale\" content=\"en_GB\" \/>\n<meta property=\"og:type\" content=\"article\" \/>\n<meta property=\"og:title\" content=\"Dohoda o \u00faprav\u011b pracovn\u00edch pom\u011br\u016f na dobu ur\u010ditou - LegalShop - AB PARTNERS advok\u00e1ti\" \/>\n<meta property=\"og:description\" content=\"Z\u00e1kon\u00edk pr\u00e1ce velmi p\u0159\u00edsn\u011b upravuje podm\u00ednky uzav\u00edr\u00e1n\u00ed pracovn\u00edch pom\u011br\u016f na dobu ur\u010ditou, \u010d\u00edm\u017e m\u016f\u017ee za ur\u010dit\u00fdch situac\u00ed zam\u011bstnavatele nep\u0159\u00edjemn\u011b omezovat. Aby tato limitace nebyla absolutn\u00ed, zav\u00e1d\u00ed z\u00e1kon\u00edk pr\u00e1ce mo\u017enost uplatnit v\u00fdjimku ze z\u00e1konn\u00e9 \u00fapravy \u010dasov\u011b ohrani\u010den\u00fdch pracovn\u00edch pom\u011br\u016f. Zam\u011bstnavatel v\u0161ak mus\u00ed dodr\u017eet z\u00e1konnou podm\u00ednku zachytit pravidla pro vybranou skupinu zam\u011bstnanc\u016f, [...]\" \/>\n<meta property=\"og:url\" content=\"https:\/\/www.abpartners.cz\/en\/legalshop\/dohoda-o-uprave-pracovnich-pomeru-na-dobu-urcitou\/\" \/>\n<meta property=\"og:site_name\" content=\"AB PARTNERS advok\u00e1ti\" \/>\n<meta property=\"article:publisher\" content=\"https:\/\/www.facebook.com\/abpartners.cz\/\" \/>\n<meta property=\"article:modified_time\" content=\"2021-04-05T18:37:12+00:00\" \/>\n<meta property=\"og:image\" content=\"https:\/\/www.abpartners.cz\/wp-content\/uploads\/2021\/01\/ikona_vzory_zamestnavatel.png\" \/>\n\t<meta property=\"og:image:width\" content=\"520\" \/>\n\t<meta property=\"og:image:height\" content=\"520\" \/>\n\t<meta property=\"og:image:type\" content=\"image\/png\" \/>\n<meta name=\"twitter:card\" content=\"summary_large_image\" \/>\n<meta name=\"twitter:site\" content=\"@ABPartners_cz\" \/>\n<meta name=\"twitter:label1\" content=\"Price\" \/>\n\t<meta name=\"twitter:data1\" content=\"531&nbsp;&#075;&#269; v\u010detn\u011b DPH\" \/>\n\t<meta name=\"twitter:label2\" content=\"Availability\" \/>\n\t<meta name=\"twitter:data2\" content=\"In stock\" \/>\n<script type=\"application\/ld+json\" class=\"yoast-schema-graph\">{\"@context\":\"https:\\\/\\\/schema.org\",\"@graph\":[{\"@type\":\"WebPage\",\"@id\":\"https:\\\/\\\/www.abpartners.cz\\\/legalshop\\\/dohoda-o-uprave-pracovnich-pomeru-na-dobu-urcitou\\\/\",\"url\":\"https:\\\/\\\/www.abpartners.cz\\\/legalshop\\\/dohoda-o-uprave-pracovnich-pomeru-na-dobu-urcitou\\\/\",\"name\":\"Dohoda o \u00faprav\u011b pracovn\u00edch pom\u011br\u016f na dobu ur\u010ditou - LegalShop - AB PARTNERS advok\u00e1ti\",\"isPartOf\":{\"@id\":\"https:\\\/\\\/www.abpartners.cz\\\/#website\"},\"primaryImageOfPage\":{\"@id\":\"https:\\\/\\\/www.abpartners.cz\\\/legalshop\\\/dohoda-o-uprave-pracovnich-pomeru-na-dobu-urcitou\\\/#primaryimage\"},\"image\":{\"@id\":\"https:\\\/\\\/www.abpartners.cz\\\/legalshop\\\/dohoda-o-uprave-pracovnich-pomeru-na-dobu-urcitou\\\/#primaryimage\"},\"thumbnailUrl\":\"https:\\\/\\\/www.abpartners.cz\\\/wp-content\\\/uploads\\\/2021\\\/01\\\/ikona_vzory_zamestnavatel.png\",\"datePublished\":\"2021-04-05T16:23:02+00:00\",\"dateModified\":\"2021-04-05T18:37:12+00:00\",\"breadcrumb\":{\"@id\":\"https:\\\/\\\/www.abpartners.cz\\\/legalshop\\\/dohoda-o-uprave-pracovnich-pomeru-na-dobu-urcitou\\\/#breadcrumb\"},\"inLanguage\":\"en-GB\",\"potentialAction\":[{\"@type\":\"ReadAction\",\"target\":[\"https:\\\/\\\/www.abpartners.cz\\\/legalshop\\\/dohoda-o-uprave-pracovnich-pomeru-na-dobu-urcitou\\\/\"]}]},{\"@type\":\"ImageObject\",\"inLanguage\":\"en-GB\",\"@id\":\"https:\\\/\\\/www.abpartners.cz\\\/legalshop\\\/dohoda-o-uprave-pracovnich-pomeru-na-dobu-urcitou\\\/#primaryimage\",\"url\":\"https:\\\/\\\/www.abpartners.cz\\\/wp-content\\\/uploads\\\/2021\\\/01\\\/ikona_vzory_zamestnavatel.png\",\"contentUrl\":\"https:\\\/\\\/www.abpartners.cz\\\/wp-content\\\/uploads\\\/2021\\\/01\\\/ikona_vzory_zamestnavatel.png\",\"width\":520,\"height\":520},{\"@type\":\"BreadcrumbList\",\"@id\":\"https:\\\/\\\/www.abpartners.cz\\\/legalshop\\\/dohoda-o-uprave-pracovnich-pomeru-na-dobu-urcitou\\\/#breadcrumb\",\"itemListElement\":[{\"@type\":\"ListItem\",\"position\":1,\"name\":\"Dom\u016f\",\"item\":\"https:\\\/\\\/www.abpartners.cz\\\/\"},{\"@type\":\"ListItem\",\"position\":2,\"name\":\"LegalShop\",\"item\":\"https:\\\/\\\/www.abpartners.cz\\\/legalshop\\\/\"},{\"@type\":\"ListItem\",\"position\":3,\"name\":\"Dohoda o \u00faprav\u011b pracovn\u00edch pom\u011br\u016f na dobu ur\u010ditou\"}]},{\"@type\":\"WebSite\",\"@id\":\"https:\\\/\\\/www.abpartners.cz\\\/#website\",\"url\":\"https:\\\/\\\/www.abpartners.cz\\\/\",\"name\":\"AB PARTNERS advok\u00e1ti\",\"description\":\"AB PARTNERS advok\u00e1ti\",\"publisher\":{\"@id\":\"https:\\\/\\\/www.abpartners.cz\\\/#organization\"},\"potentialAction\":[{\"@type\":\"SearchAction\",\"target\":{\"@type\":\"EntryPoint\",\"urlTemplate\":\"https:\\\/\\\/www.abpartners.cz\\\/?s={search_term_string}\"},\"query-input\":{\"@type\":\"PropertyValueSpecification\",\"valueRequired\":true,\"valueName\":\"search_term_string\"}}],\"inLanguage\":\"en-GB\"},{\"@type\":\"Organization\",\"@id\":\"https:\\\/\\\/www.abpartners.cz\\\/#organization\",\"name\":\"AB PARTNERS advok\u00e1ti\",\"url\":\"https:\\\/\\\/www.abpartners.cz\\\/\",\"logo\":{\"@type\":\"ImageObject\",\"inLanguage\":\"en-GB\",\"@id\":\"https:\\\/\\\/www.abpartners.cz\\\/#\\\/schema\\\/logo\\\/image\\\/\",\"url\":\"https:\\\/\\\/www.abpartners.cz\\\/wp-content\\\/uploads\\\/2021\\\/01\\\/abpartners_regular_rgb_dark.png\",\"contentUrl\":\"https:\\\/\\\/www.abpartners.cz\\\/wp-content\\\/uploads\\\/2021\\\/01\\\/abpartners_regular_rgb_dark.png\",\"width\":1240,\"height\":236,\"caption\":\"AB PARTNERS advok\u00e1ti\"},\"image\":{\"@id\":\"https:\\\/\\\/www.abpartners.cz\\\/#\\\/schema\\\/logo\\\/image\\\/\"},\"sameAs\":[\"https:\\\/\\\/www.facebook.com\\\/abpartners.cz\\\/\",\"https:\\\/\\\/x.com\\\/ABPartners_cz\",\"https:\\\/\\\/www.linkedin.com\\\/company\\\/abpartners\\\/\",\"https:\\\/\\\/www.instagram.com\\\/abpartners.cz\\\/\"]}]}<\/script>\n<meta property=\"product:price:amount\" content=\"531\" \/>\n<meta property=\"product:price:currency\" content=\"CZK\" \/>\n<meta property=\"og:availability\" content=\"instock\" \/>\n<meta property=\"product:availability\" content=\"instock\" \/>\n<meta property=\"product:retailer_item_id\" content=\"204006\" \/>\n<meta property=\"product:condition\" content=\"new\" \/>\n<!-- \/ Yoast SEO plugin. -->","yoast_head_json":{"title":"Dohoda o \u00faprav\u011b pracovn\u00edch pom\u011br\u016f na dobu ur\u010ditou - LegalShop - AB PARTNERS advok\u00e1ti","robots":{"index":"index","follow":"follow","max-snippet":"max-snippet:-1","max-image-preview":"max-image-preview:large","max-video-preview":"max-video-preview:-1"},"canonical":"https:\/\/www.abpartners.cz\/en\/legalshop\/dohoda-o-uprave-pracovnich-pomeru-na-dobu-urcitou\/","og_locale":"en_GB","og_type":"article","og_title":"Dohoda o \u00faprav\u011b pracovn\u00edch pom\u011br\u016f na dobu ur\u010ditou - LegalShop - AB PARTNERS advok\u00e1ti","og_description":"Z\u00e1kon\u00edk pr\u00e1ce velmi p\u0159\u00edsn\u011b upravuje podm\u00ednky uzav\u00edr\u00e1n\u00ed pracovn\u00edch pom\u011br\u016f na dobu ur\u010ditou, \u010d\u00edm\u017e m\u016f\u017ee za ur\u010dit\u00fdch situac\u00ed zam\u011bstnavatele nep\u0159\u00edjemn\u011b omezovat. Aby tato limitace nebyla absolutn\u00ed, zav\u00e1d\u00ed z\u00e1kon\u00edk pr\u00e1ce mo\u017enost uplatnit v\u00fdjimku ze z\u00e1konn\u00e9 \u00fapravy \u010dasov\u011b ohrani\u010den\u00fdch pracovn\u00edch pom\u011br\u016f. Zam\u011bstnavatel v\u0161ak mus\u00ed dodr\u017eet z\u00e1konnou podm\u00ednku zachytit pravidla pro vybranou skupinu zam\u011bstnanc\u016f, [...]","og_url":"https:\/\/www.abpartners.cz\/en\/legalshop\/dohoda-o-uprave-pracovnich-pomeru-na-dobu-urcitou\/","og_site_name":"AB PARTNERS advok\u00e1ti","article_publisher":"https:\/\/www.facebook.com\/abpartners.cz\/","article_modified_time":"2021-04-05T18:37:12+00:00","og_image":[{"width":520,"height":520,"url":"https:\/\/www.abpartners.cz\/wp-content\/uploads\/2021\/01\/ikona_vzory_zamestnavatel.png","type":"image\/png"}],"twitter_card":"summary_large_image","twitter_site":"@ABPartners_cz","twitter_misc":{"Price":"531&nbsp;&#75;&#269; v\u010detn\u011b DPH","Availability":"In stock"},"schema":{"@context":"https:\/\/schema.org","@graph":[{"@type":"WebPage","@id":"https:\/\/www.abpartners.cz\/legalshop\/dohoda-o-uprave-pracovnich-pomeru-na-dobu-urcitou\/","url":"https:\/\/www.abpartners.cz\/legalshop\/dohoda-o-uprave-pracovnich-pomeru-na-dobu-urcitou\/","name":"Dohoda o \u00faprav\u011b pracovn\u00edch pom\u011br\u016f na dobu ur\u010ditou - LegalShop - AB PARTNERS advok\u00e1ti","isPartOf":{"@id":"https:\/\/www.abpartners.cz\/#website"},"primaryImageOfPage":{"@id":"https:\/\/www.abpartners.cz\/legalshop\/dohoda-o-uprave-pracovnich-pomeru-na-dobu-urcitou\/#primaryimage"},"image":{"@id":"https:\/\/www.abpartners.cz\/legalshop\/dohoda-o-uprave-pracovnich-pomeru-na-dobu-urcitou\/#primaryimage"},"thumbnailUrl":"https:\/\/www.abpartners.cz\/wp-content\/uploads\/2021\/01\/ikona_vzory_zamestnavatel.png","datePublished":"2021-04-05T16:23:02+00:00","dateModified":"2021-04-05T18:37:12+00:00","breadcrumb":{"@id":"https:\/\/www.abpartners.cz\/legalshop\/dohoda-o-uprave-pracovnich-pomeru-na-dobu-urcitou\/#breadcrumb"},"inLanguage":"en-GB","potentialAction":[{"@type":"ReadAction","target":["https:\/\/www.abpartners.cz\/legalshop\/dohoda-o-uprave-pracovnich-pomeru-na-dobu-urcitou\/"]}]},{"@type":"ImageObject","inLanguage":"en-GB","@id":"https:\/\/www.abpartners.cz\/legalshop\/dohoda-o-uprave-pracovnich-pomeru-na-dobu-urcitou\/#primaryimage","url":"https:\/\/www.abpartners.cz\/wp-content\/uploads\/2021\/01\/ikona_vzory_zamestnavatel.png","contentUrl":"https:\/\/www.abpartners.cz\/wp-content\/uploads\/2021\/01\/ikona_vzory_zamestnavatel.png","width":520,"height":520},{"@type":"BreadcrumbList","@id":"https:\/\/www.abpartners.cz\/legalshop\/dohoda-o-uprave-pracovnich-pomeru-na-dobu-urcitou\/#breadcrumb","itemListElement":[{"@type":"ListItem","position":1,"name":"Dom\u016f","item":"https:\/\/www.abpartners.cz\/"},{"@type":"ListItem","position":2,"name":"LegalShop","item":"https:\/\/www.abpartners.cz\/legalshop\/"},{"@type":"ListItem","position":3,"name":"Dohoda o \u00faprav\u011b pracovn\u00edch pom\u011br\u016f na dobu ur\u010ditou"}]},{"@type":"WebSite","@id":"https:\/\/www.abpartners.cz\/#website","url":"https:\/\/www.abpartners.cz\/","name":"AB PARTNERS attorneys at law","description":"AB PARTNERS attorneys at law","publisher":{"@id":"https:\/\/www.abpartners.cz\/#organization"},"potentialAction":[{"@type":"SearchAction","target":{"@type":"EntryPoint","urlTemplate":"https:\/\/www.abpartners.cz\/?s={search_term_string}"},"query-input":{"@type":"PropertyValueSpecification","valueRequired":true,"valueName":"search_term_string"}}],"inLanguage":"en-GB"},{"@type":"Organization","@id":"https:\/\/www.abpartners.cz\/#organization","name":"AB PARTNERS attorneys at law","url":"https:\/\/www.abpartners.cz\/","logo":{"@type":"ImageObject","inLanguage":"en-GB","@id":"https:\/\/www.abpartners.cz\/#\/schema\/logo\/image\/","url":"https:\/\/www.abpartners.cz\/wp-content\/uploads\/2021\/01\/abpartners_regular_rgb_dark.png","contentUrl":"https:\/\/www.abpartners.cz\/wp-content\/uploads\/2021\/01\/abpartners_regular_rgb_dark.png","width":1240,"height":236,"caption":"AB PARTNERS advok\u00e1ti"},"image":{"@id":"https:\/\/www.abpartners.cz\/#\/schema\/logo\/image\/"},"sameAs":["https:\/\/www.facebook.com\/abpartners.cz\/","https:\/\/x.com\/ABPartners_cz","https:\/\/www.linkedin.com\/company\/abpartners\/","https:\/\/www.instagram.com\/abpartners.cz\/"]}]},"product_price_amount":"531","product_price_currency":"CZK","og_availability":"instock","product_availability":"instock","product_retailer_item_id":"204006","product_condition":"new"},"_links":{"self":[{"href":"https:\/\/www.abpartners.cz\/en\/wp-json\/wp\/v2\/product\/3425","targetHints":{"allow":["GET"]}}],"collection":[{"href":"https:\/\/www.abpartners.cz\/en\/wp-json\/wp\/v2\/product"}],"about":[{"href":"https:\/\/www.abpartners.cz\/en\/wp-json\/wp\/v2\/types\/product"}],"wp:featuredmedia":[{"embeddable":true,"href":"https:\/\/www.abpartners.cz\/en\/wp-json\/wp\/v2\/media\/2524"}],"wp:attachment":[{"href":"https:\/\/www.abpartners.cz\/en\/wp-json\/wp\/v2\/media?parent=3425"}],"wp:term":[{"taxonomy":"product_brand","embeddable":true,"href":"https:\/\/www.abpartners.cz\/en\/wp-json\/wp\/v2\/product_brand?post=3425"},{"taxonomy":"product_cat","embeddable":true,"href":"https:\/\/www.abpartners.cz\/en\/wp-json\/wp\/v2\/product_cat?post=3425"},{"taxonomy":"product_tag","embeddable":true,"href":"https:\/\/www.abpartners.cz\/en\/wp-json\/wp\/v2\/product_tag?post=3425"}],"curies":[{"name":"wp","href":"https:\/\/api.w.org\/{rel}","templated":true}]}}