{"id":3297,"date":"2021-03-28T22:15:23","date_gmt":"2021-03-28T20:15:23","guid":{"rendered":"https:\/\/www.abpartners.cz\/?post_type=product&#038;p=3297"},"modified":"2021-03-30T13:07:07","modified_gmt":"2021-03-30T11:07:07","slug":"monitoring-insolvencniho-rejstriku-pravni-sluzba","status":"publish","type":"product","link":"https:\/\/www.abpartners.cz\/en\/legalshop\/monitoring-insolvencniho-rejstriku-pravni-sluzba\/","title":{"rendered":"Insolvency register monitoring (legal service)"},"content":{"rendered":"<p><span style=\"color: #b61e3f;\"><strong>Always include your email and phone number in your order so that we can contact you to discuss the details.<\/strong><\/span><\/p>\n<p><strong>Does anyone owe you money?<\/strong> You know you can <strong>to lose your claim very easily<\/strong>. If your debtor or another creditor files a <strong>insolvency petition<\/strong>you usually have two months after your debtor's bankruptcy decision to <strong>filing a claim<\/strong> with the insolvency court.<\/p>\n<p>However, you may not be aware that insolvency proceedings have been opened. In insolvency proceedings, everything is only published electronically in the insolvency register. No one informs you about changes in the insolvency register. The law favours the vigilant.<\/p>\n<p><strong>What happens if you do not file a claim in insolvency proceedings?<\/strong> It is very likely that you will lose your claim. Although there are some exceptions, you can only file a claim after the insolvency proceedings have been opened. There are certain effects associated with the opening of insolvency proceedings, e.g. the court proceedings are suspended and the debtor's property cannot be executed.<\/p>\n<p>So what if I sign up? If you manage to file your claim in the insolvency proceedings on time,<strong> you can get at least some of your money back.\u00a0<\/strong><\/p>\n<p>If the court approves the debtor's <strong>debt relief<\/strong>, will be resolved by monetising the debtor's assets or <strong>by instalment plan<\/strong>. The debtor must comply with the conditions throughout the insolvency proceedings. This is the only way the court can issue a <strong>exemption from outstanding and undeclared debts<\/strong>.<\/p>\n<p>If the debtor's property is declared <strong>competition, <\/strong>will be resolved by the monetisation of the debtor's assets. In this case, however, you can send the debtor to foreclosure after the proceedings have been completed on the basis of the list of claims filed, without going through the court proceedings. In such a case, the list of claims is considered to be <strong>enforcement title<\/strong>.<\/p>\n<p>Therefore, do not miss the deadline for filing claims in insolvency proceedings. <strong>We can look after the insolvency register for you.<\/strong> <strong>We have the tools to do this.<\/strong> If insolvency proceedings are opened, you will be<strong> we inform you about the commencement of the proceedings, about the deadlines for filing a claim and, if you are interested, we will also help you with filing a claim in the insolvency proceedings<\/strong>.<\/p>\n<p>What do we need to monitor the insolvency register? We only need the name and surname of the debtor, date of birth or birth number and the address of the debtor if he\/she is a natural person. In the case of a legal person, we only need the name, registration number and registered office.<\/p>\n<p>After ordering and paying for the service, we will contact you to find out the necessary information.<\/p>\n<p>&nbsp;<\/p>\n<p>&nbsp;<\/p>\n<p>&nbsp;<\/p>\n<p>&nbsp;<\/p>","protected":false},"excerpt":{"rendered":"<p>V objedn\u00e1vce v\u017edy uve\u010fte V\u00e1\u0161 email a telefonn\u00ed \u010d\u00edslo, abychom V\u00e1s mohli kontaktovat a domluvit se na podrobnostech. Dlu\u017e\u00ed V\u00e1m n\u011bkdo pen\u00edze? V\u00edte, \u017ee m\u016f\u017eete o svou pohled\u00e1vku velice snadno p\u0159ij\u00edt. Pokud V\u00e1\u0161 dlu\u017en\u00edk nebo jeho jin\u00fd v\u011b\u0159itel pod\u00e1 insolven\u010dn\u00ed n\u00e1vrh, tak po rozhodnut\u00ed o \u00fapadku Va\u0161eho dlu\u017en\u00edka m\u00e1te obvykle  [&#8230;]<\/p>\n","protected":false},"featured_media":3261,"template":"","meta":{"_acf_changed":false,"rs_blank_template":"","rs_page_bg_color":"","slide_template_v7":""},"product_brand":[],"product_cat":[61],"product_tag":[],"class_list":{"0":"post-3297","1":"product","2":"type-product","3":"status-publish","4":"has-post-thumbnail","6":"product_cat-insolvence","8":"first","9":"instock","10":"sold-individually","11":"taxable","12":"shipping-taxable","13":"purchasable","14":"product-type-variable"},"bundled_by":[],"bundle_stock_status":"instock","bundle_stock_quantity":null,"bundle_virtual":false,"bundle_layout":"","bundle_add_to_cart_form_location":"","bundle_editable_in_cart":false,"bundle_sold_individually_context":"","bundle_item_grouping":"","bundle_min_size":"","bundle_max_size":"","bundle_price":[],"bundled_items":[],"bundle_sell_ids":[],"exclude_global_add_ons":[],"addons":[],"acf":[],"yoast_head":"<!-- This site is optimized with the Yoast SEO plugin v27.4 - https:\/\/yoast.com\/product\/yoast-seo-wordpress\/ -->\n<title>Monitoring insolven\u010dn\u00edho rejst\u0159\u00edku (pr\u00e1vn\u00ed slu\u017eba) - LegalShop - AB PARTNERS advok\u00e1ti<\/title>\n<meta name=\"robots\" content=\"index, follow, max-snippet:-1, max-image-preview:large, max-video-preview:-1\" \/>\n<link rel=\"canonical\" href=\"https:\/\/www.abpartners.cz\/en\/legalshop\/monitoring-insolvencniho-rejstriku-pravni-sluzba\/\" \/>\n<meta property=\"og:locale\" content=\"en_GB\" \/>\n<meta property=\"og:type\" content=\"article\" \/>\n<meta property=\"og:title\" content=\"Monitoring insolven\u010dn\u00edho rejst\u0159\u00edku (pr\u00e1vn\u00ed slu\u017eba) - LegalShop - AB PARTNERS advok\u00e1ti\" \/>\n<meta property=\"og:description\" content=\"V objedn\u00e1vce v\u017edy uve\u010fte V\u00e1\u0161 email a telefonn\u00ed \u010d\u00edslo, abychom V\u00e1s mohli kontaktovat a domluvit se na podrobnostech. Dlu\u017e\u00ed V\u00e1m n\u011bkdo pen\u00edze? V\u00edte, \u017ee m\u016f\u017eete o svou pohled\u00e1vku velice snadno p\u0159ij\u00edt. Pokud V\u00e1\u0161 dlu\u017en\u00edk nebo jeho jin\u00fd v\u011b\u0159itel pod\u00e1 insolven\u010dn\u00ed n\u00e1vrh, tak po rozhodnut\u00ed o \u00fapadku Va\u0161eho dlu\u017en\u00edka m\u00e1te obvykle [...]\" \/>\n<meta property=\"og:url\" content=\"https:\/\/www.abpartners.cz\/en\/legalshop\/monitoring-insolvencniho-rejstriku-pravni-sluzba\/\" \/>\n<meta property=\"og:site_name\" content=\"AB PARTNERS advok\u00e1ti\" \/>\n<meta property=\"article:publisher\" content=\"https:\/\/www.facebook.com\/abpartners.cz\/\" \/>\n<meta property=\"article:modified_time\" content=\"2021-03-30T11:07:07+00:00\" \/>\n<meta property=\"og:image\" content=\"https:\/\/www.abpartners.cz\/wp-content\/uploads\/2021\/02\/insolvence.png\" \/>\n\t<meta property=\"og:image:width\" content=\"260\" \/>\n\t<meta property=\"og:image:height\" content=\"260\" \/>\n\t<meta property=\"og:image:type\" content=\"image\/png\" \/>\n<meta name=\"twitter:card\" content=\"summary_large_image\" \/>\n<meta name=\"twitter:site\" content=\"@ABPartners_cz\" \/>\n<meta name=\"twitter:label1\" content=\"Availability\" \/>\n\t<meta name=\"twitter:data1\" content=\"In stock\" \/>\n<script type=\"application\/ld+json\" class=\"yoast-schema-graph\">{\"@context\":\"https:\\\/\\\/schema.org\",\"@graph\":[{\"@type\":\"WebPage\",\"@id\":\"https:\\\/\\\/www.abpartners.cz\\\/legalshop\\\/monitoring-insolvencniho-rejstriku-pravni-sluzba\\\/\",\"url\":\"https:\\\/\\\/www.abpartners.cz\\\/legalshop\\\/monitoring-insolvencniho-rejstriku-pravni-sluzba\\\/\",\"name\":\"Monitoring insolven\u010dn\u00edho rejst\u0159\u00edku (pr\u00e1vn\u00ed slu\u017eba) - LegalShop - AB PARTNERS advok\u00e1ti\",\"isPartOf\":{\"@id\":\"https:\\\/\\\/www.abpartners.cz\\\/#website\"},\"primaryImageOfPage\":{\"@id\":\"https:\\\/\\\/www.abpartners.cz\\\/legalshop\\\/monitoring-insolvencniho-rejstriku-pravni-sluzba\\\/#primaryimage\"},\"image\":{\"@id\":\"https:\\\/\\\/www.abpartners.cz\\\/legalshop\\\/monitoring-insolvencniho-rejstriku-pravni-sluzba\\\/#primaryimage\"},\"thumbnailUrl\":\"https:\\\/\\\/www.abpartners.cz\\\/wp-content\\\/uploads\\\/2021\\\/02\\\/insolvence.png\",\"datePublished\":\"2021-03-28T20:15:23+00:00\",\"dateModified\":\"2021-03-30T11:07:07+00:00\",\"breadcrumb\":{\"@id\":\"https:\\\/\\\/www.abpartners.cz\\\/legalshop\\\/monitoring-insolvencniho-rejstriku-pravni-sluzba\\\/#breadcrumb\"},\"inLanguage\":\"en-GB\",\"potentialAction\":[{\"@type\":\"ReadAction\",\"target\":[\"https:\\\/\\\/www.abpartners.cz\\\/legalshop\\\/monitoring-insolvencniho-rejstriku-pravni-sluzba\\\/\"]}]},{\"@type\":\"ImageObject\",\"inLanguage\":\"en-GB\",\"@id\":\"https:\\\/\\\/www.abpartners.cz\\\/legalshop\\\/monitoring-insolvencniho-rejstriku-pravni-sluzba\\\/#primaryimage\",\"url\":\"https:\\\/\\\/www.abpartners.cz\\\/wp-content\\\/uploads\\\/2021\\\/02\\\/insolvence.png\",\"contentUrl\":\"https:\\\/\\\/www.abpartners.cz\\\/wp-content\\\/uploads\\\/2021\\\/02\\\/insolvence.png\",\"width\":260,\"height\":260},{\"@type\":\"BreadcrumbList\",\"@id\":\"https:\\\/\\\/www.abpartners.cz\\\/legalshop\\\/monitoring-insolvencniho-rejstriku-pravni-sluzba\\\/#breadcrumb\",\"itemListElement\":[{\"@type\":\"ListItem\",\"position\":1,\"name\":\"Dom\u016f\",\"item\":\"https:\\\/\\\/www.abpartners.cz\\\/\"},{\"@type\":\"ListItem\",\"position\":2,\"name\":\"LegalShop\",\"item\":\"https:\\\/\\\/www.abpartners.cz\\\/legalshop\\\/\"},{\"@type\":\"ListItem\",\"position\":3,\"name\":\"Monitoring insolven\u010dn\u00edho rejst\u0159\u00edku (pr\u00e1vn\u00ed slu\u017eba)\"}]},{\"@type\":\"WebSite\",\"@id\":\"https:\\\/\\\/www.abpartners.cz\\\/#website\",\"url\":\"https:\\\/\\\/www.abpartners.cz\\\/\",\"name\":\"AB PARTNERS advok\u00e1ti\",\"description\":\"AB PARTNERS advok\u00e1ti\",\"publisher\":{\"@id\":\"https:\\\/\\\/www.abpartners.cz\\\/#organization\"},\"potentialAction\":[{\"@type\":\"SearchAction\",\"target\":{\"@type\":\"EntryPoint\",\"urlTemplate\":\"https:\\\/\\\/www.abpartners.cz\\\/?s={search_term_string}\"},\"query-input\":{\"@type\":\"PropertyValueSpecification\",\"valueRequired\":true,\"valueName\":\"search_term_string\"}}],\"inLanguage\":\"en-GB\"},{\"@type\":\"Organization\",\"@id\":\"https:\\\/\\\/www.abpartners.cz\\\/#organization\",\"name\":\"AB PARTNERS advok\u00e1ti\",\"url\":\"https:\\\/\\\/www.abpartners.cz\\\/\",\"logo\":{\"@type\":\"ImageObject\",\"inLanguage\":\"en-GB\",\"@id\":\"https:\\\/\\\/www.abpartners.cz\\\/#\\\/schema\\\/logo\\\/image\\\/\",\"url\":\"https:\\\/\\\/www.abpartners.cz\\\/wp-content\\\/uploads\\\/2021\\\/01\\\/abpartners_regular_rgb_dark.png\",\"contentUrl\":\"https:\\\/\\\/www.abpartners.cz\\\/wp-content\\\/uploads\\\/2021\\\/01\\\/abpartners_regular_rgb_dark.png\",\"width\":1240,\"height\":236,\"caption\":\"AB PARTNERS advok\u00e1ti\"},\"image\":{\"@id\":\"https:\\\/\\\/www.abpartners.cz\\\/#\\\/schema\\\/logo\\\/image\\\/\"},\"sameAs\":[\"https:\\\/\\\/www.facebook.com\\\/abpartners.cz\\\/\",\"https:\\\/\\\/x.com\\\/ABPartners_cz\",\"https:\\\/\\\/www.linkedin.com\\\/company\\\/abpartners\\\/\",\"https:\\\/\\\/www.instagram.com\\\/abpartners.cz\\\/\"]}]}<\/script>\n<meta property=\"og:availability\" content=\"instock\" \/>\n<meta property=\"product:availability\" content=\"instock\" \/>\n<meta property=\"product:retailer_item_id\" content=\"205001\" \/>\n<meta property=\"product:condition\" content=\"new\" \/>\n<!-- \/ Yoast SEO plugin. -->","yoast_head_json":{"title":"Monitoring insolven\u010dn\u00edho rejst\u0159\u00edku (pr\u00e1vn\u00ed slu\u017eba) - LegalShop - AB PARTNERS advok\u00e1ti","robots":{"index":"index","follow":"follow","max-snippet":"max-snippet:-1","max-image-preview":"max-image-preview:large","max-video-preview":"max-video-preview:-1"},"canonical":"https:\/\/www.abpartners.cz\/en\/legalshop\/monitoring-insolvencniho-rejstriku-pravni-sluzba\/","og_locale":"en_GB","og_type":"article","og_title":"Monitoring insolven\u010dn\u00edho rejst\u0159\u00edku (pr\u00e1vn\u00ed slu\u017eba) - LegalShop - AB PARTNERS advok\u00e1ti","og_description":"V objedn\u00e1vce v\u017edy uve\u010fte V\u00e1\u0161 email a telefonn\u00ed \u010d\u00edslo, abychom V\u00e1s mohli kontaktovat a domluvit se na podrobnostech. Dlu\u017e\u00ed V\u00e1m n\u011bkdo pen\u00edze? V\u00edte, \u017ee m\u016f\u017eete o svou pohled\u00e1vku velice snadno p\u0159ij\u00edt. Pokud V\u00e1\u0161 dlu\u017en\u00edk nebo jeho jin\u00fd v\u011b\u0159itel pod\u00e1 insolven\u010dn\u00ed n\u00e1vrh, tak po rozhodnut\u00ed o \u00fapadku Va\u0161eho dlu\u017en\u00edka m\u00e1te obvykle [...]","og_url":"https:\/\/www.abpartners.cz\/en\/legalshop\/monitoring-insolvencniho-rejstriku-pravni-sluzba\/","og_site_name":"AB PARTNERS advok\u00e1ti","article_publisher":"https:\/\/www.facebook.com\/abpartners.cz\/","article_modified_time":"2021-03-30T11:07:07+00:00","og_image":[{"width":260,"height":260,"url":"https:\/\/www.abpartners.cz\/wp-content\/uploads\/2021\/02\/insolvence.png","type":"image\/png"}],"twitter_card":"summary_large_image","twitter_site":"@ABPartners_cz","twitter_misc":{"Availability":"In stock"},"schema":{"@context":"https:\/\/schema.org","@graph":[{"@type":"WebPage","@id":"https:\/\/www.abpartners.cz\/legalshop\/monitoring-insolvencniho-rejstriku-pravni-sluzba\/","url":"https:\/\/www.abpartners.cz\/legalshop\/monitoring-insolvencniho-rejstriku-pravni-sluzba\/","name":"Monitoring insolven\u010dn\u00edho rejst\u0159\u00edku (pr\u00e1vn\u00ed slu\u017eba) - LegalShop - AB PARTNERS advok\u00e1ti","isPartOf":{"@id":"https:\/\/www.abpartners.cz\/#website"},"primaryImageOfPage":{"@id":"https:\/\/www.abpartners.cz\/legalshop\/monitoring-insolvencniho-rejstriku-pravni-sluzba\/#primaryimage"},"image":{"@id":"https:\/\/www.abpartners.cz\/legalshop\/monitoring-insolvencniho-rejstriku-pravni-sluzba\/#primaryimage"},"thumbnailUrl":"https:\/\/www.abpartners.cz\/wp-content\/uploads\/2021\/02\/insolvence.png","datePublished":"2021-03-28T20:15:23+00:00","dateModified":"2021-03-30T11:07:07+00:00","breadcrumb":{"@id":"https:\/\/www.abpartners.cz\/legalshop\/monitoring-insolvencniho-rejstriku-pravni-sluzba\/#breadcrumb"},"inLanguage":"en-GB","potentialAction":[{"@type":"ReadAction","target":["https:\/\/www.abpartners.cz\/legalshop\/monitoring-insolvencniho-rejstriku-pravni-sluzba\/"]}]},{"@type":"ImageObject","inLanguage":"en-GB","@id":"https:\/\/www.abpartners.cz\/legalshop\/monitoring-insolvencniho-rejstriku-pravni-sluzba\/#primaryimage","url":"https:\/\/www.abpartners.cz\/wp-content\/uploads\/2021\/02\/insolvence.png","contentUrl":"https:\/\/www.abpartners.cz\/wp-content\/uploads\/2021\/02\/insolvence.png","width":260,"height":260},{"@type":"BreadcrumbList","@id":"https:\/\/www.abpartners.cz\/legalshop\/monitoring-insolvencniho-rejstriku-pravni-sluzba\/#breadcrumb","itemListElement":[{"@type":"ListItem","position":1,"name":"Dom\u016f","item":"https:\/\/www.abpartners.cz\/"},{"@type":"ListItem","position":2,"name":"LegalShop","item":"https:\/\/www.abpartners.cz\/legalshop\/"},{"@type":"ListItem","position":3,"name":"Monitoring insolven\u010dn\u00edho rejst\u0159\u00edku (pr\u00e1vn\u00ed slu\u017eba)"}]},{"@type":"WebSite","@id":"https:\/\/www.abpartners.cz\/#website","url":"https:\/\/www.abpartners.cz\/","name":"AB PARTNERS attorneys at law","description":"AB PARTNERS attorneys at law","publisher":{"@id":"https:\/\/www.abpartners.cz\/#organization"},"potentialAction":[{"@type":"SearchAction","target":{"@type":"EntryPoint","urlTemplate":"https:\/\/www.abpartners.cz\/?s={search_term_string}"},"query-input":{"@type":"PropertyValueSpecification","valueRequired":true,"valueName":"search_term_string"}}],"inLanguage":"en-GB"},{"@type":"Organization","@id":"https:\/\/www.abpartners.cz\/#organization","name":"AB PARTNERS attorneys at law","url":"https:\/\/www.abpartners.cz\/","logo":{"@type":"ImageObject","inLanguage":"en-GB","@id":"https:\/\/www.abpartners.cz\/#\/schema\/logo\/image\/","url":"https:\/\/www.abpartners.cz\/wp-content\/uploads\/2021\/01\/abpartners_regular_rgb_dark.png","contentUrl":"https:\/\/www.abpartners.cz\/wp-content\/uploads\/2021\/01\/abpartners_regular_rgb_dark.png","width":1240,"height":236,"caption":"AB PARTNERS advok\u00e1ti"},"image":{"@id":"https:\/\/www.abpartners.cz\/#\/schema\/logo\/image\/"},"sameAs":["https:\/\/www.facebook.com\/abpartners.cz\/","https:\/\/x.com\/ABPartners_cz","https:\/\/www.linkedin.com\/company\/abpartners\/","https:\/\/www.instagram.com\/abpartners.cz\/"]}]},"og_availability":"instock","product_availability":"instock","product_retailer_item_id":"205001","product_condition":"new"},"_links":{"self":[{"href":"https:\/\/www.abpartners.cz\/en\/wp-json\/wp\/v2\/product\/3297","targetHints":{"allow":["GET"]}}],"collection":[{"href":"https:\/\/www.abpartners.cz\/en\/wp-json\/wp\/v2\/product"}],"about":[{"href":"https:\/\/www.abpartners.cz\/en\/wp-json\/wp\/v2\/types\/product"}],"wp:featuredmedia":[{"embeddable":true,"href":"https:\/\/www.abpartners.cz\/en\/wp-json\/wp\/v2\/media\/3261"}],"wp:attachment":[{"href":"https:\/\/www.abpartners.cz\/en\/wp-json\/wp\/v2\/media?parent=3297"}],"wp:term":[{"taxonomy":"product_brand","embeddable":true,"href":"https:\/\/www.abpartners.cz\/en\/wp-json\/wp\/v2\/product_brand?post=3297"},{"taxonomy":"product_cat","embeddable":true,"href":"https:\/\/www.abpartners.cz\/en\/wp-json\/wp\/v2\/product_cat?post=3297"},{"taxonomy":"product_tag","embeddable":true,"href":"https:\/\/www.abpartners.cz\/en\/wp-json\/wp\/v2\/product_tag?post=3297"}],"curies":[{"name":"wp","href":"https:\/\/api.w.org\/{rel}","templated":true}]}}