{"id":3257,"date":"2021-02-07T20:17:21","date_gmt":"2021-02-07T19:17:21","guid":{"rendered":"https:\/\/www.abpartners.cz\/?post_type=product&#038;p=3257"},"modified":"2021-04-04T21:36:43","modified_gmt":"2021-04-04T19:36:43","slug":"souhlas-s-umistenim-sidla","status":"publish","type":"product","link":"https:\/\/www.abpartners.cz\/en\/legalshop\/souhlas-s-umistenim-sidla\/","title":{"rendered":"Souhlas s\u00a0um\u00edst\u011bn\u00edm s\u00eddla"},"content":{"rendered":"<p><strong>Souhlas s\u00a0um\u00edst\u011bn\u00edm s\u00eddla je povinn\u00fd dokument pro prvn\u00ed z\u00e1pis spole\u010dnosti a tak\u00e9 p\u0159i zm\u011bn\u011b s\u00eddla ji\u017e existuj\u00edc\u00ed spole\u010dnosti. <\/strong>Ka\u017ed\u00e1 pr\u00e1vnick\u00e1 osoba toti\u017e mus\u00ed m\u00edt sv\u00e9 zapsan\u00e9 s\u00eddlo, kter\u00e9 se zapisuje do ve\u0159ejn\u00e9ho rejst\u0159\u00edku. <strong>Souhlas s\u00a0um\u00edst\u011bn\u00edm s\u00eddla mus\u00ed m\u00edt \u00fa\u0159edn\u011b ov\u011b\u0159en\u00e9 podpisy majitele,<\/strong> nebo majitel\u016f, pokud nemovitost, v\u00a0n\u00ed\u017e se Va\u0161e budouc\u00ed s\u00eddlo m\u00e1 nach\u00e1zet, jich m\u00e1 v\u00edce. V\u00a0p\u0159\u00edpad\u011b zakoupen\u00ed na\u0161eho vzoru <strong>z\u00edsk\u00e1te hotov\u00fd dokument s\u00a0popisky uvnit\u0159, kter\u00fd obsahuje v\u0161echny podstatn\u00e9 n\u00e1le\u017eitosti<\/strong> a sta\u010d\u00ed pouze doplnit \u00fadaje o Va\u0161\u00ed spole\u010dnosti a o nemovitosti, kam chcete um\u00edstit sv\u00e9 s\u00eddlo.<\/p>","protected":false},"excerpt":{"rendered":"<p>Souhlas s\u00a0um\u00edst\u011bn\u00edm s\u00eddla je povinn\u00fd dokument pro prvn\u00ed z\u00e1pis spole\u010dnosti a tak\u00e9 p\u0159i zm\u011bn\u011b s\u00eddla ji\u017e existuj\u00edc\u00ed spole\u010dnosti. Ka\u017ed\u00e1 pr\u00e1vnick\u00e1 osoba toti\u017e mus\u00ed m\u00edt sv\u00e9 zapsan\u00e9 s\u00eddlo, kter\u00e9 se zapisuje do ve\u0159ejn\u00e9ho rejst\u0159\u00edku. Souhlas s\u00a0um\u00edst\u011bn\u00edm s\u00eddla mus\u00ed m\u00edt \u00fa\u0159edn\u011b ov\u011b\u0159en\u00e9 podpisy majitele, nebo majitel\u016f, pokud nemovitost, v\u00a0n\u00ed\u017e se Va\u0161e budouc\u00ed  [&#8230;]<\/p>\n","protected":false},"featured_media":2489,"template":"","meta":{"_acf_changed":false,"rs_blank_template":"","rs_page_bg_color":"","slide_template_v7":""},"product_brand":[],"product_cat":[47],"product_tag":[],"class_list":{"0":"post-3257","1":"product","2":"type-product","3":"status-publish","4":"has-post-thumbnail","6":"product_cat-spolecnosti","8":"first","9":"instock","10":"sale","11":"downloadable","12":"virtual","13":"sold-individually","14":"taxable","15":"purchasable","16":"product-type-simple"},"bundled_by":[],"bundle_stock_status":"instock","bundle_stock_quantity":null,"bundle_virtual":false,"bundle_layout":"","bundle_add_to_cart_form_location":"","bundle_editable_in_cart":false,"bundle_sold_individually_context":"","bundle_item_grouping":"","bundle_min_size":"","bundle_max_size":"","bundle_price":[],"bundled_items":[],"bundle_sell_ids":[],"exclude_global_add_ons":false,"addons":[{"name":"Customized finalization (legal service)","type":"checkbox","position":0,"required":false,"title_format":"heading","default":"","description_enable":true,"description":"We will finish the pattern according to your specifications. You will receive the finished product. Fill in the contact details in the order form, we will call or email you.","placeholder_enable":false,"placeholder":"","display":"select","restrictions_type":"any_text","adjust_price":false,"price":"","price_type":"flat_fee","restrictions":false,"min":"0","max":"0","options":[{"label":"Finalizace na m\u00edru","price":"590","price_type":"flat_fee","image":0,"visibility":true}]},{"name":"Telephone consultation with a lawyer (legal service)","type":"checkbox","position":1,"required":false,"title_format":"heading","default":"","description_enable":true,"description":"Do you need a consultation on the chosen pattern? We offer it at a discounted price. Fill in the contact details in the order form and we will call you.","placeholder_enable":false,"placeholder":"","display":"select","restrictions_type":"any_text","adjust_price":false,"price":"","price_type":"flat_fee","restrictions":false,"min":"0","max":"0","options":[{"label":"Porada v d\u00e9lce 30 minut","price":"790","price_type":"flat_fee","image":0,"visibility":true},{"label":"Porada v d\u00e9lce 60 minut","price":"1590","price_type":"flat_fee","image":0,"visibility":true},{"label":"Porada v d\u00e9lce 90 minut","price":"2390","price_type":"flat_fee","image":0,"visibility":true}]}],"acf":[],"yoast_head":"<!-- This site is optimized with the Yoast SEO plugin v27.5 - https:\/\/yoast.com\/product\/yoast-seo-wordpress\/ -->\n<title>Souhlas s\u00a0um\u00edst\u011bn\u00edm s\u00eddla - LegalShop - AB PARTNERS advok\u00e1ti<\/title>\n<meta name=\"robots\" content=\"index, follow, max-snippet:-1, max-image-preview:large, max-video-preview:-1\" \/>\n<link rel=\"canonical\" href=\"https:\/\/www.abpartners.cz\/en\/legalshop\/souhlas-s-umistenim-sidla\/\" \/>\n<meta property=\"og:locale\" content=\"en_GB\" \/>\n<meta property=\"og:type\" content=\"article\" \/>\n<meta property=\"og:title\" content=\"Souhlas s\u00a0um\u00edst\u011bn\u00edm s\u00eddla - LegalShop - AB PARTNERS advok\u00e1ti\" \/>\n<meta property=\"og:description\" content=\"Souhlas s\u00a0um\u00edst\u011bn\u00edm s\u00eddla je povinn\u00fd dokument pro prvn\u00ed z\u00e1pis spole\u010dnosti a tak\u00e9 p\u0159i zm\u011bn\u011b s\u00eddla ji\u017e existuj\u00edc\u00ed spole\u010dnosti. Ka\u017ed\u00e1 pr\u00e1vnick\u00e1 osoba toti\u017e mus\u00ed m\u00edt sv\u00e9 zapsan\u00e9 s\u00eddlo, kter\u00e9 se zapisuje do ve\u0159ejn\u00e9ho rejst\u0159\u00edku. Souhlas s\u00a0um\u00edst\u011bn\u00edm s\u00eddla mus\u00ed m\u00edt \u00fa\u0159edn\u011b ov\u011b\u0159en\u00e9 podpisy majitele, nebo majitel\u016f, pokud nemovitost, v\u00a0n\u00ed\u017e se Va\u0161e budouc\u00ed [...]\" \/>\n<meta property=\"og:url\" content=\"https:\/\/www.abpartners.cz\/en\/legalshop\/souhlas-s-umistenim-sidla\/\" \/>\n<meta property=\"og:site_name\" content=\"AB PARTNERS advok\u00e1ti\" \/>\n<meta property=\"article:publisher\" content=\"https:\/\/www.facebook.com\/abpartners.cz\/\" \/>\n<meta property=\"article:modified_time\" content=\"2021-04-04T19:36:43+00:00\" \/>\n<meta property=\"og:image\" content=\"https:\/\/www.abpartners.cz\/wp-content\/uploads\/2021\/01\/ikona-vzory-spolecnosti.png\" \/>\n\t<meta property=\"og:image:width\" content=\"520\" \/>\n\t<meta property=\"og:image:height\" content=\"520\" \/>\n\t<meta property=\"og:image:type\" content=\"image\/png\" \/>\n<meta name=\"twitter:card\" content=\"summary_large_image\" \/>\n<meta name=\"twitter:site\" content=\"@ABPartners_cz\" \/>\n<meta name=\"twitter:label1\" content=\"Price\" \/>\n\t<meta name=\"twitter:data1\" content=\"261&nbsp;&#075;&#269; v\u010detn\u011b DPH\" \/>\n\t<meta name=\"twitter:label2\" content=\"Availability\" \/>\n\t<meta name=\"twitter:data2\" content=\"In stock\" \/>\n<script type=\"application\/ld+json\" class=\"yoast-schema-graph\">{\"@context\":\"https:\\\/\\\/schema.org\",\"@graph\":[{\"@type\":\"WebPage\",\"@id\":\"https:\\\/\\\/www.abpartners.cz\\\/legalshop\\\/souhlas-s-umistenim-sidla\\\/\",\"url\":\"https:\\\/\\\/www.abpartners.cz\\\/legalshop\\\/souhlas-s-umistenim-sidla\\\/\",\"name\":\"Souhlas s\u00a0um\u00edst\u011bn\u00edm s\u00eddla - LegalShop - AB PARTNERS advok\u00e1ti\",\"isPartOf\":{\"@id\":\"https:\\\/\\\/www.abpartners.cz\\\/#website\"},\"primaryImageOfPage\":{\"@id\":\"https:\\\/\\\/www.abpartners.cz\\\/legalshop\\\/souhlas-s-umistenim-sidla\\\/#primaryimage\"},\"image\":{\"@id\":\"https:\\\/\\\/www.abpartners.cz\\\/legalshop\\\/souhlas-s-umistenim-sidla\\\/#primaryimage\"},\"thumbnailUrl\":\"https:\\\/\\\/www.abpartners.cz\\\/wp-content\\\/uploads\\\/2021\\\/01\\\/ikona-vzory-spolecnosti.png\",\"datePublished\":\"2021-02-07T19:17:21+00:00\",\"dateModified\":\"2021-04-04T19:36:43+00:00\",\"breadcrumb\":{\"@id\":\"https:\\\/\\\/www.abpartners.cz\\\/legalshop\\\/souhlas-s-umistenim-sidla\\\/#breadcrumb\"},\"inLanguage\":\"en-GB\",\"potentialAction\":[{\"@type\":\"ReadAction\",\"target\":[\"https:\\\/\\\/www.abpartners.cz\\\/legalshop\\\/souhlas-s-umistenim-sidla\\\/\"]}]},{\"@type\":\"ImageObject\",\"inLanguage\":\"en-GB\",\"@id\":\"https:\\\/\\\/www.abpartners.cz\\\/legalshop\\\/souhlas-s-umistenim-sidla\\\/#primaryimage\",\"url\":\"https:\\\/\\\/www.abpartners.cz\\\/wp-content\\\/uploads\\\/2021\\\/01\\\/ikona-vzory-spolecnosti.png\",\"contentUrl\":\"https:\\\/\\\/www.abpartners.cz\\\/wp-content\\\/uploads\\\/2021\\\/01\\\/ikona-vzory-spolecnosti.png\",\"width\":520,\"height\":520},{\"@type\":\"BreadcrumbList\",\"@id\":\"https:\\\/\\\/www.abpartners.cz\\\/legalshop\\\/souhlas-s-umistenim-sidla\\\/#breadcrumb\",\"itemListElement\":[{\"@type\":\"ListItem\",\"position\":1,\"name\":\"Dom\u016f\",\"item\":\"https:\\\/\\\/www.abpartners.cz\\\/\"},{\"@type\":\"ListItem\",\"position\":2,\"name\":\"LegalShop\",\"item\":\"https:\\\/\\\/www.abpartners.cz\\\/legalshop\\\/\"},{\"@type\":\"ListItem\",\"position\":3,\"name\":\"Souhlas s\u00a0um\u00edst\u011bn\u00edm s\u00eddla\"}]},{\"@type\":\"WebSite\",\"@id\":\"https:\\\/\\\/www.abpartners.cz\\\/#website\",\"url\":\"https:\\\/\\\/www.abpartners.cz\\\/\",\"name\":\"AB PARTNERS advok\u00e1ti\",\"description\":\"AB PARTNERS advok\u00e1ti\",\"publisher\":{\"@id\":\"https:\\\/\\\/www.abpartners.cz\\\/#organization\"},\"potentialAction\":[{\"@type\":\"SearchAction\",\"target\":{\"@type\":\"EntryPoint\",\"urlTemplate\":\"https:\\\/\\\/www.abpartners.cz\\\/?s={search_term_string}\"},\"query-input\":{\"@type\":\"PropertyValueSpecification\",\"valueRequired\":true,\"valueName\":\"search_term_string\"}}],\"inLanguage\":\"en-GB\"},{\"@type\":\"Organization\",\"@id\":\"https:\\\/\\\/www.abpartners.cz\\\/#organization\",\"name\":\"AB PARTNERS advok\u00e1ti\",\"url\":\"https:\\\/\\\/www.abpartners.cz\\\/\",\"logo\":{\"@type\":\"ImageObject\",\"inLanguage\":\"en-GB\",\"@id\":\"https:\\\/\\\/www.abpartners.cz\\\/#\\\/schema\\\/logo\\\/image\\\/\",\"url\":\"https:\\\/\\\/www.abpartners.cz\\\/wp-content\\\/uploads\\\/2021\\\/01\\\/abpartners_regular_rgb_dark.png\",\"contentUrl\":\"https:\\\/\\\/www.abpartners.cz\\\/wp-content\\\/uploads\\\/2021\\\/01\\\/abpartners_regular_rgb_dark.png\",\"width\":1240,\"height\":236,\"caption\":\"AB PARTNERS advok\u00e1ti\"},\"image\":{\"@id\":\"https:\\\/\\\/www.abpartners.cz\\\/#\\\/schema\\\/logo\\\/image\\\/\"},\"sameAs\":[\"https:\\\/\\\/www.facebook.com\\\/abpartners.cz\\\/\",\"https:\\\/\\\/x.com\\\/ABPartners_cz\",\"https:\\\/\\\/www.linkedin.com\\\/company\\\/abpartners\\\/\",\"https:\\\/\\\/www.instagram.com\\\/abpartners.cz\\\/\"]}]}<\/script>\n<meta property=\"product:price:amount\" content=\"261\" \/>\n<meta property=\"product:price:currency\" content=\"CZK\" \/>\n<meta property=\"og:availability\" content=\"instock\" \/>\n<meta property=\"product:availability\" content=\"instock\" \/>\n<meta property=\"product:retailer_item_id\" content=\"202009\" \/>\n<meta property=\"product:condition\" content=\"new\" \/>\n<!-- \/ Yoast SEO plugin. -->","yoast_head_json":{"title":"Souhlas s\u00a0um\u00edst\u011bn\u00edm s\u00eddla - LegalShop - AB PARTNERS advok\u00e1ti","robots":{"index":"index","follow":"follow","max-snippet":"max-snippet:-1","max-image-preview":"max-image-preview:large","max-video-preview":"max-video-preview:-1"},"canonical":"https:\/\/www.abpartners.cz\/en\/legalshop\/souhlas-s-umistenim-sidla\/","og_locale":"en_GB","og_type":"article","og_title":"Souhlas s\u00a0um\u00edst\u011bn\u00edm s\u00eddla - LegalShop - AB PARTNERS advok\u00e1ti","og_description":"Souhlas s\u00a0um\u00edst\u011bn\u00edm s\u00eddla je povinn\u00fd dokument pro prvn\u00ed z\u00e1pis spole\u010dnosti a tak\u00e9 p\u0159i zm\u011bn\u011b s\u00eddla ji\u017e existuj\u00edc\u00ed spole\u010dnosti. Ka\u017ed\u00e1 pr\u00e1vnick\u00e1 osoba toti\u017e mus\u00ed m\u00edt sv\u00e9 zapsan\u00e9 s\u00eddlo, kter\u00e9 se zapisuje do ve\u0159ejn\u00e9ho rejst\u0159\u00edku. Souhlas s\u00a0um\u00edst\u011bn\u00edm s\u00eddla mus\u00ed m\u00edt \u00fa\u0159edn\u011b ov\u011b\u0159en\u00e9 podpisy majitele, nebo majitel\u016f, pokud nemovitost, v\u00a0n\u00ed\u017e se Va\u0161e budouc\u00ed [...]","og_url":"https:\/\/www.abpartners.cz\/en\/legalshop\/souhlas-s-umistenim-sidla\/","og_site_name":"AB PARTNERS advok\u00e1ti","article_publisher":"https:\/\/www.facebook.com\/abpartners.cz\/","article_modified_time":"2021-04-04T19:36:43+00:00","og_image":[{"width":520,"height":520,"url":"https:\/\/www.abpartners.cz\/wp-content\/uploads\/2021\/01\/ikona-vzory-spolecnosti.png","type":"image\/png"}],"twitter_card":"summary_large_image","twitter_site":"@ABPartners_cz","twitter_misc":{"Price":"261&nbsp;&#75;&#269; v\u010detn\u011b DPH","Availability":"In stock"},"schema":{"@context":"https:\/\/schema.org","@graph":[{"@type":"WebPage","@id":"https:\/\/www.abpartners.cz\/legalshop\/souhlas-s-umistenim-sidla\/","url":"https:\/\/www.abpartners.cz\/legalshop\/souhlas-s-umistenim-sidla\/","name":"Souhlas s\u00a0um\u00edst\u011bn\u00edm s\u00eddla - LegalShop - AB PARTNERS advok\u00e1ti","isPartOf":{"@id":"https:\/\/www.abpartners.cz\/#website"},"primaryImageOfPage":{"@id":"https:\/\/www.abpartners.cz\/legalshop\/souhlas-s-umistenim-sidla\/#primaryimage"},"image":{"@id":"https:\/\/www.abpartners.cz\/legalshop\/souhlas-s-umistenim-sidla\/#primaryimage"},"thumbnailUrl":"https:\/\/www.abpartners.cz\/wp-content\/uploads\/2021\/01\/ikona-vzory-spolecnosti.png","datePublished":"2021-02-07T19:17:21+00:00","dateModified":"2021-04-04T19:36:43+00:00","breadcrumb":{"@id":"https:\/\/www.abpartners.cz\/legalshop\/souhlas-s-umistenim-sidla\/#breadcrumb"},"inLanguage":"en-GB","potentialAction":[{"@type":"ReadAction","target":["https:\/\/www.abpartners.cz\/legalshop\/souhlas-s-umistenim-sidla\/"]}]},{"@type":"ImageObject","inLanguage":"en-GB","@id":"https:\/\/www.abpartners.cz\/legalshop\/souhlas-s-umistenim-sidla\/#primaryimage","url":"https:\/\/www.abpartners.cz\/wp-content\/uploads\/2021\/01\/ikona-vzory-spolecnosti.png","contentUrl":"https:\/\/www.abpartners.cz\/wp-content\/uploads\/2021\/01\/ikona-vzory-spolecnosti.png","width":520,"height":520},{"@type":"BreadcrumbList","@id":"https:\/\/www.abpartners.cz\/legalshop\/souhlas-s-umistenim-sidla\/#breadcrumb","itemListElement":[{"@type":"ListItem","position":1,"name":"Dom\u016f","item":"https:\/\/www.abpartners.cz\/"},{"@type":"ListItem","position":2,"name":"LegalShop","item":"https:\/\/www.abpartners.cz\/legalshop\/"},{"@type":"ListItem","position":3,"name":"Souhlas s\u00a0um\u00edst\u011bn\u00edm s\u00eddla"}]},{"@type":"WebSite","@id":"https:\/\/www.abpartners.cz\/#website","url":"https:\/\/www.abpartners.cz\/","name":"AB PARTNERS attorneys at law","description":"AB PARTNERS attorneys at law","publisher":{"@id":"https:\/\/www.abpartners.cz\/#organization"},"potentialAction":[{"@type":"SearchAction","target":{"@type":"EntryPoint","urlTemplate":"https:\/\/www.abpartners.cz\/?s={search_term_string}"},"query-input":{"@type":"PropertyValueSpecification","valueRequired":true,"valueName":"search_term_string"}}],"inLanguage":"en-GB"},{"@type":"Organization","@id":"https:\/\/www.abpartners.cz\/#organization","name":"AB PARTNERS attorneys at law","url":"https:\/\/www.abpartners.cz\/","logo":{"@type":"ImageObject","inLanguage":"en-GB","@id":"https:\/\/www.abpartners.cz\/#\/schema\/logo\/image\/","url":"https:\/\/www.abpartners.cz\/wp-content\/uploads\/2021\/01\/abpartners_regular_rgb_dark.png","contentUrl":"https:\/\/www.abpartners.cz\/wp-content\/uploads\/2021\/01\/abpartners_regular_rgb_dark.png","width":1240,"height":236,"caption":"AB PARTNERS advok\u00e1ti"},"image":{"@id":"https:\/\/www.abpartners.cz\/#\/schema\/logo\/image\/"},"sameAs":["https:\/\/www.facebook.com\/abpartners.cz\/","https:\/\/x.com\/ABPartners_cz","https:\/\/www.linkedin.com\/company\/abpartners\/","https:\/\/www.instagram.com\/abpartners.cz\/"]}]},"product_price_amount":"261","product_price_currency":"CZK","og_availability":"instock","product_availability":"instock","product_retailer_item_id":"202009","product_condition":"new"},"_links":{"self":[{"href":"https:\/\/www.abpartners.cz\/en\/wp-json\/wp\/v2\/product\/3257","targetHints":{"allow":["GET"]}}],"collection":[{"href":"https:\/\/www.abpartners.cz\/en\/wp-json\/wp\/v2\/product"}],"about":[{"href":"https:\/\/www.abpartners.cz\/en\/wp-json\/wp\/v2\/types\/product"}],"wp:featuredmedia":[{"embeddable":true,"href":"https:\/\/www.abpartners.cz\/en\/wp-json\/wp\/v2\/media\/2489"}],"wp:attachment":[{"href":"https:\/\/www.abpartners.cz\/en\/wp-json\/wp\/v2\/media?parent=3257"}],"wp:term":[{"taxonomy":"product_brand","embeddable":true,"href":"https:\/\/www.abpartners.cz\/en\/wp-json\/wp\/v2\/product_brand?post=3257"},{"taxonomy":"product_cat","embeddable":true,"href":"https:\/\/www.abpartners.cz\/en\/wp-json\/wp\/v2\/product_cat?post=3257"},{"taxonomy":"product_tag","embeddable":true,"href":"https:\/\/www.abpartners.cz\/en\/wp-json\/wp\/v2\/product_tag?post=3257"}],"curies":[{"name":"wp","href":"https:\/\/api.w.org\/{rel}","templated":true}]}}