{"id":2522,"date":"2021-01-19T20:53:44","date_gmt":"2021-01-19T19:53:44","guid":{"rendered":"https:\/\/www.abpartners.cz\/legalshop\/oznameni-o-snizeni-zakladniho-kapitalu\/"},"modified":"2021-02-01T08:06:07","modified_gmt":"2021-02-01T07:06:07","slug":"oznameni-o-snizeni-zakladniho-kapitalu","status":"publish","type":"product","link":"https:\/\/www.abpartners.cz\/en\/legalshop\/oznameni-o-snizeni-zakladniho-kapitalu\/","title":{"rendered":"Ozn\u00e1men\u00ed o sn\u00ed\u017een\u00ed z\u00e1kladn\u00edho kapit\u00e1lu"},"content":{"rendered":"<p>Po\u0159\u00edzen\u00edm tohoto dokumentu z\u00edsk\u00e1te vzor pro ozn\u00e1men\u00ed o sn\u00ed\u017een\u00ed z\u00e1kladn\u00edho kapit\u00e1lu v Obchodn\u00edm v\u011bstn\u00edku. Rozhodnut\u00ed o sn\u00ed\u017een\u00ed z\u00e1kladn\u00edho kapit\u00e1lu pat\u0159\u00ed do p\u016fsobnosti valn\u00e9 hromady, jeho\u017e d\u016fsledkem je zm\u011bna spole\u010densk\u00e9 smlouvy spole\u010dnosti. P\u0159i sn\u00ed\u017een\u00ed z\u00e1kladn\u00edho kapit\u00e1lu je stanovena <strong>povinnost jednatel\u016fm spole\u010dnosti nejpozd\u011bji do 15 dn\u016f od p\u0159ijet\u00ed usnesen\u00ed o sn\u00ed\u017een\u00ed z\u00e1kladn\u00edho kapit\u00e1lu valnou hromadou toto usnesen\u00ed dvakr\u00e1t po sob\u011b s t\u0159icetidenn\u00edm odstupem zve\u0159ejnit v Obchodn\u00edm v\u011bstn\u00edku, a to spole\u010dn\u011b s v\u00fdzvou pro v\u011b\u0159itele spole\u010dnosti, aby p\u0159ihl\u00e1sili sv\u00e9 pohled\u00e1vky v\u016f\u010di spole\u010dnosti<\/strong>.<\/p>","protected":false},"excerpt":{"rendered":"<p>Po\u0159\u00edzen\u00edm tohoto dokumentu z\u00edsk\u00e1te vzor pro ozn\u00e1men\u00ed o sn\u00ed\u017een\u00ed z\u00e1kladn\u00edho kapit\u00e1lu v Obchodn\u00edm v\u011bstn\u00edku. Rozhodnut\u00ed o sn\u00ed\u017een\u00ed z\u00e1kladn\u00edho kapit\u00e1lu pat\u0159\u00ed do p\u016fsobnosti valn\u00e9 hromady, jeho\u017e d\u016fsledkem je zm\u011bna spole\u010densk\u00e9 smlouvy spole\u010dnosti. P\u0159i sn\u00ed\u017een\u00ed z\u00e1kladn\u00edho kapit\u00e1lu je stanovena povinnost jednatel\u016fm spole\u010dnosti nejpozd\u011bji do 15 dn\u016f od p\u0159ijet\u00ed usnesen\u00ed o sn\u00ed\u017een\u00ed z\u00e1kladn\u00edho  [&#8230;]<\/p>\n","protected":false},"featured_media":2489,"template":"","meta":{"_acf_changed":false,"rs_blank_template":"","rs_page_bg_color":"","slide_template_v7":""},"product_brand":[],"product_cat":[47],"product_tag":[],"class_list":{"0":"post-2522","1":"product","2":"type-product","3":"status-publish","4":"has-post-thumbnail","6":"product_cat-spolecnosti","8":"first","9":"instock","10":"sale","11":"downloadable","12":"virtual","13":"sold-individually","14":"taxable","15":"purchasable","16":"product-type-simple"},"bundled_by":[],"bundle_stock_status":"instock","bundle_stock_quantity":null,"bundle_virtual":false,"bundle_layout":"","bundle_add_to_cart_form_location":"","bundle_editable_in_cart":false,"bundle_sold_individually_context":"","bundle_item_grouping":"","bundle_min_size":"","bundle_max_size":"","bundle_price":[],"bundled_items":[],"bundle_sell_ids":[],"exclude_global_add_ons":false,"addons":[{"name":"Customized finalization (legal service)","type":"checkbox","position":0,"required":false,"title_format":"heading","default":"","description_enable":true,"description":"We will finish the pattern according to your specifications. You will receive the finished product. Fill in the contact details in the order form, we will call or email you.","placeholder_enable":false,"placeholder":"","display":"select","restrictions_type":"any_text","adjust_price":false,"price":"","price_type":"flat_fee","restrictions":false,"min":"0","max":"0","options":[{"label":"Finalizace na m\u00edru","price":"1590","price_type":"flat_fee","image":0,"visibility":true}]},{"name":"Telephone consultation with a lawyer (legal service)","type":"checkbox","position":1,"required":false,"title_format":"heading","default":"","description_enable":true,"description":"Do you need a consultation on the chosen pattern? We offer it at a discounted price. Fill in the contact details in the order form and we will call you.","placeholder_enable":false,"placeholder":"","display":"select","restrictions_type":"any_text","adjust_price":false,"price":"","price_type":"flat_fee","restrictions":false,"min":"0","max":"0","options":[{"label":"Porada v d\u00e9lce 30 minut","price":"790","price_type":"flat_fee","image":0,"visibility":true},{"label":"Porada v d\u00e9lce 60 minut","price":"1590","price_type":"flat_fee","image":0,"visibility":true},{"label":"Porada v d\u00e9lce 90 minut","price":"2390","price_type":"flat_fee","image":0,"visibility":true}]}],"acf":[],"yoast_head":"<!-- This site is optimized with the Yoast SEO plugin v27.4 - https:\/\/yoast.com\/product\/yoast-seo-wordpress\/ -->\n<title>Ozn\u00e1men\u00ed o sn\u00ed\u017een\u00ed z\u00e1kladn\u00edho kapit\u00e1lu - LegalShop - AB PARTNERS advok\u00e1ti<\/title>\n<meta name=\"robots\" content=\"index, follow, max-snippet:-1, max-image-preview:large, max-video-preview:-1\" \/>\n<link rel=\"canonical\" href=\"https:\/\/www.abpartners.cz\/en\/legalshop\/oznameni-o-snizeni-zakladniho-kapitalu\/\" \/>\n<meta property=\"og:locale\" content=\"en_GB\" \/>\n<meta property=\"og:type\" content=\"article\" \/>\n<meta property=\"og:title\" content=\"Ozn\u00e1men\u00ed o sn\u00ed\u017een\u00ed z\u00e1kladn\u00edho kapit\u00e1lu - LegalShop - AB PARTNERS advok\u00e1ti\" \/>\n<meta property=\"og:description\" content=\"Po\u0159\u00edzen\u00edm tohoto dokumentu z\u00edsk\u00e1te vzor pro ozn\u00e1men\u00ed o sn\u00ed\u017een\u00ed z\u00e1kladn\u00edho kapit\u00e1lu v Obchodn\u00edm v\u011bstn\u00edku. Rozhodnut\u00ed o sn\u00ed\u017een\u00ed z\u00e1kladn\u00edho kapit\u00e1lu pat\u0159\u00ed do p\u016fsobnosti valn\u00e9 hromady, jeho\u017e d\u016fsledkem je zm\u011bna spole\u010densk\u00e9 smlouvy spole\u010dnosti. P\u0159i sn\u00ed\u017een\u00ed z\u00e1kladn\u00edho kapit\u00e1lu je stanovena povinnost jednatel\u016fm spole\u010dnosti nejpozd\u011bji do 15 dn\u016f od p\u0159ijet\u00ed usnesen\u00ed o sn\u00ed\u017een\u00ed z\u00e1kladn\u00edho [...]\" \/>\n<meta property=\"og:url\" content=\"https:\/\/www.abpartners.cz\/en\/legalshop\/oznameni-o-snizeni-zakladniho-kapitalu\/\" \/>\n<meta property=\"og:site_name\" content=\"AB PARTNERS advok\u00e1ti\" \/>\n<meta property=\"article:publisher\" content=\"https:\/\/www.facebook.com\/abpartners.cz\/\" \/>\n<meta property=\"article:modified_time\" content=\"2021-02-01T07:06:07+00:00\" \/>\n<meta property=\"og:image\" content=\"https:\/\/www.abpartners.cz\/wp-content\/uploads\/2021\/01\/ikona-vzory-spolecnosti.png\" \/>\n\t<meta property=\"og:image:width\" content=\"520\" \/>\n\t<meta property=\"og:image:height\" content=\"520\" \/>\n\t<meta property=\"og:image:type\" content=\"image\/png\" \/>\n<meta name=\"twitter:card\" content=\"summary_large_image\" \/>\n<meta name=\"twitter:site\" content=\"@ABPartners_cz\" \/>\n<meta name=\"twitter:label1\" content=\"Price\" \/>\n\t<meta name=\"twitter:data1\" content=\"351&nbsp;&#075;&#269; v\u010detn\u011b DPH\" \/>\n\t<meta name=\"twitter:label2\" content=\"Availability\" \/>\n\t<meta name=\"twitter:data2\" content=\"In stock\" \/>\n<script type=\"application\/ld+json\" class=\"yoast-schema-graph\">{\"@context\":\"https:\\\/\\\/schema.org\",\"@graph\":[{\"@type\":\"WebPage\",\"@id\":\"https:\\\/\\\/www.abpartners.cz\\\/legalshop\\\/oznameni-o-snizeni-zakladniho-kapitalu\\\/\",\"url\":\"https:\\\/\\\/www.abpartners.cz\\\/legalshop\\\/oznameni-o-snizeni-zakladniho-kapitalu\\\/\",\"name\":\"Ozn\u00e1men\u00ed o sn\u00ed\u017een\u00ed z\u00e1kladn\u00edho kapit\u00e1lu - LegalShop - AB PARTNERS advok\u00e1ti\",\"isPartOf\":{\"@id\":\"https:\\\/\\\/www.abpartners.cz\\\/#website\"},\"primaryImageOfPage\":{\"@id\":\"https:\\\/\\\/www.abpartners.cz\\\/legalshop\\\/oznameni-o-snizeni-zakladniho-kapitalu\\\/#primaryimage\"},\"image\":{\"@id\":\"https:\\\/\\\/www.abpartners.cz\\\/legalshop\\\/oznameni-o-snizeni-zakladniho-kapitalu\\\/#primaryimage\"},\"thumbnailUrl\":\"https:\\\/\\\/www.abpartners.cz\\\/wp-content\\\/uploads\\\/2021\\\/01\\\/ikona-vzory-spolecnosti.png\",\"datePublished\":\"2021-01-19T19:53:44+00:00\",\"dateModified\":\"2021-02-01T07:06:07+00:00\",\"breadcrumb\":{\"@id\":\"https:\\\/\\\/www.abpartners.cz\\\/legalshop\\\/oznameni-o-snizeni-zakladniho-kapitalu\\\/#breadcrumb\"},\"inLanguage\":\"en-GB\",\"potentialAction\":[{\"@type\":\"ReadAction\",\"target\":[\"https:\\\/\\\/www.abpartners.cz\\\/legalshop\\\/oznameni-o-snizeni-zakladniho-kapitalu\\\/\"]}]},{\"@type\":\"ImageObject\",\"inLanguage\":\"en-GB\",\"@id\":\"https:\\\/\\\/www.abpartners.cz\\\/legalshop\\\/oznameni-o-snizeni-zakladniho-kapitalu\\\/#primaryimage\",\"url\":\"https:\\\/\\\/www.abpartners.cz\\\/wp-content\\\/uploads\\\/2021\\\/01\\\/ikona-vzory-spolecnosti.png\",\"contentUrl\":\"https:\\\/\\\/www.abpartners.cz\\\/wp-content\\\/uploads\\\/2021\\\/01\\\/ikona-vzory-spolecnosti.png\",\"width\":520,\"height\":520},{\"@type\":\"BreadcrumbList\",\"@id\":\"https:\\\/\\\/www.abpartners.cz\\\/legalshop\\\/oznameni-o-snizeni-zakladniho-kapitalu\\\/#breadcrumb\",\"itemListElement\":[{\"@type\":\"ListItem\",\"position\":1,\"name\":\"Dom\u016f\",\"item\":\"https:\\\/\\\/www.abpartners.cz\\\/\"},{\"@type\":\"ListItem\",\"position\":2,\"name\":\"LegalShop\",\"item\":\"https:\\\/\\\/www.abpartners.cz\\\/legalshop\\\/\"},{\"@type\":\"ListItem\",\"position\":3,\"name\":\"Ozn\u00e1men\u00ed o sn\u00ed\u017een\u00ed z\u00e1kladn\u00edho kapit\u00e1lu\"}]},{\"@type\":\"WebSite\",\"@id\":\"https:\\\/\\\/www.abpartners.cz\\\/#website\",\"url\":\"https:\\\/\\\/www.abpartners.cz\\\/\",\"name\":\"AB PARTNERS advok\u00e1ti\",\"description\":\"AB PARTNERS advok\u00e1ti\",\"publisher\":{\"@id\":\"https:\\\/\\\/www.abpartners.cz\\\/#organization\"},\"potentialAction\":[{\"@type\":\"SearchAction\",\"target\":{\"@type\":\"EntryPoint\",\"urlTemplate\":\"https:\\\/\\\/www.abpartners.cz\\\/?s={search_term_string}\"},\"query-input\":{\"@type\":\"PropertyValueSpecification\",\"valueRequired\":true,\"valueName\":\"search_term_string\"}}],\"inLanguage\":\"en-GB\"},{\"@type\":\"Organization\",\"@id\":\"https:\\\/\\\/www.abpartners.cz\\\/#organization\",\"name\":\"AB PARTNERS advok\u00e1ti\",\"url\":\"https:\\\/\\\/www.abpartners.cz\\\/\",\"logo\":{\"@type\":\"ImageObject\",\"inLanguage\":\"en-GB\",\"@id\":\"https:\\\/\\\/www.abpartners.cz\\\/#\\\/schema\\\/logo\\\/image\\\/\",\"url\":\"https:\\\/\\\/www.abpartners.cz\\\/wp-content\\\/uploads\\\/2021\\\/01\\\/abpartners_regular_rgb_dark.png\",\"contentUrl\":\"https:\\\/\\\/www.abpartners.cz\\\/wp-content\\\/uploads\\\/2021\\\/01\\\/abpartners_regular_rgb_dark.png\",\"width\":1240,\"height\":236,\"caption\":\"AB PARTNERS advok\u00e1ti\"},\"image\":{\"@id\":\"https:\\\/\\\/www.abpartners.cz\\\/#\\\/schema\\\/logo\\\/image\\\/\"},\"sameAs\":[\"https:\\\/\\\/www.facebook.com\\\/abpartners.cz\\\/\",\"https:\\\/\\\/x.com\\\/ABPartners_cz\",\"https:\\\/\\\/www.linkedin.com\\\/company\\\/abpartners\\\/\",\"https:\\\/\\\/www.instagram.com\\\/abpartners.cz\\\/\"]}]}<\/script>\n<meta property=\"product:price:amount\" content=\"351\" \/>\n<meta property=\"product:price:currency\" content=\"CZK\" \/>\n<meta property=\"og:availability\" content=\"instock\" \/>\n<meta property=\"product:availability\" content=\"instock\" \/>\n<meta property=\"product:retailer_item_id\" content=\"202007\" \/>\n<meta property=\"product:condition\" content=\"new\" \/>\n<!-- \/ Yoast SEO plugin. -->","yoast_head_json":{"title":"Ozn\u00e1men\u00ed o sn\u00ed\u017een\u00ed z\u00e1kladn\u00edho kapit\u00e1lu - LegalShop - AB PARTNERS advok\u00e1ti","robots":{"index":"index","follow":"follow","max-snippet":"max-snippet:-1","max-image-preview":"max-image-preview:large","max-video-preview":"max-video-preview:-1"},"canonical":"https:\/\/www.abpartners.cz\/en\/legalshop\/oznameni-o-snizeni-zakladniho-kapitalu\/","og_locale":"en_GB","og_type":"article","og_title":"Ozn\u00e1men\u00ed o sn\u00ed\u017een\u00ed z\u00e1kladn\u00edho kapit\u00e1lu - LegalShop - AB PARTNERS advok\u00e1ti","og_description":"Po\u0159\u00edzen\u00edm tohoto dokumentu z\u00edsk\u00e1te vzor pro ozn\u00e1men\u00ed o sn\u00ed\u017een\u00ed z\u00e1kladn\u00edho kapit\u00e1lu v Obchodn\u00edm v\u011bstn\u00edku. Rozhodnut\u00ed o sn\u00ed\u017een\u00ed z\u00e1kladn\u00edho kapit\u00e1lu pat\u0159\u00ed do p\u016fsobnosti valn\u00e9 hromady, jeho\u017e d\u016fsledkem je zm\u011bna spole\u010densk\u00e9 smlouvy spole\u010dnosti. P\u0159i sn\u00ed\u017een\u00ed z\u00e1kladn\u00edho kapit\u00e1lu je stanovena povinnost jednatel\u016fm spole\u010dnosti nejpozd\u011bji do 15 dn\u016f od p\u0159ijet\u00ed usnesen\u00ed o sn\u00ed\u017een\u00ed z\u00e1kladn\u00edho [...]","og_url":"https:\/\/www.abpartners.cz\/en\/legalshop\/oznameni-o-snizeni-zakladniho-kapitalu\/","og_site_name":"AB PARTNERS advok\u00e1ti","article_publisher":"https:\/\/www.facebook.com\/abpartners.cz\/","article_modified_time":"2021-02-01T07:06:07+00:00","og_image":[{"width":520,"height":520,"url":"https:\/\/www.abpartners.cz\/wp-content\/uploads\/2021\/01\/ikona-vzory-spolecnosti.png","type":"image\/png"}],"twitter_card":"summary_large_image","twitter_site":"@ABPartners_cz","twitter_misc":{"Price":"351&nbsp;&#75;&#269; v\u010detn\u011b DPH","Availability":"In stock"},"schema":{"@context":"https:\/\/schema.org","@graph":[{"@type":"WebPage","@id":"https:\/\/www.abpartners.cz\/legalshop\/oznameni-o-snizeni-zakladniho-kapitalu\/","url":"https:\/\/www.abpartners.cz\/legalshop\/oznameni-o-snizeni-zakladniho-kapitalu\/","name":"Ozn\u00e1men\u00ed o sn\u00ed\u017een\u00ed z\u00e1kladn\u00edho kapit\u00e1lu - LegalShop - AB PARTNERS advok\u00e1ti","isPartOf":{"@id":"https:\/\/www.abpartners.cz\/#website"},"primaryImageOfPage":{"@id":"https:\/\/www.abpartners.cz\/legalshop\/oznameni-o-snizeni-zakladniho-kapitalu\/#primaryimage"},"image":{"@id":"https:\/\/www.abpartners.cz\/legalshop\/oznameni-o-snizeni-zakladniho-kapitalu\/#primaryimage"},"thumbnailUrl":"https:\/\/www.abpartners.cz\/wp-content\/uploads\/2021\/01\/ikona-vzory-spolecnosti.png","datePublished":"2021-01-19T19:53:44+00:00","dateModified":"2021-02-01T07:06:07+00:00","breadcrumb":{"@id":"https:\/\/www.abpartners.cz\/legalshop\/oznameni-o-snizeni-zakladniho-kapitalu\/#breadcrumb"},"inLanguage":"en-GB","potentialAction":[{"@type":"ReadAction","target":["https:\/\/www.abpartners.cz\/legalshop\/oznameni-o-snizeni-zakladniho-kapitalu\/"]}]},{"@type":"ImageObject","inLanguage":"en-GB","@id":"https:\/\/www.abpartners.cz\/legalshop\/oznameni-o-snizeni-zakladniho-kapitalu\/#primaryimage","url":"https:\/\/www.abpartners.cz\/wp-content\/uploads\/2021\/01\/ikona-vzory-spolecnosti.png","contentUrl":"https:\/\/www.abpartners.cz\/wp-content\/uploads\/2021\/01\/ikona-vzory-spolecnosti.png","width":520,"height":520},{"@type":"BreadcrumbList","@id":"https:\/\/www.abpartners.cz\/legalshop\/oznameni-o-snizeni-zakladniho-kapitalu\/#breadcrumb","itemListElement":[{"@type":"ListItem","position":1,"name":"Dom\u016f","item":"https:\/\/www.abpartners.cz\/"},{"@type":"ListItem","position":2,"name":"LegalShop","item":"https:\/\/www.abpartners.cz\/legalshop\/"},{"@type":"ListItem","position":3,"name":"Ozn\u00e1men\u00ed o sn\u00ed\u017een\u00ed z\u00e1kladn\u00edho kapit\u00e1lu"}]},{"@type":"WebSite","@id":"https:\/\/www.abpartners.cz\/#website","url":"https:\/\/www.abpartners.cz\/","name":"AB PARTNERS attorneys at law","description":"AB PARTNERS attorneys at law","publisher":{"@id":"https:\/\/www.abpartners.cz\/#organization"},"potentialAction":[{"@type":"SearchAction","target":{"@type":"EntryPoint","urlTemplate":"https:\/\/www.abpartners.cz\/?s={search_term_string}"},"query-input":{"@type":"PropertyValueSpecification","valueRequired":true,"valueName":"search_term_string"}}],"inLanguage":"en-GB"},{"@type":"Organization","@id":"https:\/\/www.abpartners.cz\/#organization","name":"AB PARTNERS attorneys at law","url":"https:\/\/www.abpartners.cz\/","logo":{"@type":"ImageObject","inLanguage":"en-GB","@id":"https:\/\/www.abpartners.cz\/#\/schema\/logo\/image\/","url":"https:\/\/www.abpartners.cz\/wp-content\/uploads\/2021\/01\/abpartners_regular_rgb_dark.png","contentUrl":"https:\/\/www.abpartners.cz\/wp-content\/uploads\/2021\/01\/abpartners_regular_rgb_dark.png","width":1240,"height":236,"caption":"AB PARTNERS advok\u00e1ti"},"image":{"@id":"https:\/\/www.abpartners.cz\/#\/schema\/logo\/image\/"},"sameAs":["https:\/\/www.facebook.com\/abpartners.cz\/","https:\/\/x.com\/ABPartners_cz","https:\/\/www.linkedin.com\/company\/abpartners\/","https:\/\/www.instagram.com\/abpartners.cz\/"]}]},"product_price_amount":"351","product_price_currency":"CZK","og_availability":"instock","product_availability":"instock","product_retailer_item_id":"202007","product_condition":"new"},"_links":{"self":[{"href":"https:\/\/www.abpartners.cz\/en\/wp-json\/wp\/v2\/product\/2522","targetHints":{"allow":["GET"]}}],"collection":[{"href":"https:\/\/www.abpartners.cz\/en\/wp-json\/wp\/v2\/product"}],"about":[{"href":"https:\/\/www.abpartners.cz\/en\/wp-json\/wp\/v2\/types\/product"}],"wp:featuredmedia":[{"embeddable":true,"href":"https:\/\/www.abpartners.cz\/en\/wp-json\/wp\/v2\/media\/2489"}],"wp:attachment":[{"href":"https:\/\/www.abpartners.cz\/en\/wp-json\/wp\/v2\/media?parent=2522"}],"wp:term":[{"taxonomy":"product_brand","embeddable":true,"href":"https:\/\/www.abpartners.cz\/en\/wp-json\/wp\/v2\/product_brand?post=2522"},{"taxonomy":"product_cat","embeddable":true,"href":"https:\/\/www.abpartners.cz\/en\/wp-json\/wp\/v2\/product_cat?post=2522"},{"taxonomy":"product_tag","embeddable":true,"href":"https:\/\/www.abpartners.cz\/en\/wp-json\/wp\/v2\/product_tag?post=2522"}],"curies":[{"name":"wp","href":"https:\/\/api.w.org\/{rel}","templated":true}]}}