{"id":2521,"date":"2021-01-19T20:53:44","date_gmt":"2021-01-19T19:53:44","guid":{"rendered":"https:\/\/www.abpartners.cz\/legalshop\/plna-moc-pro-zastoupeni-spolecnika-na-valne-hromade\/"},"modified":"2021-04-05T20:49:12","modified_gmt":"2021-04-05T18:49:12","slug":"plna-moc-pro-zastoupeni-spolecnika-na-valne-hromade","status":"publish","type":"product","link":"https:\/\/www.abpartners.cz\/en\/legalshop\/plna-moc-pro-zastoupeni-spolecnika-na-valne-hromade\/","title":{"rendered":"Pln\u00e1 moc pro zastoupen\u00ed spole\u010dn\u00edka na valn\u00e9 hromad\u011b"},"content":{"rendered":"<p>Pln\u00e1 moc pro zastoupen\u00ed spole\u010dn\u00edka na valn\u00e9 hromad\u011b bude u\u017eite\u010dn\u00e1 pro ty spole\u010dn\u00edky, kte\u0159\u00ed se z n\u011bjak\u00e9ho d\u016fvodu nejsou schopni \u00fa\u010dastnit valn\u00e9 hromady spole\u010dnosti, a p\u0159esto by cht\u011bli na valn\u00e9 hromad\u011b hlasovat o p\u0159ij\u00edman\u00fdch rozhodnut\u00edch.<\/p>\n<p>By\u0165 se m\u016f\u017ee na prvn\u00ed pohled zd\u00e1t, \u017ee sepis pln\u00e9 moci nebude \u010dinit v\u011bt\u0161\u00edch obt\u00ed\u017e\u00ed, opak je pravdou, jeliko\u017e <strong>chybn\u011b vyhotoven\u00e1 pln\u00e1 moc m\u016f\u017ee zalo\u017eit neplatnost ve\u0161ker\u00e9ho jedn\u00e1n\u00ed zastupuj\u00edc\u00ed osobou<\/strong>.<\/p>","protected":false},"excerpt":{"rendered":"<p>Pln\u00e1 moc pro zastoupen\u00ed spole\u010dn\u00edka na valn\u00e9 hromad\u011b bude u\u017eite\u010dn\u00e1 pro ty spole\u010dn\u00edky, kte\u0159\u00ed se z n\u011bjak\u00e9ho d\u016fvodu nejsou schopni \u00fa\u010dastnit valn\u00e9 hromady spole\u010dnosti, a p\u0159esto by cht\u011bli na valn\u00e9 hromad\u011b hlasovat o p\u0159ij\u00edman\u00fdch rozhodnut\u00edch. By\u0165 se m\u016f\u017ee na prvn\u00ed pohled zd\u00e1t, \u017ee sepis pln\u00e9 moci nebude \u010dinit v\u011bt\u0161\u00edch obt\u00ed\u017e\u00ed,  [&#8230;]<\/p>\n","protected":false},"featured_media":2489,"template":"","meta":{"_acf_changed":false,"rs_blank_template":"","rs_page_bg_color":"","slide_template_v7":""},"product_brand":[],"product_cat":[47],"product_tag":[],"class_list":{"0":"post-2521","1":"product","2":"type-product","3":"status-publish","4":"has-post-thumbnail","6":"product_cat-spolecnosti","8":"first","9":"instock","10":"sale","11":"downloadable","12":"virtual","13":"sold-individually","14":"taxable","15":"purchasable","16":"product-type-simple"},"bundled_by":[],"bundle_stock_status":"instock","bundle_stock_quantity":null,"bundle_virtual":false,"bundle_layout":"","bundle_add_to_cart_form_location":"","bundle_editable_in_cart":false,"bundle_sold_individually_context":"","bundle_item_grouping":"","bundle_min_size":"","bundle_max_size":"","bundle_price":[],"bundled_items":[],"bundle_sell_ids":[],"exclude_global_add_ons":false,"addons":{"2":{"name":"Zastoupen\u00ed na valn\u00e9 hromad\u011b advok\u00e1tem (pr\u00e1vn\u00ed slu\u017eba)","type":"checkbox","position":0,"required":false,"title_format":"heading","default":"","description_enable":true,"description":"Kvalifikovan\u00fd advok\u00e1t V\u00e1s na z\u00e1klad\u011b sepsan\u00e9 pln\u00e9 moci zastoup\u00ed na valn\u00e9 hromad\u011b. Podrobn\u011b s V\u00e1mi probereme jednotliv\u00e9 body jedn\u00e1n\u00ed valn\u00e9 hromady, upozorn\u00edme na \u00faskal\u00ed a dohodneme se na zp\u016fsobu hlasov\u00e1n\u00ed.","placeholder_enable":false,"placeholder":"","display":"select","restrictions_type":"any_text","adjust_price":false,"price":"","price_type":"flat_fee","restrictions":false,"min":"0","max":"0","options":[{"label":"Zastoupen\u00ed na valn\u00e9 hromad\u011b","price":"3990","price_type":"flat_fee","image":0,"visibility":true}]},"0":{"name":"Customized finalization (legal service)","type":"checkbox","position":1,"required":false,"title_format":"heading","default":"","description_enable":true,"description":"We will finish the pattern according to your specifications. You will receive the finished product. Fill in the contact details in the order form, we will call or email you.","placeholder_enable":false,"placeholder":"","display":"select","restrictions_type":"any_text","adjust_price":false,"price":"","price_type":"flat_fee","restrictions":false,"min":"0","max":"0","options":[{"label":"Finalizace na m\u00edru","price":"590","price_type":"flat_fee","image":0,"visibility":true}]},"1":{"name":"Telephone consultation with a lawyer (legal service)","type":"checkbox","position":2,"required":false,"title_format":"heading","default":"","description_enable":true,"description":"Do you need a consultation on the chosen pattern? We offer it at a discounted price. Fill in the contact details in the order form and we will call you.","placeholder_enable":false,"placeholder":"","display":"select","restrictions_type":"any_text","adjust_price":false,"price":"","price_type":"flat_fee","restrictions":false,"min":"0","max":"0","options":[{"label":"Porada v d\u00e9lce 30 minut","price":"790","price_type":"flat_fee","image":0,"visibility":true},{"label":"Porada v d\u00e9lce 60 minut","price":"1590","price_type":"flat_fee","image":0,"visibility":true},{"label":"Porada v d\u00e9lce 90 minut","price":"2390","price_type":"flat_fee","image":0,"visibility":true}]}},"acf":[],"yoast_head":"<!-- This site is optimized with the Yoast SEO plugin v27.4 - https:\/\/yoast.com\/product\/yoast-seo-wordpress\/ -->\n<title>Pln\u00e1 moc pro zastoupen\u00ed spole\u010dn\u00edka na valn\u00e9 hromad\u011b - LegalShop - AB PARTNERS advok\u00e1ti<\/title>\n<meta name=\"robots\" content=\"index, follow, max-snippet:-1, max-image-preview:large, max-video-preview:-1\" \/>\n<link rel=\"canonical\" href=\"https:\/\/www.abpartners.cz\/en\/legalshop\/plna-moc-pro-zastoupeni-spolecnika-na-valne-hromade\/\" \/>\n<meta property=\"og:locale\" content=\"en_GB\" \/>\n<meta property=\"og:type\" content=\"article\" \/>\n<meta property=\"og:title\" content=\"Pln\u00e1 moc pro zastoupen\u00ed spole\u010dn\u00edka na valn\u00e9 hromad\u011b - LegalShop - AB PARTNERS advok\u00e1ti\" \/>\n<meta property=\"og:description\" content=\"Pln\u00e1 moc pro zastoupen\u00ed spole\u010dn\u00edka na valn\u00e9 hromad\u011b bude u\u017eite\u010dn\u00e1 pro ty spole\u010dn\u00edky, kte\u0159\u00ed se z n\u011bjak\u00e9ho d\u016fvodu nejsou schopni \u00fa\u010dastnit valn\u00e9 hromady spole\u010dnosti, a p\u0159esto by cht\u011bli na valn\u00e9 hromad\u011b hlasovat o p\u0159ij\u00edman\u00fdch rozhodnut\u00edch. By\u0165 se m\u016f\u017ee na prvn\u00ed pohled zd\u00e1t, \u017ee sepis pln\u00e9 moci nebude \u010dinit v\u011bt\u0161\u00edch obt\u00ed\u017e\u00ed, [...]\" \/>\n<meta property=\"og:url\" content=\"https:\/\/www.abpartners.cz\/en\/legalshop\/plna-moc-pro-zastoupeni-spolecnika-na-valne-hromade\/\" \/>\n<meta property=\"og:site_name\" content=\"AB PARTNERS advok\u00e1ti\" \/>\n<meta property=\"article:publisher\" content=\"https:\/\/www.facebook.com\/abpartners.cz\/\" \/>\n<meta property=\"article:modified_time\" content=\"2021-04-05T18:49:12+00:00\" \/>\n<meta property=\"og:image\" content=\"https:\/\/www.abpartners.cz\/wp-content\/uploads\/2021\/01\/ikona-vzory-spolecnosti.png\" \/>\n\t<meta property=\"og:image:width\" content=\"520\" \/>\n\t<meta property=\"og:image:height\" content=\"520\" \/>\n\t<meta property=\"og:image:type\" content=\"image\/png\" \/>\n<meta name=\"twitter:card\" content=\"summary_large_image\" \/>\n<meta name=\"twitter:site\" content=\"@ABPartners_cz\" \/>\n<meta name=\"twitter:label1\" content=\"Price\" \/>\n\t<meta name=\"twitter:data1\" content=\"531&nbsp;&#075;&#269; v\u010detn\u011b DPH\" \/>\n\t<meta name=\"twitter:label2\" content=\"Availability\" \/>\n\t<meta name=\"twitter:data2\" content=\"In stock\" \/>\n<script type=\"application\/ld+json\" class=\"yoast-schema-graph\">{\"@context\":\"https:\\\/\\\/schema.org\",\"@graph\":[{\"@type\":\"WebPage\",\"@id\":\"https:\\\/\\\/www.abpartners.cz\\\/legalshop\\\/plna-moc-pro-zastoupeni-spolecnika-na-valne-hromade\\\/\",\"url\":\"https:\\\/\\\/www.abpartners.cz\\\/legalshop\\\/plna-moc-pro-zastoupeni-spolecnika-na-valne-hromade\\\/\",\"name\":\"Pln\u00e1 moc pro zastoupen\u00ed spole\u010dn\u00edka na valn\u00e9 hromad\u011b - LegalShop - AB PARTNERS advok\u00e1ti\",\"isPartOf\":{\"@id\":\"https:\\\/\\\/www.abpartners.cz\\\/#website\"},\"primaryImageOfPage\":{\"@id\":\"https:\\\/\\\/www.abpartners.cz\\\/legalshop\\\/plna-moc-pro-zastoupeni-spolecnika-na-valne-hromade\\\/#primaryimage\"},\"image\":{\"@id\":\"https:\\\/\\\/www.abpartners.cz\\\/legalshop\\\/plna-moc-pro-zastoupeni-spolecnika-na-valne-hromade\\\/#primaryimage\"},\"thumbnailUrl\":\"https:\\\/\\\/www.abpartners.cz\\\/wp-content\\\/uploads\\\/2021\\\/01\\\/ikona-vzory-spolecnosti.png\",\"datePublished\":\"2021-01-19T19:53:44+00:00\",\"dateModified\":\"2021-04-05T18:49:12+00:00\",\"breadcrumb\":{\"@id\":\"https:\\\/\\\/www.abpartners.cz\\\/legalshop\\\/plna-moc-pro-zastoupeni-spolecnika-na-valne-hromade\\\/#breadcrumb\"},\"inLanguage\":\"en-GB\",\"potentialAction\":[{\"@type\":\"ReadAction\",\"target\":[\"https:\\\/\\\/www.abpartners.cz\\\/legalshop\\\/plna-moc-pro-zastoupeni-spolecnika-na-valne-hromade\\\/\"]}]},{\"@type\":\"ImageObject\",\"inLanguage\":\"en-GB\",\"@id\":\"https:\\\/\\\/www.abpartners.cz\\\/legalshop\\\/plna-moc-pro-zastoupeni-spolecnika-na-valne-hromade\\\/#primaryimage\",\"url\":\"https:\\\/\\\/www.abpartners.cz\\\/wp-content\\\/uploads\\\/2021\\\/01\\\/ikona-vzory-spolecnosti.png\",\"contentUrl\":\"https:\\\/\\\/www.abpartners.cz\\\/wp-content\\\/uploads\\\/2021\\\/01\\\/ikona-vzory-spolecnosti.png\",\"width\":520,\"height\":520},{\"@type\":\"BreadcrumbList\",\"@id\":\"https:\\\/\\\/www.abpartners.cz\\\/legalshop\\\/plna-moc-pro-zastoupeni-spolecnika-na-valne-hromade\\\/#breadcrumb\",\"itemListElement\":[{\"@type\":\"ListItem\",\"position\":1,\"name\":\"Dom\u016f\",\"item\":\"https:\\\/\\\/www.abpartners.cz\\\/\"},{\"@type\":\"ListItem\",\"position\":2,\"name\":\"LegalShop\",\"item\":\"https:\\\/\\\/www.abpartners.cz\\\/legalshop\\\/\"},{\"@type\":\"ListItem\",\"position\":3,\"name\":\"Pln\u00e1 moc pro zastoupen\u00ed spole\u010dn\u00edka na valn\u00e9 hromad\u011b\"}]},{\"@type\":\"WebSite\",\"@id\":\"https:\\\/\\\/www.abpartners.cz\\\/#website\",\"url\":\"https:\\\/\\\/www.abpartners.cz\\\/\",\"name\":\"AB PARTNERS advok\u00e1ti\",\"description\":\"AB PARTNERS advok\u00e1ti\",\"publisher\":{\"@id\":\"https:\\\/\\\/www.abpartners.cz\\\/#organization\"},\"potentialAction\":[{\"@type\":\"SearchAction\",\"target\":{\"@type\":\"EntryPoint\",\"urlTemplate\":\"https:\\\/\\\/www.abpartners.cz\\\/?s={search_term_string}\"},\"query-input\":{\"@type\":\"PropertyValueSpecification\",\"valueRequired\":true,\"valueName\":\"search_term_string\"}}],\"inLanguage\":\"en-GB\"},{\"@type\":\"Organization\",\"@id\":\"https:\\\/\\\/www.abpartners.cz\\\/#organization\",\"name\":\"AB PARTNERS advok\u00e1ti\",\"url\":\"https:\\\/\\\/www.abpartners.cz\\\/\",\"logo\":{\"@type\":\"ImageObject\",\"inLanguage\":\"en-GB\",\"@id\":\"https:\\\/\\\/www.abpartners.cz\\\/#\\\/schema\\\/logo\\\/image\\\/\",\"url\":\"https:\\\/\\\/www.abpartners.cz\\\/wp-content\\\/uploads\\\/2021\\\/01\\\/abpartners_regular_rgb_dark.png\",\"contentUrl\":\"https:\\\/\\\/www.abpartners.cz\\\/wp-content\\\/uploads\\\/2021\\\/01\\\/abpartners_regular_rgb_dark.png\",\"width\":1240,\"height\":236,\"caption\":\"AB PARTNERS advok\u00e1ti\"},\"image\":{\"@id\":\"https:\\\/\\\/www.abpartners.cz\\\/#\\\/schema\\\/logo\\\/image\\\/\"},\"sameAs\":[\"https:\\\/\\\/www.facebook.com\\\/abpartners.cz\\\/\",\"https:\\\/\\\/x.com\\\/ABPartners_cz\",\"https:\\\/\\\/www.linkedin.com\\\/company\\\/abpartners\\\/\",\"https:\\\/\\\/www.instagram.com\\\/abpartners.cz\\\/\"]}]}<\/script>\n<meta property=\"product:price:amount\" content=\"531\" \/>\n<meta property=\"product:price:currency\" content=\"CZK\" \/>\n<meta property=\"og:availability\" content=\"instock\" \/>\n<meta property=\"product:availability\" content=\"instock\" \/>\n<meta property=\"product:retailer_item_id\" content=\"202008\" \/>\n<meta property=\"product:condition\" content=\"new\" \/>\n<!-- \/ Yoast SEO plugin. -->","yoast_head_json":{"title":"Pln\u00e1 moc pro zastoupen\u00ed spole\u010dn\u00edka na valn\u00e9 hromad\u011b - LegalShop - AB PARTNERS advok\u00e1ti","robots":{"index":"index","follow":"follow","max-snippet":"max-snippet:-1","max-image-preview":"max-image-preview:large","max-video-preview":"max-video-preview:-1"},"canonical":"https:\/\/www.abpartners.cz\/en\/legalshop\/plna-moc-pro-zastoupeni-spolecnika-na-valne-hromade\/","og_locale":"en_GB","og_type":"article","og_title":"Pln\u00e1 moc pro zastoupen\u00ed spole\u010dn\u00edka na valn\u00e9 hromad\u011b - LegalShop - AB PARTNERS advok\u00e1ti","og_description":"Pln\u00e1 moc pro zastoupen\u00ed spole\u010dn\u00edka na valn\u00e9 hromad\u011b bude u\u017eite\u010dn\u00e1 pro ty spole\u010dn\u00edky, kte\u0159\u00ed se z n\u011bjak\u00e9ho d\u016fvodu nejsou schopni \u00fa\u010dastnit valn\u00e9 hromady spole\u010dnosti, a p\u0159esto by cht\u011bli na valn\u00e9 hromad\u011b hlasovat o p\u0159ij\u00edman\u00fdch rozhodnut\u00edch. By\u0165 se m\u016f\u017ee na prvn\u00ed pohled zd\u00e1t, \u017ee sepis pln\u00e9 moci nebude \u010dinit v\u011bt\u0161\u00edch obt\u00ed\u017e\u00ed, [...]","og_url":"https:\/\/www.abpartners.cz\/en\/legalshop\/plna-moc-pro-zastoupeni-spolecnika-na-valne-hromade\/","og_site_name":"AB PARTNERS advok\u00e1ti","article_publisher":"https:\/\/www.facebook.com\/abpartners.cz\/","article_modified_time":"2021-04-05T18:49:12+00:00","og_image":[{"width":520,"height":520,"url":"https:\/\/www.abpartners.cz\/wp-content\/uploads\/2021\/01\/ikona-vzory-spolecnosti.png","type":"image\/png"}],"twitter_card":"summary_large_image","twitter_site":"@ABPartners_cz","twitter_misc":{"Price":"531&nbsp;&#75;&#269; v\u010detn\u011b DPH","Availability":"In stock"},"schema":{"@context":"https:\/\/schema.org","@graph":[{"@type":"WebPage","@id":"https:\/\/www.abpartners.cz\/legalshop\/plna-moc-pro-zastoupeni-spolecnika-na-valne-hromade\/","url":"https:\/\/www.abpartners.cz\/legalshop\/plna-moc-pro-zastoupeni-spolecnika-na-valne-hromade\/","name":"Pln\u00e1 moc pro zastoupen\u00ed spole\u010dn\u00edka na valn\u00e9 hromad\u011b - LegalShop - AB PARTNERS advok\u00e1ti","isPartOf":{"@id":"https:\/\/www.abpartners.cz\/#website"},"primaryImageOfPage":{"@id":"https:\/\/www.abpartners.cz\/legalshop\/plna-moc-pro-zastoupeni-spolecnika-na-valne-hromade\/#primaryimage"},"image":{"@id":"https:\/\/www.abpartners.cz\/legalshop\/plna-moc-pro-zastoupeni-spolecnika-na-valne-hromade\/#primaryimage"},"thumbnailUrl":"https:\/\/www.abpartners.cz\/wp-content\/uploads\/2021\/01\/ikona-vzory-spolecnosti.png","datePublished":"2021-01-19T19:53:44+00:00","dateModified":"2021-04-05T18:49:12+00:00","breadcrumb":{"@id":"https:\/\/www.abpartners.cz\/legalshop\/plna-moc-pro-zastoupeni-spolecnika-na-valne-hromade\/#breadcrumb"},"inLanguage":"en-GB","potentialAction":[{"@type":"ReadAction","target":["https:\/\/www.abpartners.cz\/legalshop\/plna-moc-pro-zastoupeni-spolecnika-na-valne-hromade\/"]}]},{"@type":"ImageObject","inLanguage":"en-GB","@id":"https:\/\/www.abpartners.cz\/legalshop\/plna-moc-pro-zastoupeni-spolecnika-na-valne-hromade\/#primaryimage","url":"https:\/\/www.abpartners.cz\/wp-content\/uploads\/2021\/01\/ikona-vzory-spolecnosti.png","contentUrl":"https:\/\/www.abpartners.cz\/wp-content\/uploads\/2021\/01\/ikona-vzory-spolecnosti.png","width":520,"height":520},{"@type":"BreadcrumbList","@id":"https:\/\/www.abpartners.cz\/legalshop\/plna-moc-pro-zastoupeni-spolecnika-na-valne-hromade\/#breadcrumb","itemListElement":[{"@type":"ListItem","position":1,"name":"Dom\u016f","item":"https:\/\/www.abpartners.cz\/"},{"@type":"ListItem","position":2,"name":"LegalShop","item":"https:\/\/www.abpartners.cz\/legalshop\/"},{"@type":"ListItem","position":3,"name":"Pln\u00e1 moc pro zastoupen\u00ed spole\u010dn\u00edka na valn\u00e9 hromad\u011b"}]},{"@type":"WebSite","@id":"https:\/\/www.abpartners.cz\/#website","url":"https:\/\/www.abpartners.cz\/","name":"AB PARTNERS attorneys at law","description":"AB PARTNERS attorneys at law","publisher":{"@id":"https:\/\/www.abpartners.cz\/#organization"},"potentialAction":[{"@type":"SearchAction","target":{"@type":"EntryPoint","urlTemplate":"https:\/\/www.abpartners.cz\/?s={search_term_string}"},"query-input":{"@type":"PropertyValueSpecification","valueRequired":true,"valueName":"search_term_string"}}],"inLanguage":"en-GB"},{"@type":"Organization","@id":"https:\/\/www.abpartners.cz\/#organization","name":"AB PARTNERS attorneys at law","url":"https:\/\/www.abpartners.cz\/","logo":{"@type":"ImageObject","inLanguage":"en-GB","@id":"https:\/\/www.abpartners.cz\/#\/schema\/logo\/image\/","url":"https:\/\/www.abpartners.cz\/wp-content\/uploads\/2021\/01\/abpartners_regular_rgb_dark.png","contentUrl":"https:\/\/www.abpartners.cz\/wp-content\/uploads\/2021\/01\/abpartners_regular_rgb_dark.png","width":1240,"height":236,"caption":"AB PARTNERS advok\u00e1ti"},"image":{"@id":"https:\/\/www.abpartners.cz\/#\/schema\/logo\/image\/"},"sameAs":["https:\/\/www.facebook.com\/abpartners.cz\/","https:\/\/x.com\/ABPartners_cz","https:\/\/www.linkedin.com\/company\/abpartners\/","https:\/\/www.instagram.com\/abpartners.cz\/"]}]},"product_price_amount":"531","product_price_currency":"CZK","og_availability":"instock","product_availability":"instock","product_retailer_item_id":"202008","product_condition":"new"},"_links":{"self":[{"href":"https:\/\/www.abpartners.cz\/en\/wp-json\/wp\/v2\/product\/2521","targetHints":{"allow":["GET"]}}],"collection":[{"href":"https:\/\/www.abpartners.cz\/en\/wp-json\/wp\/v2\/product"}],"about":[{"href":"https:\/\/www.abpartners.cz\/en\/wp-json\/wp\/v2\/types\/product"}],"wp:featuredmedia":[{"embeddable":true,"href":"https:\/\/www.abpartners.cz\/en\/wp-json\/wp\/v2\/media\/2489"}],"wp:attachment":[{"href":"https:\/\/www.abpartners.cz\/en\/wp-json\/wp\/v2\/media?parent=2521"}],"wp:term":[{"taxonomy":"product_brand","embeddable":true,"href":"https:\/\/www.abpartners.cz\/en\/wp-json\/wp\/v2\/product_brand?post=2521"},{"taxonomy":"product_cat","embeddable":true,"href":"https:\/\/www.abpartners.cz\/en\/wp-json\/wp\/v2\/product_cat?post=2521"},{"taxonomy":"product_tag","embeddable":true,"href":"https:\/\/www.abpartners.cz\/en\/wp-json\/wp\/v2\/product_tag?post=2521"}],"curies":[{"name":"wp","href":"https:\/\/api.w.org\/{rel}","templated":true}]}}