{"id":2516,"date":"2021-01-19T20:53:44","date_gmt":"2021-01-19T19:53:44","guid":{"rendered":"https:\/\/www.abpartners.cz\/legalshop\/darovaci-smlouva-sluzebnost-byt-oz\/"},"modified":"2021-02-01T08:09:35","modified_gmt":"2021-02-01T07:09:35","slug":"darovaci-smlouva-sluzebnost-byt-oz","status":"publish","type":"product","link":"https:\/\/www.abpartners.cz\/en\/legalshop\/darovaci-smlouva-sluzebnost-byt-oz\/","title":{"rendered":"Donation agreement and agreement on the establishment of an apartment easement (apartment defined according to the Civil Code)"},"content":{"rendered":"<p>By purchasing this document you get a sample <strong>the donation agreement together with the agreement on the establishment of an apartment easement<\/strong>, which is agreed as gratuitous in this model. The subject matter of this gift agreement is <strong>free of charge transfer of ownership of a housing unit defined on the basis of the Civil Code, i.e. defined after 1.1.2014<\/strong> (seznateln\u00e9 tak\u00e9 z\u00a0v\u00fdpisu z\u00a0katastru nemovitost\u00ed). Opr\u00e1vn\u011bn\u00fd ze slu\u017eebnosti (d\u00e1rce), vzhledem k\u00a0v\u00fd\u0161e uveden\u00e9mu, nen\u00ed povinen za z\u0159\u00edzen\u00ed sjednan\u00e9 slu\u017eebnosti hradit povinn\u00e9mu ze slu\u017eebnosti (obdarovan\u00e9mu) pen\u011b\u017en\u00ed n\u00e1hradu. Vzhledem ke smluvn\u00ed volnosti si mohou d\u00e1rce a obdarovan\u00fd upravit tato ujedn\u00e1n\u00ed dle libosti a dohodnout se na konkr\u00e9tn\u00ed \u010d\u00e1stce za z\u0159\u00edzen\u00ed slu\u017eebnosti, \u010di na pravideln\u00fdch nap\u0159. m\u011bs\u00ed\u010dn\u00edch \u010d\u00e1stk\u00e1ch. Spole\u010dn\u011b s t\u00edmto vzorem z\u00edsk\u00e1v\u00e1te praktick\u00fd <strong>a description to help you navigate through the filling in of the template and the subsequent procedure for the registration of the right in the Land Register<\/strong>. In addition to the above, the description will also give you a simplified overview of the general legal regulation of the institute of donation and the definition of housing units.<\/p>\n<p>The donation agreement is <strong>gratuitous legal action<\/strong>by which the donor transfers the ownership of the item to the donee, or undertakes to transfer the ownership in the future, the donee accepts the gift. If the ownership of immovable property is transferred, the immovable property must be properly specified. In addition, there must be a specific expression of intent to transfer ownership of the object of the gift and the gratuitousness of such transfer.<\/p>\n<p>Easements are one of two types of easements. Apart from easements, the law also recognizes real easements. An easement is <strong>the obligation of the owner of the immovable thing to tolerate the exercise of the rights belonging to the beneficiary of the easement<\/strong>. We distinguish between two categories of easements, namely land easements, which are related to a specific piece of land, and personal easements, which are tied to a specific person. When an easement is established for a dwelling, it is <strong>the beneficiary of the easement is entitled to use the property to which the easement relates<\/strong>. If an easement of the dwelling is established, it shall be deemed to have been established as an easement of use.<\/p>","protected":false},"excerpt":{"rendered":"<p>Po\u0159\u00edzen\u00edm tohoto dokumentu z\u00edsk\u00e1v\u00e1te vzor darovac\u00ed smlouvy spole\u010dn\u011b se smlouvou o z\u0159\u00edzen\u00ed slu\u017eebnosti bytu, kter\u00e1 je v\u00a0tomto vzoru sjedn\u00e1na jako bez\u00faplatn\u00e1. P\u0159edm\u011btem t\u00e9to darovac\u00ed smlouvy je bez\u00faplatn\u00fd p\u0159evod vlastnick\u00e9ho pr\u00e1va k\u00a0bytov\u00e9 jednotce vymezen\u00e9 na z\u00e1klad\u011b ob\u010dansk\u00e9ho z\u00e1kon\u00edku, tj. vymezen\u00e9 po 1.1.2014 (seznateln\u00e9 tak\u00e9 z\u00a0v\u00fdpisu z\u00a0katastru nemovitost\u00ed). Opr\u00e1vn\u011bn\u00fd ze slu\u017eebnosti (d\u00e1rce),  [&#8230;]<\/p>\n","protected":false},"featured_media":2503,"template":"","meta":{"_acf_changed":false,"rs_blank_template":"","rs_page_bg_color":"","slide_template_v7":""},"product_brand":[],"product_cat":[56],"product_tag":[],"class_list":{"0":"post-2516","1":"product","2":"type-product","3":"status-publish","4":"has-post-thumbnail","6":"product_cat-darovaci-smlouva","8":"first","9":"instock","10":"sale","11":"downloadable","12":"virtual","13":"sold-individually","14":"taxable","15":"purchasable","16":"product-type-simple"},"bundled_by":[],"bundle_stock_status":"instock","bundle_stock_quantity":null,"bundle_virtual":false,"bundle_layout":"","bundle_add_to_cart_form_location":"","bundle_editable_in_cart":false,"bundle_sold_individually_context":"","bundle_item_grouping":"","bundle_min_size":"","bundle_max_size":"","bundle_price":[],"bundled_items":[],"bundle_sell_ids":[],"exclude_global_add_ons":false,"addons":[{"name":"Customized finalization (legal service)","type":"checkbox","position":0,"required":false,"title_format":"heading","default":"","description_enable":true,"description":"We will complete the pattern according to your specifications. You will receive the finished product with further instructions. Fill in the contact details in the order form, we will call or email you.","placeholder_enable":false,"placeholder":"","display":"select","restrictions_type":"any_text","adjust_price":false,"price":"","price_type":"flat_fee","restrictions":false,"min":"0","max":"0","options":[{"label":"Finalizace na m\u00edru","price":"1590","price_type":"flat_fee","image":0,"visibility":true}]},{"name":"Application for entry into the Land Register (legal service)","type":"checkbox","position":1,"required":false,"title_format":"heading","default":"","description_enable":true,"description":"The change of ownership takes place on the basis of the entry into the Land Registry. The procedure takes place at the competent cadastral office and is initiated by filing an Application for Entry of Right into the Land Register on the prescribed form. We will prepare the form for you and give you further instructions for its submission. Fill in the contact details in the order form, we will call you or send you an email.","placeholder_enable":false,"placeholder":"","display":"select","restrictions_type":"any_text","adjust_price":false,"price":"","price_type":"flat_fee","restrictions":false,"min":"0","max":"0","options":[{"label":"N\u00e1vrh na vklad do katastru","price":"390","price_type":"flat_fee","image":0,"visibility":true}]},{"name":"Telephone consultation with a lawyer (legal service)","type":"checkbox","position":2,"required":false,"title_format":"heading","default":"","description_enable":true,"description":"Do you need a consultation on the chosen pattern? We offer it at a discounted price. Fill in the contact details in the order form and we will call you.","placeholder_enable":false,"placeholder":"","display":"select","restrictions_type":"any_text","adjust_price":false,"price":"","price_type":"flat_fee","restrictions":false,"min":"0","max":"0","options":[{"label":"Porada v d\u00e9lce 30 minut","price":"790","price_type":"flat_fee","image":0,"visibility":true},{"label":"Porada v d\u00e9lce 60 minut","price":"1590","price_type":"flat_fee","image":0,"visibility":true},{"label":"Porada v d\u00e9lce 90 minut","price":"2390","price_type":"flat_fee","image":0,"visibility":true}]}],"acf":[],"yoast_head":"<!-- This site is optimized with the Yoast SEO plugin v27.4 - https:\/\/yoast.com\/product\/yoast-seo-wordpress\/ -->\n<title>Darovac\u00ed smlouva a smlouva o z\u0159\u00edzen\u00ed slu\u017eebnosti bytu (byt vymezen\u00fd dle ob\u010dansk\u00e9ho z\u00e1kon\u00edku) - LegalShop - AB PARTNERS advok\u00e1ti<\/title>\n<meta name=\"robots\" content=\"index, follow, max-snippet:-1, max-image-preview:large, max-video-preview:-1\" \/>\n<link rel=\"canonical\" href=\"https:\/\/www.abpartners.cz\/en\/legalshop\/darovaci-smlouva-sluzebnost-byt-oz\/\" \/>\n<meta property=\"og:locale\" content=\"en_GB\" \/>\n<meta property=\"og:type\" content=\"article\" \/>\n<meta property=\"og:title\" content=\"Darovac\u00ed smlouva a smlouva o z\u0159\u00edzen\u00ed slu\u017eebnosti bytu (byt vymezen\u00fd dle ob\u010dansk\u00e9ho z\u00e1kon\u00edku) - LegalShop - AB PARTNERS advok\u00e1ti\" \/>\n<meta property=\"og:description\" content=\"Po\u0159\u00edzen\u00edm tohoto dokumentu z\u00edsk\u00e1v\u00e1te vzor darovac\u00ed smlouvy spole\u010dn\u011b se smlouvou o z\u0159\u00edzen\u00ed slu\u017eebnosti bytu, kter\u00e1 je v\u00a0tomto vzoru sjedn\u00e1na jako bez\u00faplatn\u00e1. P\u0159edm\u011btem t\u00e9to darovac\u00ed smlouvy je bez\u00faplatn\u00fd p\u0159evod vlastnick\u00e9ho pr\u00e1va k\u00a0bytov\u00e9 jednotce vymezen\u00e9 na z\u00e1klad\u011b ob\u010dansk\u00e9ho z\u00e1kon\u00edku, tj. vymezen\u00e9 po 1.1.2014 (seznateln\u00e9 tak\u00e9 z\u00a0v\u00fdpisu z\u00a0katastru nemovitost\u00ed). Opr\u00e1vn\u011bn\u00fd ze slu\u017eebnosti (d\u00e1rce), [...]\" \/>\n<meta property=\"og:url\" content=\"https:\/\/www.abpartners.cz\/en\/legalshop\/darovaci-smlouva-sluzebnost-byt-oz\/\" \/>\n<meta property=\"og:site_name\" content=\"AB PARTNERS advok\u00e1ti\" \/>\n<meta property=\"article:publisher\" content=\"https:\/\/www.facebook.com\/abpartners.cz\/\" \/>\n<meta property=\"article:modified_time\" content=\"2021-02-01T07:09:35+00:00\" \/>\n<meta property=\"og:image\" content=\"https:\/\/www.abpartners.cz\/wp-content\/uploads\/2021\/01\/ikona-vzor-nemovitosti.png\" \/>\n\t<meta property=\"og:image:width\" content=\"520\" \/>\n\t<meta property=\"og:image:height\" content=\"520\" \/>\n\t<meta property=\"og:image:type\" content=\"image\/png\" \/>\n<meta name=\"twitter:card\" content=\"summary_large_image\" \/>\n<meta name=\"twitter:site\" content=\"@ABPartners_cz\" \/>\n<meta name=\"twitter:label1\" content=\"Price\" \/>\n\t<meta name=\"twitter:data1\" content=\"1.341&nbsp;&#075;&#269; v\u010detn\u011b DPH\" \/>\n\t<meta name=\"twitter:label2\" content=\"Availability\" \/>\n\t<meta name=\"twitter:data2\" content=\"In stock\" \/>\n<script type=\"application\/ld+json\" class=\"yoast-schema-graph\">{\"@context\":\"https:\\\/\\\/schema.org\",\"@graph\":[{\"@type\":\"WebPage\",\"@id\":\"https:\\\/\\\/www.abpartners.cz\\\/legalshop\\\/darovaci-smlouva-sluzebnost-byt-oz\\\/\",\"url\":\"https:\\\/\\\/www.abpartners.cz\\\/legalshop\\\/darovaci-smlouva-sluzebnost-byt-oz\\\/\",\"name\":\"Darovac\u00ed smlouva a smlouva o z\u0159\u00edzen\u00ed slu\u017eebnosti bytu (byt vymezen\u00fd dle ob\u010dansk\u00e9ho z\u00e1kon\u00edku) - LegalShop - AB PARTNERS advok\u00e1ti\",\"isPartOf\":{\"@id\":\"https:\\\/\\\/www.abpartners.cz\\\/#website\"},\"primaryImageOfPage\":{\"@id\":\"https:\\\/\\\/www.abpartners.cz\\\/legalshop\\\/darovaci-smlouva-sluzebnost-byt-oz\\\/#primaryimage\"},\"image\":{\"@id\":\"https:\\\/\\\/www.abpartners.cz\\\/legalshop\\\/darovaci-smlouva-sluzebnost-byt-oz\\\/#primaryimage\"},\"thumbnailUrl\":\"https:\\\/\\\/www.abpartners.cz\\\/wp-content\\\/uploads\\\/2021\\\/01\\\/ikona-vzor-nemovitosti.png\",\"datePublished\":\"2021-01-19T19:53:44+00:00\",\"dateModified\":\"2021-02-01T07:09:35+00:00\",\"breadcrumb\":{\"@id\":\"https:\\\/\\\/www.abpartners.cz\\\/legalshop\\\/darovaci-smlouva-sluzebnost-byt-oz\\\/#breadcrumb\"},\"inLanguage\":\"en-GB\",\"potentialAction\":[{\"@type\":\"ReadAction\",\"target\":[\"https:\\\/\\\/www.abpartners.cz\\\/legalshop\\\/darovaci-smlouva-sluzebnost-byt-oz\\\/\"]}]},{\"@type\":\"ImageObject\",\"inLanguage\":\"en-GB\",\"@id\":\"https:\\\/\\\/www.abpartners.cz\\\/legalshop\\\/darovaci-smlouva-sluzebnost-byt-oz\\\/#primaryimage\",\"url\":\"https:\\\/\\\/www.abpartners.cz\\\/wp-content\\\/uploads\\\/2021\\\/01\\\/ikona-vzor-nemovitosti.png\",\"contentUrl\":\"https:\\\/\\\/www.abpartners.cz\\\/wp-content\\\/uploads\\\/2021\\\/01\\\/ikona-vzor-nemovitosti.png\",\"width\":520,\"height\":520},{\"@type\":\"BreadcrumbList\",\"@id\":\"https:\\\/\\\/www.abpartners.cz\\\/legalshop\\\/darovaci-smlouva-sluzebnost-byt-oz\\\/#breadcrumb\",\"itemListElement\":[{\"@type\":\"ListItem\",\"position\":1,\"name\":\"Dom\u016f\",\"item\":\"https:\\\/\\\/www.abpartners.cz\\\/\"},{\"@type\":\"ListItem\",\"position\":2,\"name\":\"LegalShop\",\"item\":\"https:\\\/\\\/www.abpartners.cz\\\/legalshop\\\/\"},{\"@type\":\"ListItem\",\"position\":3,\"name\":\"Darovac\u00ed smlouva a smlouva o z\u0159\u00edzen\u00ed slu\u017eebnosti bytu (byt vymezen\u00fd dle ob\u010dansk\u00e9ho z\u00e1kon\u00edku)\"}]},{\"@type\":\"WebSite\",\"@id\":\"https:\\\/\\\/www.abpartners.cz\\\/#website\",\"url\":\"https:\\\/\\\/www.abpartners.cz\\\/\",\"name\":\"AB PARTNERS advok\u00e1ti\",\"description\":\"AB PARTNERS advok\u00e1ti\",\"publisher\":{\"@id\":\"https:\\\/\\\/www.abpartners.cz\\\/#organization\"},\"potentialAction\":[{\"@type\":\"SearchAction\",\"target\":{\"@type\":\"EntryPoint\",\"urlTemplate\":\"https:\\\/\\\/www.abpartners.cz\\\/?s={search_term_string}\"},\"query-input\":{\"@type\":\"PropertyValueSpecification\",\"valueRequired\":true,\"valueName\":\"search_term_string\"}}],\"inLanguage\":\"en-GB\"},{\"@type\":\"Organization\",\"@id\":\"https:\\\/\\\/www.abpartners.cz\\\/#organization\",\"name\":\"AB PARTNERS advok\u00e1ti\",\"url\":\"https:\\\/\\\/www.abpartners.cz\\\/\",\"logo\":{\"@type\":\"ImageObject\",\"inLanguage\":\"en-GB\",\"@id\":\"https:\\\/\\\/www.abpartners.cz\\\/#\\\/schema\\\/logo\\\/image\\\/\",\"url\":\"https:\\\/\\\/www.abpartners.cz\\\/wp-content\\\/uploads\\\/2021\\\/01\\\/abpartners_regular_rgb_dark.png\",\"contentUrl\":\"https:\\\/\\\/www.abpartners.cz\\\/wp-content\\\/uploads\\\/2021\\\/01\\\/abpartners_regular_rgb_dark.png\",\"width\":1240,\"height\":236,\"caption\":\"AB PARTNERS advok\u00e1ti\"},\"image\":{\"@id\":\"https:\\\/\\\/www.abpartners.cz\\\/#\\\/schema\\\/logo\\\/image\\\/\"},\"sameAs\":[\"https:\\\/\\\/www.facebook.com\\\/abpartners.cz\\\/\",\"https:\\\/\\\/x.com\\\/ABPartners_cz\",\"https:\\\/\\\/www.linkedin.com\\\/company\\\/abpartners\\\/\",\"https:\\\/\\\/www.instagram.com\\\/abpartners.cz\\\/\"]}]}<\/script>\n<meta property=\"product:price:amount\" content=\"1341\" \/>\n<meta property=\"product:price:currency\" content=\"CZK\" \/>\n<meta property=\"og:availability\" content=\"instock\" \/>\n<meta property=\"product:availability\" content=\"instock\" \/>\n<meta property=\"product:retailer_item_id\" content=\"201014\" \/>\n<meta property=\"product:condition\" content=\"new\" \/>\n<!-- \/ Yoast SEO plugin. -->","yoast_head_json":{"title":"Darovac\u00ed smlouva a smlouva o z\u0159\u00edzen\u00ed slu\u017eebnosti bytu (byt vymezen\u00fd dle ob\u010dansk\u00e9ho z\u00e1kon\u00edku) - LegalShop - AB PARTNERS advok\u00e1ti","robots":{"index":"index","follow":"follow","max-snippet":"max-snippet:-1","max-image-preview":"max-image-preview:large","max-video-preview":"max-video-preview:-1"},"canonical":"https:\/\/www.abpartners.cz\/en\/legalshop\/darovaci-smlouva-sluzebnost-byt-oz\/","og_locale":"en_GB","og_type":"article","og_title":"Darovac\u00ed smlouva a smlouva o z\u0159\u00edzen\u00ed slu\u017eebnosti bytu (byt vymezen\u00fd dle ob\u010dansk\u00e9ho z\u00e1kon\u00edku) - LegalShop - AB PARTNERS advok\u00e1ti","og_description":"Po\u0159\u00edzen\u00edm tohoto dokumentu z\u00edsk\u00e1v\u00e1te vzor darovac\u00ed smlouvy spole\u010dn\u011b se smlouvou o z\u0159\u00edzen\u00ed slu\u017eebnosti bytu, kter\u00e1 je v\u00a0tomto vzoru sjedn\u00e1na jako bez\u00faplatn\u00e1. P\u0159edm\u011btem t\u00e9to darovac\u00ed smlouvy je bez\u00faplatn\u00fd p\u0159evod vlastnick\u00e9ho pr\u00e1va k\u00a0bytov\u00e9 jednotce vymezen\u00e9 na z\u00e1klad\u011b ob\u010dansk\u00e9ho z\u00e1kon\u00edku, tj. vymezen\u00e9 po 1.1.2014 (seznateln\u00e9 tak\u00e9 z\u00a0v\u00fdpisu z\u00a0katastru nemovitost\u00ed). Opr\u00e1vn\u011bn\u00fd ze slu\u017eebnosti (d\u00e1rce), [...]","og_url":"https:\/\/www.abpartners.cz\/en\/legalshop\/darovaci-smlouva-sluzebnost-byt-oz\/","og_site_name":"AB PARTNERS advok\u00e1ti","article_publisher":"https:\/\/www.facebook.com\/abpartners.cz\/","article_modified_time":"2021-02-01T07:09:35+00:00","og_image":[{"width":520,"height":520,"url":"https:\/\/www.abpartners.cz\/wp-content\/uploads\/2021\/01\/ikona-vzor-nemovitosti.png","type":"image\/png"}],"twitter_card":"summary_large_image","twitter_site":"@ABPartners_cz","twitter_misc":{"Price":"1.341&nbsp;&#75;&#269; v\u010detn\u011b DPH","Availability":"In stock"},"schema":{"@context":"https:\/\/schema.org","@graph":[{"@type":"WebPage","@id":"https:\/\/www.abpartners.cz\/legalshop\/darovaci-smlouva-sluzebnost-byt-oz\/","url":"https:\/\/www.abpartners.cz\/legalshop\/darovaci-smlouva-sluzebnost-byt-oz\/","name":"Darovac\u00ed smlouva a smlouva o z\u0159\u00edzen\u00ed slu\u017eebnosti bytu (byt vymezen\u00fd dle ob\u010dansk\u00e9ho z\u00e1kon\u00edku) - LegalShop - AB PARTNERS advok\u00e1ti","isPartOf":{"@id":"https:\/\/www.abpartners.cz\/#website"},"primaryImageOfPage":{"@id":"https:\/\/www.abpartners.cz\/legalshop\/darovaci-smlouva-sluzebnost-byt-oz\/#primaryimage"},"image":{"@id":"https:\/\/www.abpartners.cz\/legalshop\/darovaci-smlouva-sluzebnost-byt-oz\/#primaryimage"},"thumbnailUrl":"https:\/\/www.abpartners.cz\/wp-content\/uploads\/2021\/01\/ikona-vzor-nemovitosti.png","datePublished":"2021-01-19T19:53:44+00:00","dateModified":"2021-02-01T07:09:35+00:00","breadcrumb":{"@id":"https:\/\/www.abpartners.cz\/legalshop\/darovaci-smlouva-sluzebnost-byt-oz\/#breadcrumb"},"inLanguage":"en-GB","potentialAction":[{"@type":"ReadAction","target":["https:\/\/www.abpartners.cz\/legalshop\/darovaci-smlouva-sluzebnost-byt-oz\/"]}]},{"@type":"ImageObject","inLanguage":"en-GB","@id":"https:\/\/www.abpartners.cz\/legalshop\/darovaci-smlouva-sluzebnost-byt-oz\/#primaryimage","url":"https:\/\/www.abpartners.cz\/wp-content\/uploads\/2021\/01\/ikona-vzor-nemovitosti.png","contentUrl":"https:\/\/www.abpartners.cz\/wp-content\/uploads\/2021\/01\/ikona-vzor-nemovitosti.png","width":520,"height":520},{"@type":"BreadcrumbList","@id":"https:\/\/www.abpartners.cz\/legalshop\/darovaci-smlouva-sluzebnost-byt-oz\/#breadcrumb","itemListElement":[{"@type":"ListItem","position":1,"name":"Dom\u016f","item":"https:\/\/www.abpartners.cz\/"},{"@type":"ListItem","position":2,"name":"LegalShop","item":"https:\/\/www.abpartners.cz\/legalshop\/"},{"@type":"ListItem","position":3,"name":"Darovac\u00ed smlouva a smlouva o z\u0159\u00edzen\u00ed slu\u017eebnosti bytu (byt vymezen\u00fd dle ob\u010dansk\u00e9ho z\u00e1kon\u00edku)"}]},{"@type":"WebSite","@id":"https:\/\/www.abpartners.cz\/#website","url":"https:\/\/www.abpartners.cz\/","name":"AB PARTNERS attorneys at law","description":"AB PARTNERS attorneys at law","publisher":{"@id":"https:\/\/www.abpartners.cz\/#organization"},"potentialAction":[{"@type":"SearchAction","target":{"@type":"EntryPoint","urlTemplate":"https:\/\/www.abpartners.cz\/?s={search_term_string}"},"query-input":{"@type":"PropertyValueSpecification","valueRequired":true,"valueName":"search_term_string"}}],"inLanguage":"en-GB"},{"@type":"Organization","@id":"https:\/\/www.abpartners.cz\/#organization","name":"AB PARTNERS attorneys at law","url":"https:\/\/www.abpartners.cz\/","logo":{"@type":"ImageObject","inLanguage":"en-GB","@id":"https:\/\/www.abpartners.cz\/#\/schema\/logo\/image\/","url":"https:\/\/www.abpartners.cz\/wp-content\/uploads\/2021\/01\/abpartners_regular_rgb_dark.png","contentUrl":"https:\/\/www.abpartners.cz\/wp-content\/uploads\/2021\/01\/abpartners_regular_rgb_dark.png","width":1240,"height":236,"caption":"AB PARTNERS advok\u00e1ti"},"image":{"@id":"https:\/\/www.abpartners.cz\/#\/schema\/logo\/image\/"},"sameAs":["https:\/\/www.facebook.com\/abpartners.cz\/","https:\/\/x.com\/ABPartners_cz","https:\/\/www.linkedin.com\/company\/abpartners\/","https:\/\/www.instagram.com\/abpartners.cz\/"]}]},"product_price_amount":"1341","product_price_currency":"CZK","og_availability":"instock","product_availability":"instock","product_retailer_item_id":"201014","product_condition":"new"},"_links":{"self":[{"href":"https:\/\/www.abpartners.cz\/en\/wp-json\/wp\/v2\/product\/2516","targetHints":{"allow":["GET"]}}],"collection":[{"href":"https:\/\/www.abpartners.cz\/en\/wp-json\/wp\/v2\/product"}],"about":[{"href":"https:\/\/www.abpartners.cz\/en\/wp-json\/wp\/v2\/types\/product"}],"wp:featuredmedia":[{"embeddable":true,"href":"https:\/\/www.abpartners.cz\/en\/wp-json\/wp\/v2\/media\/2503"}],"wp:attachment":[{"href":"https:\/\/www.abpartners.cz\/en\/wp-json\/wp\/v2\/media?parent=2516"}],"wp:term":[{"taxonomy":"product_brand","embeddable":true,"href":"https:\/\/www.abpartners.cz\/en\/wp-json\/wp\/v2\/product_brand?post=2516"},{"taxonomy":"product_cat","embeddable":true,"href":"https:\/\/www.abpartners.cz\/en\/wp-json\/wp\/v2\/product_cat?post=2516"},{"taxonomy":"product_tag","embeddable":true,"href":"https:\/\/www.abpartners.cz\/en\/wp-json\/wp\/v2\/product_tag?post=2516"}],"curies":[{"name":"wp","href":"https:\/\/api.w.org\/{rel}","templated":true}]}}