{"id":2506,"date":"2021-01-19T20:53:31","date_gmt":"2021-01-19T19:53:31","guid":{"rendered":"https:\/\/www.abpartners.cz\/legalshop\/kupni-smlouva-byt-zovb\/"},"modified":"2025-05-12T14:44:03","modified_gmt":"2025-05-12T12:44:03","slug":"kupni-smlouva-byt-zovb","status":"publish","type":"product","link":"https:\/\/www.abpartners.cz\/en\/legalshop\/kupni-smlouva-byt-zovb\/","title":{"rendered":"Purchase contract - sale of flat (defined according to the Act on Ownership of Flats)"},"content":{"rendered":"<p>Po\u0159\u00edzen\u00edm tohoto dokumentu z\u00edsk\u00e1v\u00e1te vzor kupn\u00ed smlouvy, jej\u00edm\u017e p\u0159edm\u011btem je p\u0159evod vlastnick\u00e9ho pr\u00e1va <strong>k\u00a0bytov\u00e9 jednotce vymezen\u00e9 na z\u00e1klad\u011b z\u00e1kona o vlastnictv\u00ed byt\u016f, tj. vymezen\u00e9 p\u0159ed 1.1.2014<\/strong> (also visible from the extract from the Land Registry). Together with this model you get a practical <strong>a description to help you navigate through the filling in of the template and the subsequent procedure for the registration of the right in the Land Register<\/strong>. Popis V\u00e1m mimo v\u00fd\u0161e uveden\u00e9 tak\u00e9 zjednodu\u0161en\u011b p\u0159ibl\u00ed\u017e\u00ed obecnou pr\u00e1vn\u00ed \u00fapravu kupn\u00ed smlouvy.<\/p>\n<p>Kupn\u00ed smlouvou se prod\u00e1vaj\u00edc\u00ed zavazuje, \u017ee kupuj\u00edc\u00edmu odevzd\u00e1 v\u011bc, kter\u00e1 je p\u0159edm\u011btem koup\u011b, a umo\u017en\u00ed mu nab\u00fdt vlastnick\u00e9 pr\u00e1vo k n\u00ed, a kupuj\u00edc\u00ed se zavazuje, \u017ee v\u011bc p\u0159evezme a zaplat\u00ed prod\u00e1vaj\u00edc\u00edmu kupn\u00ed cenu.<\/p>\n<p>\u00dahrada kupn\u00ed ceny je v tomto vzoru nastavena <strong>p\u0159\u00edmo na \u00fa\u010det strany prod\u00e1vaj\u00edc\u00ed<\/strong>, tzn. nen\u00ed po\u010d\u00edt\u00e1no se slo\u017een\u00edm kupn\u00ed ceny do advok\u00e1tn\u00ed \u00faschovy. V p\u0159\u00edpad\u011b Va\u0161eho z\u00e1jmu o vyu\u017eit\u00ed \u00faschovy kupn\u00ed ceny u na\u0161\u00ed advok\u00e1tn\u00ed kancel\u00e1\u0159e n\u00e1s m\u016f\u017eete samoz\u0159ejm\u011b kontaktovat \u010di zvolit p\u0159\u00edplatkovou pr\u00e1vn\u00ed slu\u017ebu.<\/p>\n<p>&nbsp;<\/p>\n<p>&nbsp;<\/p>","protected":false},"excerpt":{"rendered":"<p>Po\u0159\u00edzen\u00edm tohoto dokumentu z\u00edsk\u00e1v\u00e1te vzor kupn\u00ed smlouvy, jej\u00edm\u017e p\u0159edm\u011btem je p\u0159evod vlastnick\u00e9ho pr\u00e1va k\u00a0bytov\u00e9 jednotce vymezen\u00e9 na z\u00e1klad\u011b z\u00e1kona o vlastnictv\u00ed byt\u016f, tj. vymezen\u00e9 p\u0159ed 1.1.2014 (seznateln\u00e9 tak\u00e9 z\u00a0v\u00fdpisu z\u00a0katastru nemovitost\u00ed). Spole\u010dn\u011b s t\u00edmto vzorem z\u00edsk\u00e1v\u00e1te praktick\u00fd popis, kter\u00fd V\u00e1m usnadn\u00ed orientaci b\u011bhem vypl\u0148ov\u00e1n\u00ed vzoru a n\u00e1sledn\u00e9ho postupu p\u0159i vkladu  [&#8230;]<\/p>\n","protected":false},"featured_media":2503,"template":"","meta":{"_acf_changed":false,"rs_blank_template":"","rs_page_bg_color":"","slide_template_v7":""},"product_brand":[],"product_cat":[53],"product_tag":[],"class_list":{"0":"post-2506","1":"product","2":"type-product","3":"status-publish","4":"has-post-thumbnail","6":"product_cat-kupni-smlouva","8":"first","9":"instock","10":"sale","11":"downloadable","12":"virtual","13":"sold-individually","14":"taxable","15":"purchasable","16":"product-type-simple"},"bundled_by":[],"bundle_stock_status":"instock","bundle_stock_quantity":null,"bundle_virtual":false,"bundle_layout":"","bundle_add_to_cart_form_location":"","bundle_editable_in_cart":false,"bundle_sold_individually_context":"","bundle_item_grouping":"","bundle_min_size":"","bundle_max_size":"","bundle_price":[],"bundled_items":[],"bundle_sell_ids":[],"exclude_global_add_ons":false,"addons":[{"name":"Customized finalization (legal service)","type":"checkbox","position":0,"required":false,"title_format":"heading","default":"","description_enable":true,"description":"We will complete the pattern according to your specifications. You will receive the finished product with further instructions. Fill in the contact details in the order form, we will call or email you.","placeholder_enable":false,"placeholder":"","display":"select","restrictions_type":"any_text","adjust_price":false,"price":"","price_type":"flat_fee","restrictions":false,"min":"0","max":"0","options":[{"label":"Finalizace na m\u00edru","price":"4590","price_type":"flat_fee","image":0,"visibility":true}],"id":1747061043},{"name":"Application for entry into the Land Register (legal service)","type":"checkbox","position":1,"required":false,"title_format":"heading","default":"","description_enable":true,"description":"The change of ownership takes place on the basis of the entry into the Land Registry. The procedure takes place at the competent cadastral office and is initiated by filing an Application for Entry of Right into the Land Register on the prescribed form. We will prepare the form for you and give you further instructions for its submission. Fill in the contact details in the order form, we will call you or send you an email.","placeholder_enable":false,"placeholder":"","display":"select","restrictions_type":"any_text","adjust_price":false,"price":"","price_type":"flat_fee","restrictions":false,"min":"0","max":"0","options":[{"label":"N\u00e1vrh na vklad do katastru","price":"390","price_type":"flat_fee","image":0,"visibility":true}],"id":1747061044},{"name":"Advok\u00e1tn\u00ed \u00faschova (pr\u00e1vn\u00ed slu\u017eba)","type":"checkbox","position":2,"required":false,"title_format":"heading","default":"","description_enable":true,"description":"Advok\u00e1tn\u00ed \u00faschova zabezpe\u010d\u00ed cel\u00fd obchod jak pro kupuj\u00edc\u00edho, kter\u00fd m\u00e1 jistotu, \u017ee kupn\u00ed cena se dostane k prod\u00e1vaj\u00edc\u00edmu a\u017e v okam\u017eiku nabyt\u00ed vlastnick\u00e9ho pr\u00e1va, tak pro prod\u00e1vaj\u00edc\u00edho, kter\u00fd m\u00e1 jistotu, \u017ee n\u00e1vrh na vklad do katastru nemovitost\u00ed je pod\u00e1n a\u017e v okam\u017eiku, kdy kupn\u00ed cena byla uhrazena. Konkr\u00e9tn\u00ed podm\u00ednky advok\u00e1tn\u00ed \u00faschovy jsou nastaveny po dohod\u011b s ob\u011bma stranami a p\u0159\u00edpadn\u011b s p\u0159ihl\u00e9dnut\u00edm k podm\u00ednk\u00e1m financuj\u00edc\u00ed banky. Vypl\u0148te kontaktn\u00ed \u00fadaje v objedn\u00e1vce, zavol\u00e1me V\u00e1m nebo po\u0161leme email.","placeholder_enable":false,"placeholder":"","display":"select","restrictions_type":"any_text","adjust_price":false,"price":"","price_type":"flat_fee","restrictions":false,"min":"0","max":"0","options":[{"label":"\u010c\u00e1stka do 5 mil. K\u010d (v\u010d.)","price":"3900","price_type":"flat_fee","image":0,"visibility":true},{"label":"\u010c\u00e1stka 5 mil. K\u010d a\u017e 10 mil. K\u010d (v\u010d.)","price":"6900","price_type":"flat_fee","image":0,"visibility":true},{"label":"\u010c\u00e1stka 10 mil. K\u010d a\u017e 15 mil. K\u010d","price":"9900","price_type":"flat_fee","image":0,"visibility":true}],"id":1747061045},{"name":"Telephone consultation with a lawyer (legal service)","type":"checkbox","position":3,"required":false,"title_format":"heading","default":"","description_enable":true,"description":"Do you need a consultation on the chosen pattern? We offer it at a discounted price. Fill in the contact details in the order form and we will call you.","placeholder_enable":false,"placeholder":"","display":"select","restrictions_type":"any_text","adjust_price":false,"price":"","price_type":"flat_fee","restrictions":false,"min":"0","max":"0","options":[{"label":"Porada v d\u00e9lce 30 minut","price":"790","price_type":"flat_fee","image":0,"visibility":true},{"label":"Porada v d\u00e9lce 60 minut","price":"1590","price_type":"flat_fee","image":0,"visibility":true},{"label":"Porada v d\u00e9lce 90 minut","price":"2390","price_type":"flat_fee","image":0,"visibility":true}],"id":1747061046}],"acf":[],"yoast_head":"<!-- This site is optimized with the Yoast SEO plugin v27.4 - https:\/\/yoast.com\/product\/yoast-seo-wordpress\/ -->\n<title>Kupn\u00ed smlouva - prodej bytu (vymezen\u00e9ho dle z\u00e1k. o vlastnictv\u00ed byt\u016f) - LegalShop - AB PARTNERS advok\u00e1ti<\/title>\n<meta name=\"robots\" content=\"index, follow, max-snippet:-1, max-image-preview:large, max-video-preview:-1\" \/>\n<link rel=\"canonical\" href=\"https:\/\/www.abpartners.cz\/en\/legalshop\/kupni-smlouva-byt-zovb\/\" \/>\n<meta property=\"og:locale\" content=\"en_GB\" \/>\n<meta property=\"og:type\" content=\"article\" \/>\n<meta property=\"og:title\" content=\"Kupn\u00ed smlouva - prodej bytu (vymezen\u00e9ho dle z\u00e1k. o vlastnictv\u00ed byt\u016f) - LegalShop - AB PARTNERS advok\u00e1ti\" \/>\n<meta property=\"og:description\" content=\"Po\u0159\u00edzen\u00edm tohoto dokumentu z\u00edsk\u00e1v\u00e1te vzor kupn\u00ed smlouvy, jej\u00edm\u017e p\u0159edm\u011btem je p\u0159evod vlastnick\u00e9ho pr\u00e1va k\u00a0bytov\u00e9 jednotce vymezen\u00e9 na z\u00e1klad\u011b z\u00e1kona o vlastnictv\u00ed byt\u016f, tj. vymezen\u00e9 p\u0159ed 1.1.2014 (seznateln\u00e9 tak\u00e9 z\u00a0v\u00fdpisu z\u00a0katastru nemovitost\u00ed). Spole\u010dn\u011b s t\u00edmto vzorem z\u00edsk\u00e1v\u00e1te praktick\u00fd popis, kter\u00fd V\u00e1m usnadn\u00ed orientaci b\u011bhem vypl\u0148ov\u00e1n\u00ed vzoru a n\u00e1sledn\u00e9ho postupu p\u0159i vkladu [...]\" \/>\n<meta property=\"og:url\" content=\"https:\/\/www.abpartners.cz\/en\/legalshop\/kupni-smlouva-byt-zovb\/\" \/>\n<meta property=\"og:site_name\" content=\"AB PARTNERS advok\u00e1ti\" \/>\n<meta property=\"article:publisher\" content=\"https:\/\/www.facebook.com\/abpartners.cz\/\" \/>\n<meta property=\"article:modified_time\" content=\"2025-05-12T12:44:03+00:00\" \/>\n<meta property=\"og:image\" content=\"https:\/\/www.abpartners.cz\/wp-content\/uploads\/2021\/01\/ikona-vzor-nemovitosti.png\" \/>\n\t<meta property=\"og:image:width\" content=\"520\" \/>\n\t<meta property=\"og:image:height\" content=\"520\" \/>\n\t<meta property=\"og:image:type\" content=\"image\/png\" \/>\n<meta name=\"twitter:card\" content=\"summary_large_image\" \/>\n<meta name=\"twitter:site\" content=\"@ABPartners_cz\" \/>\n<meta name=\"twitter:label1\" content=\"Price\" \/>\n\t<meta name=\"twitter:data1\" content=\"1.791&nbsp;&#075;&#269; v\u010detn\u011b DPH\" \/>\n\t<meta name=\"twitter:label2\" content=\"Availability\" \/>\n\t<meta name=\"twitter:data2\" content=\"In stock\" \/>\n<script type=\"application\/ld+json\" class=\"yoast-schema-graph\">{\"@context\":\"https:\\\/\\\/schema.org\",\"@graph\":[{\"@type\":\"WebPage\",\"@id\":\"https:\\\/\\\/www.abpartners.cz\\\/legalshop\\\/kupni-smlouva-byt-zovb\\\/\",\"url\":\"https:\\\/\\\/www.abpartners.cz\\\/legalshop\\\/kupni-smlouva-byt-zovb\\\/\",\"name\":\"Kupn\u00ed smlouva - prodej bytu (vymezen\u00e9ho dle z\u00e1k. o vlastnictv\u00ed byt\u016f) - LegalShop - AB PARTNERS advok\u00e1ti\",\"isPartOf\":{\"@id\":\"https:\\\/\\\/www.abpartners.cz\\\/#website\"},\"primaryImageOfPage\":{\"@id\":\"https:\\\/\\\/www.abpartners.cz\\\/legalshop\\\/kupni-smlouva-byt-zovb\\\/#primaryimage\"},\"image\":{\"@id\":\"https:\\\/\\\/www.abpartners.cz\\\/legalshop\\\/kupni-smlouva-byt-zovb\\\/#primaryimage\"},\"thumbnailUrl\":\"https:\\\/\\\/www.abpartners.cz\\\/wp-content\\\/uploads\\\/2021\\\/01\\\/ikona-vzor-nemovitosti.png\",\"datePublished\":\"2021-01-19T19:53:31+00:00\",\"dateModified\":\"2025-05-12T12:44:03+00:00\",\"breadcrumb\":{\"@id\":\"https:\\\/\\\/www.abpartners.cz\\\/legalshop\\\/kupni-smlouva-byt-zovb\\\/#breadcrumb\"},\"inLanguage\":\"en-GB\",\"potentialAction\":[{\"@type\":\"ReadAction\",\"target\":[\"https:\\\/\\\/www.abpartners.cz\\\/legalshop\\\/kupni-smlouva-byt-zovb\\\/\"]}]},{\"@type\":\"ImageObject\",\"inLanguage\":\"en-GB\",\"@id\":\"https:\\\/\\\/www.abpartners.cz\\\/legalshop\\\/kupni-smlouva-byt-zovb\\\/#primaryimage\",\"url\":\"https:\\\/\\\/www.abpartners.cz\\\/wp-content\\\/uploads\\\/2021\\\/01\\\/ikona-vzor-nemovitosti.png\",\"contentUrl\":\"https:\\\/\\\/www.abpartners.cz\\\/wp-content\\\/uploads\\\/2021\\\/01\\\/ikona-vzor-nemovitosti.png\",\"width\":520,\"height\":520},{\"@type\":\"BreadcrumbList\",\"@id\":\"https:\\\/\\\/www.abpartners.cz\\\/legalshop\\\/kupni-smlouva-byt-zovb\\\/#breadcrumb\",\"itemListElement\":[{\"@type\":\"ListItem\",\"position\":1,\"name\":\"Dom\u016f\",\"item\":\"https:\\\/\\\/www.abpartners.cz\\\/\"},{\"@type\":\"ListItem\",\"position\":2,\"name\":\"LegalShop\",\"item\":\"https:\\\/\\\/www.abpartners.cz\\\/legalshop\\\/\"},{\"@type\":\"ListItem\",\"position\":3,\"name\":\"Kupn\u00ed smlouva &#8211; prodej bytu (vymezen\u00e9ho dle z\u00e1k. o vlastnictv\u00ed byt\u016f)\"}]},{\"@type\":\"WebSite\",\"@id\":\"https:\\\/\\\/www.abpartners.cz\\\/#website\",\"url\":\"https:\\\/\\\/www.abpartners.cz\\\/\",\"name\":\"AB PARTNERS advok\u00e1ti\",\"description\":\"AB PARTNERS advok\u00e1ti\",\"publisher\":{\"@id\":\"https:\\\/\\\/www.abpartners.cz\\\/#organization\"},\"potentialAction\":[{\"@type\":\"SearchAction\",\"target\":{\"@type\":\"EntryPoint\",\"urlTemplate\":\"https:\\\/\\\/www.abpartners.cz\\\/?s={search_term_string}\"},\"query-input\":{\"@type\":\"PropertyValueSpecification\",\"valueRequired\":true,\"valueName\":\"search_term_string\"}}],\"inLanguage\":\"en-GB\"},{\"@type\":\"Organization\",\"@id\":\"https:\\\/\\\/www.abpartners.cz\\\/#organization\",\"name\":\"AB PARTNERS advok\u00e1ti\",\"url\":\"https:\\\/\\\/www.abpartners.cz\\\/\",\"logo\":{\"@type\":\"ImageObject\",\"inLanguage\":\"en-GB\",\"@id\":\"https:\\\/\\\/www.abpartners.cz\\\/#\\\/schema\\\/logo\\\/image\\\/\",\"url\":\"https:\\\/\\\/www.abpartners.cz\\\/wp-content\\\/uploads\\\/2021\\\/01\\\/abpartners_regular_rgb_dark.png\",\"contentUrl\":\"https:\\\/\\\/www.abpartners.cz\\\/wp-content\\\/uploads\\\/2021\\\/01\\\/abpartners_regular_rgb_dark.png\",\"width\":1240,\"height\":236,\"caption\":\"AB PARTNERS advok\u00e1ti\"},\"image\":{\"@id\":\"https:\\\/\\\/www.abpartners.cz\\\/#\\\/schema\\\/logo\\\/image\\\/\"},\"sameAs\":[\"https:\\\/\\\/www.facebook.com\\\/abpartners.cz\\\/\",\"https:\\\/\\\/x.com\\\/ABPartners_cz\",\"https:\\\/\\\/www.linkedin.com\\\/company\\\/abpartners\\\/\",\"https:\\\/\\\/www.instagram.com\\\/abpartners.cz\\\/\"]}]}<\/script>\n<meta property=\"product:price:amount\" content=\"1791\" \/>\n<meta property=\"product:price:currency\" content=\"CZK\" \/>\n<meta property=\"og:availability\" content=\"instock\" \/>\n<meta property=\"product:availability\" content=\"instock\" \/>\n<meta property=\"product:retailer_item_id\" content=\"201004\" \/>\n<meta property=\"product:condition\" content=\"new\" \/>\n<!-- \/ Yoast SEO plugin. -->","yoast_head_json":{"title":"Kupn\u00ed smlouva - prodej bytu (vymezen\u00e9ho dle z\u00e1k. o vlastnictv\u00ed byt\u016f) - LegalShop - AB PARTNERS advok\u00e1ti","robots":{"index":"index","follow":"follow","max-snippet":"max-snippet:-1","max-image-preview":"max-image-preview:large","max-video-preview":"max-video-preview:-1"},"canonical":"https:\/\/www.abpartners.cz\/en\/legalshop\/kupni-smlouva-byt-zovb\/","og_locale":"en_GB","og_type":"article","og_title":"Kupn\u00ed smlouva - prodej bytu (vymezen\u00e9ho dle z\u00e1k. o vlastnictv\u00ed byt\u016f) - LegalShop - AB PARTNERS advok\u00e1ti","og_description":"Po\u0159\u00edzen\u00edm tohoto dokumentu z\u00edsk\u00e1v\u00e1te vzor kupn\u00ed smlouvy, jej\u00edm\u017e p\u0159edm\u011btem je p\u0159evod vlastnick\u00e9ho pr\u00e1va k\u00a0bytov\u00e9 jednotce vymezen\u00e9 na z\u00e1klad\u011b z\u00e1kona o vlastnictv\u00ed byt\u016f, tj. vymezen\u00e9 p\u0159ed 1.1.2014 (seznateln\u00e9 tak\u00e9 z\u00a0v\u00fdpisu z\u00a0katastru nemovitost\u00ed). Spole\u010dn\u011b s t\u00edmto vzorem z\u00edsk\u00e1v\u00e1te praktick\u00fd popis, kter\u00fd V\u00e1m usnadn\u00ed orientaci b\u011bhem vypl\u0148ov\u00e1n\u00ed vzoru a n\u00e1sledn\u00e9ho postupu p\u0159i vkladu [...]","og_url":"https:\/\/www.abpartners.cz\/en\/legalshop\/kupni-smlouva-byt-zovb\/","og_site_name":"AB PARTNERS advok\u00e1ti","article_publisher":"https:\/\/www.facebook.com\/abpartners.cz\/","article_modified_time":"2025-05-12T12:44:03+00:00","og_image":[{"width":520,"height":520,"url":"https:\/\/www.abpartners.cz\/wp-content\/uploads\/2021\/01\/ikona-vzor-nemovitosti.png","type":"image\/png"}],"twitter_card":"summary_large_image","twitter_site":"@ABPartners_cz","twitter_misc":{"Price":"1.791&nbsp;&#75;&#269; v\u010detn\u011b DPH","Availability":"In stock"},"schema":{"@context":"https:\/\/schema.org","@graph":[{"@type":"WebPage","@id":"https:\/\/www.abpartners.cz\/legalshop\/kupni-smlouva-byt-zovb\/","url":"https:\/\/www.abpartners.cz\/legalshop\/kupni-smlouva-byt-zovb\/","name":"Kupn\u00ed smlouva - prodej bytu (vymezen\u00e9ho dle z\u00e1k. o vlastnictv\u00ed byt\u016f) - LegalShop - AB PARTNERS advok\u00e1ti","isPartOf":{"@id":"https:\/\/www.abpartners.cz\/#website"},"primaryImageOfPage":{"@id":"https:\/\/www.abpartners.cz\/legalshop\/kupni-smlouva-byt-zovb\/#primaryimage"},"image":{"@id":"https:\/\/www.abpartners.cz\/legalshop\/kupni-smlouva-byt-zovb\/#primaryimage"},"thumbnailUrl":"https:\/\/www.abpartners.cz\/wp-content\/uploads\/2021\/01\/ikona-vzor-nemovitosti.png","datePublished":"2021-01-19T19:53:31+00:00","dateModified":"2025-05-12T12:44:03+00:00","breadcrumb":{"@id":"https:\/\/www.abpartners.cz\/legalshop\/kupni-smlouva-byt-zovb\/#breadcrumb"},"inLanguage":"en-GB","potentialAction":[{"@type":"ReadAction","target":["https:\/\/www.abpartners.cz\/legalshop\/kupni-smlouva-byt-zovb\/"]}]},{"@type":"ImageObject","inLanguage":"en-GB","@id":"https:\/\/www.abpartners.cz\/legalshop\/kupni-smlouva-byt-zovb\/#primaryimage","url":"https:\/\/www.abpartners.cz\/wp-content\/uploads\/2021\/01\/ikona-vzor-nemovitosti.png","contentUrl":"https:\/\/www.abpartners.cz\/wp-content\/uploads\/2021\/01\/ikona-vzor-nemovitosti.png","width":520,"height":520},{"@type":"BreadcrumbList","@id":"https:\/\/www.abpartners.cz\/legalshop\/kupni-smlouva-byt-zovb\/#breadcrumb","itemListElement":[{"@type":"ListItem","position":1,"name":"Dom\u016f","item":"https:\/\/www.abpartners.cz\/"},{"@type":"ListItem","position":2,"name":"LegalShop","item":"https:\/\/www.abpartners.cz\/legalshop\/"},{"@type":"ListItem","position":3,"name":"Kupn\u00ed smlouva &#8211; prodej bytu (vymezen\u00e9ho dle z\u00e1k. o vlastnictv\u00ed byt\u016f)"}]},{"@type":"WebSite","@id":"https:\/\/www.abpartners.cz\/#website","url":"https:\/\/www.abpartners.cz\/","name":"AB PARTNERS attorneys at law","description":"AB PARTNERS attorneys at law","publisher":{"@id":"https:\/\/www.abpartners.cz\/#organization"},"potentialAction":[{"@type":"SearchAction","target":{"@type":"EntryPoint","urlTemplate":"https:\/\/www.abpartners.cz\/?s={search_term_string}"},"query-input":{"@type":"PropertyValueSpecification","valueRequired":true,"valueName":"search_term_string"}}],"inLanguage":"en-GB"},{"@type":"Organization","@id":"https:\/\/www.abpartners.cz\/#organization","name":"AB PARTNERS attorneys at law","url":"https:\/\/www.abpartners.cz\/","logo":{"@type":"ImageObject","inLanguage":"en-GB","@id":"https:\/\/www.abpartners.cz\/#\/schema\/logo\/image\/","url":"https:\/\/www.abpartners.cz\/wp-content\/uploads\/2021\/01\/abpartners_regular_rgb_dark.png","contentUrl":"https:\/\/www.abpartners.cz\/wp-content\/uploads\/2021\/01\/abpartners_regular_rgb_dark.png","width":1240,"height":236,"caption":"AB PARTNERS advok\u00e1ti"},"image":{"@id":"https:\/\/www.abpartners.cz\/#\/schema\/logo\/image\/"},"sameAs":["https:\/\/www.facebook.com\/abpartners.cz\/","https:\/\/x.com\/ABPartners_cz","https:\/\/www.linkedin.com\/company\/abpartners\/","https:\/\/www.instagram.com\/abpartners.cz\/"]}]},"product_price_amount":"1791","product_price_currency":"CZK","og_availability":"instock","product_availability":"instock","product_retailer_item_id":"201004","product_condition":"new"},"_links":{"self":[{"href":"https:\/\/www.abpartners.cz\/en\/wp-json\/wp\/v2\/product\/2506","targetHints":{"allow":["GET"]}}],"collection":[{"href":"https:\/\/www.abpartners.cz\/en\/wp-json\/wp\/v2\/product"}],"about":[{"href":"https:\/\/www.abpartners.cz\/en\/wp-json\/wp\/v2\/types\/product"}],"wp:featuredmedia":[{"embeddable":true,"href":"https:\/\/www.abpartners.cz\/en\/wp-json\/wp\/v2\/media\/2503"}],"wp:attachment":[{"href":"https:\/\/www.abpartners.cz\/en\/wp-json\/wp\/v2\/media?parent=2506"}],"wp:term":[{"taxonomy":"product_brand","embeddable":true,"href":"https:\/\/www.abpartners.cz\/en\/wp-json\/wp\/v2\/product_brand?post=2506"},{"taxonomy":"product_cat","embeddable":true,"href":"https:\/\/www.abpartners.cz\/en\/wp-json\/wp\/v2\/product_cat?post=2506"},{"taxonomy":"product_tag","embeddable":true,"href":"https:\/\/www.abpartners.cz\/en\/wp-json\/wp\/v2\/product_tag?post=2506"}],"curies":[{"name":"wp","href":"https:\/\/api.w.org\/{rel}","templated":true}]}}