{"id":3297,"date":"2021-03-28T22:15:23","date_gmt":"2021-03-28T20:15:23","guid":{"rendered":"https:\/\/www.abpartners.cz\/?post_type=product&#038;p=3297"},"modified":"2021-03-30T13:07:07","modified_gmt":"2021-03-30T11:07:07","slug":"monitoring-insolvencniho-rejstriku-pravni-sluzba","status":"publish","type":"product","link":"https:\/\/www.abpartners.cz\/de\/legalshop\/monitoring-insolvencniho-rejstriku-pravni-sluzba\/","title":{"rendered":"\u00dcberwachung des Insolvenzregisters (Juristischer Dienst)"},"content":{"rendered":"<p><span style=\"color: #b61e3f;\"><strong>Geben Sie bei Ihrer Bestellung immer Ihre E-Mail-Adresse und Telefonnummer an, damit wir Sie kontaktieren k\u00f6nnen, um die Einzelheiten zu besprechen.<\/strong><\/span><\/p>\n<p><strong>Schuldet Ihnen jemand Geld?<\/strong> Sie wissen, Sie k\u00f6nnen <strong>Ihren Anspruch sehr leicht zu verlieren<\/strong>. Wenn Ihr Schuldner oder ein anderer Gl\u00e4ubiger eine <strong>Insolvenzantrag<\/strong>Sie haben in der Regel zwei Monate nach der Konkursentscheidung Ihres Schuldners Zeit, um <strong>Einreichung einer Klage<\/strong> beim Insolvenzgericht.<\/p>\n<p>Vielleicht wissen Sie aber nicht, dass ein Insolvenzverfahren er\u00f6ffnet wurde. Im Insolvenzverfahren wird alles nur elektronisch im Insolvenzregister ver\u00f6ffentlicht. Niemand informiert Sie \u00fcber \u00c4nderungen im Insolvenzregister. Das Gesetz beg\u00fcnstigt die Wachsamen.<\/p>\n<p><strong>Was passiert, wenn Sie Ihre Forderung im Insolvenzverfahren nicht anmelden?<\/strong> Es ist sehr wahrscheinlich, dass Sie Ihre Forderung verlieren werden. Obwohl es einige Ausnahmen gibt, k\u00f6nnen Sie eine Forderung erst nach der Er\u00f6ffnung des Insolvenzverfahrens anmelden. Mit der Er\u00f6ffnung des Insolvenzverfahrens sind bestimmte Wirkungen verbunden, z. B. wird das Gerichtsverfahren ausgesetzt und in das Verm\u00f6gen des Schuldners kann nicht vollstreckt werden.<\/p>\n<p>Und was ist, wenn ich mich anmelde? Wenn es Ihnen gelingt, Ihre Forderung im Insolvenzverfahren rechtzeitig anzumelden,<strong> k\u00f6nnen Sie zumindest einen Teil Ihres Geldes zur\u00fcckbekommen.\u00a0<\/strong><\/p>\n<p>Genehmigt das Gericht den Antrag des Schuldners <strong>Schuldenerlass<\/strong>durch die Verwertung des Verm\u00f6gens des Schuldners gel\u00f6st wird oder <strong>nach Ratenplan<\/strong>. Der Schuldner muss die Bedingungen w\u00e4hrend des gesamten Insolvenzverfahrens einhalten. Nur so kann das Gericht eine <strong>Befreiung von ausstehenden und nicht gemeldeten Schulden<\/strong>.<\/p>\n<p>Wenn das Verm\u00f6gen des Schuldners erkl\u00e4rt wird <strong>Wettbewerb, <\/strong>durch die Verwertung des Verm\u00f6gens des Schuldners gel\u00f6st werden. In diesem Fall k\u00f6nnen Sie jedoch den Schuldner nach Abschluss des Verfahrens auf der Grundlage der eingereichten Forderungsaufstellung in die Zwangsvollstreckung schicken, ohne das Gerichtsverfahren zu durchlaufen. In einem solchen Fall gilt die Forderungsaufstellung als <strong>Vollstreckungstitel<\/strong>.<\/p>\n<p>Vers\u00e4umen Sie daher nicht die Frist f\u00fcr die Anmeldung von Forderungen im Insolvenzverfahren. <strong>Wir k\u00f6nnen das Insolvenzregister f\u00fcr Sie f\u00fchren.<\/strong> <strong>Wir haben die Mittel dazu.<\/strong> Wenn ein Insolvenzverfahren er\u00f6ffnet wird, werden Sie<strong> wir informieren Sie \u00fcber die Verfahrenser\u00f6ffnung, \u00fcber die Fristen zur Forderungsanmeldung und helfen Ihnen bei Interesse auch bei der Forderungsanmeldung im Insolvenzverfahren<\/strong>.<\/p>\n<p>Was brauchen wir f\u00fcr die \u00dcberwachung des Insolvenzregisters? Wir ben\u00f6tigen nur den Vor- und Nachnamen des Schuldners, das Geburtsdatum oder die Geburtsnummer und die Anschrift des Schuldners, wenn es sich um eine nat\u00fcrliche Person handelt. Bei einer juristischen Person ben\u00f6tigen wir nur den Namen, die Registernummer und den Sitz.<\/p>\n<p>Nach der Bestellung und Bezahlung des Dienstes werden wir uns mit Ihnen in Verbindung setzen, um die erforderlichen Informationen zu erhalten.<\/p>\n<p>&nbsp;<\/p>\n<p>&nbsp;<\/p>\n<p>&nbsp;<\/p>\n<p>&nbsp;<\/p>","protected":false},"excerpt":{"rendered":"<p>V objedn\u00e1vce v\u017edy uve\u010fte V\u00e1\u0161 email a telefonn\u00ed \u010d\u00edslo, abychom V\u00e1s mohli kontaktovat a domluvit se na podrobnostech. Dlu\u017e\u00ed V\u00e1m n\u011bkdo pen\u00edze? V\u00edte, \u017ee m\u016f\u017eete o svou pohled\u00e1vku velice snadno p\u0159ij\u00edt. Pokud V\u00e1\u0161 dlu\u017en\u00edk nebo jeho jin\u00fd v\u011b\u0159itel pod\u00e1 insolven\u010dn\u00ed n\u00e1vrh, tak po rozhodnut\u00ed o \u00fapadku Va\u0161eho dlu\u017en\u00edka m\u00e1te obvykle  [&#8230;]<\/p>\n","protected":false},"featured_media":3261,"template":"","meta":{"_acf_changed":false,"rs_blank_template":"","rs_page_bg_color":"","slide_template_v7":""},"product_brand":[],"product_cat":[61],"product_tag":[],"class_list":{"0":"post-3297","1":"product","2":"type-product","3":"status-publish","4":"has-post-thumbnail","6":"product_cat-insolvence","8":"first","9":"instock","10":"sold-individually","11":"taxable","12":"shipping-taxable","13":"purchasable","14":"product-type-variable"},"bundled_by":[],"bundle_stock_status":"instock","bundle_stock_quantity":null,"bundle_virtual":false,"bundle_layout":"","bundle_add_to_cart_form_location":"","bundle_editable_in_cart":false,"bundle_sold_individually_context":"","bundle_item_grouping":"","bundle_min_size":"","bundle_max_size":"","bundle_price":[],"bundled_items":[],"bundle_sell_ids":[],"exclude_global_add_ons":[],"addons":[],"acf":[],"yoast_head":"<!-- This site is optimized with the Yoast SEO plugin v27.4 - https:\/\/yoast.com\/product\/yoast-seo-wordpress\/ -->\n<title>Monitoring insolven\u010dn\u00edho rejst\u0159\u00edku (pr\u00e1vn\u00ed slu\u017eba) - LegalShop - AB PARTNERS advok\u00e1ti<\/title>\n<meta name=\"robots\" content=\"index, follow, max-snippet:-1, max-image-preview:large, max-video-preview:-1\" \/>\n<link rel=\"canonical\" href=\"https:\/\/www.abpartners.cz\/de\/legalshop\/monitoring-insolvencniho-rejstriku-pravni-sluzba\/\" \/>\n<meta property=\"og:locale\" content=\"de_DE\" \/>\n<meta property=\"og:type\" content=\"article\" \/>\n<meta property=\"og:title\" content=\"Monitoring insolven\u010dn\u00edho rejst\u0159\u00edku (pr\u00e1vn\u00ed slu\u017eba) - LegalShop - AB PARTNERS advok\u00e1ti\" \/>\n<meta property=\"og:description\" content=\"V objedn\u00e1vce v\u017edy uve\u010fte V\u00e1\u0161 email a telefonn\u00ed \u010d\u00edslo, abychom V\u00e1s mohli kontaktovat a domluvit se na podrobnostech. Dlu\u017e\u00ed V\u00e1m n\u011bkdo pen\u00edze? V\u00edte, \u017ee m\u016f\u017eete o svou pohled\u00e1vku velice snadno p\u0159ij\u00edt. Pokud V\u00e1\u0161 dlu\u017en\u00edk nebo jeho jin\u00fd v\u011b\u0159itel pod\u00e1 insolven\u010dn\u00ed n\u00e1vrh, tak po rozhodnut\u00ed o \u00fapadku Va\u0161eho dlu\u017en\u00edka m\u00e1te obvykle [...]\" \/>\n<meta property=\"og:url\" content=\"https:\/\/www.abpartners.cz\/de\/legalshop\/monitoring-insolvencniho-rejstriku-pravni-sluzba\/\" \/>\n<meta property=\"og:site_name\" content=\"AB PARTNERS advok\u00e1ti\" \/>\n<meta property=\"article:publisher\" content=\"https:\/\/www.facebook.com\/abpartners.cz\/\" \/>\n<meta property=\"article:modified_time\" content=\"2021-03-30T11:07:07+00:00\" \/>\n<meta property=\"og:image\" content=\"https:\/\/www.abpartners.cz\/wp-content\/uploads\/2021\/02\/insolvence.png\" \/>\n\t<meta property=\"og:image:width\" content=\"260\" \/>\n\t<meta property=\"og:image:height\" content=\"260\" \/>\n\t<meta property=\"og:image:type\" content=\"image\/png\" \/>\n<meta name=\"twitter:card\" content=\"summary_large_image\" \/>\n<meta name=\"twitter:site\" content=\"@ABPartners_cz\" \/>\n<meta name=\"twitter:label1\" content=\"Availability\" \/>\n\t<meta name=\"twitter:data1\" content=\"In stock\" \/>\n<script type=\"application\/ld+json\" class=\"yoast-schema-graph\">{\"@context\":\"https:\\\/\\\/schema.org\",\"@graph\":[{\"@type\":\"WebPage\",\"@id\":\"https:\\\/\\\/www.abpartners.cz\\\/legalshop\\\/monitoring-insolvencniho-rejstriku-pravni-sluzba\\\/\",\"url\":\"https:\\\/\\\/www.abpartners.cz\\\/legalshop\\\/monitoring-insolvencniho-rejstriku-pravni-sluzba\\\/\",\"name\":\"Monitoring insolven\u010dn\u00edho rejst\u0159\u00edku (pr\u00e1vn\u00ed slu\u017eba) - LegalShop - AB PARTNERS advok\u00e1ti\",\"isPartOf\":{\"@id\":\"https:\\\/\\\/www.abpartners.cz\\\/#website\"},\"primaryImageOfPage\":{\"@id\":\"https:\\\/\\\/www.abpartners.cz\\\/legalshop\\\/monitoring-insolvencniho-rejstriku-pravni-sluzba\\\/#primaryimage\"},\"image\":{\"@id\":\"https:\\\/\\\/www.abpartners.cz\\\/legalshop\\\/monitoring-insolvencniho-rejstriku-pravni-sluzba\\\/#primaryimage\"},\"thumbnailUrl\":\"https:\\\/\\\/www.abpartners.cz\\\/wp-content\\\/uploads\\\/2021\\\/02\\\/insolvence.png\",\"datePublished\":\"2021-03-28T20:15:23+00:00\",\"dateModified\":\"2021-03-30T11:07:07+00:00\",\"breadcrumb\":{\"@id\":\"https:\\\/\\\/www.abpartners.cz\\\/legalshop\\\/monitoring-insolvencniho-rejstriku-pravni-sluzba\\\/#breadcrumb\"},\"inLanguage\":\"de\",\"potentialAction\":[{\"@type\":\"ReadAction\",\"target\":[\"https:\\\/\\\/www.abpartners.cz\\\/legalshop\\\/monitoring-insolvencniho-rejstriku-pravni-sluzba\\\/\"]}]},{\"@type\":\"ImageObject\",\"inLanguage\":\"de\",\"@id\":\"https:\\\/\\\/www.abpartners.cz\\\/legalshop\\\/monitoring-insolvencniho-rejstriku-pravni-sluzba\\\/#primaryimage\",\"url\":\"https:\\\/\\\/www.abpartners.cz\\\/wp-content\\\/uploads\\\/2021\\\/02\\\/insolvence.png\",\"contentUrl\":\"https:\\\/\\\/www.abpartners.cz\\\/wp-content\\\/uploads\\\/2021\\\/02\\\/insolvence.png\",\"width\":260,\"height\":260},{\"@type\":\"BreadcrumbList\",\"@id\":\"https:\\\/\\\/www.abpartners.cz\\\/legalshop\\\/monitoring-insolvencniho-rejstriku-pravni-sluzba\\\/#breadcrumb\",\"itemListElement\":[{\"@type\":\"ListItem\",\"position\":1,\"name\":\"Dom\u016f\",\"item\":\"https:\\\/\\\/www.abpartners.cz\\\/\"},{\"@type\":\"ListItem\",\"position\":2,\"name\":\"LegalShop\",\"item\":\"https:\\\/\\\/www.abpartners.cz\\\/legalshop\\\/\"},{\"@type\":\"ListItem\",\"position\":3,\"name\":\"Monitoring insolven\u010dn\u00edho rejst\u0159\u00edku (pr\u00e1vn\u00ed slu\u017eba)\"}]},{\"@type\":\"WebSite\",\"@id\":\"https:\\\/\\\/www.abpartners.cz\\\/#website\",\"url\":\"https:\\\/\\\/www.abpartners.cz\\\/\",\"name\":\"AB PARTNERS advok\u00e1ti\",\"description\":\"AB PARTNERS advok\u00e1ti\",\"publisher\":{\"@id\":\"https:\\\/\\\/www.abpartners.cz\\\/#organization\"},\"potentialAction\":[{\"@type\":\"SearchAction\",\"target\":{\"@type\":\"EntryPoint\",\"urlTemplate\":\"https:\\\/\\\/www.abpartners.cz\\\/?s={search_term_string}\"},\"query-input\":{\"@type\":\"PropertyValueSpecification\",\"valueRequired\":true,\"valueName\":\"search_term_string\"}}],\"inLanguage\":\"de\"},{\"@type\":\"Organization\",\"@id\":\"https:\\\/\\\/www.abpartners.cz\\\/#organization\",\"name\":\"AB PARTNERS advok\u00e1ti\",\"url\":\"https:\\\/\\\/www.abpartners.cz\\\/\",\"logo\":{\"@type\":\"ImageObject\",\"inLanguage\":\"de\",\"@id\":\"https:\\\/\\\/www.abpartners.cz\\\/#\\\/schema\\\/logo\\\/image\\\/\",\"url\":\"https:\\\/\\\/www.abpartners.cz\\\/wp-content\\\/uploads\\\/2021\\\/01\\\/abpartners_regular_rgb_dark.png\",\"contentUrl\":\"https:\\\/\\\/www.abpartners.cz\\\/wp-content\\\/uploads\\\/2021\\\/01\\\/abpartners_regular_rgb_dark.png\",\"width\":1240,\"height\":236,\"caption\":\"AB PARTNERS advok\u00e1ti\"},\"image\":{\"@id\":\"https:\\\/\\\/www.abpartners.cz\\\/#\\\/schema\\\/logo\\\/image\\\/\"},\"sameAs\":[\"https:\\\/\\\/www.facebook.com\\\/abpartners.cz\\\/\",\"https:\\\/\\\/x.com\\\/ABPartners_cz\",\"https:\\\/\\\/www.linkedin.com\\\/company\\\/abpartners\\\/\",\"https:\\\/\\\/www.instagram.com\\\/abpartners.cz\\\/\"]}]}<\/script>\n<meta property=\"og:availability\" content=\"instock\" \/>\n<meta property=\"product:availability\" content=\"instock\" \/>\n<meta property=\"product:retailer_item_id\" content=\"205001\" \/>\n<meta property=\"product:condition\" content=\"new\" \/>\n<!-- \/ Yoast SEO plugin. -->","yoast_head_json":{"title":"Monitoring insolven\u010dn\u00edho rejst\u0159\u00edku (pr\u00e1vn\u00ed slu\u017eba) - LegalShop - AB PARTNERS advok\u00e1ti","robots":{"index":"index","follow":"follow","max-snippet":"max-snippet:-1","max-image-preview":"max-image-preview:large","max-video-preview":"max-video-preview:-1"},"canonical":"https:\/\/www.abpartners.cz\/de\/legalshop\/monitoring-insolvencniho-rejstriku-pravni-sluzba\/","og_locale":"de_DE","og_type":"article","og_title":"Monitoring insolven\u010dn\u00edho rejst\u0159\u00edku (pr\u00e1vn\u00ed slu\u017eba) - LegalShop - AB PARTNERS advok\u00e1ti","og_description":"V objedn\u00e1vce v\u017edy uve\u010fte V\u00e1\u0161 email a telefonn\u00ed \u010d\u00edslo, abychom V\u00e1s mohli kontaktovat a domluvit se na podrobnostech. Dlu\u017e\u00ed V\u00e1m n\u011bkdo pen\u00edze? V\u00edte, \u017ee m\u016f\u017eete o svou pohled\u00e1vku velice snadno p\u0159ij\u00edt. Pokud V\u00e1\u0161 dlu\u017en\u00edk nebo jeho jin\u00fd v\u011b\u0159itel pod\u00e1 insolven\u010dn\u00ed n\u00e1vrh, tak po rozhodnut\u00ed o \u00fapadku Va\u0161eho dlu\u017en\u00edka m\u00e1te obvykle [...]","og_url":"https:\/\/www.abpartners.cz\/de\/legalshop\/monitoring-insolvencniho-rejstriku-pravni-sluzba\/","og_site_name":"AB PARTNERS advok\u00e1ti","article_publisher":"https:\/\/www.facebook.com\/abpartners.cz\/","article_modified_time":"2021-03-30T11:07:07+00:00","og_image":[{"width":260,"height":260,"url":"https:\/\/www.abpartners.cz\/wp-content\/uploads\/2021\/02\/insolvence.png","type":"image\/png"}],"twitter_card":"summary_large_image","twitter_site":"@ABPartners_cz","twitter_misc":{"Availability":"In stock"},"schema":{"@context":"https:\/\/schema.org","@graph":[{"@type":"WebPage","@id":"https:\/\/www.abpartners.cz\/legalshop\/monitoring-insolvencniho-rejstriku-pravni-sluzba\/","url":"https:\/\/www.abpartners.cz\/legalshop\/monitoring-insolvencniho-rejstriku-pravni-sluzba\/","name":"Monitoring insolven\u010dn\u00edho rejst\u0159\u00edku (pr\u00e1vn\u00ed slu\u017eba) - LegalShop - AB PARTNERS advok\u00e1ti","isPartOf":{"@id":"https:\/\/www.abpartners.cz\/#website"},"primaryImageOfPage":{"@id":"https:\/\/www.abpartners.cz\/legalshop\/monitoring-insolvencniho-rejstriku-pravni-sluzba\/#primaryimage"},"image":{"@id":"https:\/\/www.abpartners.cz\/legalshop\/monitoring-insolvencniho-rejstriku-pravni-sluzba\/#primaryimage"},"thumbnailUrl":"https:\/\/www.abpartners.cz\/wp-content\/uploads\/2021\/02\/insolvence.png","datePublished":"2021-03-28T20:15:23+00:00","dateModified":"2021-03-30T11:07:07+00:00","breadcrumb":{"@id":"https:\/\/www.abpartners.cz\/legalshop\/monitoring-insolvencniho-rejstriku-pravni-sluzba\/#breadcrumb"},"inLanguage":"de","potentialAction":[{"@type":"ReadAction","target":["https:\/\/www.abpartners.cz\/legalshop\/monitoring-insolvencniho-rejstriku-pravni-sluzba\/"]}]},{"@type":"ImageObject","inLanguage":"de","@id":"https:\/\/www.abpartners.cz\/legalshop\/monitoring-insolvencniho-rejstriku-pravni-sluzba\/#primaryimage","url":"https:\/\/www.abpartners.cz\/wp-content\/uploads\/2021\/02\/insolvence.png","contentUrl":"https:\/\/www.abpartners.cz\/wp-content\/uploads\/2021\/02\/insolvence.png","width":260,"height":260},{"@type":"BreadcrumbList","@id":"https:\/\/www.abpartners.cz\/legalshop\/monitoring-insolvencniho-rejstriku-pravni-sluzba\/#breadcrumb","itemListElement":[{"@type":"ListItem","position":1,"name":"Dom\u016f","item":"https:\/\/www.abpartners.cz\/"},{"@type":"ListItem","position":2,"name":"LegalShop","item":"https:\/\/www.abpartners.cz\/legalshop\/"},{"@type":"ListItem","position":3,"name":"Monitoring insolven\u010dn\u00edho rejst\u0159\u00edku (pr\u00e1vn\u00ed slu\u017eba)"}]},{"@type":"WebSite","@id":"https:\/\/www.abpartners.cz\/#website","url":"https:\/\/www.abpartners.cz\/","name":"AB PARTNERS Rechtsanw\u00e4lte","description":"AB PARTNERS Rechtsanw\u00e4lte","publisher":{"@id":"https:\/\/www.abpartners.cz\/#organization"},"potentialAction":[{"@type":"SearchAction","target":{"@type":"EntryPoint","urlTemplate":"https:\/\/www.abpartners.cz\/?s={search_term_string}"},"query-input":{"@type":"PropertyValueSpecification","valueRequired":true,"valueName":"search_term_string"}}],"inLanguage":"de"},{"@type":"Organization","@id":"https:\/\/www.abpartners.cz\/#organization","name":"AB PARTNERS Rechtsanw\u00e4lte","url":"https:\/\/www.abpartners.cz\/","logo":{"@type":"ImageObject","inLanguage":"de","@id":"https:\/\/www.abpartners.cz\/#\/schema\/logo\/image\/","url":"https:\/\/www.abpartners.cz\/wp-content\/uploads\/2021\/01\/abpartners_regular_rgb_dark.png","contentUrl":"https:\/\/www.abpartners.cz\/wp-content\/uploads\/2021\/01\/abpartners_regular_rgb_dark.png","width":1240,"height":236,"caption":"AB PARTNERS advok\u00e1ti"},"image":{"@id":"https:\/\/www.abpartners.cz\/#\/schema\/logo\/image\/"},"sameAs":["https:\/\/www.facebook.com\/abpartners.cz\/","https:\/\/x.com\/ABPartners_cz","https:\/\/www.linkedin.com\/company\/abpartners\/","https:\/\/www.instagram.com\/abpartners.cz\/"]}]},"og_availability":"instock","product_availability":"instock","product_retailer_item_id":"205001","product_condition":"new"},"_links":{"self":[{"href":"https:\/\/www.abpartners.cz\/de\/wp-json\/wp\/v2\/product\/3297","targetHints":{"allow":["GET"]}}],"collection":[{"href":"https:\/\/www.abpartners.cz\/de\/wp-json\/wp\/v2\/product"}],"about":[{"href":"https:\/\/www.abpartners.cz\/de\/wp-json\/wp\/v2\/types\/product"}],"wp:featuredmedia":[{"embeddable":true,"href":"https:\/\/www.abpartners.cz\/de\/wp-json\/wp\/v2\/media\/3261"}],"wp:attachment":[{"href":"https:\/\/www.abpartners.cz\/de\/wp-json\/wp\/v2\/media?parent=3297"}],"wp:term":[{"taxonomy":"product_brand","embeddable":true,"href":"https:\/\/www.abpartners.cz\/de\/wp-json\/wp\/v2\/product_brand?post=3297"},{"taxonomy":"product_cat","embeddable":true,"href":"https:\/\/www.abpartners.cz\/de\/wp-json\/wp\/v2\/product_cat?post=3297"},{"taxonomy":"product_tag","embeddable":true,"href":"https:\/\/www.abpartners.cz\/de\/wp-json\/wp\/v2\/product_tag?post=3297"}],"curies":[{"name":"wp","href":"https:\/\/api.w.org\/{rel}","templated":true}]}}