{"id":2514,"date":"2021-01-19T20:53:44","date_gmt":"2021-01-19T19:53:44","guid":{"rendered":"https:\/\/www.abpartners.cz\/legalshop\/darovaci-smlouva-byt-oz\/"},"modified":"2021-02-01T08:10:45","modified_gmt":"2021-02-01T07:10:45","slug":"darovaci-smlouva-byt-oz","status":"publish","type":"product","link":"https:\/\/www.abpartners.cz\/de\/legalshop\/darovaci-smlouva-byt-oz\/","title":{"rendered":"Schenkungsvertrag - Schenkung einer Wohnung (im Sinne des Zivilgesetzbuches)"},"content":{"rendered":"<p>Mit dem Erwerb dieses Dokuments erhalten Sie ein Muster f\u00fcr eine Schenkungsvereinbarung, die folgende Punkte zum Gegenstand hat <strong>unentgeltliche \u00dcbertragung des Eigentums an einer Wohneinheit, die auf der Grundlage des Zivilgesetzbuches definiert wurde, d. h. nach dem 1.1.2014 definiert wurde<\/strong> (auch aus dem Auszug aus dem Grundbuch ersichtlich). Zusammen mit diesem Modell erhalten Sie eine praktische <strong>eine Beschreibung, die Sie beim Ausf\u00fcllen der Vorlage und dem anschlie\u00dfenden Verfahren zur Eintragung des Rechts im Grundbuch unterst\u00fctzt<\/strong>. Dar\u00fcber hinaus gibt Ihnen die Beschreibung auch einen vereinfachten \u00dcberblick \u00fcber die allgemeinen gesetzlichen Regelungen des Instituts der Schenkung und die Definition von Wohneinheiten.<\/p>\n<p>Die Schenkungsvereinbarung lautet <strong>unentgeltliche Rechtsverfolgung<\/strong>durch die der Schenker das Eigentum an der Sache auf den Beschenkten \u00fcbertr\u00e4gt oder sich verpflichtet, das Eigentum in Zukunft zu \u00fcbertragen, nimmt der Beschenkte die Schenkung an. Wird das Eigentum an einer unbeweglichen Sache \u00fcbertragen, muss die unbewegliche Sache genau bezeichnet werden. Au\u00dferdem m\u00fcssen die Absicht, das Eigentum an dem geschenkten Gegenstand zu \u00fcbertragen, und die Unentgeltlichkeit einer solchen \u00dcbertragung ausdr\u00fccklich zum Ausdruck gebracht werden.<\/p>","protected":false},"excerpt":{"rendered":"<p>Po\u0159\u00edzen\u00edm tohoto dokumentu z\u00edsk\u00e1v\u00e1te vzor darovac\u00ed smlouvy, jej\u00edm\u017e p\u0159edm\u011btem je bez\u00faplatn\u00fd p\u0159evod vlastnick\u00e9ho pr\u00e1va k\u00a0bytov\u00e9 jednotce vymezen\u00e9 na z\u00e1klad\u011b ob\u010dansk\u00e9ho z\u00e1kon\u00edku, tj. vymezen\u00e9 po 1.1.2014 (seznateln\u00e9 tak\u00e9 z\u00a0v\u00fdpisu z\u00a0katastru nemovitost\u00ed). Spole\u010dn\u011b s t\u00edmto vzorem z\u00edsk\u00e1v\u00e1te praktick\u00fd popis, kter\u00fd V\u00e1m usnadn\u00ed orientaci b\u011bhem vypl\u0148ov\u00e1n\u00ed vzoru a n\u00e1sledn\u00e9ho postupu p\u0159i vkladu pr\u00e1va  [&#8230;]<\/p>\n","protected":false},"featured_media":2503,"template":"","meta":{"_acf_changed":false,"rs_blank_template":"","rs_page_bg_color":"","slide_template_v7":""},"product_brand":[],"product_cat":[56],"product_tag":[],"class_list":{"0":"post-2514","1":"product","2":"type-product","3":"status-publish","4":"has-post-thumbnail","6":"product_cat-darovaci-smlouva","8":"first","9":"instock","10":"sale","11":"downloadable","12":"virtual","13":"sold-individually","14":"taxable","15":"purchasable","16":"product-type-simple"},"bundled_by":[],"bundle_stock_status":"instock","bundle_stock_quantity":null,"bundle_virtual":false,"bundle_layout":"","bundle_add_to_cart_form_location":"","bundle_editable_in_cart":false,"bundle_sold_individually_context":"","bundle_item_grouping":"","bundle_min_size":"","bundle_max_size":"","bundle_price":[],"bundled_items":[],"bundle_sell_ids":[],"exclude_global_add_ons":false,"addons":[{"name":"Ma\u00dfgeschneiderte Finalisierung (Rechtsdienstleistung)","type":"checkbox","position":0,"required":false,"title_format":"heading","default":"","description_enable":true,"description":"Wir fertigen das Muster nach Ihren Vorgaben an. Sie erhalten das fertige Produkt mit weiteren Anweisungen. F\u00fcllen Sie die Kontaktdaten im Bestellformular aus, wir werden Sie anrufen oder eine E-Mail schicken.","placeholder_enable":false,"placeholder":"","display":"select","restrictions_type":"any_text","adjust_price":false,"price":"","price_type":"flat_fee","restrictions":false,"min":"0","max":"0","options":[{"label":"Finalizace na m\u00edru","price":"1590","price_type":"flat_fee","image":0,"visibility":true}]},{"name":"Antrag auf Eintragung ins Grundbuch (Rechtsdienstleistung)","type":"checkbox","position":1,"required":false,"title_format":"heading","default":"","description_enable":true,"description":"Der Eigentumswechsel erfolgt auf der Grundlage der Eintragung in das Grundbuch. Das Verfahren findet beim zust\u00e4ndigen Katasteramt statt und wird durch die Einreichung eines Antrags auf Eintragung eines Rechts in das Grundbuch auf dem vorgeschriebenen Formular eingeleitet. Wir bereiten das Formular f\u00fcr Sie vor und geben Ihnen weitere Anweisungen f\u00fcr die Einreichung. F\u00fcllen Sie die Kontaktdaten im Bestellformular aus, wir rufen Sie an oder schicken Ihnen eine E-Mail.","placeholder_enable":false,"placeholder":"","display":"select","restrictions_type":"any_text","adjust_price":false,"price":"","price_type":"flat_fee","restrictions":false,"min":"0","max":"0","options":[{"label":"N\u00e1vrh na vklad do katastru","price":"390","price_type":"flat_fee","image":0,"visibility":true}]},{"name":"Telefonische Beratung durch einen Rechtsanwalt (Rechtsdienst)","type":"checkbox","position":2,"required":false,"title_format":"heading","default":"","description_enable":true,"description":"Ben\u00f6tigen Sie eine Beratung zu dem von Ihnen gew\u00e4hlten Muster? Wir bieten sie zu einem erm\u00e4\u00dfigten Preis an. F\u00fcllen Sie die Kontaktdaten im Bestellformular aus und wir werden Sie anrufen.","placeholder_enable":false,"placeholder":"","display":"select","restrictions_type":"any_text","adjust_price":false,"price":"","price_type":"flat_fee","restrictions":false,"min":"0","max":"0","options":[{"label":"Porada v d\u00e9lce 30 minut","price":"790","price_type":"flat_fee","image":0,"visibility":true},{"label":"Porada v d\u00e9lce 60 minut","price":"1590","price_type":"flat_fee","image":0,"visibility":true},{"label":"Porada v d\u00e9lce 90 minut","price":"2390","price_type":"flat_fee","image":0,"visibility":true}]}],"acf":[],"yoast_head":"<!-- This site is optimized with the Yoast SEO plugin v27.4 - https:\/\/yoast.com\/product\/yoast-seo-wordpress\/ -->\n<title>Darovac\u00ed smlouva \u2013 darov\u00e1n\u00ed bytu (vymezen\u00e9ho dle ob\u010dansk\u00e9ho z\u00e1kon\u00edku) - LegalShop - AB PARTNERS advok\u00e1ti<\/title>\n<meta name=\"robots\" content=\"index, follow, max-snippet:-1, max-image-preview:large, max-video-preview:-1\" \/>\n<link rel=\"canonical\" href=\"https:\/\/www.abpartners.cz\/de\/legalshop\/darovaci-smlouva-byt-oz\/\" \/>\n<meta property=\"og:locale\" content=\"de_DE\" \/>\n<meta property=\"og:type\" content=\"article\" \/>\n<meta property=\"og:title\" content=\"Darovac\u00ed smlouva \u2013 darov\u00e1n\u00ed bytu (vymezen\u00e9ho dle ob\u010dansk\u00e9ho z\u00e1kon\u00edku) - LegalShop - AB PARTNERS advok\u00e1ti\" \/>\n<meta property=\"og:description\" content=\"Po\u0159\u00edzen\u00edm tohoto dokumentu z\u00edsk\u00e1v\u00e1te vzor darovac\u00ed smlouvy, jej\u00edm\u017e p\u0159edm\u011btem je bez\u00faplatn\u00fd p\u0159evod vlastnick\u00e9ho pr\u00e1va k\u00a0bytov\u00e9 jednotce vymezen\u00e9 na z\u00e1klad\u011b ob\u010dansk\u00e9ho z\u00e1kon\u00edku, tj. vymezen\u00e9 po 1.1.2014 (seznateln\u00e9 tak\u00e9 z\u00a0v\u00fdpisu z\u00a0katastru nemovitost\u00ed). Spole\u010dn\u011b s t\u00edmto vzorem z\u00edsk\u00e1v\u00e1te praktick\u00fd popis, kter\u00fd V\u00e1m usnadn\u00ed orientaci b\u011bhem vypl\u0148ov\u00e1n\u00ed vzoru a n\u00e1sledn\u00e9ho postupu p\u0159i vkladu pr\u00e1va [...]\" \/>\n<meta property=\"og:url\" content=\"https:\/\/www.abpartners.cz\/de\/legalshop\/darovaci-smlouva-byt-oz\/\" \/>\n<meta property=\"og:site_name\" content=\"AB PARTNERS advok\u00e1ti\" \/>\n<meta property=\"article:publisher\" content=\"https:\/\/www.facebook.com\/abpartners.cz\/\" \/>\n<meta property=\"article:modified_time\" content=\"2021-02-01T07:10:45+00:00\" \/>\n<meta property=\"og:image\" content=\"https:\/\/www.abpartners.cz\/wp-content\/uploads\/2021\/01\/ikona-vzor-nemovitosti.png\" \/>\n\t<meta property=\"og:image:width\" content=\"520\" \/>\n\t<meta property=\"og:image:height\" content=\"520\" \/>\n\t<meta property=\"og:image:type\" content=\"image\/png\" \/>\n<meta name=\"twitter:card\" content=\"summary_large_image\" \/>\n<meta name=\"twitter:site\" content=\"@ABPartners_cz\" \/>\n<meta name=\"twitter:label1\" content=\"Price\" \/>\n\t<meta name=\"twitter:data1\" content=\"891&nbsp;&#075;&#269; v\u010detn\u011b DPH\" \/>\n\t<meta name=\"twitter:label2\" content=\"Availability\" \/>\n\t<meta name=\"twitter:data2\" content=\"In stock\" \/>\n<script type=\"application\/ld+json\" class=\"yoast-schema-graph\">{\"@context\":\"https:\\\/\\\/schema.org\",\"@graph\":[{\"@type\":\"WebPage\",\"@id\":\"https:\\\/\\\/www.abpartners.cz\\\/legalshop\\\/darovaci-smlouva-byt-oz\\\/\",\"url\":\"https:\\\/\\\/www.abpartners.cz\\\/legalshop\\\/darovaci-smlouva-byt-oz\\\/\",\"name\":\"Darovac\u00ed smlouva \u2013 darov\u00e1n\u00ed bytu (vymezen\u00e9ho dle ob\u010dansk\u00e9ho z\u00e1kon\u00edku) - LegalShop - AB PARTNERS advok\u00e1ti\",\"isPartOf\":{\"@id\":\"https:\\\/\\\/www.abpartners.cz\\\/#website\"},\"primaryImageOfPage\":{\"@id\":\"https:\\\/\\\/www.abpartners.cz\\\/legalshop\\\/darovaci-smlouva-byt-oz\\\/#primaryimage\"},\"image\":{\"@id\":\"https:\\\/\\\/www.abpartners.cz\\\/legalshop\\\/darovaci-smlouva-byt-oz\\\/#primaryimage\"},\"thumbnailUrl\":\"https:\\\/\\\/www.abpartners.cz\\\/wp-content\\\/uploads\\\/2021\\\/01\\\/ikona-vzor-nemovitosti.png\",\"datePublished\":\"2021-01-19T19:53:44+00:00\",\"dateModified\":\"2021-02-01T07:10:45+00:00\",\"breadcrumb\":{\"@id\":\"https:\\\/\\\/www.abpartners.cz\\\/legalshop\\\/darovaci-smlouva-byt-oz\\\/#breadcrumb\"},\"inLanguage\":\"de\",\"potentialAction\":[{\"@type\":\"ReadAction\",\"target\":[\"https:\\\/\\\/www.abpartners.cz\\\/legalshop\\\/darovaci-smlouva-byt-oz\\\/\"]}]},{\"@type\":\"ImageObject\",\"inLanguage\":\"de\",\"@id\":\"https:\\\/\\\/www.abpartners.cz\\\/legalshop\\\/darovaci-smlouva-byt-oz\\\/#primaryimage\",\"url\":\"https:\\\/\\\/www.abpartners.cz\\\/wp-content\\\/uploads\\\/2021\\\/01\\\/ikona-vzor-nemovitosti.png\",\"contentUrl\":\"https:\\\/\\\/www.abpartners.cz\\\/wp-content\\\/uploads\\\/2021\\\/01\\\/ikona-vzor-nemovitosti.png\",\"width\":520,\"height\":520},{\"@type\":\"BreadcrumbList\",\"@id\":\"https:\\\/\\\/www.abpartners.cz\\\/legalshop\\\/darovaci-smlouva-byt-oz\\\/#breadcrumb\",\"itemListElement\":[{\"@type\":\"ListItem\",\"position\":1,\"name\":\"Dom\u016f\",\"item\":\"https:\\\/\\\/www.abpartners.cz\\\/\"},{\"@type\":\"ListItem\",\"position\":2,\"name\":\"LegalShop\",\"item\":\"https:\\\/\\\/www.abpartners.cz\\\/legalshop\\\/\"},{\"@type\":\"ListItem\",\"position\":3,\"name\":\"Darovac\u00ed smlouva \u2013 darov\u00e1n\u00ed bytu (vymezen\u00e9ho dle ob\u010dansk\u00e9ho z\u00e1kon\u00edku)\"}]},{\"@type\":\"WebSite\",\"@id\":\"https:\\\/\\\/www.abpartners.cz\\\/#website\",\"url\":\"https:\\\/\\\/www.abpartners.cz\\\/\",\"name\":\"AB PARTNERS advok\u00e1ti\",\"description\":\"AB PARTNERS advok\u00e1ti\",\"publisher\":{\"@id\":\"https:\\\/\\\/www.abpartners.cz\\\/#organization\"},\"potentialAction\":[{\"@type\":\"SearchAction\",\"target\":{\"@type\":\"EntryPoint\",\"urlTemplate\":\"https:\\\/\\\/www.abpartners.cz\\\/?s={search_term_string}\"},\"query-input\":{\"@type\":\"PropertyValueSpecification\",\"valueRequired\":true,\"valueName\":\"search_term_string\"}}],\"inLanguage\":\"de\"},{\"@type\":\"Organization\",\"@id\":\"https:\\\/\\\/www.abpartners.cz\\\/#organization\",\"name\":\"AB PARTNERS advok\u00e1ti\",\"url\":\"https:\\\/\\\/www.abpartners.cz\\\/\",\"logo\":{\"@type\":\"ImageObject\",\"inLanguage\":\"de\",\"@id\":\"https:\\\/\\\/www.abpartners.cz\\\/#\\\/schema\\\/logo\\\/image\\\/\",\"url\":\"https:\\\/\\\/www.abpartners.cz\\\/wp-content\\\/uploads\\\/2021\\\/01\\\/abpartners_regular_rgb_dark.png\",\"contentUrl\":\"https:\\\/\\\/www.abpartners.cz\\\/wp-content\\\/uploads\\\/2021\\\/01\\\/abpartners_regular_rgb_dark.png\",\"width\":1240,\"height\":236,\"caption\":\"AB PARTNERS advok\u00e1ti\"},\"image\":{\"@id\":\"https:\\\/\\\/www.abpartners.cz\\\/#\\\/schema\\\/logo\\\/image\\\/\"},\"sameAs\":[\"https:\\\/\\\/www.facebook.com\\\/abpartners.cz\\\/\",\"https:\\\/\\\/x.com\\\/ABPartners_cz\",\"https:\\\/\\\/www.linkedin.com\\\/company\\\/abpartners\\\/\",\"https:\\\/\\\/www.instagram.com\\\/abpartners.cz\\\/\"]}]}<\/script>\n<meta property=\"product:price:amount\" content=\"891\" \/>\n<meta property=\"product:price:currency\" content=\"CZK\" \/>\n<meta property=\"og:availability\" content=\"instock\" \/>\n<meta property=\"product:availability\" content=\"instock\" \/>\n<meta property=\"product:retailer_item_id\" content=\"201012\" \/>\n<meta property=\"product:condition\" content=\"new\" \/>\n<!-- \/ Yoast SEO plugin. -->","yoast_head_json":{"title":"Darovac\u00ed smlouva \u2013 darov\u00e1n\u00ed bytu (vymezen\u00e9ho dle ob\u010dansk\u00e9ho z\u00e1kon\u00edku) - LegalShop - AB PARTNERS advok\u00e1ti","robots":{"index":"index","follow":"follow","max-snippet":"max-snippet:-1","max-image-preview":"max-image-preview:large","max-video-preview":"max-video-preview:-1"},"canonical":"https:\/\/www.abpartners.cz\/de\/legalshop\/darovaci-smlouva-byt-oz\/","og_locale":"de_DE","og_type":"article","og_title":"Darovac\u00ed smlouva \u2013 darov\u00e1n\u00ed bytu (vymezen\u00e9ho dle ob\u010dansk\u00e9ho z\u00e1kon\u00edku) - LegalShop - AB PARTNERS advok\u00e1ti","og_description":"Po\u0159\u00edzen\u00edm tohoto dokumentu z\u00edsk\u00e1v\u00e1te vzor darovac\u00ed smlouvy, jej\u00edm\u017e p\u0159edm\u011btem je bez\u00faplatn\u00fd p\u0159evod vlastnick\u00e9ho pr\u00e1va k\u00a0bytov\u00e9 jednotce vymezen\u00e9 na z\u00e1klad\u011b ob\u010dansk\u00e9ho z\u00e1kon\u00edku, tj. vymezen\u00e9 po 1.1.2014 (seznateln\u00e9 tak\u00e9 z\u00a0v\u00fdpisu z\u00a0katastru nemovitost\u00ed). Spole\u010dn\u011b s t\u00edmto vzorem z\u00edsk\u00e1v\u00e1te praktick\u00fd popis, kter\u00fd V\u00e1m usnadn\u00ed orientaci b\u011bhem vypl\u0148ov\u00e1n\u00ed vzoru a n\u00e1sledn\u00e9ho postupu p\u0159i vkladu pr\u00e1va [...]","og_url":"https:\/\/www.abpartners.cz\/de\/legalshop\/darovaci-smlouva-byt-oz\/","og_site_name":"AB PARTNERS advok\u00e1ti","article_publisher":"https:\/\/www.facebook.com\/abpartners.cz\/","article_modified_time":"2021-02-01T07:10:45+00:00","og_image":[{"width":520,"height":520,"url":"https:\/\/www.abpartners.cz\/wp-content\/uploads\/2021\/01\/ikona-vzor-nemovitosti.png","type":"image\/png"}],"twitter_card":"summary_large_image","twitter_site":"@ABPartners_cz","twitter_misc":{"Price":"891&nbsp;&#75;&#269; v\u010detn\u011b DPH","Availability":"In stock"},"schema":{"@context":"https:\/\/schema.org","@graph":[{"@type":"WebPage","@id":"https:\/\/www.abpartners.cz\/legalshop\/darovaci-smlouva-byt-oz\/","url":"https:\/\/www.abpartners.cz\/legalshop\/darovaci-smlouva-byt-oz\/","name":"Darovac\u00ed smlouva \u2013 darov\u00e1n\u00ed bytu (vymezen\u00e9ho dle ob\u010dansk\u00e9ho z\u00e1kon\u00edku) - LegalShop - AB PARTNERS advok\u00e1ti","isPartOf":{"@id":"https:\/\/www.abpartners.cz\/#website"},"primaryImageOfPage":{"@id":"https:\/\/www.abpartners.cz\/legalshop\/darovaci-smlouva-byt-oz\/#primaryimage"},"image":{"@id":"https:\/\/www.abpartners.cz\/legalshop\/darovaci-smlouva-byt-oz\/#primaryimage"},"thumbnailUrl":"https:\/\/www.abpartners.cz\/wp-content\/uploads\/2021\/01\/ikona-vzor-nemovitosti.png","datePublished":"2021-01-19T19:53:44+00:00","dateModified":"2021-02-01T07:10:45+00:00","breadcrumb":{"@id":"https:\/\/www.abpartners.cz\/legalshop\/darovaci-smlouva-byt-oz\/#breadcrumb"},"inLanguage":"de","potentialAction":[{"@type":"ReadAction","target":["https:\/\/www.abpartners.cz\/legalshop\/darovaci-smlouva-byt-oz\/"]}]},{"@type":"ImageObject","inLanguage":"de","@id":"https:\/\/www.abpartners.cz\/legalshop\/darovaci-smlouva-byt-oz\/#primaryimage","url":"https:\/\/www.abpartners.cz\/wp-content\/uploads\/2021\/01\/ikona-vzor-nemovitosti.png","contentUrl":"https:\/\/www.abpartners.cz\/wp-content\/uploads\/2021\/01\/ikona-vzor-nemovitosti.png","width":520,"height":520},{"@type":"BreadcrumbList","@id":"https:\/\/www.abpartners.cz\/legalshop\/darovaci-smlouva-byt-oz\/#breadcrumb","itemListElement":[{"@type":"ListItem","position":1,"name":"Dom\u016f","item":"https:\/\/www.abpartners.cz\/"},{"@type":"ListItem","position":2,"name":"LegalShop","item":"https:\/\/www.abpartners.cz\/legalshop\/"},{"@type":"ListItem","position":3,"name":"Darovac\u00ed smlouva \u2013 darov\u00e1n\u00ed bytu (vymezen\u00e9ho dle ob\u010dansk\u00e9ho z\u00e1kon\u00edku)"}]},{"@type":"WebSite","@id":"https:\/\/www.abpartners.cz\/#website","url":"https:\/\/www.abpartners.cz\/","name":"AB PARTNERS Rechtsanw\u00e4lte","description":"AB PARTNERS Rechtsanw\u00e4lte","publisher":{"@id":"https:\/\/www.abpartners.cz\/#organization"},"potentialAction":[{"@type":"SearchAction","target":{"@type":"EntryPoint","urlTemplate":"https:\/\/www.abpartners.cz\/?s={search_term_string}"},"query-input":{"@type":"PropertyValueSpecification","valueRequired":true,"valueName":"search_term_string"}}],"inLanguage":"de"},{"@type":"Organization","@id":"https:\/\/www.abpartners.cz\/#organization","name":"AB PARTNERS Rechtsanw\u00e4lte","url":"https:\/\/www.abpartners.cz\/","logo":{"@type":"ImageObject","inLanguage":"de","@id":"https:\/\/www.abpartners.cz\/#\/schema\/logo\/image\/","url":"https:\/\/www.abpartners.cz\/wp-content\/uploads\/2021\/01\/abpartners_regular_rgb_dark.png","contentUrl":"https:\/\/www.abpartners.cz\/wp-content\/uploads\/2021\/01\/abpartners_regular_rgb_dark.png","width":1240,"height":236,"caption":"AB PARTNERS advok\u00e1ti"},"image":{"@id":"https:\/\/www.abpartners.cz\/#\/schema\/logo\/image\/"},"sameAs":["https:\/\/www.facebook.com\/abpartners.cz\/","https:\/\/x.com\/ABPartners_cz","https:\/\/www.linkedin.com\/company\/abpartners\/","https:\/\/www.instagram.com\/abpartners.cz\/"]}]},"product_price_amount":"891","product_price_currency":"CZK","og_availability":"instock","product_availability":"instock","product_retailer_item_id":"201012","product_condition":"new"},"_links":{"self":[{"href":"https:\/\/www.abpartners.cz\/de\/wp-json\/wp\/v2\/product\/2514","targetHints":{"allow":["GET"]}}],"collection":[{"href":"https:\/\/www.abpartners.cz\/de\/wp-json\/wp\/v2\/product"}],"about":[{"href":"https:\/\/www.abpartners.cz\/de\/wp-json\/wp\/v2\/types\/product"}],"wp:featuredmedia":[{"embeddable":true,"href":"https:\/\/www.abpartners.cz\/de\/wp-json\/wp\/v2\/media\/2503"}],"wp:attachment":[{"href":"https:\/\/www.abpartners.cz\/de\/wp-json\/wp\/v2\/media?parent=2514"}],"wp:term":[{"taxonomy":"product_brand","embeddable":true,"href":"https:\/\/www.abpartners.cz\/de\/wp-json\/wp\/v2\/product_brand?post=2514"},{"taxonomy":"product_cat","embeddable":true,"href":"https:\/\/www.abpartners.cz\/de\/wp-json\/wp\/v2\/product_cat?post=2514"},{"taxonomy":"product_tag","embeddable":true,"href":"https:\/\/www.abpartners.cz\/de\/wp-json\/wp\/v2\/product_tag?post=2514"}],"curies":[{"name":"wp","href":"https:\/\/api.w.org\/{rel}","templated":true}]}}