{"id":2509,"date":"2021-01-19T20:53:31","date_gmt":"2021-01-19T19:53:31","guid":{"rendered":"https:\/\/www.abpartners.cz\/legalshop\/advokatni-uschova-5-10\/"},"modified":"2022-07-13T15:38:41","modified_gmt":"2022-07-13T13:38:41","slug":"advokatni-uschova-5-10","status":"publish","type":"product","link":"https:\/\/www.abpartners.cz\/de\/legalshop\/advokatni-uschova-5-10\/","title":{"rendered":"Advok\u00e1tn\u00ed \u00faschova &#8211; \u010d\u00e1stka 5 mil K\u010d. a\u017e 10 mil K\u010d. (v\u010d.) (pr\u00e1vn\u00ed slu\u017eba)"},"content":{"rendered":"<p><span style=\"color: #b61e3f;\"><strong>Geben Sie bei Ihrer Bestellung immer Ihre E-Mail-Adresse und Telefonnummer an, damit wir Sie kontaktieren k\u00f6nnen, um die Einzelheiten zu besprechen.<\/strong><\/span><\/p>\n<p>V\u00a0souvislosti s\u00a0rozs\u00e1hl\u00fdm poskytov\u00e1n\u00edm pr\u00e1vn\u00edch slu\u017eeb v\u00a0oblasti nemovitost\u00ed, zaji\u0161\u0165uje na\u0161e advok\u00e1tn\u00ed kancel\u00e1\u0159 mimo jin\u00e9 i <strong>advok\u00e1tn\u00ed \u00faschovu finan\u010dn\u00edch prost\u0159edk\u016f a listin <\/strong>(nap\u0159. kupn\u00ed smlouva s\u00a0ov\u011b\u0159en\u00fdmi podpisy pro katastr nemovitost\u00ed a n\u00e1vrh na vklad vlastnick\u00e9ho pr\u00e1va).<\/p>\n<p>Mezi obecn\u00e9 v\u00fdhody advok\u00e1tn\u00ed \u00faschovy pat\u0159\u00ed zejm\u00e9na jistota a <strong>zv\u00fd\u0161en\u00ed bezpe\u010dnosti cel\u00e9ho obchodu<\/strong> pro v\u0161echny \u00fa\u010dastn\u00edky dan\u00e9ho obchodu. Podstatou advok\u00e1tn\u00ed \u00faschovy je slo\u017een\u00ed finan\u010dn\u00edch prost\u0159edk\u016f na z\u00e1klad\u011b smlouvy o advok\u00e1tn\u00ed \u00faschov\u011b uzav\u0159en\u00e9 mezi schovatelem (na\u0161\u00ed advok\u00e1tn\u00ed kancel\u00e1\u0159\u00ed zastoupenou konkr\u00e9tn\u00edm advok\u00e1tem), stranou opr\u00e1vn\u011bnou (nap\u0159. prod\u00e1vaj\u00edc\u00edm) a uschovatelem (nap\u0159. kupuj\u00edc\u00edm) <strong>na zvl\u00e1\u0161tn\u00ed \u00faschovn\u00fd \u00fa\u010det advok\u00e1ta, kter\u00fd je od po\u010d\u00e1tku veden pouze pro konkr\u00e9tn\u00ed p\u0159\u00edpad<\/strong>. Slo\u017een\u00e9 finan\u010dn\u00ed prost\u0159edky jsou tak zcela <strong>odd\u011bleny od finan\u010dn\u00edch prost\u0159edk\u016f advok\u00e1tn\u00ed kancel\u00e1\u0159e a tak\u00e9 od finan\u010dn\u00edch prost\u0159edk\u016f slo\u017een\u00fdch jin\u00fdmi uschovateli<\/strong> v\u00a0jin\u00fdch obchodech. Vedle \u00faschovy finan\u010dn\u00edch prost\u0159edk\u016f mohou b\u00fdt p\u0159edm\u011btem \u00faschovy tak\u00e9 <strong>listiny<\/strong>, a to zpravidla origin\u00e1l kupn\u00ed smlouvy opat\u0159en\u00e9 ov\u011b\u0159en\u00fdmi podpisy smluvn\u00edch stran v\u010detn\u011b n\u00e1vrhu na vklad pr\u00e1va do katastru nemovitost\u00ed.<\/p>\n<p>Na\u0161e advok\u00e1tn\u00ed kancel\u00e1\u0159 je \u0159\u00e1dn\u011b <strong>poji\u0161t\u011bna na poskytov\u00e1n\u00ed \u00faschov finan\u010dn\u00edch prost\u0159edk\u016f, a to a\u017e do v\u00fd\u0161e 150 mil. K\u010d na jednotliv\u00fd p\u0159\u00edpad<\/strong>. V\u00a0souladu s\u00a0pr\u00e1vn\u00edmi p\u0159edpisy vedeme evidenci \u00faschov v\u00a0elektronick\u00e9 knize \u00faschov u \u010cesk\u00e9 advok\u00e1tn\u00ed komory, kter\u00e1 nad advok\u00e1ty vykon\u00e1v\u00e1 p\u0159\u00edslu\u0161n\u00fd dohled. V\u00fdjimkou nen\u00ed ani postup p\u0159i \u00faschov\u011b finan\u010dn\u00edch prost\u0159edk\u016f dle z\u00e1k. \u010d. 253\/2008 Sb., o n\u011bkter\u00fdch opat\u0159en\u00edch proti legalizaci v\u00fdnos\u016f z\u00a0trestn\u00e9 \u010dinnosti a financov\u00e1n\u00ed terorismu (zkr\u00e1cen\u011b \u201eAML\u201c). P\u0159i podpisu smlouvy o advok\u00e1tn\u00ed \u00faschov\u011b vypln\u00ed smluvn\u00ed strany soub\u011b\u017en\u011b tzv. AML dotazn\u00edky.<\/p>\n<p>Odm\u011bna za \u00faschovu finan\u010dn\u00edch prost\u0159edk\u016f u advok\u00e1tn\u00ed kancel\u00e1\u0159e souvis\u00ed s\u00a0v\u00fd\u0161\u00ed slo\u017een\u00e9 \u010d\u00e1stky na \u00fa\u010det advok\u00e1tn\u00ed \u00faschovy. Vy\u0161\u0161\u00ed \u010d\u00e1stka s\u00a0sebou p\u0159in\u00e1\u0161\u00ed vy\u0161\u0161\u00ed odpov\u011bdnost advok\u00e1ta. Nad \u010d\u00e1stku 15 mil. K\u010d po\u017e\u00e1dejte o individu\u00e1ln\u00ed kalkulaci na <a href=\"mailto:legalshop@abpartners.cz\">legalshop@abpartners.cz<\/a>.<\/p>\n<p>&nbsp;<\/p>\n<p>&nbsp;<\/p>\n<p>&nbsp;<\/p>","protected":false},"excerpt":{"rendered":"<p>V objedn\u00e1vce v\u017edy uve\u010fte V\u00e1\u0161 email a telefonn\u00ed \u010d\u00edslo, abychom V\u00e1s mohli kontaktovat a domluvit se na podrobnostech. V\u00a0souvislosti s\u00a0rozs\u00e1hl\u00fdm poskytov\u00e1n\u00edm pr\u00e1vn\u00edch slu\u017eeb v\u00a0oblasti nemovitost\u00ed, zaji\u0161\u0165uje na\u0161e advok\u00e1tn\u00ed kancel\u00e1\u0159 mimo jin\u00e9 i advok\u00e1tn\u00ed \u00faschovu finan\u010dn\u00edch prost\u0159edk\u016f a listin (nap\u0159. kupn\u00ed smlouva s\u00a0ov\u011b\u0159en\u00fdmi podpisy pro katastr nemovitost\u00ed a n\u00e1vrh na vklad  [&#8230;]<\/p>\n","protected":false},"featured_media":2503,"template":"","meta":{"_acf_changed":false,"rs_blank_template":"","rs_page_bg_color":"","slide_template_v7":""},"product_brand":[],"product_cat":[54],"product_tag":[],"class_list":{"0":"post-2509","1":"product","2":"type-product","3":"status-publish","4":"has-post-thumbnail","6":"product_cat-advokatni-uschova","8":"first","9":"instock","10":"virtual","11":"sold-individually","12":"taxable","13":"purchasable","14":"product-type-simple"},"bundled_by":[],"bundle_stock_status":"instock","bundle_stock_quantity":null,"bundle_virtual":false,"bundle_layout":"","bundle_add_to_cart_form_location":"","bundle_editable_in_cart":false,"bundle_sold_individually_context":"","bundle_item_grouping":"","bundle_min_size":"","bundle_max_size":"","bundle_price":[],"bundled_items":[],"bundle_sell_ids":[],"exclude_global_add_ons":[],"addons":[],"acf":[],"yoast_head":"<!-- This site is optimized with the Yoast SEO plugin v27.4 - https:\/\/yoast.com\/product\/yoast-seo-wordpress\/ -->\n<title>Advok\u00e1tn\u00ed \u00faschova - \u010d\u00e1stka 5 mil K\u010d. a\u017e 10 mil K\u010d. (v\u010d.) (pr\u00e1vn\u00ed slu\u017eba) - LegalShop - AB PARTNERS advok\u00e1ti<\/title>\n<meta name=\"robots\" content=\"index, follow, max-snippet:-1, max-image-preview:large, max-video-preview:-1\" \/>\n<link rel=\"canonical\" href=\"https:\/\/www.abpartners.cz\/de\/legalshop\/advokatni-uschova-5-10\/\" \/>\n<meta property=\"og:locale\" content=\"de_DE\" \/>\n<meta property=\"og:type\" content=\"article\" \/>\n<meta property=\"og:title\" content=\"Advok\u00e1tn\u00ed \u00faschova - \u010d\u00e1stka 5 mil K\u010d. a\u017e 10 mil K\u010d. (v\u010d.) (pr\u00e1vn\u00ed slu\u017eba) - LegalShop - AB PARTNERS advok\u00e1ti\" \/>\n<meta property=\"og:description\" content=\"V objedn\u00e1vce v\u017edy uve\u010fte V\u00e1\u0161 email a telefonn\u00ed \u010d\u00edslo, abychom V\u00e1s mohli kontaktovat a domluvit se na podrobnostech. V\u00a0souvislosti s\u00a0rozs\u00e1hl\u00fdm poskytov\u00e1n\u00edm pr\u00e1vn\u00edch slu\u017eeb v\u00a0oblasti nemovitost\u00ed, zaji\u0161\u0165uje na\u0161e advok\u00e1tn\u00ed kancel\u00e1\u0159 mimo jin\u00e9 i advok\u00e1tn\u00ed \u00faschovu finan\u010dn\u00edch prost\u0159edk\u016f a listin (nap\u0159. kupn\u00ed smlouva s\u00a0ov\u011b\u0159en\u00fdmi podpisy pro katastr nemovitost\u00ed a n\u00e1vrh na vklad [...]\" \/>\n<meta property=\"og:url\" content=\"https:\/\/www.abpartners.cz\/de\/legalshop\/advokatni-uschova-5-10\/\" \/>\n<meta property=\"og:site_name\" content=\"AB PARTNERS advok\u00e1ti\" \/>\n<meta property=\"article:publisher\" content=\"https:\/\/www.facebook.com\/abpartners.cz\/\" \/>\n<meta property=\"article:modified_time\" content=\"2022-07-13T13:38:41+00:00\" \/>\n<meta property=\"og:image\" content=\"https:\/\/www.abpartners.cz\/wp-content\/uploads\/2021\/01\/ikona-vzor-nemovitosti.png\" \/>\n\t<meta property=\"og:image:width\" content=\"520\" \/>\n\t<meta property=\"og:image:height\" content=\"520\" \/>\n\t<meta property=\"og:image:type\" content=\"image\/png\" \/>\n<meta name=\"twitter:card\" content=\"summary_large_image\" \/>\n<meta name=\"twitter:site\" content=\"@ABPartners_cz\" \/>\n<meta name=\"twitter:label1\" content=\"Price\" \/>\n\t<meta name=\"twitter:data1\" content=\"7.900&nbsp;&#075;&#269; v\u010detn\u011b DPH\" \/>\n\t<meta name=\"twitter:label2\" content=\"Availability\" \/>\n\t<meta name=\"twitter:data2\" content=\"In stock\" \/>\n<script type=\"application\/ld+json\" class=\"yoast-schema-graph\">{\"@context\":\"https:\\\/\\\/schema.org\",\"@graph\":[{\"@type\":\"WebPage\",\"@id\":\"https:\\\/\\\/www.abpartners.cz\\\/legalshop\\\/advokatni-uschova-5-10\\\/\",\"url\":\"https:\\\/\\\/www.abpartners.cz\\\/legalshop\\\/advokatni-uschova-5-10\\\/\",\"name\":\"Advok\u00e1tn\u00ed \u00faschova - \u010d\u00e1stka 5 mil K\u010d. a\u017e 10 mil K\u010d. (v\u010d.) (pr\u00e1vn\u00ed slu\u017eba) - LegalShop - AB PARTNERS advok\u00e1ti\",\"isPartOf\":{\"@id\":\"https:\\\/\\\/www.abpartners.cz\\\/#website\"},\"primaryImageOfPage\":{\"@id\":\"https:\\\/\\\/www.abpartners.cz\\\/legalshop\\\/advokatni-uschova-5-10\\\/#primaryimage\"},\"image\":{\"@id\":\"https:\\\/\\\/www.abpartners.cz\\\/legalshop\\\/advokatni-uschova-5-10\\\/#primaryimage\"},\"thumbnailUrl\":\"https:\\\/\\\/www.abpartners.cz\\\/wp-content\\\/uploads\\\/2021\\\/01\\\/ikona-vzor-nemovitosti.png\",\"datePublished\":\"2021-01-19T19:53:31+00:00\",\"dateModified\":\"2022-07-13T13:38:41+00:00\",\"breadcrumb\":{\"@id\":\"https:\\\/\\\/www.abpartners.cz\\\/legalshop\\\/advokatni-uschova-5-10\\\/#breadcrumb\"},\"inLanguage\":\"de\",\"potentialAction\":[{\"@type\":\"ReadAction\",\"target\":[\"https:\\\/\\\/www.abpartners.cz\\\/legalshop\\\/advokatni-uschova-5-10\\\/\"]}]},{\"@type\":\"ImageObject\",\"inLanguage\":\"de\",\"@id\":\"https:\\\/\\\/www.abpartners.cz\\\/legalshop\\\/advokatni-uschova-5-10\\\/#primaryimage\",\"url\":\"https:\\\/\\\/www.abpartners.cz\\\/wp-content\\\/uploads\\\/2021\\\/01\\\/ikona-vzor-nemovitosti.png\",\"contentUrl\":\"https:\\\/\\\/www.abpartners.cz\\\/wp-content\\\/uploads\\\/2021\\\/01\\\/ikona-vzor-nemovitosti.png\",\"width\":520,\"height\":520},{\"@type\":\"BreadcrumbList\",\"@id\":\"https:\\\/\\\/www.abpartners.cz\\\/legalshop\\\/advokatni-uschova-5-10\\\/#breadcrumb\",\"itemListElement\":[{\"@type\":\"ListItem\",\"position\":1,\"name\":\"Dom\u016f\",\"item\":\"https:\\\/\\\/www.abpartners.cz\\\/\"},{\"@type\":\"ListItem\",\"position\":2,\"name\":\"LegalShop\",\"item\":\"https:\\\/\\\/www.abpartners.cz\\\/legalshop\\\/\"},{\"@type\":\"ListItem\",\"position\":3,\"name\":\"Advok\u00e1tn\u00ed \u00faschova &#8211; \u010d\u00e1stka 5 mil K\u010d. a\u017e 10 mil K\u010d. (v\u010d.) (pr\u00e1vn\u00ed slu\u017eba)\"}]},{\"@type\":\"WebSite\",\"@id\":\"https:\\\/\\\/www.abpartners.cz\\\/#website\",\"url\":\"https:\\\/\\\/www.abpartners.cz\\\/\",\"name\":\"AB PARTNERS advok\u00e1ti\",\"description\":\"AB PARTNERS advok\u00e1ti\",\"publisher\":{\"@id\":\"https:\\\/\\\/www.abpartners.cz\\\/#organization\"},\"potentialAction\":[{\"@type\":\"SearchAction\",\"target\":{\"@type\":\"EntryPoint\",\"urlTemplate\":\"https:\\\/\\\/www.abpartners.cz\\\/?s={search_term_string}\"},\"query-input\":{\"@type\":\"PropertyValueSpecification\",\"valueRequired\":true,\"valueName\":\"search_term_string\"}}],\"inLanguage\":\"de\"},{\"@type\":\"Organization\",\"@id\":\"https:\\\/\\\/www.abpartners.cz\\\/#organization\",\"name\":\"AB PARTNERS advok\u00e1ti\",\"url\":\"https:\\\/\\\/www.abpartners.cz\\\/\",\"logo\":{\"@type\":\"ImageObject\",\"inLanguage\":\"de\",\"@id\":\"https:\\\/\\\/www.abpartners.cz\\\/#\\\/schema\\\/logo\\\/image\\\/\",\"url\":\"https:\\\/\\\/www.abpartners.cz\\\/wp-content\\\/uploads\\\/2021\\\/01\\\/abpartners_regular_rgb_dark.png\",\"contentUrl\":\"https:\\\/\\\/www.abpartners.cz\\\/wp-content\\\/uploads\\\/2021\\\/01\\\/abpartners_regular_rgb_dark.png\",\"width\":1240,\"height\":236,\"caption\":\"AB PARTNERS advok\u00e1ti\"},\"image\":{\"@id\":\"https:\\\/\\\/www.abpartners.cz\\\/#\\\/schema\\\/logo\\\/image\\\/\"},\"sameAs\":[\"https:\\\/\\\/www.facebook.com\\\/abpartners.cz\\\/\",\"https:\\\/\\\/x.com\\\/ABPartners_cz\",\"https:\\\/\\\/www.linkedin.com\\\/company\\\/abpartners\\\/\",\"https:\\\/\\\/www.instagram.com\\\/abpartners.cz\\\/\"]}]}<\/script>\n<meta property=\"product:price:amount\" content=\"7900\" \/>\n<meta property=\"product:price:currency\" content=\"CZK\" \/>\n<meta property=\"og:availability\" content=\"instock\" \/>\n<meta property=\"product:availability\" content=\"instock\" \/>\n<meta property=\"product:retailer_item_id\" content=\"201006\" \/>\n<meta property=\"product:condition\" content=\"new\" \/>\n<!-- \/ Yoast SEO plugin. -->","yoast_head_json":{"title":"Advok\u00e1tn\u00ed \u00faschova - \u010d\u00e1stka 5 mil K\u010d. a\u017e 10 mil K\u010d. (v\u010d.) (pr\u00e1vn\u00ed slu\u017eba) - LegalShop - AB PARTNERS advok\u00e1ti","robots":{"index":"index","follow":"follow","max-snippet":"max-snippet:-1","max-image-preview":"max-image-preview:large","max-video-preview":"max-video-preview:-1"},"canonical":"https:\/\/www.abpartners.cz\/de\/legalshop\/advokatni-uschova-5-10\/","og_locale":"de_DE","og_type":"article","og_title":"Advok\u00e1tn\u00ed \u00faschova - \u010d\u00e1stka 5 mil K\u010d. a\u017e 10 mil K\u010d. (v\u010d.) (pr\u00e1vn\u00ed slu\u017eba) - LegalShop - AB PARTNERS advok\u00e1ti","og_description":"V objedn\u00e1vce v\u017edy uve\u010fte V\u00e1\u0161 email a telefonn\u00ed \u010d\u00edslo, abychom V\u00e1s mohli kontaktovat a domluvit se na podrobnostech. V\u00a0souvislosti s\u00a0rozs\u00e1hl\u00fdm poskytov\u00e1n\u00edm pr\u00e1vn\u00edch slu\u017eeb v\u00a0oblasti nemovitost\u00ed, zaji\u0161\u0165uje na\u0161e advok\u00e1tn\u00ed kancel\u00e1\u0159 mimo jin\u00e9 i advok\u00e1tn\u00ed \u00faschovu finan\u010dn\u00edch prost\u0159edk\u016f a listin (nap\u0159. kupn\u00ed smlouva s\u00a0ov\u011b\u0159en\u00fdmi podpisy pro katastr nemovitost\u00ed a n\u00e1vrh na vklad [...]","og_url":"https:\/\/www.abpartners.cz\/de\/legalshop\/advokatni-uschova-5-10\/","og_site_name":"AB PARTNERS advok\u00e1ti","article_publisher":"https:\/\/www.facebook.com\/abpartners.cz\/","article_modified_time":"2022-07-13T13:38:41+00:00","og_image":[{"width":520,"height":520,"url":"https:\/\/www.abpartners.cz\/wp-content\/uploads\/2021\/01\/ikona-vzor-nemovitosti.png","type":"image\/png"}],"twitter_card":"summary_large_image","twitter_site":"@ABPartners_cz","twitter_misc":{"Price":"7.900&nbsp;&#75;&#269; v\u010detn\u011b DPH","Availability":"In stock"},"schema":{"@context":"https:\/\/schema.org","@graph":[{"@type":"WebPage","@id":"https:\/\/www.abpartners.cz\/legalshop\/advokatni-uschova-5-10\/","url":"https:\/\/www.abpartners.cz\/legalshop\/advokatni-uschova-5-10\/","name":"Advok\u00e1tn\u00ed \u00faschova - \u010d\u00e1stka 5 mil K\u010d. a\u017e 10 mil K\u010d. (v\u010d.) (pr\u00e1vn\u00ed slu\u017eba) - LegalShop - AB PARTNERS advok\u00e1ti","isPartOf":{"@id":"https:\/\/www.abpartners.cz\/#website"},"primaryImageOfPage":{"@id":"https:\/\/www.abpartners.cz\/legalshop\/advokatni-uschova-5-10\/#primaryimage"},"image":{"@id":"https:\/\/www.abpartners.cz\/legalshop\/advokatni-uschova-5-10\/#primaryimage"},"thumbnailUrl":"https:\/\/www.abpartners.cz\/wp-content\/uploads\/2021\/01\/ikona-vzor-nemovitosti.png","datePublished":"2021-01-19T19:53:31+00:00","dateModified":"2022-07-13T13:38:41+00:00","breadcrumb":{"@id":"https:\/\/www.abpartners.cz\/legalshop\/advokatni-uschova-5-10\/#breadcrumb"},"inLanguage":"de","potentialAction":[{"@type":"ReadAction","target":["https:\/\/www.abpartners.cz\/legalshop\/advokatni-uschova-5-10\/"]}]},{"@type":"ImageObject","inLanguage":"de","@id":"https:\/\/www.abpartners.cz\/legalshop\/advokatni-uschova-5-10\/#primaryimage","url":"https:\/\/www.abpartners.cz\/wp-content\/uploads\/2021\/01\/ikona-vzor-nemovitosti.png","contentUrl":"https:\/\/www.abpartners.cz\/wp-content\/uploads\/2021\/01\/ikona-vzor-nemovitosti.png","width":520,"height":520},{"@type":"BreadcrumbList","@id":"https:\/\/www.abpartners.cz\/legalshop\/advokatni-uschova-5-10\/#breadcrumb","itemListElement":[{"@type":"ListItem","position":1,"name":"Dom\u016f","item":"https:\/\/www.abpartners.cz\/"},{"@type":"ListItem","position":2,"name":"LegalShop","item":"https:\/\/www.abpartners.cz\/legalshop\/"},{"@type":"ListItem","position":3,"name":"Advok\u00e1tn\u00ed \u00faschova &#8211; \u010d\u00e1stka 5 mil K\u010d. a\u017e 10 mil K\u010d. (v\u010d.) (pr\u00e1vn\u00ed slu\u017eba)"}]},{"@type":"WebSite","@id":"https:\/\/www.abpartners.cz\/#website","url":"https:\/\/www.abpartners.cz\/","name":"AB PARTNERS Rechtsanw\u00e4lte","description":"AB PARTNERS Rechtsanw\u00e4lte","publisher":{"@id":"https:\/\/www.abpartners.cz\/#organization"},"potentialAction":[{"@type":"SearchAction","target":{"@type":"EntryPoint","urlTemplate":"https:\/\/www.abpartners.cz\/?s={search_term_string}"},"query-input":{"@type":"PropertyValueSpecification","valueRequired":true,"valueName":"search_term_string"}}],"inLanguage":"de"},{"@type":"Organization","@id":"https:\/\/www.abpartners.cz\/#organization","name":"AB PARTNERS Rechtsanw\u00e4lte","url":"https:\/\/www.abpartners.cz\/","logo":{"@type":"ImageObject","inLanguage":"de","@id":"https:\/\/www.abpartners.cz\/#\/schema\/logo\/image\/","url":"https:\/\/www.abpartners.cz\/wp-content\/uploads\/2021\/01\/abpartners_regular_rgb_dark.png","contentUrl":"https:\/\/www.abpartners.cz\/wp-content\/uploads\/2021\/01\/abpartners_regular_rgb_dark.png","width":1240,"height":236,"caption":"AB PARTNERS advok\u00e1ti"},"image":{"@id":"https:\/\/www.abpartners.cz\/#\/schema\/logo\/image\/"},"sameAs":["https:\/\/www.facebook.com\/abpartners.cz\/","https:\/\/x.com\/ABPartners_cz","https:\/\/www.linkedin.com\/company\/abpartners\/","https:\/\/www.instagram.com\/abpartners.cz\/"]}]},"product_price_amount":"7900","product_price_currency":"CZK","og_availability":"instock","product_availability":"instock","product_retailer_item_id":"201006","product_condition":"new"},"_links":{"self":[{"href":"https:\/\/www.abpartners.cz\/de\/wp-json\/wp\/v2\/product\/2509","targetHints":{"allow":["GET"]}}],"collection":[{"href":"https:\/\/www.abpartners.cz\/de\/wp-json\/wp\/v2\/product"}],"about":[{"href":"https:\/\/www.abpartners.cz\/de\/wp-json\/wp\/v2\/types\/product"}],"wp:featuredmedia":[{"embeddable":true,"href":"https:\/\/www.abpartners.cz\/de\/wp-json\/wp\/v2\/media\/2503"}],"wp:attachment":[{"href":"https:\/\/www.abpartners.cz\/de\/wp-json\/wp\/v2\/media?parent=2509"}],"wp:term":[{"taxonomy":"product_brand","embeddable":true,"href":"https:\/\/www.abpartners.cz\/de\/wp-json\/wp\/v2\/product_brand?post=2509"},{"taxonomy":"product_cat","embeddable":true,"href":"https:\/\/www.abpartners.cz\/de\/wp-json\/wp\/v2\/product_cat?post=2509"},{"taxonomy":"product_tag","embeddable":true,"href":"https:\/\/www.abpartners.cz\/de\/wp-json\/wp\/v2\/product_tag?post=2509"}],"curies":[{"name":"wp","href":"https:\/\/api.w.org\/{rel}","templated":true}]}}