{"id":2493,"date":"2021-01-19T20:53:31","date_gmt":"2021-01-19T19:53:31","guid":{"rendered":"https:\/\/www.abpartners.cz\/legalshop\/telefonicka-porada-s-advokatem-60-minut\/"},"modified":"2023-09-11T11:54:51","modified_gmt":"2023-09-11T09:54:51","slug":"porada-s-advokatem-60-minut","status":"publish","type":"product","link":"https:\/\/www.abpartners.cz\/de\/legalshop\/porada-s-advokatem-60-minut\/","title":{"rendered":"Porada s advok\u00e1tem (pr\u00e1vn\u00ed slu\u017eba) &#8211; 60 minut telefon \u010di online"},"content":{"rendered":"<p>Pot\u0159ebujete poradit, ale nem\u00e1te \u010das se osobn\u011b sch\u00e1zet nebo m\u00e1te obavu, kolik zaplat\u00edte za poradu s advok\u00e1tem?<\/p>\n<p>Telefonick\u00e1 porada s advok\u00e1tem je \u0159e\u0161en\u00edm pro V\u00e1s. P\u0159edem <strong>v\u00edte, kolik za slu\u017ebu zaplat\u00edte a jak dlouho se V\u00e1m budeme v\u011bnovat od V\u00e1mi zvolen\u00e9ho term\u00ednu<\/strong>. Oproti osobn\u00edm konzultac\u00edm poskytujeme cenov\u011b zv\u00fdhodn\u011bn\u00e9 varianty a m\u016f\u017eeme nab\u00eddnout v\u011bt\u0161\u00ed flexibilitu v term\u00ednech.<\/p>\n<p>Po pro proveden\u00ed online objedn\u00e1vky a platby V\u00e1s bude <strong>telefonicky kontaktovat advok\u00e1t<\/strong> ve V\u00e1mi zvolen\u00e9m term\u00ednu a poskytne V\u00e1m odpov\u011bdi na Va\u0161e pr\u00e1vn\u00ed dotazy. Konkr\u00e9tn\u00ed <strong>dotazy nebo obor pr\u00e1va<\/strong> (nap\u0159. pracovn\u00ed, rodinn\u00e9, trestn\u00ed, insolven\u010dn\u00ed pr\u00e1vo) je vhodn\u00e9 uv\u00e9st ji\u017e v objedn\u00e1vkov\u00e9m formul\u00e1\u0159i slu\u017eby. Sou\u010dasn\u011b je nutn\u00e9 zadat <strong>telefonn\u00ed \u010d\u00edslo<\/strong>, na kter\u00e9m V\u00e1s budeme kontaktovat.<\/p>\n<p>Slu\u017eba je vhodn\u00e1 zejm\u00e9na pro jednoduch\u00e9 dotazy, kter\u00e9 nevy\u017eaduj\u00ed d\u016fkladnou znalost podklad\u016f \u010di cel\u00e9ho p\u0159\u00edpadu.<\/p>","protected":false},"excerpt":{"rendered":"<p>Pot\u0159ebujete poradit, ale nem\u00e1te \u010das se osobn\u011b sch\u00e1zet nebo m\u00e1te obavu, kolik zaplat\u00edte za poradu s advok\u00e1tem? Telefonick\u00e1 porada s advok\u00e1tem je \u0159e\u0161en\u00edm pro V\u00e1s. P\u0159edem v\u00edte, kolik za slu\u017ebu zaplat\u00edte a jak dlouho se V\u00e1m budeme v\u011bnovat od V\u00e1mi zvolen\u00e9ho term\u00ednu. Oproti osobn\u00edm konzultac\u00edm poskytujeme cenov\u011b zv\u00fdhodn\u011bn\u00e9 varianty a  [&#8230;]<\/p>\n","protected":false},"featured_media":2492,"template":"","meta":{"_acf_changed":false,"rs_blank_template":"","rs_page_bg_color":"","slide_template_v7":""},"product_brand":[],"product_cat":[49],"product_tag":[],"class_list":{"0":"post-2493","1":"product","2":"type-product","3":"status-publish","4":"has-post-thumbnail","6":"product_cat-porada-s-advokatem","8":"first","9":"instock","10":"virtual","11":"sold-individually","12":"taxable","13":"purchasable","14":"product-type-appointment"},"bundled_by":[],"bundle_stock_status":"instock","bundle_stock_quantity":null,"bundle_virtual":false,"bundle_layout":"","bundle_add_to_cart_form_location":"","bundle_editable_in_cart":false,"bundle_sold_individually_context":"","bundle_item_grouping":"","bundle_min_size":"","bundle_max_size":"","bundle_price":[],"bundled_items":[],"bundle_sell_ids":[],"exclude_global_add_ons":[],"addons":[],"acf":[],"yoast_head":"<!-- This site is optimized with the Yoast SEO plugin v27.4 - https:\/\/yoast.com\/product\/yoast-seo-wordpress\/ -->\n<title>Porada s advok\u00e1tem (pr\u00e1vn\u00ed slu\u017eba) - 60 minut telefon \u010di online - LegalShop - AB PARTNERS advok\u00e1ti<\/title>\n<meta name=\"robots\" content=\"index, follow, max-snippet:-1, max-image-preview:large, max-video-preview:-1\" \/>\n<link rel=\"canonical\" href=\"https:\/\/www.abpartners.cz\/de\/legalshop\/porada-s-advokatem-60-minut\/\" \/>\n<meta property=\"og:locale\" content=\"de_DE\" \/>\n<meta property=\"og:type\" content=\"article\" \/>\n<meta property=\"og:title\" content=\"Porada s advok\u00e1tem (pr\u00e1vn\u00ed slu\u017eba) - 60 minut telefon \u010di online - LegalShop - AB PARTNERS advok\u00e1ti\" \/>\n<meta property=\"og:description\" content=\"Pot\u0159ebujete poradit, ale nem\u00e1te \u010das se osobn\u011b sch\u00e1zet nebo m\u00e1te obavu, kolik zaplat\u00edte za poradu s advok\u00e1tem? Telefonick\u00e1 porada s advok\u00e1tem je \u0159e\u0161en\u00edm pro V\u00e1s. P\u0159edem v\u00edte, kolik za slu\u017ebu zaplat\u00edte a jak dlouho se V\u00e1m budeme v\u011bnovat od V\u00e1mi zvolen\u00e9ho term\u00ednu. Oproti osobn\u00edm konzultac\u00edm poskytujeme cenov\u011b zv\u00fdhodn\u011bn\u00e9 varianty a [...]\" \/>\n<meta property=\"og:url\" content=\"https:\/\/www.abpartners.cz\/de\/legalshop\/porada-s-advokatem-60-minut\/\" \/>\n<meta property=\"og:site_name\" content=\"AB PARTNERS advok\u00e1ti\" \/>\n<meta property=\"article:publisher\" content=\"https:\/\/www.facebook.com\/abpartners.cz\/\" \/>\n<meta property=\"article:modified_time\" content=\"2023-09-11T09:54:51+00:00\" \/>\n<meta property=\"og:image\" content=\"https:\/\/www.abpartners.cz\/wp-content\/uploads\/2021\/01\/ikona_konzultace.png\" \/>\n\t<meta property=\"og:image:width\" content=\"520\" \/>\n\t<meta property=\"og:image:height\" content=\"520\" \/>\n\t<meta property=\"og:image:type\" content=\"image\/png\" \/>\n<meta name=\"twitter:card\" content=\"summary_large_image\" \/>\n<meta name=\"twitter:site\" content=\"@ABPartners_cz\" \/>\n<meta name=\"twitter:label1\" content=\"Price\" \/>\n\t<meta name=\"twitter:data1\" content=\"2.790&nbsp;&#075;&#269; v\u010detn\u011b DPH\" \/>\n\t<meta name=\"twitter:label2\" content=\"Availability\" \/>\n\t<meta name=\"twitter:data2\" content=\"In stock\" \/>\n<script type=\"application\/ld+json\" class=\"yoast-schema-graph\">{\"@context\":\"https:\\\/\\\/schema.org\",\"@graph\":[{\"@type\":\"WebPage\",\"@id\":\"https:\\\/\\\/www.abpartners.cz\\\/legalshop\\\/porada-s-advokatem-60-minut\\\/\",\"url\":\"https:\\\/\\\/www.abpartners.cz\\\/legalshop\\\/porada-s-advokatem-60-minut\\\/\",\"name\":\"Porada s advok\u00e1tem (pr\u00e1vn\u00ed slu\u017eba) - 60 minut telefon \u010di online - LegalShop - AB PARTNERS advok\u00e1ti\",\"isPartOf\":{\"@id\":\"https:\\\/\\\/www.abpartners.cz\\\/#website\"},\"primaryImageOfPage\":{\"@id\":\"https:\\\/\\\/www.abpartners.cz\\\/legalshop\\\/porada-s-advokatem-60-minut\\\/#primaryimage\"},\"image\":{\"@id\":\"https:\\\/\\\/www.abpartners.cz\\\/legalshop\\\/porada-s-advokatem-60-minut\\\/#primaryimage\"},\"thumbnailUrl\":\"https:\\\/\\\/www.abpartners.cz\\\/wp-content\\\/uploads\\\/2021\\\/01\\\/ikona_konzultace.png\",\"datePublished\":\"2021-01-19T19:53:31+00:00\",\"dateModified\":\"2023-09-11T09:54:51+00:00\",\"breadcrumb\":{\"@id\":\"https:\\\/\\\/www.abpartners.cz\\\/legalshop\\\/porada-s-advokatem-60-minut\\\/#breadcrumb\"},\"inLanguage\":\"de\",\"potentialAction\":[{\"@type\":\"ReadAction\",\"target\":[\"https:\\\/\\\/www.abpartners.cz\\\/legalshop\\\/porada-s-advokatem-60-minut\\\/\"]}]},{\"@type\":\"ImageObject\",\"inLanguage\":\"de\",\"@id\":\"https:\\\/\\\/www.abpartners.cz\\\/legalshop\\\/porada-s-advokatem-60-minut\\\/#primaryimage\",\"url\":\"https:\\\/\\\/www.abpartners.cz\\\/wp-content\\\/uploads\\\/2021\\\/01\\\/ikona_konzultace.png\",\"contentUrl\":\"https:\\\/\\\/www.abpartners.cz\\\/wp-content\\\/uploads\\\/2021\\\/01\\\/ikona_konzultace.png\",\"width\":520,\"height\":520},{\"@type\":\"BreadcrumbList\",\"@id\":\"https:\\\/\\\/www.abpartners.cz\\\/legalshop\\\/porada-s-advokatem-60-minut\\\/#breadcrumb\",\"itemListElement\":[{\"@type\":\"ListItem\",\"position\":1,\"name\":\"Dom\u016f\",\"item\":\"https:\\\/\\\/www.abpartners.cz\\\/\"},{\"@type\":\"ListItem\",\"position\":2,\"name\":\"LegalShop\",\"item\":\"https:\\\/\\\/www.abpartners.cz\\\/legalshop\\\/\"},{\"@type\":\"ListItem\",\"position\":3,\"name\":\"Porada s advok\u00e1tem (pr\u00e1vn\u00ed slu\u017eba) &#8211; 60 minut telefon \u010di online\"}]},{\"@type\":\"WebSite\",\"@id\":\"https:\\\/\\\/www.abpartners.cz\\\/#website\",\"url\":\"https:\\\/\\\/www.abpartners.cz\\\/\",\"name\":\"AB PARTNERS advok\u00e1ti\",\"description\":\"AB PARTNERS advok\u00e1ti\",\"publisher\":{\"@id\":\"https:\\\/\\\/www.abpartners.cz\\\/#organization\"},\"potentialAction\":[{\"@type\":\"SearchAction\",\"target\":{\"@type\":\"EntryPoint\",\"urlTemplate\":\"https:\\\/\\\/www.abpartners.cz\\\/?s={search_term_string}\"},\"query-input\":{\"@type\":\"PropertyValueSpecification\",\"valueRequired\":true,\"valueName\":\"search_term_string\"}}],\"inLanguage\":\"de\"},{\"@type\":\"Organization\",\"@id\":\"https:\\\/\\\/www.abpartners.cz\\\/#organization\",\"name\":\"AB PARTNERS advok\u00e1ti\",\"url\":\"https:\\\/\\\/www.abpartners.cz\\\/\",\"logo\":{\"@type\":\"ImageObject\",\"inLanguage\":\"de\",\"@id\":\"https:\\\/\\\/www.abpartners.cz\\\/#\\\/schema\\\/logo\\\/image\\\/\",\"url\":\"https:\\\/\\\/www.abpartners.cz\\\/wp-content\\\/uploads\\\/2021\\\/01\\\/abpartners_regular_rgb_dark.png\",\"contentUrl\":\"https:\\\/\\\/www.abpartners.cz\\\/wp-content\\\/uploads\\\/2021\\\/01\\\/abpartners_regular_rgb_dark.png\",\"width\":1240,\"height\":236,\"caption\":\"AB PARTNERS advok\u00e1ti\"},\"image\":{\"@id\":\"https:\\\/\\\/www.abpartners.cz\\\/#\\\/schema\\\/logo\\\/image\\\/\"},\"sameAs\":[\"https:\\\/\\\/www.facebook.com\\\/abpartners.cz\\\/\",\"https:\\\/\\\/x.com\\\/ABPartners_cz\",\"https:\\\/\\\/www.linkedin.com\\\/company\\\/abpartners\\\/\",\"https:\\\/\\\/www.instagram.com\\\/abpartners.cz\\\/\"]}]}<\/script>\n<meta property=\"product:price:amount\" content=\"2790\" \/>\n<meta property=\"product:price:currency\" content=\"CZK\" \/>\n<meta property=\"og:availability\" content=\"instock\" \/>\n<meta property=\"product:availability\" content=\"instock\" \/>\n<meta property=\"product:retailer_item_id\" content=\"203005\" \/>\n<meta property=\"product:condition\" content=\"new\" \/>\n<!-- \/ Yoast SEO plugin. -->","yoast_head_json":{"title":"Porada s advok\u00e1tem (pr\u00e1vn\u00ed slu\u017eba) - 60 minut telefon \u010di online - LegalShop - AB PARTNERS advok\u00e1ti","robots":{"index":"index","follow":"follow","max-snippet":"max-snippet:-1","max-image-preview":"max-image-preview:large","max-video-preview":"max-video-preview:-1"},"canonical":"https:\/\/www.abpartners.cz\/de\/legalshop\/porada-s-advokatem-60-minut\/","og_locale":"de_DE","og_type":"article","og_title":"Porada s advok\u00e1tem (pr\u00e1vn\u00ed slu\u017eba) - 60 minut telefon \u010di online - LegalShop - AB PARTNERS advok\u00e1ti","og_description":"Pot\u0159ebujete poradit, ale nem\u00e1te \u010das se osobn\u011b sch\u00e1zet nebo m\u00e1te obavu, kolik zaplat\u00edte za poradu s advok\u00e1tem? Telefonick\u00e1 porada s advok\u00e1tem je \u0159e\u0161en\u00edm pro V\u00e1s. P\u0159edem v\u00edte, kolik za slu\u017ebu zaplat\u00edte a jak dlouho se V\u00e1m budeme v\u011bnovat od V\u00e1mi zvolen\u00e9ho term\u00ednu. Oproti osobn\u00edm konzultac\u00edm poskytujeme cenov\u011b zv\u00fdhodn\u011bn\u00e9 varianty a [...]","og_url":"https:\/\/www.abpartners.cz\/de\/legalshop\/porada-s-advokatem-60-minut\/","og_site_name":"AB PARTNERS advok\u00e1ti","article_publisher":"https:\/\/www.facebook.com\/abpartners.cz\/","article_modified_time":"2023-09-11T09:54:51+00:00","og_image":[{"width":520,"height":520,"url":"https:\/\/www.abpartners.cz\/wp-content\/uploads\/2021\/01\/ikona_konzultace.png","type":"image\/png"}],"twitter_card":"summary_large_image","twitter_site":"@ABPartners_cz","twitter_misc":{"Price":"2.790&nbsp;&#75;&#269; v\u010detn\u011b DPH","Availability":"In stock"},"schema":{"@context":"https:\/\/schema.org","@graph":[{"@type":"WebPage","@id":"https:\/\/www.abpartners.cz\/legalshop\/porada-s-advokatem-60-minut\/","url":"https:\/\/www.abpartners.cz\/legalshop\/porada-s-advokatem-60-minut\/","name":"Porada s advok\u00e1tem (pr\u00e1vn\u00ed slu\u017eba) - 60 minut telefon \u010di online - LegalShop - AB PARTNERS advok\u00e1ti","isPartOf":{"@id":"https:\/\/www.abpartners.cz\/#website"},"primaryImageOfPage":{"@id":"https:\/\/www.abpartners.cz\/legalshop\/porada-s-advokatem-60-minut\/#primaryimage"},"image":{"@id":"https:\/\/www.abpartners.cz\/legalshop\/porada-s-advokatem-60-minut\/#primaryimage"},"thumbnailUrl":"https:\/\/www.abpartners.cz\/wp-content\/uploads\/2021\/01\/ikona_konzultace.png","datePublished":"2021-01-19T19:53:31+00:00","dateModified":"2023-09-11T09:54:51+00:00","breadcrumb":{"@id":"https:\/\/www.abpartners.cz\/legalshop\/porada-s-advokatem-60-minut\/#breadcrumb"},"inLanguage":"de","potentialAction":[{"@type":"ReadAction","target":["https:\/\/www.abpartners.cz\/legalshop\/porada-s-advokatem-60-minut\/"]}]},{"@type":"ImageObject","inLanguage":"de","@id":"https:\/\/www.abpartners.cz\/legalshop\/porada-s-advokatem-60-minut\/#primaryimage","url":"https:\/\/www.abpartners.cz\/wp-content\/uploads\/2021\/01\/ikona_konzultace.png","contentUrl":"https:\/\/www.abpartners.cz\/wp-content\/uploads\/2021\/01\/ikona_konzultace.png","width":520,"height":520},{"@type":"BreadcrumbList","@id":"https:\/\/www.abpartners.cz\/legalshop\/porada-s-advokatem-60-minut\/#breadcrumb","itemListElement":[{"@type":"ListItem","position":1,"name":"Dom\u016f","item":"https:\/\/www.abpartners.cz\/"},{"@type":"ListItem","position":2,"name":"LegalShop","item":"https:\/\/www.abpartners.cz\/legalshop\/"},{"@type":"ListItem","position":3,"name":"Porada s advok\u00e1tem (pr\u00e1vn\u00ed slu\u017eba) &#8211; 60 minut telefon \u010di online"}]},{"@type":"WebSite","@id":"https:\/\/www.abpartners.cz\/#website","url":"https:\/\/www.abpartners.cz\/","name":"AB PARTNERS Rechtsanw\u00e4lte","description":"AB PARTNERS Rechtsanw\u00e4lte","publisher":{"@id":"https:\/\/www.abpartners.cz\/#organization"},"potentialAction":[{"@type":"SearchAction","target":{"@type":"EntryPoint","urlTemplate":"https:\/\/www.abpartners.cz\/?s={search_term_string}"},"query-input":{"@type":"PropertyValueSpecification","valueRequired":true,"valueName":"search_term_string"}}],"inLanguage":"de"},{"@type":"Organization","@id":"https:\/\/www.abpartners.cz\/#organization","name":"AB PARTNERS Rechtsanw\u00e4lte","url":"https:\/\/www.abpartners.cz\/","logo":{"@type":"ImageObject","inLanguage":"de","@id":"https:\/\/www.abpartners.cz\/#\/schema\/logo\/image\/","url":"https:\/\/www.abpartners.cz\/wp-content\/uploads\/2021\/01\/abpartners_regular_rgb_dark.png","contentUrl":"https:\/\/www.abpartners.cz\/wp-content\/uploads\/2021\/01\/abpartners_regular_rgb_dark.png","width":1240,"height":236,"caption":"AB PARTNERS advok\u00e1ti"},"image":{"@id":"https:\/\/www.abpartners.cz\/#\/schema\/logo\/image\/"},"sameAs":["https:\/\/www.facebook.com\/abpartners.cz\/","https:\/\/x.com\/ABPartners_cz","https:\/\/www.linkedin.com\/company\/abpartners\/","https:\/\/www.instagram.com\/abpartners.cz\/"]}]},"product_price_amount":"2790","product_price_currency":"CZK","og_availability":"instock","product_availability":"instock","product_retailer_item_id":"203005","product_condition":"new"},"_links":{"self":[{"href":"https:\/\/www.abpartners.cz\/de\/wp-json\/wp\/v2\/product\/2493","targetHints":{"allow":["GET"]}}],"collection":[{"href":"https:\/\/www.abpartners.cz\/de\/wp-json\/wp\/v2\/product"}],"about":[{"href":"https:\/\/www.abpartners.cz\/de\/wp-json\/wp\/v2\/types\/product"}],"wp:featuredmedia":[{"embeddable":true,"href":"https:\/\/www.abpartners.cz\/de\/wp-json\/wp\/v2\/media\/2492"}],"wp:attachment":[{"href":"https:\/\/www.abpartners.cz\/de\/wp-json\/wp\/v2\/media?parent=2493"}],"wp:term":[{"taxonomy":"product_brand","embeddable":true,"href":"https:\/\/www.abpartners.cz\/de\/wp-json\/wp\/v2\/product_brand?post=2493"},{"taxonomy":"product_cat","embeddable":true,"href":"https:\/\/www.abpartners.cz\/de\/wp-json\/wp\/v2\/product_cat?post=2493"},{"taxonomy":"product_tag","embeddable":true,"href":"https:\/\/www.abpartners.cz\/de\/wp-json\/wp\/v2\/product_tag?post=2493"}],"curies":[{"name":"wp","href":"https:\/\/api.w.org\/{rel}","templated":true}]}}