{"id":2398,"date":"2021-01-19T19:43:31","date_gmt":"2021-01-19T18:43:31","guid":{"rendered":"https:\/\/www.abpartners.cz\/?page_id=2398"},"modified":"2025-09-29T09:52:14","modified_gmt":"2025-09-29T07:52:14","slug":"gdpr-smlouvy","status":"publish","type":"page","link":"https:\/\/www.abpartners.cz\/de\/gdpr-smlouvy\/","title":{"rendered":"Informace o zpracov\u00e1n\u00ed osobn\u00edch \u00fadaj\u016f"},"content":{"rendered":"<div class=\"fusion-fullwidth fullwidth-box fusion-builder-row-1 fusion-flex-container nonhundred-percent-fullwidth non-hundred-percent-height-scrolling\" style=\"--awb-border-radius-top-left:0px;--awb-border-radius-top-right:0px;--awb-border-radius-bottom-right:0px;--awb-border-radius-bottom-left:0px;--awb-flex-wrap:wrap;\" ><div class=\"fusion-builder-row fusion-row fusion-flex-align-items-center fusion-flex-justify-content-center fusion-flex-content-wrap\" style=\"max-width:1248px;margin-left: calc(-4% \/ 2 );margin-right: calc(-4% \/ 2 );\"><div class=\"fusion-layout-column fusion_builder_column fusion-builder-column-0 fusion_builder_column_1_1 1_1 fusion-flex-column\" style=\"--awb-bg-blend:overlay;--awb-bg-size:cover;--awb-width-large:100%;--awb-margin-top-large:0px;--awb-spacing-right-large:1.92%;--awb-margin-bottom-large:0px;--awb-spacing-left-large:1.92%;--awb-width-medium:100%;--awb-spacing-right-medium:1.92%;--awb-spacing-left-medium:1.92%;--awb-width-small:100%;--awb-spacing-right-small:1.92%;--awb-spacing-left-small:1.92%;\"><div class=\"fusion-column-wrapper fusion-flex-justify-content-flex-start fusion-content-layout-column\"><div class=\"fusion-text fusion-text-1\"><p><p>Dovolujeme si V\u00e1s stru\u010dn\u011b informovat o zpracov\u00e1n\u00ed Va\u0161ich osobn\u00edch \u00fadaj\u016f. Tato informace se net\u00fdk\u00e1 pr\u00e1vnick\u00fdch osob, v\u010detn\u011b n\u00e1zvu, pr\u00e1vn\u00ed formy a kontaktn\u00edch \u00fadaj\u016f pr\u00e1vnick\u00e9 osoby.<\/p>\n<h5><strong> 1. Kdo je spr\u00e1vcem Va\u0161ich osobn\u00edch \u00fadaj\u016f? <\/strong><\/h5>\n<p>Spr\u00e1vcem Va\u0161ich osobn\u00edch \u00fadaj\u016f je spole\u010dnost AB PARTNERS advok\u00e1tn\u00ed kancel\u00e1\u0159 s.r.o., I\u010cO: 07673418, se s\u00eddlem Ot\u00fdlie Ben\u00ed\u0161kov\u00e9 1664\/14, 301 00 Plze\u0148.<\/p>\n<h5><strong>2. V jak\u00fdch situac\u00edch budeme Va\u0161e \u00fadaje zpracov\u00e1va<\/strong><\/h5>\n<p><strong>A. Kdy zpracov\u00e1v\u00e1me \u00fadaje s Va\u0161\u00edm souhlasem? <\/strong><\/p>\n<p>O ud\u011blen\u00ed souhlasu V\u00e1s po\u017e\u00e1d\u00e1me, jestli\u017ee nejste na\u0161\u00edm z\u00e1kazn\u00edkem ani s V\u00e1mi nem\u00e1me jin\u00fd obdobn\u00fd vztah vyhovuj\u00edc\u00ed po\u017eadavk\u016fm recit\u00e1lu 47 na\u0159\u00edzen\u00ed GDPR a chcete od n\u00e1s dost\u00e1vat marketingov\u00e9 nab\u00eddky.<\/p>\n<p><strong>B. Kdy zpracov\u00e1v\u00e1me \u00fadaje bez Va\u0161eho souhlasu? <\/strong><\/p>\n<p>Bez Va\u0161eho souhlasu m\u016f\u017eeme zpracov\u00e1vat Va\u0161e osobn\u00ed \u00fadaje na z\u00e1klad\u011b n\u00e1sleduj\u00edc\u00edch pr\u00e1vn\u00edch titul\u016f a pro n\u00e1sleduj\u00edc\u00ed \u00fa\u010dely:<\/p>\n<p><strong>a) Pr\u00e1vn\u00ed titul: Pln\u011bn\u00ed smlouvy nebo proveden\u00ed opat\u0159en\u00ed p\u0159ijat\u00fdch p\u0159ed uzav\u0159en\u00edm smlouvy proveden\u00fdch na va\u0161i \u017e\u00e1dost:<\/strong><\/p>\n<p>\u00da\u010del:<\/p>\n<ul>\n<li>realizace smluvn\u00edho z\u00e1vazku v\u010detn\u011b souvisej\u00edc\u00ed obchodn\u00ed a finan\u010dn\u00ed komunikace.<\/li>\n<\/ul>\n<p><strong>b) Pr\u00e1vn\u00ed titul: Ochrana pr\u00e1v a pr\u00e1vem chr\u00e1n\u011bn\u00fdch z\u00e1jm\u016f Spr\u00e1vce<\/strong><\/p>\n<p>\u00da\u010del:<\/p>\n<ul>\n<li>pro vym\u00e1h\u00e1n\u00ed dlu\u017en\u00fdch \u010d\u00e1stek za poskytnut\u00e9 slu\u017eby nebo jin\u00fdch pohled\u00e1vek Spr\u00e1vce;<\/li>\n<li>ochrany a vym\u00e1h\u00e1n\u00ed dal\u0161\u00edch pr\u00e1v a opr\u00e1vn\u011bn\u00fdch z\u00e1jm\u016f Spr\u00e1vce;<\/li>\n<li>ve vybran\u00fdch p\u0159\u00edpadech posouzen\u00ed Va\u0161\u00ed bonity a d\u016fv\u011bryhodnosti;<\/li>\n<li>kamerov\u00fd syst\u00e9m se z\u00e1znamem za \u00fa\u010delem ochrany majetku Spr\u00e1vce;<\/li>\n<li>identifikace n\u00e1v\u0161t\u011bvn\u00edk\u016f objekt\u016f Spr\u00e1vce z d\u016fvodu ochrany majetku Spr\u00e1vce;<\/li>\n<li>p\u0159\u00edm\u00fd marketing sm\u011b\u0159ovan\u00fd v\u00fdhradn\u011b v\u016f\u010di na\u0161im klient\u016fm a osob\u00e1m spl\u0148uj\u00edc\u00edm po\u017eadavky dle recit\u00e1lu 47 na\u0159\u00edzen\u00ed GDPR spo\u010d\u00edvaj\u00edc\u00ed v nab\u00eddce produkt\u016f a slu\u017eeb poskytovan\u00fdch Spr\u00e1vcem.<\/li>\n<\/ul>\n<p><strong>c) Pr\u00e1vn\u00ed titul: Pln\u011bn\u00ed pr\u00e1vn\u00ed povinnosti vypl\u00fdvaj\u00edc\u00ed ze z\u00e1kona<\/strong><\/p>\n<p>\u00da\u010del:<\/p>\n<ul>\n<li>poskytov\u00e1n\u00ed sou\u010dinnosti st\u00e1tn\u00edm org\u00e1n\u016fm na z\u00e1klad\u011b z\u00e1kona a v jeho mez\u00edch, v\u010detn\u011b uchov\u00e1v\u00e1n\u00ed \u00fadaj\u016f na z\u00e1klad\u011b z\u00e1kona;<\/li>\n<li>veden\u00ed \u00fa\u010detnictv\u00ed;<\/li>\n<li>pln\u011bn\u00ed dal\u0161\u00edch z\u00e1konem ulo\u017een\u00fdch povinnost\u00ed (archiva\u010dn\u00ed povinnosti, povinnosti dle AML, evidence \u00fadaj\u016f v souvislosti s ov\u011b\u0159en\u00edm pravosti podpisu).<\/li>\n<\/ul>\n<h5><strong>3. Jak\u00e9 osobn\u00ed \u00fadaje o V\u00e1s zpracov\u00e1v\u00e1me? <\/strong><\/h5>\n<p>Zpracov\u00e1v\u00e1me n\u00e1sleduj\u00edc\u00ed osobn\u00ed \u00fadaje:<\/p>\n<ul>\n<li>Va\u0161e identifika\u010dn\u00ed a kontaktn\u00ed \u00fadaje;<\/li>\n<li>\u00fadaje o produktech a slu\u017eb\u00e1ch, kter\u00e9 jste zakoupili \u010di objednali u n\u00e1s, p\u0159\u00edp. o produktech a slu\u017eb\u00e1ch, kter\u00e9 n\u00e1m poskytujete;<\/li>\n<li>\u00fadaje z na\u0161\u00ed vz\u00e1jemn\u00e9 komunikace (a\u0165 u\u017e prob\u00edhala osobn\u011b, p\u00edsemn\u011b, telefonicky \u010di jinak);<\/li>\n<li>platebn\u00ed \u00fadaje (nap\u0159. \u00fadaj o zaplacen\u00e9 nebo dlu\u017en\u00e9 \u010d\u00e1stce, \u010d\u00edslo bankovn\u00edho \u00fa\u010dtu apod.);<\/li>\n<li>pouze ve vybran\u00fdch p\u0159\u00edpadech \u00fadaje o Va\u0161\u00ed bonit\u011b a d\u016fv\u011bryhodnosti.<\/li>\n<\/ul>\n<h5><strong> 4. Z jak\u00fdch zdroj\u016f tyto informace poch\u00e1zej\u00ed? <\/strong><\/h5>\n<p>Va\u0161e osobn\u00ed \u00fadaje zpracov\u00e1van\u00e9 Spr\u00e1vcem pro \u00fa\u010dely popsan\u00e9 bodu 2 t\u00e9to informace poch\u00e1zej\u00ed z n\u00e1sleduj\u00edc\u00edch zdroj\u016f:<\/p>\n<ul>\n<li>\u00fadaje jste n\u00e1m poskytl\/a Vy, nap\u0159. v souvislosti s uzav\u0159en\u00edm smlouvy nebo jste n\u00e1m je sd\u011blil\/a v pr\u016fb\u011bhu na\u0161\u00ed spolupr\u00e1ce;<\/li>\n<li>zpracov\u00e1v\u00e1me tak\u00e9 \u00fadaje z\u00edskan\u00e9 z ve\u0159ejn\u00fdch zdroj\u016f, seznam\u016f a evidenc\u00ed jako jsou nap\u0159. obchodn\u00ed rejst\u0159\u00edk, \u017eivnostensk\u00fd rejst\u0159\u00edk, insolven\u010dn\u00ed rejst\u0159\u00edk, katastr nemovitost\u00ed, obchodn\u00ed v\u011bstn\u00edk, centr\u00e1ln\u00ed evidence exekuc\u00ed apod.<\/li>\n<\/ul>\n<h5><strong>5. Kdo je p\u0159\u00edjemcem osobn\u00edch \u00fadaj\u016f<\/strong><\/h5>\n<p>Va\u0161e osobn\u00ed \u00fadaje p\u0159ed\u00e1v\u00e1me v od\u016fvodn\u011bn\u00fdch p\u0159\u00edpadech a pouze v nezbytn\u00e9m rozsahu t\u011bmto kategori\u00edm p\u0159\u00edjemc\u016f:<\/p>\n<ul>\n<li>na\u0161im smluvn\u00edm partner\u016fm, kter\u00e9 pot\u0159ebujeme pro na\u0161e b\u011b\u017en\u00e9 fungov\u00e1n\u00ed a realizaci smluvn\u00edho vztahu s V\u00e1mi, nap\u0159. dodavatel\u016fm informa\u010dn\u00edch technologi\u00ed, poskytovatel\u016fm kur\u00fdrn\u00edch nebo po\u0161tovn\u00edch slu\u017eeb, da\u0148ov\u00fdm a \u00fa\u010detn\u00edm poradc\u016fm;<\/li>\n<li>jin\u00fdm subjekt\u016fm v p\u0159\u00edpadech, kdy n\u00e1m poskytnut\u00ed Va\u0161ich \u00fadaj\u016f ukl\u00e1daj\u00ed pr\u00e1vn\u00ed p\u0159edpisy (nejsou-li chran\u011bny povinnost\u00ed ml\u010denlivosti advok\u00e1ta), nebo pokud je to nutn\u00e9 pro ochranu na\u0161ich opr\u00e1vn\u011bn\u00fdch z\u00e1jm\u016f.<\/li>\n<\/ul>\n<h5><strong>6. Jak\u00e1 m\u00e1te pr\u00e1va p\u0159i zpracov\u00e1n\u00ed Va\u0161ich osobn\u00edch \u00fadaj\u016f?<\/strong><\/h5>\n<p>Pokud jde o Va\u0161e osobn\u00ed \u00fadaje, m\u00e1te n\u00e1sleduj\u00edc\u00ed pr\u00e1va:<\/p>\n<p><strong>Pr\u00e1vo na p\u0159\u00edstup<\/strong> \u2013 m\u016f\u017eete Spr\u00e1vce po\u017e\u00e1dat o p\u0159\u00edstup k osobn\u00edm \u00fadaj\u016fm, kter\u00e9 o V\u00e1s zpracov\u00e1v\u00e1me. Spr\u00e1vce poskytne i kopii zpracov\u00e1van\u00fdch osobn\u00edch \u00fadaj\u016f.<\/p>\n<p><strong>Pr\u00e1vo na opravu<\/strong> \u2013 m\u016f\u017eete Spr\u00e1vce po\u017e\u00e1dat o opravu nep\u0159esn\u00fdch nebo nekompletn\u00edch osobn\u00edch \u00fadaj\u016f, kter\u00e9 o V\u00e1s zpracov\u00e1v\u00e1me.<\/p>\n<p><strong>Pr\u00e1vo na v\u00fdmaz<\/strong> &#8211; m\u016f\u017eete Spr\u00e1vce po\u017e\u00e1dat, aby vymazal Va\u0161e osobn\u00ed \u00fadaje, pokud dojde k n\u011bkter\u00e9 z n\u00e1sleduj\u00edc\u00edch situac\u00ed:<\/p>\n<ol>\n<li>osobn\u00ed \u00fadaje ji\u017e nejsou pot\u0159ebn\u00e9 pro \u00fa\u010dely, pro kter\u00e9 byly shrom\u00e1\u017ed\u011bny nebo jinak zpracov\u00e1ny;<\/li>\n<li>odvolal jste souhlas, na jeho\u017e z\u00e1klad\u011b byly Va\u0161e osobn\u00ed \u00fadaje zpracov\u00e1ny, a neexistuje \u017e\u00e1dn\u00fd dal\u0161\u00ed pr\u00e1vn\u00ed d\u016fvod pro jejich zpracov\u00e1n\u00ed;<\/li>\n<li>vznesl\/a jste n\u00e1mitku proti tomu b\u00fdt p\u0159edm\u011btem rozhodov\u00e1n\u00ed zalo\u017een\u00e9ho na automatizovan\u00e9m zpracov\u00e1n\u00ed Va\u0161ich osobn\u00edch \u00fadaj\u016f a neexistuj\u00ed \u017e\u00e1dn\u00e9 p\u0159eva\u017euj\u00edc\u00ed opr\u00e1vn\u011bn\u00e9 d\u016fvody pro jejich takov\u00e9to zpracov\u00e1n\u00ed nebo jste vznesl n\u00e1mitky proti zpracov\u00e1n\u00ed Va\u0161ich osobn\u00edch \u00fadaj\u016f pro \u00fa\u010dely p\u0159\u00edm\u00e9ho marketingu;<\/li>\n<li>Va\u0161e osobn\u00ed \u00fadaje byly zpracov\u00e1ny protipr\u00e1vn\u011b;<\/li>\n<li>Va\u0161e osobn\u00ed \u00fadaje mus\u00ed b\u00fdt vymaz\u00e1ny ke spln\u011bn\u00ed pr\u00e1vn\u00ed povinnosti stanoven\u00e9 v pr\u00e1vu Unie nebo \u010dlensk\u00e9ho st\u00e1tu, kter\u00e9 se na spr\u00e1vce vztahuje;<\/li>\n<li>Va\u0161e osobn\u00ed \u00fadaje byly shrom\u00e1\u017ed\u011bny v souvislosti s nab\u00eddkou slu\u017eeb informa\u010dn\u00ed spole\u010dnosti.<\/li>\n<\/ol>\n<p><strong>Pr\u00e1vo na omezen\u00ed zpracov\u00e1n\u00ed<\/strong> &#8211; m\u016f\u017eete Spr\u00e1vce po\u017e\u00e1dat, aby omezil zpracov\u00e1n\u00ed Va\u0161ich osobn\u00edch \u00fadaj\u016f, pokud dojde k n\u011bkter\u00e9 z n\u00e1sleduj\u00edc\u00edch situac\u00ed:<\/p>\n<ol>\n<li>pop\u0159el\/a jste p\u0159esnost osobn\u00edch \u00fadaj\u016f, a to na dobu pot\u0159ebnou k tomu, Spr\u00e1vce mohl p\u0159esnost osobn\u00edch \u00fadaj\u016f ov\u011b\u0159it;<\/li>\n<li>zpracov\u00e1n\u00ed Va\u0161ich osobn\u00edch \u00fadaj\u016f je protipr\u00e1vn\u00ed, ale odm\u00edt\u00e1te v\u00fdmaz t\u011bchto \u00fadaj\u016f a m\u00edsto toho \u017e\u00e1d\u00e1te o omezen\u00ed jejich pou\u017eit\u00ed;<\/li>\n<li>Spr\u00e1vce ji\u017e osobn\u00ed \u00fadaje nepot\u0159ebuje pro \u00fa\u010dely zpracov\u00e1n\u00ed, ale Vy je po\u017eadujete pro ur\u010den\u00ed, v\u00fdkon nebo obhajobu pr\u00e1vn\u00edch n\u00e1rok\u016f;<\/li>\n<li>vznesl\/a jste n\u00e1mitku proti zpracov\u00e1n\u00ed Va\u0161ich osobn\u00edch \u00fadaj\u016f podle \u010dl. 21 odst. 1 Na\u0159\u00edzen\u00ed, dokud nebude ov\u011b\u0159eno, zda opr\u00e1vn\u011bn\u00e9 d\u016fvody Spr\u00e1vce p\u0159eva\u017euj\u00ed nad Va\u0161imi opr\u00e1vn\u011bn\u00fdmi d\u016fvody<\/li>\n<\/ol>\n<p><strong>Pr\u00e1vo na p\u0159enositelnost \u00fadaj\u016f<\/strong> \u2013 v p\u0159\u00edpadech p\u0159edpokl\u00e1dan\u00fdch na\u0159\u00edzen\u00edm GPDR m\u00e1te pr\u00e1vo z\u00edskat osobn\u00ed \u00fadaje, kter\u00e9 se V\u00e1s t\u00fdkaj\u00ed, a kter\u00e9 jste poskytl Spr\u00e1vci., ve strukturovan\u00e9m, b\u011b\u017en\u011b pou\u017e\u00edvan\u00e9m a strojov\u011b \u010diteln\u00e9m form\u00e1tu s t\u00edm, \u017ee t\u00edmto pr\u00e1vem nesm\u00ed b\u00fdt nep\u0159\u00edzniv\u011b dot\u010dena pr\u00e1va a svobody jin\u00fdch osob.<\/p>\n<p><strong>Pr\u00e1vo na odvol\u00e1n\u00ed souhlasu<\/strong> \u2013 pokud je zpracov\u00e1n\u00ed Va\u0161ich osobn\u00edch \u00fadaj\u016f zalo\u017eeno na souhlasu, m\u00e1te pr\u00e1vo V\u00e1\u0161 souhlas se zpracov\u00e1n\u00edm osobn\u00edch \u00fadaj\u016f pro \u00fa\u010del, pro kter\u00fd jste dal souhlas, kdykoliv odvolat.<\/p>\n<p><strong>Pr\u00e1vo vzn\u00e9st n\u00e1mitku<\/strong> \u2013 m\u016f\u017eete kdykoliv vzn\u00e9st n\u00e1mitku proti zpracov\u00e1n\u00ed Va\u0161ich osobn\u00edch \u00fadaj\u016f u Spr\u00e1vce pro \u00fa\u010dely p\u0159\u00edm\u00e9ho marketingu prov\u00e1d\u011bn\u00e9ho na z\u00e1klad\u011b opr\u00e1vn\u011bn\u00e9ho z\u00e1jmu Spr\u00e1vce.<\/p>\n<p><strong>Pr\u00e1vo podat st\u00ed\u017enost<\/strong> \u2013 m\u00e1te pr\u00e1vo podat st\u00ed\u017enost u dozorov\u00e9ho org\u00e1nu, kter\u00fdm je \u00da\u0159ad na ochranu osobn\u00edch \u00fadaj\u016f, Pplk. Sochora 27, 170 00 Praha 7, <a href=\"http:\/\/www.uoou.cz\">www.uoou.cz<\/a>.<\/p>\n<h5><strong>7. Je V\u00e1\u0161 souhlas se zpracov\u00e1n\u00edm osobn\u00edch \u00fadaj\u016f dobrovoln\u00fd nebo povinn\u00fd? <\/strong><\/h5>\n<p>O ud\u011blen\u00ed Va\u0161eho souhlasu V\u00e1s po\u017e\u00e1d\u00e1me, jestli\u017ee nejste na\u0161\u00edm z\u00e1kazn\u00edkem ani s V\u00e1mi nem\u00e1me jin\u00fd obdobn\u00fd vztah vyhovuj\u00edc\u00ed po\u017eadavk\u016fm recit\u00e1lu 47 na\u0159\u00edzen\u00ed GDPR a chcete od n\u00e1s dost\u00e1vat marketingov\u00e9 nab\u00eddky. Ud\u011blen\u00ed tohoto souhlasu je zcela dobrovoln\u00e9. Ud\u011blen\u00ed tohoto souhlasu nen\u00ed podm\u00ednkou pro z\u00edsk\u00e1n\u00ed \u017e\u00e1dn\u00e9ho produktu nebo slu\u017eby na\u0161\u00ed spole\u010dnosti.<\/p>\n<h5><strong>8. Lze ud\u011blen\u00fd souhlas se zpracov\u00e1n\u00edm osobn\u00edch \u00fadaj\u016f odvolat? <\/strong><\/h5>\n<p>Souhlas ud\u011blen\u00fd pro marketingov\u00e9 \u00fa\u010dely m\u016f\u017eete odvolat kdykoliv.<\/p>\n<h5><strong>9. Jak m\u016f\u017eete souhlas se zpracov\u00e1n\u00edm osobn\u00edch \u00fadaj\u016f odvolat? <\/strong><\/h5>\n<p>Sv\u016fj souhlas se zpracov\u00e1n\u00edm Va\u0161ich osobn\u00edch \u00fadaj\u016f m\u016f\u017eete odvolat p\u00edsemn\u00fdm vyj\u00e1d\u0159en\u00edm zaslan\u00fdm na adresu na\u0161\u00ed Spole\u010dnosti (viz kontaktn\u00ed str\u00e1nka), p\u0159\u00edp. na na\u0161eho pov\u011b\u0159ence pro ochranu osobn\u00edch \u00fadaj\u016f (viz n\u00ed\u017ee).<\/p>\n<h5><strong>10. Jak se m\u016f\u017eete br\u00e1nit proti p\u0159\u00edm\u00e9mu marketingu prov\u00e1d\u011bn\u00e9m bez Va\u0161eho souhlasu? <\/strong><\/h5>\n<p>M\u00e1te pr\u00e1vo kdykoli bezplatn\u011b vzn\u00e9st n\u00e1mitku proti takov\u00e9mu zpracov\u00e1n\u00ed Va\u0161ich osobn\u00edch \u00fadaj\u016f a \u017e\u00e1dat ukon\u010den\u00ed takov\u00e9ho zpracov\u00e1n\u00ed.<\/p>\n<p><b style=\"font-size: 22px; line-height: 30.6px; color: #14253f;\" data-fusion-font=\"true\">11. Kontaktn\u00ed \u00fadaje pov\u011b\u0159ence pro ochranu osobn\u00edch \u00fadaj\u016f<\/b><\/p>\n<p><span style=\"font-size: 16px; line-height: 28.8px;\">S jakoukoli \u017e\u00e1dost\u00ed \u010di ot\u00e1zkou <\/span><span style=\"font-size: 16px; line-height: 28.8px;\">ohledn\u011b <\/span><span style=\"font-size: 16px; line-height: 28.8px;\">zpracov\u00e1n\u00ed a ochrany osobn\u00edch \u00fadaj\u016f se m\u016f\u017eete obr\u00e1tit na pov\u011b\u0159ence pro ochranu osobn\u00edch \u00fadaj\u016f, jeho\u017e kontaktn\u00ed \u00fadaje jsou:<\/span><\/p>\n<p><span style=\"font-size: 16px; line-height: 28.8px;\"><b>Mgr. Jan Ambro\u017e<\/b>, kontaktn\u00ed adresa Ot\u00fdlie Ben\u00ed\u0161kov\u00e9 14, 301 00 Plze\u0148, email: <a href=\"mailto:gdpr@abpartners.cz\">gdpr@abpartners.cz<\/a>, tel. +420 730 688 240.<br \/><\/span><\/p>\n<h5><strong><span style=\"font-size: 22px;\" data-fusion-font=\"true\">12. Dal\u0161\u00ed info<span style=\"color: #14253f;\">r<\/span>mace o zpracov\u00e1n\u00ed osobn\u00edch \u00fadaj\u016f<\/span><br \/><\/strong><\/h5>\n<p>Dal\u0161\u00ed podrobn\u00e9 informace o zpracov\u00e1n\u00ed Va\u0161ich osobn\u00edch \u00fadaj\u016f naleznete v na\u0161\u00ed sm\u011brnici Ochrany osobn\u00edch \u00fadaj\u016f dostupn\u00e9 na <a href=\"https:\/\/www.abpartners.cz\/de\/gdpr\/\">https:\/\/www.abpartners.cz\/gdpr<\/a>.<\/p>\n<\/div><\/div><\/div><\/div><\/div><\/p>","protected":false},"excerpt":{"rendered":"","protected":false},"author":1,"featured_media":0,"parent":0,"menu_order":0,"comment_status":"closed","ping_status":"closed","template":"","meta":{"_acf_changed":false,"rs_blank_template":"","rs_page_bg_color":"","slide_template_v7":"","footnotes":""},"class_list":["post-2398","page","type-page","status-publish","hentry"],"acf":[],"yoast_head":"<!-- This site is optimized with the Yoast SEO plugin v27.4 - https:\/\/yoast.com\/product\/yoast-seo-wordpress\/ -->\n<title>Informace o zpracov\u00e1n\u00ed osobn\u00edch \u00fadaj\u016f - AB PARTNERS advok\u00e1ti<\/title>\n<meta name=\"robots\" content=\"index, follow, max-snippet:-1, max-image-preview:large, max-video-preview:-1\" \/>\n<link rel=\"canonical\" href=\"https:\/\/www.abpartners.cz\/de\/gdpr-smlouvy\/\" \/>\n<meta property=\"og:locale\" content=\"de_DE\" \/>\n<meta property=\"og:type\" content=\"article\" \/>\n<meta property=\"og:title\" content=\"Informace o zpracov\u00e1n\u00ed osobn\u00edch \u00fadaj\u016f - AB PARTNERS advok\u00e1ti\" \/>\n<meta property=\"og:url\" content=\"https:\/\/www.abpartners.cz\/de\/gdpr-smlouvy\/\" \/>\n<meta property=\"og:site_name\" content=\"AB PARTNERS advok\u00e1ti\" \/>\n<meta property=\"article:publisher\" content=\"https:\/\/www.facebook.com\/abpartners.cz\/\" \/>\n<meta property=\"article:modified_time\" content=\"2025-09-29T07:52:14+00:00\" \/>\n<meta name=\"twitter:card\" content=\"summary_large_image\" \/>\n<meta name=\"twitter:site\" content=\"@ABPartners_cz\" \/>\n<meta name=\"twitter:label1\" content=\"Gesch\u00e4tzte Lesezeit\" \/>\n\t<meta name=\"twitter:data1\" content=\"7\u00a0Minuten\" \/>\n<script type=\"application\/ld+json\" class=\"yoast-schema-graph\">{\"@context\":\"https:\\\/\\\/schema.org\",\"@graph\":[{\"@type\":\"WebPage\",\"@id\":\"https:\\\/\\\/www.abpartners.cz\\\/gdpr-smlouvy\\\/\",\"url\":\"https:\\\/\\\/www.abpartners.cz\\\/gdpr-smlouvy\\\/\",\"name\":\"Informace o zpracov\u00e1n\u00ed osobn\u00edch \u00fadaj\u016f - AB PARTNERS advok\u00e1ti\",\"isPartOf\":{\"@id\":\"https:\\\/\\\/www.abpartners.cz\\\/#website\"},\"datePublished\":\"2021-01-19T18:43:31+00:00\",\"dateModified\":\"2025-09-29T07:52:14+00:00\",\"breadcrumb\":{\"@id\":\"https:\\\/\\\/www.abpartners.cz\\\/gdpr-smlouvy\\\/#breadcrumb\"},\"inLanguage\":\"de\",\"potentialAction\":[{\"@type\":\"ReadAction\",\"target\":[\"https:\\\/\\\/www.abpartners.cz\\\/gdpr-smlouvy\\\/\"]}]},{\"@type\":\"BreadcrumbList\",\"@id\":\"https:\\\/\\\/www.abpartners.cz\\\/gdpr-smlouvy\\\/#breadcrumb\",\"itemListElement\":[{\"@type\":\"ListItem\",\"position\":1,\"name\":\"Dom\u016f\",\"item\":\"https:\\\/\\\/www.abpartners.cz\\\/\"},{\"@type\":\"ListItem\",\"position\":2,\"name\":\"Informace o zpracov\u00e1n\u00ed osobn\u00edch \u00fadaj\u016f\"}]},{\"@type\":\"WebSite\",\"@id\":\"https:\\\/\\\/www.abpartners.cz\\\/#website\",\"url\":\"https:\\\/\\\/www.abpartners.cz\\\/\",\"name\":\"AB PARTNERS advok\u00e1ti\",\"description\":\"AB PARTNERS advok\u00e1ti\",\"publisher\":{\"@id\":\"https:\\\/\\\/www.abpartners.cz\\\/#organization\"},\"potentialAction\":[{\"@type\":\"SearchAction\",\"target\":{\"@type\":\"EntryPoint\",\"urlTemplate\":\"https:\\\/\\\/www.abpartners.cz\\\/?s={search_term_string}\"},\"query-input\":{\"@type\":\"PropertyValueSpecification\",\"valueRequired\":true,\"valueName\":\"search_term_string\"}}],\"inLanguage\":\"de\"},{\"@type\":\"Organization\",\"@id\":\"https:\\\/\\\/www.abpartners.cz\\\/#organization\",\"name\":\"AB PARTNERS advok\u00e1ti\",\"url\":\"https:\\\/\\\/www.abpartners.cz\\\/\",\"logo\":{\"@type\":\"ImageObject\",\"inLanguage\":\"de\",\"@id\":\"https:\\\/\\\/www.abpartners.cz\\\/#\\\/schema\\\/logo\\\/image\\\/\",\"url\":\"https:\\\/\\\/www.abpartners.cz\\\/wp-content\\\/uploads\\\/2021\\\/01\\\/abpartners_regular_rgb_dark.png\",\"contentUrl\":\"https:\\\/\\\/www.abpartners.cz\\\/wp-content\\\/uploads\\\/2021\\\/01\\\/abpartners_regular_rgb_dark.png\",\"width\":1240,\"height\":236,\"caption\":\"AB PARTNERS advok\u00e1ti\"},\"image\":{\"@id\":\"https:\\\/\\\/www.abpartners.cz\\\/#\\\/schema\\\/logo\\\/image\\\/\"},\"sameAs\":[\"https:\\\/\\\/www.facebook.com\\\/abpartners.cz\\\/\",\"https:\\\/\\\/x.com\\\/ABPartners_cz\",\"https:\\\/\\\/www.linkedin.com\\\/company\\\/abpartners\\\/\",\"https:\\\/\\\/www.instagram.com\\\/abpartners.cz\\\/\"]}]}<\/script>\n<!-- \/ Yoast SEO plugin. -->","yoast_head_json":{"title":"Informace o zpracov\u00e1n\u00ed osobn\u00edch \u00fadaj\u016f - AB PARTNERS advok\u00e1ti","robots":{"index":"index","follow":"follow","max-snippet":"max-snippet:-1","max-image-preview":"max-image-preview:large","max-video-preview":"max-video-preview:-1"},"canonical":"https:\/\/www.abpartners.cz\/de\/gdpr-smlouvy\/","og_locale":"de_DE","og_type":"article","og_title":"Informace o zpracov\u00e1n\u00ed osobn\u00edch \u00fadaj\u016f - AB PARTNERS advok\u00e1ti","og_url":"https:\/\/www.abpartners.cz\/de\/gdpr-smlouvy\/","og_site_name":"AB PARTNERS advok\u00e1ti","article_publisher":"https:\/\/www.facebook.com\/abpartners.cz\/","article_modified_time":"2025-09-29T07:52:14+00:00","twitter_card":"summary_large_image","twitter_site":"@ABPartners_cz","twitter_misc":{"Gesch\u00e4tzte Lesezeit":"7\u00a0Minuten"},"schema":{"@context":"https:\/\/schema.org","@graph":[{"@type":"WebPage","@id":"https:\/\/www.abpartners.cz\/gdpr-smlouvy\/","url":"https:\/\/www.abpartners.cz\/gdpr-smlouvy\/","name":"Informace o zpracov\u00e1n\u00ed osobn\u00edch \u00fadaj\u016f - AB PARTNERS advok\u00e1ti","isPartOf":{"@id":"https:\/\/www.abpartners.cz\/#website"},"datePublished":"2021-01-19T18:43:31+00:00","dateModified":"2025-09-29T07:52:14+00:00","breadcrumb":{"@id":"https:\/\/www.abpartners.cz\/gdpr-smlouvy\/#breadcrumb"},"inLanguage":"de","potentialAction":[{"@type":"ReadAction","target":["https:\/\/www.abpartners.cz\/gdpr-smlouvy\/"]}]},{"@type":"BreadcrumbList","@id":"https:\/\/www.abpartners.cz\/gdpr-smlouvy\/#breadcrumb","itemListElement":[{"@type":"ListItem","position":1,"name":"Dom\u016f","item":"https:\/\/www.abpartners.cz\/"},{"@type":"ListItem","position":2,"name":"Informace o zpracov\u00e1n\u00ed osobn\u00edch \u00fadaj\u016f"}]},{"@type":"WebSite","@id":"https:\/\/www.abpartners.cz\/#website","url":"https:\/\/www.abpartners.cz\/","name":"AB PARTNERS Rechtsanw\u00e4lte","description":"AB PARTNERS Rechtsanw\u00e4lte","publisher":{"@id":"https:\/\/www.abpartners.cz\/#organization"},"potentialAction":[{"@type":"SearchAction","target":{"@type":"EntryPoint","urlTemplate":"https:\/\/www.abpartners.cz\/?s={search_term_string}"},"query-input":{"@type":"PropertyValueSpecification","valueRequired":true,"valueName":"search_term_string"}}],"inLanguage":"de"},{"@type":"Organization","@id":"https:\/\/www.abpartners.cz\/#organization","name":"AB PARTNERS Rechtsanw\u00e4lte","url":"https:\/\/www.abpartners.cz\/","logo":{"@type":"ImageObject","inLanguage":"de","@id":"https:\/\/www.abpartners.cz\/#\/schema\/logo\/image\/","url":"https:\/\/www.abpartners.cz\/wp-content\/uploads\/2021\/01\/abpartners_regular_rgb_dark.png","contentUrl":"https:\/\/www.abpartners.cz\/wp-content\/uploads\/2021\/01\/abpartners_regular_rgb_dark.png","width":1240,"height":236,"caption":"AB PARTNERS advok\u00e1ti"},"image":{"@id":"https:\/\/www.abpartners.cz\/#\/schema\/logo\/image\/"},"sameAs":["https:\/\/www.facebook.com\/abpartners.cz\/","https:\/\/x.com\/ABPartners_cz","https:\/\/www.linkedin.com\/company\/abpartners\/","https:\/\/www.instagram.com\/abpartners.cz\/"]}]}},"_links":{"self":[{"href":"https:\/\/www.abpartners.cz\/de\/wp-json\/wp\/v2\/pages\/2398","targetHints":{"allow":["GET"]}}],"collection":[{"href":"https:\/\/www.abpartners.cz\/de\/wp-json\/wp\/v2\/pages"}],"about":[{"href":"https:\/\/www.abpartners.cz\/de\/wp-json\/wp\/v2\/types\/page"}],"author":[{"embeddable":true,"href":"https:\/\/www.abpartners.cz\/de\/wp-json\/wp\/v2\/users\/1"}],"replies":[{"embeddable":true,"href":"https:\/\/www.abpartners.cz\/de\/wp-json\/wp\/v2\/comments?post=2398"}],"version-history":[{"count":0,"href":"https:\/\/www.abpartners.cz\/de\/wp-json\/wp\/v2\/pages\/2398\/revisions"}],"wp:attachment":[{"href":"https:\/\/www.abpartners.cz\/de\/wp-json\/wp\/v2\/media?parent=2398"}],"curies":[{"name":"wp","href":"https:\/\/api.w.org\/{rel}","templated":true}]}}